{"id":21238,"date":"2022-09-12T09:49:35","date_gmt":"2022-09-12T09:49:35","guid":{"rendered":"https:\/\/www.hotelvisegrad.hu\/teambuildingove-programy-vo-vysehrade\/"},"modified":"2023-09-13T19:51:03","modified_gmt":"2023-09-13T19:51:03","slug":"teambuildingove-programy-vo-vysehrade","status":"publish","type":"page","link":"https:\/\/www.hotelvisegrad.hu\/sk\/teambuildingove-programy-vo-vysehrade\/","title":{"rendered":"Teambuildingov\u00e9 programy vo Vy\u0161ehrade"},"content":{"rendered":"<p>[et_pb_section fb_built=&#8220;1&#8243; next_background_color=&#8220;#E14B3B&#8220; admin_label=&#8220;FEJLEC&#8220; _builder_version=&#8220;4.22.1&#8243; _module_preset=&#8220;default&#8220; background_enable_color=&#8220;off&#8220; background_image=&#8220;https:\/\/www.hotelvisegrad.hu\/wp-content\/uploads\/bhp_5549_1920.jpg&#8220; min_height=&#8220;698px&#8220; bottom_divider_style=&#8220;slant2&#8243; custom_css_main_element=&#8220;display: flex !important;&#8220; global_colors_info=&#8220;{}&#8220;][et_pb_row make_equal=&#8220;on&#8220; _builder_version=&#8220;4.16&#8243; _module_preset=&#8220;2c3722c0-227e-45c8-9254-97978a188986&#8243; background_color=&#8220;rgba(0,0,0,0.32)&#8220; min_height=&#8220;100%&#8220; height=&#8220;100%&#8220; custom_margin=&#8220;||||false|false&#8220; custom_padding=&#8220;||||false|false&#8220; custom_css_main_element=&#8220;align-self: center&#8220; global_colors_info=&#8220;{}&#8220;][et_pb_column type=&#8220;4_4&#8243; _builder_version=&#8220;4.16&#8243; _module_preset=&#8220;default&#8220; custom_css_main_element=&#8220;margin: auto;&#8220; global_colors_info=&#8220;{}&#8220;][et_pb_text _builder_version=&#8220;4.16&#8243; _module_preset=&#8220;default&#8220; text_text_color=&#8220;#FFFFFF&#8220; header_text_color=&#8220;#FFFFFF&#8220; global_colors_info=&#8220;{}&#8220;]<\/p>\n<h1 style=\"text-align: center;\">Teambuildingov\u00e9 programy vo Vy\u0161ehrade<\/h1>\n<p style=\"text-align: center;\">Po\u017eiadajte n\u00e1s o ponuku na jednod\u0148ov\u00fd alebo viacd\u0148ov\u00fd program!<\/p>\n<p>[\/et_pb_text][et_pb_button button_url=&#8220;#cenovaponuka&#8220; button_text=&#8220;Vy\u017eiada\u0165 cenov\u00fa ponuku teraz!&#8220; button_alignment=&#8220;center&#8220; _builder_version=&#8220;4.17.3&#8243; _module_preset=&#8220;default&#8220; global_colors_info=&#8220;{}&#8220;][\/et_pb_button][\/et_pb_column][\/et_pb_row][\/et_pb_section][et_pb_section fb_built=&#8220;1&#8243; _builder_version=&#8220;4.16.1&#8243; _module_preset=&#8220;default&#8220; background_color=&#8220;#E14B3B&#8220; custom_margin=&#8220;0px||||false|false&#8220; custom_padding=&#8220;0px||||false|false&#8220; top_divider_color=&#8220;RGBA(255,255,255,0)&#8220; top_divider_style_tablet=&#8220;&#8220; top_divider_style_phone=&#8220;&#8220; top_divider_style_last_edited=&#8220;on|desktop&#8220; bottom_divider_style=&#8220;slant2&#8243; bottom_divider_color=&#8220;RGBA(255,255,255,0)&#8220; global_colors_info=&#8220;{}&#8220;][et_pb_row _builder_version=&#8220;4.22.1&#8243; _module_preset=&#8220;default&#8220; custom_padding=&#8220;50px||||false|false&#8220; hover_enabled=&#8220;0&#8243; global_colors_info=&#8220;{}&#8220; sticky_enabled=&#8220;0&#8243;][et_pb_column type=&#8220;4_4&#8243; _builder_version=&#8220;4.16&#8243; _module_preset=&#8220;default&#8220; global_colors_info=&#8220;{}&#8220;][et_pb_text _builder_version=&#8220;4.22.1&#8243; _module_preset=&#8220;default&#8220; text_text_color=&#8220;#ffffff&#8220; header_text_color=&#8220;#ffffff&#8220; custom_margin=&#8220;||0px||false|false&#8220; custom_padding=&#8220;||0px||false|false&#8220; hover_enabled=&#8220;0&#8243; global_colors_info=&#8220;{}&#8220; sticky_enabled=&#8220;0&#8243;]<\/p>\n<h1 class=\"widget-title\" style=\"text-align: center;\">Pre\u010do si vybra\u0165 pr\u00e1ve n\u00e1s?<\/h1>\n<p>[\/et_pb_text][et_pb_divider color=&#8220;#ffffff&#8220; divider_weight=&#8220;2px&#8220; _builder_version=&#8220;4.16&#8243; _module_preset=&#8220;default&#8220; module_alignment=&#8220;center&#8220; custom_margin=&#8220;||0px||false|false&#8220; custom_padding=&#8220;||0px||false|false&#8220; animation_style=&#8220;slide&#8220; animation_direction=&#8220;right&#8220; global_colors_info=&#8220;{}&#8220;][\/et_pb_divider][et_pb_text module_class=&#8220;custom_bullets_wpcc custom_bullets_wpcc&#8211;check&#8220; _builder_version=&#8220;4.22.1&#8243; _module_preset=&#8220;default&#8220; text_text_color=&#8220;#ffffff&#8220; link_font=&#8220;|700|||||||&#8220; link_text_color=&#8220;#ffffff&#8220; header_text_color=&#8220;#ffffff&#8220; header_3_text_color=&#8220;#ffffff&#8220; background_enable_color=&#8220;off&#8220; background_layout=&#8220;dark&#8220; custom_margin=&#8220;0px||0px||false|false&#8220; custom_padding=&#8220;0px||0px||false|false&#8220; hover_enabled=&#8220;0&#8243; global_colors_info=&#8220;{}&#8220; sticky_enabled=&#8220;0&#8243;]<\/p>\n<ul>\n<li>Farebn\u00e9 programy, v\u00e4\u010d\u0161inou organizovan\u00e9 nami!<\/li>\n<li>Farebn\u00e9, v\u0161estrann\u00e9 ubytovanie s wellness, bowlingovou dr\u00e1hou, stoln\u00fdm futbalom, \u0161\u00edpkami<\/li>\n<li>Re\u0161taur\u00e1cia v renesan\u010dnom \u0161t\u00fdle so zameran\u00edm na gastron\u00f3miu primerane veku<\/li>\n<li>Historick\u00e9 miesto s n\u00e1dhern\u00fdmi pr\u00edrodn\u00fdmi mo\u017enos\u0165ami<\/li>\n<li>Uk\u00e1\u017eka rytierskeho turnaja, stredovek\u00fd teambuilding alebo trendov\u00e1 Paddleboard t\u00fara? V\u0161etky ich n\u00e1jdete tu!<\/li>\n<li>Prisp\u00f4sob\u00edme program pod\u013ea \u017eelania t\u00edmu.<\/li>\n<li>Programy vieme uv\u00e1dza\u0165 aj v slovenskom jazyku.<\/li>\n<\/ul>\n<p>[\/et_pb_text][\/et_pb_column][\/et_pb_row][et_pb_row column_structure=&#8220;2_5,3_5&#8243; _builder_version=&#8220;4.16.1&#8243; _module_preset=&#8220;default&#8220; custom_padding=&#8220;||||false|false&#8220; global_colors_info=&#8220;{}&#8220;][et_pb_column type=&#8220;2_5&#8243; _builder_version=&#8220;4.16&#8243; _module_preset=&#8220;default&#8220; custom_padding=&#8220;||||false|false&#8220; global_colors_info=&#8220;{}&#8220;][et_pb_blurb title=&#8220;Uk\u00e1\u017eka rytierskeho turnaja&#8220; image=&#8220;https:\/\/www.hotelvisegrad.hu\/wp-content\/uploads\/lovagi-torna-83-1.jpg&#8220; _builder_version=&#8220;4.16&#8243; _module_preset=&#8220;3d678457-c31c-4276-bf4c-3df7c9eca755&#8243; custom_padding=&#8220;||||false|false&#8220; global_colors_info=&#8220;{}&#8220;]<\/p>\n<p>Vzru\u0161uj\u00face a humorn\u00e9 predstavenie vy\u0161ehradsk\u00fdch rytierov<\/p>\n<p>[\/et_pb_blurb][et_pb_blurb title=&#8220;Olympi\u00e1da remesiel&#8220; image=&#8220;https:\/\/www.hotelvisegrad.hu\/wp-content\/uploads\/IMG_8652_comp.jpg&#8220; _builder_version=&#8220;4.16&#8243; _module_preset=&#8220;3d678457-c31c-4276-bf4c-3df7c9eca755&#8243; global_colors_info=&#8220;{}&#8220;]<\/p>\n<p>Teambuilding s tradi\u010dn\u00fdmi remeslami. Sk\u00fa\u0161ali ste kovanie alebo nam\u00e1\u010danie papiera?<\/p>\n<p>[\/et_pb_blurb][et_pb_blurb title=&#8220;Lasertag&#8220; image=&#8220;https:\/\/www.hotelvisegrad.hu\/wp-content\/uploads\/2016\/05\/lezerharc-1.jpg&#8220; _builder_version=&#8220;4.22.1&#8243; _module_preset=&#8220;3d678457-c31c-4276-bf4c-3df7c9eca755&#8243; global_colors_info=&#8220;{}&#8220;]<\/p>\n<p>Vzru\u0161uj\u00face t\u00edmov\u00e9 hry a\u017e pre 20 \u013eud\u00ed na na\u0161om krytom ihrisku<\/p>\n<p>[\/et_pb_blurb][et_pb_blurb title=&#8220;V\u00fdlet na e-bike-och&#8220; image=&#8220;https:\/\/www.hotelvisegrad.hu\/wp-content\/uploads\/e-bike-kozpont-visegradon-visegradi-turisztikai-egyesulet.jpg&#8220; _builder_version=&#8220;4.22.1&#8243; _module_preset=&#8220;3d678457-c31c-4276-bf4c-3df7c9eca755&#8243; global_colors_info=&#8220;{}&#8220;]<\/p>\n<p>Jednoduch\u00e1 cyklistika v Pilise s volite\u013en\u00fdmi vzdialenos\u0165ami<\/p>\n<p>[\/et_pb_blurb][et_pb_blurb title=&#8220;Mo\u017enosti na odpo\u010dinok&#8220; image=&#8220;https:\/\/hotelvisegrad.hu\/wp-content\/uploads\/PIX_1887-Nagy-1.jpg&#8220; _builder_version=&#8220;4.16&#8243; _module_preset=&#8220;3d678457-c31c-4276-bf4c-3df7c9eca755&#8243; global_colors_info=&#8220;{}&#8220;]<\/p>\n<p>Bowlingov\u00e1 dr\u00e1ha s barom a ozvu\u010den\u00edm, \u0161\u00edpky, stoln\u00fd futbal<\/p>\n<p>[\/et_pb_blurb][et_pb_blurb title=&#8220;Hotelov\u00fd bar otvoren\u00fd do neskor\u00fdch no\u010dn\u00fdch hod\u00edn&#8220; image=&#8220;https:\/\/www.hotelvisegrad.hu\/wp-content\/uploads\/corvin_bar_comp.jpg&#8220; _builder_version=&#8220;4.16.1&#8243; _module_preset=&#8220;3d678457-c31c-4276-bf4c-3df7c9eca755&#8243; global_colors_info=&#8220;{}&#8220;]<\/p>\n<p>K dispoz\u00edcii na pren\u00e1jom na firemn\u00e9 ve\u010dierky s DJ alebo karaoke<\/p>\n<p>[\/et_pb_blurb][et_pb_blurb title=&#8220;Konferen\u010dn\u00e9 miestnosti s technol\u00f3giou&#8220; image=&#8220;https:\/\/www.hotelvisegrad.hu\/wp-content\/uploads\/PIX_1205-scaled.jpg&#8220; _builder_version=&#8220;4.22.1&#8243; _module_preset=&#8220;3d678457-c31c-4276-bf4c-3df7c9eca755&#8243; global_colors_info=&#8220;{}&#8220;]<\/p>\n<p>Od 20 metrov \u0161tvorcov\u00fdch a\u017e po s\u00e1lu pre 150 os\u00f4b v akejko\u013evek ve\u013ekosti<\/p>\n<p>[\/et_pb_blurb][\/et_pb_column][et_pb_column type=&#8220;3_5&#8243; _builder_version=&#8220;4.16.1&#8243; _module_preset=&#8220;default&#8220; global_colors_info=&#8220;{}&#8220;][et_pb_blurb title=&#8220;Akcia na viac dn\u00ed?&#8220; image=&#8220;https:\/\/www.hotelvisegrad.hu\/wp-content\/uploads\/2387_No128-B-scaled.jpg&#8220; _builder_version=&#8220;4.22.1&#8243; _module_preset=&#8220;3d678457-c31c-4276-bf4c-3df7c9eca755&#8243; global_colors_info=&#8220;{}&#8220;]<\/p>\n<p>Pon\u00fakame vysokokvalitn\u00e9 izby s v\u00fdh\u013eadom na Vy\u0161ehradsk\u00fd horn\u00fd hrad alebo Dunaj!<\/p>\n<p>[\/et_pb_blurb][et_pb_blurb title=&#8220;Wellness z\u00f3na&#8220; image=&#8220;https:\/\/www.hotelvisegrad.hu\/wp-content\/uploads\/wellness4.jpg&#8220; _builder_version=&#8220;4.22.1&#8243; _module_preset=&#8220;3d678457-c31c-4276-bf4c-3df7c9eca755&#8243; global_colors_info=&#8220;{}&#8220;]<\/p>\n<p>Pred\u013a\u017een\u00e9 otv\u00e1racie hodiny pre firemn\u00e9 podujatia<\/p>\n<p>[\/et_pb_blurb][et_pb_blurb title=&#8220;Stredovek\u00fd teambuilding&#8220; image=&#8220;https:\/\/www.hotelvisegrad.hu\/wp-content\/uploads\/2016\/05\/kozepkori-csapatepites-lista-1.jpg&#8220; _builder_version=&#8220;4.16&#8243; _module_preset=&#8220;3d678457-c31c-4276-bf4c-3df7c9eca755&#8243; global_colors_info=&#8220;{}&#8220;]<\/p>\n<p>S\u00fa\u0165a\u017e v strelbe zo zbran\u00ed zo 14. storo\u010dia<\/p>\n<p>[\/et_pb_blurb][et_pb_blurb title=&#8220;Kr\u00e1\u013eovsk\u00e1 hostina v re\u0161taur\u00e1cii Renaissance&#8220; image=&#8220;https:\/\/www.hotelvisegrad.hu\/wp-content\/uploads\/kir_lak8-scaled.jpg&#8220; _builder_version=&#8220;4.16&#8243; _module_preset=&#8220;3d678457-c31c-4276-bf4c-3df7c9eca755&#8243; custom_padding=&#8220;||||false|false&#8220; global_colors_info=&#8220;{}&#8220;]<\/p>\n<p>Gastronomick\u00e9 dobrodru\u017estvo v exkluz\u00edvnom renesan\u010dnom prostred\u00ed, v stredovek\u00fdch kost\u00fdmoch a so \u017eivou lutnovou hudbou!<\/p>\n<p>[\/et_pb_blurb][et_pb_blurb title=&#8220; Ve\u010dera a mo\u017enos\u0165 pre p\u00e1rty v re\u0161taur\u00e1cii Hotela Visegr\u00e1d&#8220; image=&#8220;https:\/\/www.hotelvisegrad.hu\/wp-content\/uploads\/1961_Etterem_Bar_1920.jpg&#8220; _builder_version=&#8220;4.22.1&#8243; _module_preset=&#8220;3d678457-c31c-4276-bf4c-3df7c9eca755&#8243; global_colors_info=&#8220;{}&#8220;]<\/p>\n<p>Vynikaj\u00face jedlo a \u0161irok\u00fd v\u00fdber v na\u0161ej bufetovej ponuke<\/p>\n<p>[\/et_pb_blurb][\/et_pb_column][\/et_pb_row][et_pb_row _builder_version=&#8220;4.16.1&#8243; _module_preset=&#8220;default&#8220; global_colors_info=&#8220;{}&#8220;][et_pb_column type=&#8220;4_4&#8243; _builder_version=&#8220;4.16.1&#8243; _module_preset=&#8220;default&#8220; global_colors_info=&#8220;{}&#8220;][et_pb_text _builder_version=&#8220;4.16&#8243; _module_preset=&#8220;default&#8220; text_text_color=&#8220;#ffffff&#8220; header_text_color=&#8220;#ffffff&#8220; custom_margin=&#8220;||0px||false|false&#8220; custom_padding=&#8220;||0px||false|false&#8220; global_colors_info=&#8220;{}&#8220;]<\/p>\n<h1 class=\"widget-title\" style=\"text-align: center;\">Povedali o n\u00e1s<\/h1>\n<p>[\/et_pb_text][et_pb_divider color=&#8220;#ffffff&#8220; divider_weight=&#8220;2px&#8220; _builder_version=&#8220;4.16&#8243; _module_preset=&#8220;default&#8220; module_alignment=&#8220;center&#8220; custom_margin=&#8220;||0px||false|false&#8220; custom_padding=&#8220;||0px||false|false&#8220; animation_style=&#8220;slide&#8220; animation_direction=&#8220;right&#8220; global_colors_info=&#8220;{}&#8220;][\/et_pb_divider][\/et_pb_column][\/et_pb_row][et_pb_row column_structure=&#8220;1_2,1_2&#8243; _builder_version=&#8220;4.16.1&#8243; _module_preset=&#8220;default&#8220; global_colors_info=&#8220;{}&#8220;][et_pb_column type=&#8220;1_2&#8243; _builder_version=&#8220;4.16&#8243; _module_preset=&#8220;default&#8220; animation_style=&#8220;fade&#8220; global_colors_info=&#8220;{}&#8220;][et_pb_testimonial author=&#8220;Fundamenta-Lak\u00e1skassza Zrt.&#8220; portrait_url=&#8220;https:\/\/hotelvisegrad.hu\/wp-content\/uploads\/pm5.jpg&#8220; quote_icon=&#8220;off&#8220; quote_icon_color=&#8220;#E14B3B&#8220; quote_icon_background_color=&#8220;#FFFFFF&#8220; use_icon_font_size=&#8220;on&#8220; icon_font_size=&#8220;25px&#8220; _builder_version=&#8220;4.16&#8243; _module_preset=&#8220;default&#8220; body_font=&#8220;|300|||||||&#8220; author_font=&#8220;|800|||||||&#8220; text_orientation=&#8220;center&#8220; border_radii=&#8220;on|10px|10px|10px|10px&#8220; global_colors_info=&#8220;{}&#8220;]<\/p>\n<p>Ve\u013emi sa mi p\u00e1\u010dila t\u00edmov\u00e1 hra a vedenie Kr\u00e1\u013eovsk\u00e9ho pal\u00e1ca bolo tie\u017e ve\u013emi dobr\u00e9! Jedlo bolo ve\u013emi chutn\u00e9, Pal\u00e1cov\u00fd dom Palotah\u00e1z bol pre ka\u017ed\u00e9ho ve\u013emi pr\u00edjemn\u00fdm z\u00e1\u017eitkom!<\/p>\n<p>[\/et_pb_testimonial][\/et_pb_column][et_pb_column type=&#8220;1_2&#8243; _builder_version=&#8220;4.16&#8243; _module_preset=&#8220;default&#8220; animation_style=&#8220;fade&#8220; global_colors_info=&#8220;{}&#8220;][et_pb_testimonial author=&#8220;Givaudan Finance Services&#8220; portrait_url=&#8220;https:\/\/hotelvisegrad.hu\/wp-content\/uploads\/konft1-scaled.jpg&#8220; quote_icon=&#8220;off&#8220; quote_icon_color=&#8220;#E14B3B&#8220; _builder_version=&#8220;4.16&#8243; _module_preset=&#8220;default&#8220; body_font=&#8220;|300|||||||&#8220; author_font=&#8220;|800|||||||&#8220; text_orientation=&#8220;center&#8220; border_radii=&#8220;on|10px|10px|10px|10px&#8220; global_colors_info=&#8220;{}&#8220;]<\/p>\n<p>Dodato\u010dne v\u00e1m \u010fakujeme za vysok\u00fa \u00farove\u0148 slu\u017eieb, ktor\u00e9 ste poskytli po\u010das teambuildingu. Skvel\u00fa sp\u00e4tn\u00fa v\u00e4zbu sme dostali aj od na\u0161ich kolegov.<\/p>\n<p>[\/et_pb_testimonial][\/et_pb_column][\/et_pb_row][\/et_pb_section][et_pb_section fb_built=&#8220;1&#8243; prev_background_color=&#8220;#E14B3B&#8220; _builder_version=&#8220;4.16.1&#8243; _module_preset=&#8220;5bd1871c-a3f6-448e-a95d-856d5553a26a&#8220; top_divider_style=&#8220;asymmetric4&#8243; global_colors_info=&#8220;{}&#8220;][et_pb_row _builder_version=&#8220;4.16&#8243; _module_preset=&#8220;default&#8220; custom_padding=&#8220;50px||||false|false&#8220; global_colors_info=&#8220;{}&#8220;][et_pb_column type=&#8220;4_4&#8243; _builder_version=&#8220;4.16&#8243; _module_preset=&#8220;default&#8220; global_colors_info=&#8220;{}&#8220;][et_pb_text _builder_version=&#8220;4.16&#8243; _module_preset=&#8220;default&#8220; header_text_color=&#8220;#1c8b98&#8243; custom_margin=&#8220;||0px||false|false&#8220; custom_padding=&#8220;||0px||false|false&#8220; global_colors_info=&#8220;{}&#8220;]<\/p>\n<h1 class=\"widget-title\" style=\"text-align: center;\">Z\u00edskajte cenov\u00fa ponuku s t\u00fdmito v\u00fdhodami<\/h1>\n<p>[\/et_pb_text][et_pb_divider color=&#8220;#1c8b98&#8243; divider_weight=&#8220;2px&#8220; _builder_version=&#8220;4.16&#8243; _module_preset=&#8220;default&#8220; width=&#8220;20%&#8220; module_alignment=&#8220;center&#8220; animation_style=&#8220;slide&#8220; animation_direction=&#8220;left&#8220; global_colors_info=&#8220;{}&#8220;][\/et_pb_divider][\/et_pb_column][\/et_pb_row][et_pb_row column_structure=&#8220;1_2,1_2&#8243; _builder_version=&#8220;4.17.3&#8243; _module_preset=&#8220;default&#8220; global_colors_info=&#8220;{}&#8220;][et_pb_column type=&#8220;1_2&#8243; _builder_version=&#8220;4.16&#8243; _module_preset=&#8220;default&#8220; global_colors_info=&#8220;{}&#8220;][et_pb_blurb title=&#8220;Zaru\u010den\u00e1 najlep\u0161ia cena!&#8220; use_icon=&#8220;on&#8220; font_icon=&#8220;&#xe0f3;||divi||400&#8243; icon_color=&#8220;#1c8b98&#8243; _builder_version=&#8220;4.17.3&#8243; _module_preset=&#8220;default&#8220; text_orientation=&#8220;center&#8220; global_colors_info=&#8220;{}&#8220;][\/et_pb_blurb][\/et_pb_column][et_pb_column type=&#8220;1_2&#8243; _builder_version=&#8220;4.16&#8243; _module_preset=&#8220;default&#8220; global_colors_info=&#8220;{}&#8220;][et_pb_blurb title=&#8220;Bohat\u00e9 programy&#8220; use_icon=&#8220;on&#8220; font_icon=&#8220;&#xe075;||divi||400&#8243; icon_color=&#8220;#1c8b98&#8243; _builder_version=&#8220;4.16&#8243; _module_preset=&#8220;default&#8220; text_orientation=&#8220;center&#8220; global_colors_info=&#8220;{}&#8220;][\/et_pb_blurb][\/et_pb_column][\/et_pb_row][et_pb_row make_equal=&#8220;on&#8220; module_id=&#8220;ajanlatkeres&#8220; _builder_version=&#8220;4.17.3&#8243; _module_preset=&#8220;default&#8220; global_colors_info=&#8220;{}&#8220;][et_pb_column type=&#8220;4_4&#8243; _builder_version=&#8220;4.16&#8243; _module_preset=&#8220;default&#8220; global_colors_info=&#8220;{}&#8220;][et_pb_contact_form email=&#8220;info@hotelvisegrad.hu&#8220; title=&#8220;Cenov\u00e1 ponuka&#8220; custom_message=&#8220;### \u017diados\u0165 o cenov\u00fa ponuku cez newsletter ###||et_pb_line_break_holder||Meno: %%N\u00e9v%%||et_pb_line_break_holder||Firma: %%C\u00e9gn\u00e9v%%||et_pb_line_break_holder||Email: %%Email%%||et_pb_line_break_holder||Telef\u00f3nne \u010d\u00edslo: %%Telefonsz\u00e1m%%||et_pb_line_break_holder||D\u00e1tum: %%D\u00e1tum%%||et_pb_line_break_holder||Po\u010det \u013eud\u00ed: %%L\u00e9tsz\u00e1m%%||et_pb_line_break_holder||Pozn\u00e1mka: %%Megjegyz\u00e9s%%&#8220; success_message=&#8220;\u010eakujeme za va\u0161u \u017eiados\u0165! Pracujeme na tom, aby sme v\u00e1m poslali na\u0161u najlep\u0161iu ponuku!&#8220; submit_button_text=&#8220;Vy\u017eiada\u0165 ponuku!&#8220; _builder_version=&#8220;4.16.1&#8243; _module_preset=&#8220;default&#8220; _unique_id=&#8220;f9ef2f76-b148-4b6b-87a8-6d6949ee2bc0&#8243; title_font=&#8220;|700|||||||&#8220; title_text_align=&#8220;center&#8220; text_orientation=&#8220;left&#8220; animation_style=&#8220;slide&#8220; global_colors_info=&#8220;{}&#8220;][et_pb_contact_field field_id=&#8220;N\u00e9v&#8220; field_title=&#8220;Meno&#8220; _builder_version=&#8220;4.16&#8243; global_colors_info=&#8220;{}&#8220; button_text_size__hover_enabled=&#8220;off&#8220; button_one_text_size__hover_enabled=&#8220;off&#8220; button_two_text_size__hover_enabled=&#8220;off&#8220; button_text_color__hover_enabled=&#8220;off&#8220; button_one_text_color__hover_enabled=&#8220;off&#8220; button_two_text_color__hover_enabled=&#8220;off&#8220; button_border_width__hover_enabled=&#8220;off&#8220; button_one_border_width__hover_enabled=&#8220;off&#8220; button_two_border_width__hover_enabled=&#8220;off&#8220; button_border_color__hover_enabled=&#8220;off&#8220; button_one_border_color__hover_enabled=&#8220;off&#8220; button_two_border_color__hover_enabled=&#8220;off&#8220; button_border_radius__hover_enabled=&#8220;off&#8220; button_one_border_radius__hover_enabled=&#8220;off&#8220; button_two_border_radius__hover_enabled=&#8220;off&#8220; button_letter_spacing__hover_enabled=&#8220;off&#8220; button_one_letter_spacing__hover_enabled=&#8220;off&#8220; button_two_letter_spacing__hover_enabled=&#8220;off&#8220; button_bg_color__hover_enabled=&#8220;off&#8220; button_one_bg_color__hover_enabled=&#8220;off&#8220; button_two_bg_color__hover_enabled=&#8220;off&#8220;][\/et_pb_contact_field][et_pb_contact_field field_id=&#8220;C\u00e9gn\u00e9v&#8220; field_title=&#8220;N\u00e1zov firmy&#8220; required_mark=&#8220;off&#8220; _builder_version=&#8220;4.16&#8243; _module_preset=&#8220;default&#8220; global_colors_info=&#8220;{}&#8220;][\/et_pb_contact_field][et_pb_contact_field field_id=&#8220;D\u00e1tum&#8220; field_title=&#8220;D\u00e1tum (pr\u00edchod &#8211; odchod)&#8220; required_mark=&#8220;off&#8220; _builder_version=&#8220;4.16.1&#8243; _module_preset=&#8220;default&#8220; enable_picker=&#8220;on&#8220; date_format=&#8220;Y. m. d.&#8220; date_mode=&#8220;range&#8220; localization=&#8220;hu&#8220; global_colors_info=&#8220;{}&#8220;][\/et_pb_contact_field][et_pb_contact_field field_id=&#8220;L\u00e9tsz\u00e1m&#8220; field_title=&#8220;Po\u010det \u013eud\u00ed&#8220; max_length=&#8220;3&#8243; allowed_symbols=&#8220;numbers&#8220; _builder_version=&#8220;4.16&#8243; _module_preset=&#8220;default&#8220; global_colors_info=&#8220;{}&#8220;][\/et_pb_contact_field][et_pb_contact_field field_id=&#8220;Email&#8220; field_title=&#8220;E-mailov\u00e1 adresa&#8220; field_type=&#8220;email&#8220; _builder_version=&#8220;4.16&#8243; global_colors_info=&#8220;{}&#8220; button_text_size__hover_enabled=&#8220;off&#8220; button_one_text_size__hover_enabled=&#8220;off&#8220; button_two_text_size__hover_enabled=&#8220;off&#8220; button_text_color__hover_enabled=&#8220;off&#8220; button_one_text_color__hover_enabled=&#8220;off&#8220; button_two_text_color__hover_enabled=&#8220;off&#8220; button_border_width__hover_enabled=&#8220;off&#8220; button_one_border_width__hover_enabled=&#8220;off&#8220; button_two_border_width__hover_enabled=&#8220;off&#8220; button_border_color__hover_enabled=&#8220;off&#8220; button_one_border_color__hover_enabled=&#8220;off&#8220; button_two_border_color__hover_enabled=&#8220;off&#8220; button_border_radius__hover_enabled=&#8220;off&#8220; button_one_border_radius__hover_enabled=&#8220;off&#8220; button_two_border_radius__hover_enabled=&#8220;off&#8220; button_letter_spacing__hover_enabled=&#8220;off&#8220; button_one_letter_spacing__hover_enabled=&#8220;off&#8220; button_two_letter_spacing__hover_enabled=&#8220;off&#8220; button_bg_color__hover_enabled=&#8220;off&#8220; button_one_bg_color__hover_enabled=&#8220;off&#8220; button_two_bg_color__hover_enabled=&#8220;off&#8220;][\/et_pb_contact_field][et_pb_contact_field field_id=&#8220;Telefonsz\u00e1m&#8220; field_title=&#8220;Telef\u00f3nne \u010d\u00edslo&#8220; required_mark=&#8220;off&#8220; _builder_version=&#8220;4.16&#8243; _module_preset=&#8220;default&#8220; global_colors_info=&#8220;{}&#8220;][\/et_pb_contact_field][et_pb_contact_field field_id=&#8220;Megjegyz\u00e9s&#8220; field_title=&#8220;Pozn\u00e1mka&#8220; field_type=&#8220;text&#8220; fullwidth_field=&#8220;on&#8220; _builder_version=&#8220;4.16&#8243; global_colors_info=&#8220;{}&#8220; button_text_size__hover_enabled=&#8220;off&#8220; button_one_text_size__hover_enabled=&#8220;off&#8220; button_two_text_size__hover_enabled=&#8220;off&#8220; button_text_color__hover_enabled=&#8220;off&#8220; button_one_text_color__hover_enabled=&#8220;off&#8220; button_two_text_color__hover_enabled=&#8220;off&#8220; button_border_width__hover_enabled=&#8220;off&#8220; button_one_border_width__hover_enabled=&#8220;off&#8220; button_two_border_width__hover_enabled=&#8220;off&#8220; button_border_color__hover_enabled=&#8220;off&#8220; button_one_border_color__hover_enabled=&#8220;off&#8220; button_two_border_color__hover_enabled=&#8220;off&#8220; button_border_radius__hover_enabled=&#8220;off&#8220; button_one_border_radius__hover_enabled=&#8220;off&#8220; button_two_border_radius__hover_enabled=&#8220;off&#8220; button_letter_spacing__hover_enabled=&#8220;off&#8220; button_one_letter_spacing__hover_enabled=&#8220;off&#8220; button_two_letter_spacing__hover_enabled=&#8220;off&#8220; button_bg_color__hover_enabled=&#8220;off&#8220; button_one_bg_color__hover_enabled=&#8220;off&#8220; button_two_bg_color__hover_enabled=&#8220;off&#8220;][\/et_pb_contact_field][\/et_pb_contact_form][\/et_pb_column][\/et_pb_row][\/et_pb_section]<\/p>\n","protected":false},"excerpt":{"rendered":"<p>Teambuildingov\u00e9 programy vo Vy\u0161ehrade Po\u017eiadajte n\u00e1s o ponuku na jednod\u0148ov\u00fd alebo viacd\u0148ov\u00fd program!Pre\u010do si vybra\u0165 pr\u00e1ve n\u00e1s? Farebn\u00e9 programy, v\u00e4\u010d\u0161inou organizovan\u00e9 nami! Farebn\u00e9, v\u0161estrann\u00e9 ubytovanie s wellness, bowlingovou dr\u00e1hou, stoln\u00fdm futbalom, \u0161\u00edpkami Re\u0161taur\u00e1cia v renesan\u010dnom \u0161t\u00fdle so zameran\u00edm na gastron\u00f3miu primerane veku Historick\u00e9 miesto s n\u00e1dhern\u00fdmi pr\u00edrodn\u00fdmi mo\u017enos\u0165ami Uk\u00e1\u017eka rytierskeho turnaja, stredovek\u00fd teambuilding alebo trendov\u00e1 [&hellip;]<\/p>\n","protected":false},"author":1,"featured_media":0,"parent":0,"menu_order":0,"comment_status":"closed","ping_status":"closed","template":"","meta":{"_et_pb_use_builder":"on","_et_pb_old_content":"","_et_gb_content_width":"","footnotes":""},"tags":[],"class_list":["post-21238","page","type-page","status-publish","hentry"],"_links":{"self":[{"href":"https:\/\/www.hotelvisegrad.hu\/sk\/wp-json\/wp\/v2\/pages\/21238","targetHints":{"allow":["GET"]}}],"collection":[{"href":"https:\/\/www.hotelvisegrad.hu\/sk\/wp-json\/wp\/v2\/pages"}],"about":[{"href":"https:\/\/www.hotelvisegrad.hu\/sk\/wp-json\/wp\/v2\/types\/page"}],"author":[{"embeddable":true,"href":"https:\/\/www.hotelvisegrad.hu\/sk\/wp-json\/wp\/v2\/users\/1"}],"replies":[{"embeddable":true,"href":"https:\/\/www.hotelvisegrad.hu\/sk\/wp-json\/wp\/v2\/comments?post=21238"}],"version-history":[{"count":5,"href":"https:\/\/www.hotelvisegrad.hu\/sk\/wp-json\/wp\/v2\/pages\/21238\/revisions"}],"predecessor-version":[{"id":23216,"href":"https:\/\/www.hotelvisegrad.hu\/sk\/wp-json\/wp\/v2\/pages\/21238\/revisions\/23216"}],"wp:attachment":[{"href":"https:\/\/www.hotelvisegrad.hu\/sk\/wp-json\/wp\/v2\/media?parent=21238"}],"wp:term":[{"taxonomy":"post_tag","embeddable":true,"href":"https:\/\/www.hotelvisegrad.hu\/sk\/wp-json\/wp\/v2\/tags?post=21238"}],"curies":[{"name":"wp","href":"https:\/\/api.w.org\/{rel}","templated":true}]}}