{"id":18991,"date":"2022-02-04T15:48:01","date_gmt":"2022-02-04T15:48:01","guid":{"rendered":"https:\/\/www.hotelvisegrad.hu\/o-nas\/"},"modified":"2022-02-04T15:48:04","modified_gmt":"2022-02-04T15:48:04","slug":"o-nas","status":"publish","type":"page","link":"https:\/\/www.hotelvisegrad.hu\/sk\/o-nas\/","title":{"rendered":"O n\u00e1s"},"content":{"rendered":"<p>[et_pb_section fb_built=&#8220;1&#8243; _builder_version=&#8220;4.8.2&#8243; _dynamic_attributes=&#8220;background_image&#8220; _module_preset=&#8220;default&#8220; background_enable_color=&#8220;off&#8220; background_image=&#8220;@ET-DC@eyJkeW5hbWljIjp0cnVlLCJjb250ZW50IjoicG9zdF9mZWF0dXJlZF9pbWFnZSIsInNldHRpbmdzIjp7fX0=@&#8220;][et_pb_row _builder_version=&#8220;4.8.2&#8243; _module_preset=&#8220;2c3722c0-227e-45c8-9254-97978a188986&#8243;][et_pb_column type=&#8220;4_4&#8243; _builder_version=&#8220;4.8.2&#8243; _module_preset=&#8220;default&#8220;][et_pb_text _builder_version=&#8220;4.8.2&#8243; _dynamic_attributes=&#8220;content&#8220; _module_preset=&#8220;1f2b3889-09d7-4ff7-aaf3-096c1a6cfa0c&#8220;]@ET-DC@eyJkeW5hbWljIjp0cnVlLCJjb250ZW50IjoicG9zdF90aXRsZSIsInNldHRpbmdzIjp7ImJlZm9yZSI6IjxoMj4iLCJhZnRlciI6IjxcL2gyPiJ9fQ==@[\/et_pb_text][\/et_pb_column][\/et_pb_row][\/et_pb_section][et_pb_section fb_built=&#8220;1&#8243; _builder_version=&#8220;4.9.0&#8243; _module_preset=&#8220;default&#8220; background_color=&#8220;#E14B3B&#8220; background_image=&#8220;https:\/\/hotelvisegrad.hu\/wp-content\/uploads\/hatter1-2.jpg&#8220; background_position=&#8220;bottom_center&#8220; custom_margin=&#8220;||||false|false&#8220; custom_padding=&#8220;||||false|false&#8220; bottom_divider_style=&#8220;slant2&#8243; bottom_divider_color=&#8220;#E14B3B&#8220;][et_pb_row _builder_version=&#8220;4.8.2&#8243; _module_preset=&#8220;default&#8220; custom_css_main_element=&#8220;||&#8220;][et_pb_column type=&#8220;4_4&#8243; _builder_version=&#8220;4.6.6&#8243; _module_preset=&#8220;default&#8220;][et_pb_text _builder_version=&#8220;4.6.6&#8243; _module_preset=&#8220;default&#8220;]<\/p>\n<p>Srde\u010dne v\u00e1s v\u00edtame na webstr\u00e1nke Hotel Visegr\u00e1d! Sme radi, \u017ee ste n\u00e1s  nav\u0161t\u00edvili, aj ke\u010f zatia\u013e len virtu\u00e1lne. Ver\u00edme, \u017ee na na\u0161ej webstr\u00e1nke n\u00e1jdete odpovede na v\u0161etky va\u0161e ot\u00e1zky oh\u013eadom hotela a \u017ee \u010doskoro v\u00e1s m\u00f4\u017eeme uv\u00edta\u0165 aj osobne.<\/p>\n<p>[\/et_pb_text][\/et_pb_column][\/et_pb_row][et_pb_row column_structure=&#8220;1_2,1_2&#8243; _builder_version=&#8220;4.7.7&#8243; _module_preset=&#8220;default&#8220;][et_pb_column type=&#8220;1_2&#8243; _builder_version=&#8220;4.7.7&#8243; _module_preset=&#8220;default&#8220;][et_pb_text _builder_version=&#8220;4.7.7&#8243; _module_preset=&#8220;default&#8220; header_text_color=&#8220;#1c8b98&#8243;]<\/p>\n<h1>Na\u0161a hist\u00f3ria<\/h1>\n<p>[\/et_pb_text][et_pb_text _builder_version=&#8220;4.7.7&#8243; _module_preset=&#8220;default&#8220;]N\u00e1\u0161 hotel je rodinn\u00fd podnik. Na\u0161u firmu zalo\u017eil Tibor Zeller v roku 1983 s prenajat\u00edm re\u0161taur\u00e1cie Sir\u00e1ly, ktor\u00e1 vtedy fungovala iba v letnej sez\u00f3ne a po ne\u017enej revol\u00facie po\u010das privatiz\u00e1cie firma sa stala jeho majetkom.<\/p>\n<p>Prv\u00e9 kr\u00eddlo budovy Hotel Visegr\u00e1d postavili k re\u0161taur\u00e1cii medzi 1999 a 2001, dne\u0161n\u00fa podobu dosiahla a\u017e po roz\u0161irovan\u00ed a dokon\u010den\u00ed stavby druh\u00e9ho kr\u00eddla budovy v roku 2011. Moment\u00e1lne o\u010dak\u00e1vame na\u0161ich host\u00ed v 73 izb\u00e1ch, s wellnessom, bowling dr\u00e1hami a konferen\u010dn\u00fdmi miestnos\u0165ami.[\/et_pb_text][\/et_pb_column][et_pb_column type=&#8220;1_2&#8243; _builder_version=&#8220;4.7.7&#8243; _module_preset=&#8220;default&#8220;][et_pb_text _builder_version=&#8220;4.8.2&#8243; _module_preset=&#8220;default&#8220; header_text_align=&#8220;right&#8220; header_text_color=&#8220;#1c8b98&#8243;]<\/p>\n<h1>Pre\u010do pr\u00e1ve Hotel Visegr\u00e1d?<\/h1>\n<p>[\/et_pb_text][et_pb_text _builder_version=&#8220;4.7.7&#8243; _module_preset=&#8220;default&#8220;]Ve\u013ek\u00fd d\u00f4raz kladieme po\u010das na\u0161ich programov a slu\u017eieb na to, aby na\u0161i hostia c\u00edtili t\u00fa rodinn\u00fa atmosf\u00e9ru, pomocou ktorej bol vybudovan\u00fd jeden z najkraj\u0161\u00edch hotelov Vy\u0161ehradu.<\/p>\n<p>Pre v\u0161etky va\u0161e po\u017eiadavky n\u00e1jdeme rie\u0161enie \u010do sa t\u00fdka zmyslupln\u00e9ho tr\u00e1venia \u010dasu, no\u010dn\u00e9ho wellnessu, lesn\u00fdch t\u00far, letiskov\u00e9ho transferu, alebo \u010doko\u013evek in\u00e9ho.<\/p>\n<p>Ke\u010f\u017ee na\u0161e p\u00f4sobenie za\u010dalo re\u0161taur\u00e1ciou, chute na\u0161ej kuchyne maj\u00fa \u010faleko od chut\u00ed be\u017en\u00e9ho hotela. Takmer v\u0161etci na\u0161i hostia vyzdvihuj\u00fa jedine\u010dnos\u0165 na\u0161ich jed\u00e1l.<\/p>\n<p>Na\u0161a firma je najv\u00fdznamnej\u0161\u00edm organiz\u00e1torom programov Vy\u0161ehradu a okrem toho pon\u00faka aj in\u00e9 atrakcie a \u0161peci\u00e1lne miesta mimo hotela. Samozrejme v\u0161etko je zabudovan\u00e9 do ponuky na\u0161ich hotelov\u00fdch programov, ale ke\u010f\u017ee ide o na\u0161e \u201eprodukty\u201c, pr\u00edplatky s\u00fa len minim\u00e1lne.[\/et_pb_text][\/et_pb_column][\/et_pb_row][\/et_pb_section][et_pb_section fb_built=&#8220;1&#8243; prev_background_color=&#8220;#E14B3B&#8220; _builder_version=&#8220;4.7.7&#8243; _module_preset=&#8220;3fa8defe-2d2f-4a33-af42-551e689078b5&#8243; top_divider_style=&#8220;none&#8220;][et_pb_row _builder_version=&#8220;4.7.7&#8243; _module_preset=&#8220;default&#8220;][et_pb_column type=&#8220;4_4&#8243; _builder_version=&#8220;4.7.7&#8243; _module_preset=&#8220;default&#8220;][et_pb_text _builder_version=&#8220;4.7.7&#8243; _module_preset=&#8220;default&#8220; text_font=&#8220;|700|||||||&#8220; text_text_color=&#8220;#ffffff&#8220; header_font=&#8220;|700|||||||&#8220; header_text_align=&#8220;center&#8220; header_text_color=&#8220;#ffffff&#8220;]<\/p>\n<h1 style=\"text-align: center;\">Na\u0161e slu\u017eby<\/h1>\n<p>[\/et_pb_text][\/et_pb_column][\/et_pb_row][et_pb_row column_structure=&#8220;2_3,1_3&#8243; use_custom_gutter=&#8220;on&#8220; gutter_width=&#8220;2&#8243; make_equal=&#8220;on&#8220; _builder_version=&#8220;4.7.7&#8243; _module_preset=&#8220;default&#8220;][et_pb_column type=&#8220;2_3&#8243; _builder_version=&#8220;4.6.6&#8243; _module_preset=&#8220;default&#8220;][et_pb_blurb title=&#8220;73 izieb&#8220; url=&#8220;https:\/\/www.hotelvisegrad.hu\/sk\/izby\/&#8220; image=&#8220;https:\/\/hotelvisegrad.hu\/wp-content\/uploads\/2020\/12\/1_k.jpg&#8220; _builder_version=&#8220;4.7.7&#8243; _module_preset=&#8220;3d678457-c31c-4276-bf4c-3df7c9eca755&#8243; transform_translate_linked__hover=&#8220;off&#8220; link_option_url=&#8220;https:\/\/www.hotelvisegrad.hu\/sk\/izby\/&#8220; transform_styles__hover_enabled=&#8220;on|hover&#8220; transform_scale__hover_enabled=&#8220;on|hover&#8220; transform_translate__hover_enabled=&#8220;on|desktop&#8220; transform_rotate__hover_enabled=&#8220;on|desktop&#8220; transform_skew__hover_enabled=&#8220;on|desktop&#8220; transform_origin__hover_enabled=&#8220;on|desktop&#8220;]<\/p>\n<p>S jedine\u010dn\u00fdm v\u00fdh\u013eadom na Vy\u0161ehradsk\u00fd horn\u00fd hrad, Dunaj alebo na baz\u00e9nov\u00fd hotelov\u00fd park<\/p>\n<p>[\/et_pb_blurb][et_pb_blurb title=&#8220;Vonkaj\u0161ie a vn\u00fatorn\u00e9 baz\u00e9ny&#8220; url=&#8220;https:\/\/www.hotelvisegrad.hu\/sk\/wellness-rozmaznavanie\/&#8220; image=&#8220;https:\/\/hotelvisegrad.hu\/wp-content\/uploads\/IMG_1606-Nagy.jpg&#8220; _builder_version=&#8220;4.9.0&#8243; _module_preset=&#8220;3d678457-c31c-4276-bf4c-3df7c9eca755&#8243; link_option_url=&#8220;https:\/\/www.hotelvisegrad.hu\/sk\/sport-a-volny-cas\/tenis\/&#8220;]<\/p>\n<p>V zime vyhrievan\u00e9 vn\u00fatorn\u00e9 baz\u00e9ny, v lete baz\u00e9ny v z\u00e1hrade s leh\u00e1tkami na opa\u013eovanie<\/p>\n<p>[\/et_pb_blurb][et_pb_blurb title=&#8220;Relax&#8220; url=&#8220;https:\/\/www.hotelvisegrad.hu\/sk\/sport-a-volny-cas\/bowling\/&#8220; image=&#8220;https:\/\/hotelvisegrad.hu\/wp-content\/uploads\/PIX_1887-Nagy.jpg&#8220; _builder_version=&#8220;4.7.7&#8243; _module_preset=&#8220;3d678457-c31c-4276-bf4c-3df7c9eca755&#8243; link_option_url=&#8220;https:\/\/www.hotelvisegrad.hu\/sk\/sport-a-volny-cas\/bowling\/&#8220;]<\/p>\n<p>Bowling, \u0161\u00edpky, biliard, stoln\u00fd futbal<\/p>\n<p>[\/et_pb_blurb][et_pb_blurb title=&#8220;Pl\u00e1novanie programov&#8220; url=&#8220;https:\/\/www.hotelvisegrad.hu\/sk\/teambuilding-programy\/&#8220; image=&#8220;https:\/\/hotelvisegrad.hu\/wp-content\/uploads\/MG_2558-Nagy.jpg&#8220; _builder_version=&#8220;4.9.0&#8243; _module_preset=&#8220;3d678457-c31c-4276-bf4c-3df7c9eca755&#8243;]<\/p>\n<p>Pre individu\u00e1lnych host\u00ed a skupiny<\/p>\n<p>[\/et_pb_blurb][et_pb_blurb title=&#8220;Konferen\u010dn\u00e9 miestnosti&#8220; url=&#8220;https:\/\/www.hotelvisegrad.hu\/sk\/konferencne-miestnosti\/&#8220; image=&#8220;https:\/\/hotelvisegrad.hu\/wp-content\/uploads\/PIX_1828_3_2-Nagy.jpg&#8220; _builder_version=&#8220;4.9.0&#8243; _module_preset=&#8220;3d678457-c31c-4276-bf4c-3df7c9eca755&#8243;]<\/p>\n<p>Od 10 do 150 os\u00f4b<\/p>\n<p>[\/et_pb_blurb][\/et_pb_column][et_pb_column type=&#8220;1_3&#8243; _builder_version=&#8220;4.6.6&#8243; _module_preset=&#8220;default&#8220;][et_pb_blurb title=&#8220;Wellness&#8220; url=&#8220;https:\/\/www.hotelvisegrad.hu\/sk\/wellness-rozmaznavanie\/&#8220; image=&#8220;https:\/\/hotelvisegrad.hu\/wp-content\/uploads\/PIX_2219-Nagy.jpg&#8220; _builder_version=&#8220;4.7.7&#8243; _module_preset=&#8220;3d678457-c31c-4276-bf4c-3df7c9eca755&#8243; link_option_url=&#8220;https:\/\/www.hotelvisegrad.hu\/sk\/wellness-rozmaznavanie\/&#8220;]<\/p>\n<p>Vn\u00fatorn\u00e9 a vonkaj\u0161ie baz\u00e9ny, sauny, v\u00edrivky, sol\u00e1ri\u00e1, mas\u00e1\u017ee<\/p>\n<p>[\/et_pb_blurb][et_pb_blurb title=&#8220;Corvin bar&#8220; image=&#8220;https:\/\/hotelvisegrad.hu\/wp-content\/uploads\/PIX_5534-Nagy.jpg&#8220; _builder_version=&#8220;4.7.7&#8243; _module_preset=&#8220;3d678457-c31c-4276-bf4c-3df7c9eca755&#8243;]<\/p>\n<p>S n\u00e1pojovou ponukou aj vo wellnesse<\/p>\n<p>[\/et_pb_blurb][et_pb_blurb title=&#8220;Vo\u013eno\u010dasov\u00e9 aktivity&#8220; url=&#8220;https:\/\/www.hotelvisegrad.hu\/sk\/sport-a-volny-cas\/&#8220; image=&#8220;https:\/\/hotelvisegrad.hu\/wp-content\/uploads\/IMG_6481-Edit-Nagy.jpg&#8220; _builder_version=&#8220;4.9.0&#8243; _module_preset=&#8220;3d678457-c31c-4276-bf4c-3df7c9eca755&#8243; link_option_url=&#8220;https:\/\/www.hotelvisegrad.hu\/sk\/sport-a-volny-cas\/&#8220;]<\/p>\n<p>Pe\u0161ia t\u00fara v Pili\u0161sk\u00fdch vrchoch, cyklistika, golf, \u0161portov\u00e9 ihrisk\u00e1<\/p>\n<p>[\/et_pb_blurb][et_pb_blurb title=&#8220;Wifi zadarmo&#8220; image=&#8220;https:\/\/hotelvisegrad.hu\/wp-content\/uploads\/IMG_0072-Nagy.jpg&#8220; _builder_version=&#8220;4.7.7&#8243; _module_preset=&#8220;3d678457-c31c-4276-bf4c-3df7c9eca755&#8243;]<\/p>\n<p>V celom are\u00e1li hotela wifi zadarmo.<\/p>\n<p>[\/et_pb_blurb][et_pb_blurb title=&#8220;Bezplatn\u00fd transfer&#8220; url=&#8220;https:\/\/www.hotelvisegrad.hu\/sk\/autobusova-preprava\/&#8220; image=&#8220;https:\/\/hotelvisegrad.hu\/wp-content\/uploads\/IMG_0346-Nagy.jpg&#8220; _builder_version=&#8220;4.9.0&#8243; _module_preset=&#8220;3d678457-c31c-4276-bf4c-3df7c9eca755&#8243; link_option_url=&#8220;https:\/\/www.hotelvisegrad.hu\/sk\/autobusova-preprava\/&#8220;]<\/p>\n<p>Na\u0161ich host\u00ed prepravujeme bezplatne na programov\u00e9 miesta.<\/p>\n<p>[\/et_pb_blurb][et_pb_blurb title=&#8220;Antukov\u00e9 tenisov\u00e9 ihrisk\u00e1&#8220; url=&#8220;https:\/\/www.hotelvisegrad.hu\/sk\/sport-a-volny-cas\/tenis\/&#8220; image=&#8220;https:\/\/hotelvisegrad.hu\/wp-content\/uploads\/2020\/12\/12_1200.jpg&#8220; _builder_version=&#8220;4.9.0&#8243; _module_preset=&#8220;3d678457-c31c-4276-bf4c-3df7c9eca755&#8243; link_option_url=&#8220;https:\/\/www.hotelvisegrad.hu\/sk\/sport-a-volny-cas\/tenis\/&#8220;]<\/p>\n<p>Ved\u013ea Kr\u00e1\u013eovsk\u00e9ho Pal\u00e1ca, 400 metrov od hotela, pre na\u0161ich host\u00ed zadarmo!<\/p>\n<p>[\/et_pb_blurb][\/et_pb_column][\/et_pb_row][\/et_pb_section][et_pb_section fb_built=&#8220;1&#8243; fullwidth=&#8220;on&#8220; _builder_version=&#8220;4.8.2&#8243; _module_preset=&#8220;default&#8220;][et_pb_fullwidth_header title=&#8220;Hotel Visegr\u00e1d je viac ako len hotel&#8230;&#8220; text_orientation=&#8220;center&#8220; background_overlay_color=&#8220;rgba(0,0,0,0.5)&#8220; _builder_version=&#8220;4.8.2&#8243; _module_preset=&#8220;default&#8220; title_text_align=&#8220;center&#8220; background_enable_color=&#8220;off&#8220; background_image=&#8220;https:\/\/hotelvisegrad.hu\/wp-content\/uploads\/IMG_0065-Mega-scaled.jpg&#8220; parallax=&#8220;on&#8220; height=&#8220;600px&#8220;]<\/p>\n<p style=\"text-align: center;\">Po\u010das tu str\u00e1venej doby v\u00e1m pon\u00fakame nie len hotelov\u00fa izbu, ale aj pestr\u00e9 programy a s t\u00fdm spojen\u00e9 \u0161peci\u00e1lne z\u00e1\u017eitky!<\/p>\n<p style=\"text-align: center;\">Str\u00e1vte p\u00e1r dn\u00ed alebo aspo\u0148 jednu noc v srdci ohybu Dunaja a zvo\u013ete Hotel Visegr\u00e1d, Vy\u0161ehradsk\u00fd v\u00fdchodiskov\u00fd bod z\u00e1\u017eitkov!<\/p>\n<p style=\"text-align: center;\">Garantujeme, \u017ee sa nebudete nudi\u0165!<\/p>\n<p>[\/et_pb_fullwidth_header][\/et_pb_section][et_pb_section fb_built=&#8220;1&#8243; _builder_version=&#8220;4.9.0&#8243; _module_preset=&#8220;b14a6ec7-be40-4029-bda1-964dfbab051b&#8220; parallax=&#8220;on&#8220;][et_pb_row _builder_version=&#8220;4.7.7&#8243; _module_preset=&#8220;default&#8220; custom_padding=&#8220;50px||||false|false&#8220;][et_pb_column type=&#8220;4_4&#8243; _builder_version=&#8220;4.7.7&#8243; _module_preset=&#8220;default&#8220;][et_pb_text _builder_version=&#8220;4.7.7&#8243; _module_preset=&#8220;default&#8220; header_text_color=&#8220;#1c8b98&#8243; custom_margin=&#8220;||0px||false|false&#8220; custom_padding=&#8220;||0px||false|false&#8220;]<\/p>\n<h1 class=\"widget-title\" style=\"text-align: center;\">Zarezervujte si term\u00edn online s nasleduj\u00facimi v\u00fdhodami<\/h1>\n<p>[\/et_pb_text][et_pb_divider color=&#8220;#1c8b98&#8243; divider_weight=&#8220;2px&#8220; _builder_version=&#8220;4.9.0&#8243; _module_preset=&#8220;default&#8220; width=&#8220;20%&#8220; module_alignment=&#8220;center&#8220; animation_style=&#8220;slide&#8220; animation_direction=&#8220;left&#8220;][\/et_pb_divider][\/et_pb_column][\/et_pb_row][et_pb_row column_structure=&#8220;1_2,1_2&#8243; _builder_version=&#8220;4.7.7&#8243; _module_preset=&#8220;default&#8220;][et_pb_column type=&#8220;1_2&#8243; _builder_version=&#8220;4.7.7&#8243; _module_preset=&#8220;default&#8220;][et_pb_blurb title=&#8220;Zaru\u010den\u00e1 najlep\u0161ia cena!&#8220; use_icon=&#8220;on&#8220; font_icon=&#8220;%%280%%&#8220; icon_color=&#8220;#1c8b98&#8243; _builder_version=&#8220;4.7.7&#8243; _module_preset=&#8220;default&#8220; text_orientation=&#8220;center&#8220;][\/et_pb_blurb][\/et_pb_column][et_pb_column type=&#8220;1_2&#8243; _builder_version=&#8220;4.7.7&#8243; _module_preset=&#8220;default&#8220;][et_pb_blurb title=&#8220;Bohat\u00e9 programy&#8220; use_icon=&#8220;on&#8220; font_icon=&#8220;%%237%%&#8220; icon_color=&#8220;#1c8b98&#8243; _builder_version=&#8220;4.7.7&#8243; _module_preset=&#8220;default&#8220; text_orientation=&#8220;center&#8220;][\/et_pb_blurb][\/et_pb_column][\/et_pb_row][et_pb_row column_structure=&#8220;1_2,1_2&#8243; make_equal=&#8220;on&#8220; _builder_version=&#8220;4.7.7&#8243; _module_preset=&#8220;default&#8220;][et_pb_column type=&#8220;1_2&#8243; _builder_version=&#8220;4.7.7&#8243; _module_preset=&#8220;default&#8220;][et_pb_cta title=&#8220;Rezerv\u00e1cia&#8220; button_url=&#8220;https:\/\/www.hotelvisegrad.hu\/sk\/rezervacia\/&#8220; button_text=&#8220;Cenov\u00e1 kalkul\u00e1cia a rezerv\u00e1cia&#8220; _builder_version=&#8220;4.7.7&#8243; _module_preset=&#8220;default&#8220; background_color=&#8220;#1c8b98&#8243;]Vytvorte si cenov\u00fa kalkul\u00e1ciu a rezervujte si oddych online, s okam\u017eit\u00fdm potvrden\u00edm, \u013eahko, v nieko\u013ek\u00fdch krokoch, za 2 min\u00faty!<br \/>\n[\/et_pb_cta][\/et_pb_column][et_pb_column type=&#8220;1_2&#8243; _builder_version=&#8220;4.7.7&#8243; _module_preset=&#8220;default&#8220;][et_pb_cta title=&#8220;Cenov\u00e1 ponuka&#8220; button_url=&#8220;https:\/\/www.hotelvisegrad.hu\/sk\/cenova-ponuka\/&#8220; button_text=&#8220;Cenov\u00e1 ponuka&#8220; _builder_version=&#8220;4.7.7&#8243; _module_preset=&#8220;default&#8220; background_color=&#8220;#1c8b98&#8243; link_option_url=&#8220;https:\/\/www.hotelvisegrad.hu\/sk\/cenova-ponuka\/&#8220;]Vyp\u00fdtajte si na\u0161u ponuku za p\u00e1r sek\u00fand! Najnesk\u00f4r do 24 hod\u00edn v\u00e1m po\u0161leme na\u0161u cenov\u00fa ponuku na mieru!<br \/>\n[\/et_pb_cta][\/et_pb_column][\/et_pb_row][\/et_pb_section]<\/p>\n","protected":false},"excerpt":{"rendered":"<p>Hotel Visegr\u00e1d. Hotel vhodn\u00fd pre rodiny.<\/p>\n","protected":false},"author":2,"featured_media":18534,"parent":0,"menu_order":0,"comment_status":"closed","ping_status":"closed","template":"","meta":{"_et_pb_use_builder":"on","_et_pb_old_content":"","_et_gb_content_width":"","footnotes":""},"tags":[],"class_list":["post-18991","page","type-page","status-publish","has-post-thumbnail","hentry"],"_links":{"self":[{"href":"https:\/\/www.hotelvisegrad.hu\/sk\/wp-json\/wp\/v2\/pages\/18991","targetHints":{"allow":["GET"]}}],"collection":[{"href":"https:\/\/www.hotelvisegrad.hu\/sk\/wp-json\/wp\/v2\/pages"}],"about":[{"href":"https:\/\/www.hotelvisegrad.hu\/sk\/wp-json\/wp\/v2\/types\/page"}],"author":[{"embeddable":true,"href":"https:\/\/www.hotelvisegrad.hu\/sk\/wp-json\/wp\/v2\/users\/2"}],"replies":[{"embeddable":true,"href":"https:\/\/www.hotelvisegrad.hu\/sk\/wp-json\/wp\/v2\/comments?post=18991"}],"version-history":[{"count":2,"href":"https:\/\/www.hotelvisegrad.hu\/sk\/wp-json\/wp\/v2\/pages\/18991\/revisions"}],"predecessor-version":[{"id":19001,"href":"https:\/\/www.hotelvisegrad.hu\/sk\/wp-json\/wp\/v2\/pages\/18991\/revisions\/19001"}],"wp:featuredmedia":[{"embeddable":true,"href":"https:\/\/www.hotelvisegrad.hu\/sk\/wp-json\/wp\/v2\/media\/18534"}],"wp:attachment":[{"href":"https:\/\/www.hotelvisegrad.hu\/sk\/wp-json\/wp\/v2\/media?parent=18991"}],"wp:term":[{"taxonomy":"post_tag","embeddable":true,"href":"https:\/\/www.hotelvisegrad.hu\/sk\/wp-json\/wp\/v2\/tags?post=18991"}],"curies":[{"name":"wp","href":"https:\/\/api.w.org\/{rel}","templated":true}]}}