{"id":18884,"date":"2022-02-01T16:54:51","date_gmt":"2022-02-01T16:54:51","guid":{"rendered":"https:\/\/www.hotelvisegrad.hu\/zazitkova-prechadzka-v-kralovskom-palaci\/"},"modified":"2022-02-03T22:49:00","modified_gmt":"2022-02-03T22:49:00","slug":"zazitkova-prechadzka-v-kralovskom-palaci","status":"publish","type":"page","link":"https:\/\/www.hotelvisegrad.hu\/sk\/zazitkova-prechadzka-v-kralovskom-palaci\/","title":{"rendered":"Z\u00e1\u017eitkov\u00e1 prech\u00e1dzka v Kr\u00e1\u013eovskom pal\u00e1ci"},"content":{"rendered":"<p>[et_pb_section fb_built=&#8220;1&#8243; _builder_version=&#8220;4.8.2&#8243; _module_preset=&#8220;default&#8220; background_color=&#8220;rgba(0,0,0,0.41)&#8220; background_image=&#8220;https:\/\/hotelvisegrad.hu\/wp-content\/uploads\/elmenysetafejlec.jpg&#8220; background_blend=&#8220;overlay&#8220;][et_pb_row _builder_version=&#8220;4.8.2&#8243; _module_preset=&#8220;2c3722c0-227e-45c8-9254-97978a188986&#8243;][et_pb_column type=&#8220;4_4&#8243; _builder_version=&#8220;4.7.7&#8243; _module_preset=&#8220;default&#8220;][et_pb_text _builder_version=&#8220;4.8.2&#8243; _dynamic_attributes=&#8220;content&#8220; _module_preset=&#8220;1f2b3889-09d7-4ff7-aaf3-096c1a6cfa0c&#8220;]@ET-DC@eyJkeW5hbWljIjp0cnVlLCJjb250ZW50IjoicG9zdF90aXRsZSIsInNldHRpbmdzIjp7ImJlZm9yZSI6IjxoMj4iLCJhZnRlciI6IjxcL2gyPiJ9fQ==@[\/et_pb_text][\/et_pb_column][\/et_pb_row][\/et_pb_section][et_pb_section fb_built=&#8220;1&#8243; admin_label=&#8220;BEVEZETO&#8220; _builder_version=&#8220;4.8.2&#8243; _module_preset=&#8220;f9b2cdd3-9ac0-4581-89f7-e7e554e9d175&#8243;][et_pb_row column_structure=&#8220;1_3,2_3&#8243; admin_label=&#8220;Uvod&#8220; _builder_version=&#8220;4.8.2&#8243; _module_preset=&#8220;fed426e6-f537-48f4-97e9-b84063a80258&#8243;][et_pb_column type=&#8220;1_3&#8243; _builder_version=&#8220;4.7.7&#8243; _module_preset=&#8220;default&#8220;][et_pb_text _builder_version=&#8220;4.8.2&#8243; _module_preset=&#8220;507aa6bb-b91c-403c-88ec-ac42b76b0ea6&#8243;]<strong>Neprehliadnute\u013enou atrakciou Vy\u0161ehradu<\/strong> je v Eur\u00f3pe presl\u00e1ven\u00fd <strong>Kr\u00e1\u013eovsk\u00fd pal\u00e1c<\/strong>[\/et_pb_text][\/et_pb_column][et_pb_column type=&#8220;2_3&#8243; _builder_version=&#8220;4.7.7&#8243; _module_preset=&#8220;default&#8220;][et_pb_text _builder_version=&#8220;4.9.0&#8243; _module_preset=&#8220;69fca1d7-0daf-4ccd-b4aa-49da36504dc9&#8243;]<strong>Neprehliadnute\u013en\u00e1 atrakcia Vy\u0161ehradu<\/strong>, <strong>Kr\u00e1\u013eovsk\u00fd pal\u00e1c<\/strong> presl\u00e1ven\u00fd po celej Eur\u00f3pe, dost\u00e1va od pamiatkovej obnovy d\u00f4stojn\u00fa podobu.<\/p>\n<p><strong>Vzostup renesancie bol sp\u00f4soben\u00fd kr\u00e1\u013eom Matejom I. a kr\u00e1\u013eovnou Beatrix<\/strong>, ktor\u00ed uznali kr\u00e1su polohy a architekt\u00fary komplexu budov postaven\u00e9ho ich predchodcami, ale \u010diasto\u010dne zanedban\u00e9ho v polovici 15. storo\u010dia, a po renov\u00e1cii sa tu us\u00eddlili.<\/p>\n<p>Kr\u00e1\u013e Matej I. povolal <strong>renesan\u010dn\u00fdch majstrov<\/strong> z Talianska, ktor\u00ed o\u010darili Visegr\u00e1d jedn\u00fdm <strong>z najhonosnej\u0161\u00edch modern\u00fdch pal\u00e1cov na svete<\/strong>.<\/p>\n<p><strong>Po\u010das z\u00e1\u017eitkovej prech\u00e1dzky s v\u00ednom v ruke<\/strong> sa m\u00f4\u017eete zozn\u00e1mi\u0165 s nieko\u013ek\u00fdmi s\u00e1lami pal\u00e1ca, kr\u00e1snou z\u00e1hradou, vn\u00fatorn\u00fdm n\u00e1dvor\u00edm, <a href=\"https:\/\/visegradieskuvo.hu\/\" target=\"_blank\" rel=\"noopener noreferrer\">kde sa \u010dasto konaj\u00fa svadby<\/a>, a celou hist\u00f3riou <strong>honosn\u00e9ho architektonick\u00e9ho diela<\/strong>.[\/et_pb_text][\/et_pb_column][\/et_pb_row][\/et_pb_section][et_pb_section fb_built=&#8220;1&#8243; _builder_version=&#8220;4.8.2&#8243; _module_preset=&#8220;7e253fea-c59a-4f37-a193-1e54bf0da8d7&#8243;][et_pb_row _builder_version=&#8220;4.8.2&#8243; _module_preset=&#8220;3cfe1088-80ca-40b1-8845-48a273a22b5b&#8220;][et_pb_column type=&#8220;4_4&#8243; _builder_version=&#8220;4.7.7&#8243; _module_preset=&#8220;default&#8220;][et_pb_text module_class=&#8220;custom_bullets_wpcc custom_bullets_wpcc&#8211;check&#8220; _builder_version=&#8220;4.9.0&#8243; _module_preset=&#8220;default&#8220; background_layout=&#8220;dark&#8220;]<\/p>\n<h4>D\u00f4le\u017eit\u00e9 inform\u00e1cie:<\/h4>\n<ul>\n<li>Na\u0161ich host\u00ed <strong><span style=\"color: #ffffff;\"><a style=\"color: #ffffff;\" href=\"\/sk\/autobusova-doprava\/\" target=\"_blank\" rel=\"noopener noreferrer\">prepravujeme bezplatne<\/a><\/span><\/strong>\u00a0medzi na\u0161imi programov\u00fdmi miestami, re\u0161taur\u00e1ciami a Hotelom Visegr\u00e1d.<\/li>\n<\/ul>\n<p>[\/et_pb_text][\/et_pb_column][\/et_pb_row][et_pb_row _builder_version=&#8220;4.8.2&#8243; _module_preset=&#8220;13a72b84-e234-4972-81df-b4e0be256361&#8243;][et_pb_column type=&#8220;4_4&#8243; _builder_version=&#8220;4.7.7&#8243; _module_preset=&#8220;default&#8220; custom_padding=&#8220;||||false|false&#8220;][et_pb_gallery gallery_ids=&#8220;12949,12950,12951,12952,12953,12954,12955,12956,12957,12958,12959,12960,12961,12962,12963,12964&#8243; posts_number=&#8220;100&#8243; _builder_version=&#8220;4.8.2&#8243; _module_preset=&#8220;74e179d2-2af1-40ae-9fca-d08f70d4060e&#8220;][\/et_pb_gallery][\/et_pb_column][\/et_pb_row][et_pb_row _builder_version=&#8220;4.7.7&#8243; _module_preset=&#8220;default&#8220;][et_pb_column type=&#8220;4_4&#8243; _builder_version=&#8220;4.7.7&#8243; _module_preset=&#8220;default&#8220;][et_pb_text _builder_version=&#8220;4.7.7&#8243; _module_preset=&#8220;default&#8220; header_text_color=&#8220;#ffffff&#8220; custom_margin=&#8220;||0px||false|false&#8220; custom_padding=&#8220;||0px||false|false&#8220;]<\/p>\n<h1 style=\"text-align: center;\">\u010eal\u0161ie z\u00e1\u017eitky<\/h1>\n<p>[\/et_pb_text][et_pb_divider color=&#8220;#ffffff&#8220; _builder_version=&#8220;4.7.7&#8243; _module_preset=&#8220;32b62c33-a07b-4dd4-b207-3a5cce763cbb&#8220; min_height=&#8220;0px&#8220; height=&#8220;0px&#8220; max_height=&#8220;0px&#8220;][\/et_pb_divider][\/et_pb_column][\/et_pb_row][et_pb_row _builder_version=&#8220;4.8.2&#8243; _module_preset=&#8220;default&#8220; width=&#8220;100%&#8220; max_width=&#8220;100%&#8220;][et_pb_column type=&#8220;4_4&#8243; _builder_version=&#8220;4.7.7&#8243; _module_preset=&#8220;default&#8220;][et_pb_code _builder_version=&#8220;4.7.7&#8243; _module_preset=&#8220;default&#8220;]<div class=\"display-posts-listing grid\"><div class=\"listing-item\"><div class=\"dp-box\"><a class=\"image\" href=\"https:\/\/www.hotelvisegrad.hu\/sk\/zazitkova-prechadzka-v-kralovskom-palaci\/\"><img loading=\"lazy\" decoding=\"async\" width=\"1024\" height=\"683\" src=\"https:\/\/www.hotelvisegrad.hu\/wp-content\/uploads\/elmenysetafejlec-1024x683.jpg\" class=\"attachment-large size-large wp-post-image\" alt=\"\" srcset=\"https:\/\/www.hotelvisegrad.hu\/wp-content\/uploads\/elmenysetafejlec-1024x683.jpg 1024w, https:\/\/www.hotelvisegrad.hu\/wp-content\/uploads\/elmenysetafejlec-980x653.jpg 980w, https:\/\/www.hotelvisegrad.hu\/wp-content\/uploads\/elmenysetafejlec-480x320.jpg 480w\" sizes=\"(min-width: 0px) and (max-width: 480px) 480px, (min-width: 481px) and (max-width: 980px) 980px, (min-width: 981px) 1024px, 100vw\" \/><\/a> <a class=\"title\" href=\"https:\/\/www.hotelvisegrad.hu\/sk\/zazitkova-prechadzka-v-kralovskom-palaci\/\">Z\u00e1\u017eitkov\u00e1 prech\u00e1dzka v Kr\u00e1\u013eovskom pal\u00e1ci<\/a><\/div><\/div><div class=\"listing-item\"><div class=\"dp-box\"><a class=\"image\" href=\"https:\/\/www.hotelvisegrad.hu\/sk\/sport-a-volny-cas\/bowling\/\"><img loading=\"lazy\" decoding=\"async\" width=\"1024\" height=\"683\" src=\"https:\/\/www.hotelvisegrad.hu\/wp-content\/uploads\/bowling-lista-1024x683.jpg\" class=\"attachment-large size-large wp-post-image\" alt=\"\" srcset=\"https:\/\/www.hotelvisegrad.hu\/wp-content\/uploads\/bowling-lista-1024x683.jpg 1024w, https:\/\/www.hotelvisegrad.hu\/wp-content\/uploads\/bowling-lista-980x653.jpg 980w, https:\/\/www.hotelvisegrad.hu\/wp-content\/uploads\/bowling-lista-480x320.jpg 480w\" sizes=\"(min-width: 0px) and (max-width: 480px) 480px, (min-width: 481px) and (max-width: 980px) 980px, (min-width: 981px) 1024px, 100vw\" \/><\/a> <a class=\"title\" href=\"https:\/\/www.hotelvisegrad.hu\/sk\/sport-a-volny-cas\/bowling\/\">Bowling<\/a><\/div><\/div><div class=\"listing-item\"><div class=\"dp-box\"><a class=\"image\" href=\"https:\/\/www.hotelvisegrad.hu\/sk\/sport-a-volny-cas\/\"><img loading=\"lazy\" decoding=\"async\" width=\"1024\" height=\"683\" src=\"https:\/\/www.hotelvisegrad.hu\/wp-content\/uploads\/kerekpartura_fejlec-1024x683.jpg\" class=\"attachment-large size-large wp-post-image\" alt=\"\" srcset=\"https:\/\/www.hotelvisegrad.hu\/wp-content\/uploads\/kerekpartura_fejlec-980x653.jpg 980w, https:\/\/www.hotelvisegrad.hu\/wp-content\/uploads\/kerekpartura_fejlec-480x320.jpg 480w\" sizes=\"(min-width: 0px) and (max-width: 480px) 480px, (min-width: 481px) and (max-width: 980px) 980px, (min-width: 981px) 1024px, 100vw\" \/><\/a> <a class=\"title\" href=\"https:\/\/www.hotelvisegrad.hu\/sk\/sport-a-volny-cas\/\">\u0160port a vo\u013en\u00fd \u010das<\/a><\/div><\/div><div class=\"listing-item\"><div class=\"dp-box\"><a class=\"image\" href=\"https:\/\/www.hotelvisegrad.hu\/sk\/gastrozazitok\/\"><img loading=\"lazy\" decoding=\"async\" width=\"1024\" height=\"683\" src=\"https:\/\/www.hotelvisegrad.hu\/wp-content\/uploads\/gasztro-1024x683.jpg\" class=\"attachment-large size-large wp-post-image\" alt=\"\" srcset=\"https:\/\/www.hotelvisegrad.hu\/wp-content\/uploads\/gasztro-1024x683.jpg 1024w, https:\/\/www.hotelvisegrad.hu\/wp-content\/uploads\/gasztro-980x653.jpg 980w, https:\/\/www.hotelvisegrad.hu\/wp-content\/uploads\/gasztro-480x320.jpg 480w\" sizes=\"(min-width: 0px) and (max-width: 480px) 480px, (min-width: 481px) and (max-width: 980px) 980px, (min-width: 981px) 1024px, 100vw\" \/><\/a> <a class=\"title\" href=\"https:\/\/www.hotelvisegrad.hu\/sk\/gastrozazitok\/\">Gastroz\u00e1\u017eitok<\/a><\/div><\/div><div class=\"listing-item\"><div class=\"dp-box\"><a class=\"image\" href=\"https:\/\/www.hotelvisegrad.hu\/sk\/ukazky-dravcov\/\"><img loading=\"lazy\" decoding=\"async\" width=\"1024\" height=\"683\" src=\"https:\/\/www.hotelvisegrad.hu\/wp-content\/uploads\/rmb3-1024x683.jpg\" class=\"attachment-large size-large wp-post-image\" alt=\"\" srcset=\"https:\/\/www.hotelvisegrad.hu\/wp-content\/uploads\/rmb3-980x653.jpg 980w, https:\/\/www.hotelvisegrad.hu\/wp-content\/uploads\/rmb3-480x320.jpg 480w\" sizes=\"(min-width: 0px) and (max-width: 480px) 480px, (min-width: 481px) and (max-width: 980px) 980px, (min-width: 981px) 1024px, 100vw\" \/><\/a> <a class=\"title\" href=\"https:\/\/www.hotelvisegrad.hu\/sk\/ukazky-dravcov\/\">Uk\u00e1\u017eky dravcov<\/a><\/div><\/div><div class=\"listing-item\"><div class=\"dp-box\"><a class=\"image\" href=\"https:\/\/www.hotelvisegrad.hu\/sk\/farmarksky-trh\/\"><img loading=\"lazy\" decoding=\"async\" width=\"1024\" height=\"683\" src=\"https:\/\/www.hotelvisegrad.hu\/wp-content\/uploads\/raspberries-422979-Nagy-1024x683.jpg\" class=\"attachment-large size-large wp-post-image\" alt=\"\" srcset=\"https:\/\/www.hotelvisegrad.hu\/wp-content\/uploads\/raspberries-422979-Nagy-980x653.jpg 980w, https:\/\/www.hotelvisegrad.hu\/wp-content\/uploads\/raspberries-422979-Nagy-480x320.jpg 480w\" sizes=\"(min-width: 0px) and (max-width: 480px) 480px, (min-width: 481px) and (max-width: 980px) 980px, (min-width: 981px) 1024px, 100vw\" \/><\/a> <a class=\"title\" href=\"https:\/\/www.hotelvisegrad.hu\/sk\/farmarksky-trh\/\">Farm\u00e1rksky trh<\/a><\/div><\/div><div class=\"listing-item\"><div class=\"dp-box\"><a class=\"image\" href=\"https:\/\/www.hotelvisegrad.hu\/sk\/zugfozde-muzeum-palenky\/\"><img loading=\"lazy\" decoding=\"async\" width=\"1024\" height=\"682\" src=\"https:\/\/www.hotelvisegrad.hu\/wp-content\/uploads\/1-1-1024x682.jpg\" class=\"attachment-large size-large wp-post-image\" alt=\"\" srcset=\"https:\/\/www.hotelvisegrad.hu\/wp-content\/uploads\/1-1-980x652.jpg 980w, https:\/\/www.hotelvisegrad.hu\/wp-content\/uploads\/1-1-480x320.jpg 480w\" sizes=\"(min-width: 0px) and (max-width: 480px) 480px, (min-width: 481px) and (max-width: 980px) 980px, (min-width: 981px) 1024px, 100vw\" \/><\/a> <a class=\"title\" href=\"https:\/\/www.hotelvisegrad.hu\/sk\/zugfozde-muzeum-palenky\/\">Zugf\u0151zde m\u00fazeum p\u00e1lenky<\/a><\/div><\/div><div class=\"listing-item\"><div class=\"dp-box\"><a class=\"image\" href=\"https:\/\/www.hotelvisegrad.hu\/sk\/sport-a-volny-cas\/pesia-tura-cez-pilisske-vrchy\/\"><img loading=\"lazy\" decoding=\"async\" width=\"1024\" height=\"683\" src=\"https:\/\/www.hotelvisegrad.hu\/wp-content\/uploads\/IMG_6454-Edit-Edit-Nagy-1024x683.jpg\" class=\"attachment-large size-large wp-post-image\" alt=\"\" srcset=\"https:\/\/www.hotelvisegrad.hu\/wp-content\/uploads\/IMG_6454-Edit-Edit-Nagy-980x653.jpg 980w, https:\/\/www.hotelvisegrad.hu\/wp-content\/uploads\/IMG_6454-Edit-Edit-Nagy-480x320.jpg 480w\" sizes=\"(min-width: 0px) and (max-width: 480px) 480px, (min-width: 481px) and (max-width: 980px) 980px, (min-width: 981px) 1024px, 100vw\" \/><\/a> <a class=\"title\" href=\"https:\/\/www.hotelvisegrad.hu\/sk\/sport-a-volny-cas\/pesia-tura-cez-pilisske-vrchy\/\">Pe\u0161ia t\u00fara cez Pili\u0161sk\u00e9 vrchy<\/a><\/div><\/div><div class=\"listing-item\"><div class=\"dp-box\"><a class=\"image\" href=\"https:\/\/www.hotelvisegrad.hu\/sk\/plavba-lodou-po-dunaji\/\"><img loading=\"lazy\" decoding=\"async\" width=\"1024\" height=\"683\" src=\"https:\/\/www.hotelvisegrad.hu\/wp-content\/uploads\/IMG_1235-Nagy-1024x683.jpg\" class=\"attachment-large size-large wp-post-image\" alt=\"\" srcset=\"https:\/\/www.hotelvisegrad.hu\/wp-content\/uploads\/IMG_1235-Nagy-980x653.jpg 980w, https:\/\/www.hotelvisegrad.hu\/wp-content\/uploads\/IMG_1235-Nagy-480x320.jpg 480w\" sizes=\"(min-width: 0px) and (max-width: 480px) 480px, (min-width: 481px) and (max-width: 980px) 980px, (min-width: 981px) 1024px, 100vw\" \/><\/a> <a class=\"title\" href=\"https:\/\/www.hotelvisegrad.hu\/sk\/plavba-lodou-po-dunaji\/\">Plavba lo\u010fou po Dunaji<\/a><\/div><\/div><div class=\"listing-item\"><div class=\"dp-box\"><a class=\"image\" href=\"https:\/\/www.hotelvisegrad.hu\/sk\/ukazka-rytierskeho-turnaja\/\"><img loading=\"lazy\" decoding=\"async\" width=\"1024\" height=\"683\" src=\"https:\/\/www.hotelvisegrad.hu\/wp-content\/uploads\/2016\/05\/lovagi-torna-bemutato-lista-1-1024x683.jpg\" class=\"attachment-large size-large wp-post-image\" alt=\"\" srcset=\"https:\/\/www.hotelvisegrad.hu\/wp-content\/uploads\/2016\/05\/lovagi-torna-bemutato-lista-1-1024x683.jpg 1024w, https:\/\/www.hotelvisegrad.hu\/wp-content\/uploads\/2016\/05\/lovagi-torna-bemutato-lista-1-300x200.jpg 300w, https:\/\/www.hotelvisegrad.hu\/wp-content\/uploads\/2016\/05\/lovagi-torna-bemutato-lista-1-768x512.jpg 768w, https:\/\/www.hotelvisegrad.hu\/wp-content\/uploads\/2016\/05\/lovagi-torna-bemutato-lista-1.jpg 1200w\" sizes=\"(max-width: 1024px) 100vw, 1024px\" \/><\/a> <a class=\"title\" href=\"https:\/\/www.hotelvisegrad.hu\/sk\/ukazka-rytierskeho-turnaja\/\">Uk\u00e1\u017eka rytiersk\u00e9ho turnaja<\/a><\/div><\/div><\/div>[\/et_pb_code][\/et_pb_column][\/et_pb_row][\/et_pb_section]<\/p>\n","protected":false},"excerpt":{"rendered":"<p>Kr\u00e1\u013eovsk\u00fd pal\u00e1c je od svojej pamiatkovej obnovy zn\u00e1mou atrakciou Vy\u0161ehradu, zalo\u017een\u00fd na stredovek\u00fdch z\u00e1kladoch, presl\u00e1ven\u00fd po celej Eur\u00f3pe, ktor\u00fd prekvital v obdob\u00ed renesancie.<\/p>\n","protected":false},"author":1,"featured_media":18885,"parent":0,"menu_order":0,"comment_status":"closed","ping_status":"closed","template":"","meta":{"_et_pb_use_builder":"on","_et_pb_old_content":"","_et_gb_content_width":"","footnotes":""},"tags":[1002,1005],"class_list":["post-18884","page","type-page","status-publish","has-post-thumbnail","hentry","tag-programy","tag-teambuilding_programy"],"_links":{"self":[{"href":"https:\/\/www.hotelvisegrad.hu\/sk\/wp-json\/wp\/v2\/pages\/18884","targetHints":{"allow":["GET"]}}],"collection":[{"href":"https:\/\/www.hotelvisegrad.hu\/sk\/wp-json\/wp\/v2\/pages"}],"about":[{"href":"https:\/\/www.hotelvisegrad.hu\/sk\/wp-json\/wp\/v2\/types\/page"}],"author":[{"embeddable":true,"href":"https:\/\/www.hotelvisegrad.hu\/sk\/wp-json\/wp\/v2\/users\/1"}],"replies":[{"embeddable":true,"href":"https:\/\/www.hotelvisegrad.hu\/sk\/wp-json\/wp\/v2\/comments?post=18884"}],"version-history":[{"count":5,"href":"https:\/\/www.hotelvisegrad.hu\/sk\/wp-json\/wp\/v2\/pages\/18884\/revisions"}],"predecessor-version":[{"id":18958,"href":"https:\/\/www.hotelvisegrad.hu\/sk\/wp-json\/wp\/v2\/pages\/18884\/revisions\/18958"}],"wp:featuredmedia":[{"embeddable":true,"href":"https:\/\/www.hotelvisegrad.hu\/sk\/wp-json\/wp\/v2\/media\/18885"}],"wp:attachment":[{"href":"https:\/\/www.hotelvisegrad.hu\/sk\/wp-json\/wp\/v2\/media?parent=18884"}],"wp:term":[{"taxonomy":"post_tag","embeddable":true,"href":"https:\/\/www.hotelvisegrad.hu\/sk\/wp-json\/wp\/v2\/tags?post=18884"}],"curies":[{"name":"wp","href":"https:\/\/api.w.org\/{rel}","templated":true}]}}