{"id":18845,"date":"2022-01-31T22:21:37","date_gmt":"2022-01-31T22:21:37","guid":{"rendered":"https:\/\/www.hotelvisegrad.hu\/teambuilding-programy\/"},"modified":"2024-06-11T14:06:22","modified_gmt":"2024-06-11T14:06:22","slug":"teambuilding-programy","status":"publish","type":"page","link":"https:\/\/www.hotelvisegrad.hu\/sk\/teambuilding-programy\/","title":{"rendered":"Teambuilding programy"},"content":{"rendered":"<p>[et_pb_section fb_built=&#8220;1&#8243; fullwidth=&#8220;on&#8220; _builder_version=&#8220;4.16&#8243; _module_preset=&#8220;default&#8220; custom_margin=&#8220;0px||||false|false&#8220; custom_padding=&#8220;||||false|false&#8220; bottom_divider_style=&#8220;slant2&#8243; bottom_divider_color=&#8220;#FFFFFF&#8220; bottom_divider_height=&#8220;30px&#8220; global_colors_info=&#8220;{}&#8220;][et_pb_fullwidth_slider use_bg_overlay=&#8220;off&#8220; _builder_version=&#8220;4.16&#8243; _module_preset=&#8220;default&#8220; min_height=&#8220;700px&#8220; height=&#8220;700px&#8220; max_height=&#8220;700px&#8220; auto=&#8220;on&#8220; auto_ignore_hover=&#8220;on&#8220; custom_css_slide_description=&#8220;animation-name: none;&#8220; custom_css_slide_title=&#8220;animation-name: none;&#8220; global_colors_info=&#8220;{}&#8220;][et_pb_slide heading=&#8220;\u201eOut of the box\u201c teambuilding&#8220; button_text=&#8220;Profesion\u00e1lna organiz\u00e1cia&#8220; _builder_version=&#8220;4.16&#8243; _module_preset=&#8220;default&#8220; body_font=&#8220;|||on|||||&#8220; body_letter_spacing=&#8220;2px&#8220; background_enable_color=&#8220;off&#8220; background_image=&#8220;https:\/\/hotelvisegrad.hu\/wp-content\/uploads\/bhp_5373-Mega-scaled.jpg&#8220; background_enable_image=&#8220;on&#8220; parallax=&#8220;on&#8220; global_colors_info=&#8220;{}&#8220; sticky_transition=&#8220;on&#8220;]<\/p>\n<p>Maxim\u00e1lny wellness komfort<\/p>\n<p>[\/et_pb_slide][et_pb_slide heading=&#8220;\u201eOut of the box\u201c teambuilding&#8220; button_text=&#8220;Profesion\u00e1lna organiz\u00e1cia&#8220; _builder_version=&#8220;4.16&#8243; _module_preset=&#8220;default&#8220; body_font=&#8220;|||on|||||&#8220; body_letter_spacing=&#8220;2px&#8220; background_enable_color=&#8220;off&#8220; background_image=&#8220;https:\/\/hotelvisegrad.hu\/wp-content\/uploads\/GOPR8639_crop-Mega-scaled.jpg&#8220; background_enable_image=&#8220;on&#8220; parallax=&#8220;on&#8220; global_colors_info=&#8220;{}&#8220; sticky_transition=&#8220;on&#8220;]<\/p>\n<p>Maxim\u00e1lny wellness komfort<\/p>\n<p>[\/et_pb_slide][et_pb_slide heading=&#8220;\u201eOut of the box\u201c teambuilding&#8220; button_text=&#8220;Profesion\u00e1lna organiz\u00e1cia&#8220; use_bg_overlay=&#8220;on&#8220; bg_overlay_color=&#8220;rgba(0,0,0,0.2)&#8220; _builder_version=&#8220;4.16&#8243; _module_preset=&#8220;default&#8220; body_font=&#8220;|||on|||||&#8220; body_letter_spacing=&#8220;2px&#8220; background_enable_color=&#8220;off&#8220; background_image=&#8220;https:\/\/hotelvisegrad.hu\/wp-content\/uploads\/bhp_5446-Mega-scaled.jpg&#8220; background_enable_image=&#8220;on&#8220; parallax=&#8220;on&#8220; global_colors_info=&#8220;{}&#8220; sticky_transition=&#8220;on&#8220;]<\/p>\n<p>Maxim\u00e1lny wellness komfort<\/p>\n<p>[\/et_pb_slide][et_pb_slide heading=&#8220;\u201eOut of the box\u201c teambuilding&#8220; button_text=&#8220;Profesion\u00e1lna organiz\u00e1cia&#8220; use_bg_overlay=&#8220;on&#8220; bg_overlay_color=&#8220;rgba(0,0,0,0.2)&#8220; _builder_version=&#8220;4.16&#8243; _module_preset=&#8220;default&#8220; body_font=&#8220;|||on|||||&#8220; body_letter_spacing=&#8220;2px&#8220; background_enable_color=&#8220;off&#8220; background_image=&#8220;https:\/\/hotelvisegrad.hu\/wp-content\/uploads\/bhp_5315-Mega-scaled.jpg&#8220; background_enable_image=&#8220;on&#8220; parallax=&#8220;on&#8220; global_colors_info=&#8220;{}&#8220; sticky_transition=&#8220;on&#8220;]<\/p>\n<p>Maxim\u00e1lny wellness komfort<\/p>\n<p>[\/et_pb_slide][\/et_pb_fullwidth_slider][\/et_pb_section][et_pb_section fb_built=&#8220;1&#8243; _builder_version=&#8220;4.16&#8243; _module_preset=&#8220;default&#8220; module_alignment=&#8220;center&#8220; global_colors_info=&#8220;{}&#8220;][et_pb_row _builder_version=&#8220;4.16&#8243; _module_preset=&#8220;default&#8220; custom_margin=&#8220;0px||||false|false&#8220; custom_padding=&#8220;0px||||false|false&#8220; global_colors_info=&#8220;{}&#8220;][et_pb_column type=&#8220;4_4&#8243; _builder_version=&#8220;4.16&#8243; _module_preset=&#8220;default&#8220; global_colors_info=&#8220;{}&#8220;][et_pb_text _builder_version=&#8220;4.16&#8243; _module_preset=&#8220;default&#8220; custom_margin=&#8220;0px||||false|false&#8220; custom_padding=&#8220;0px||||false|false&#8220; global_colors_info=&#8220;{}&#8220;]Po\u010das teambuildingu <strong>m\u00f4\u017eete ochutna\u0165 gastro \u0161peciality ohybu Dunaja<\/strong>, m\u00f4\u017eete sa z\u00fa\u010dastni\u0165 <strong>na renesan\u010dnej hostiny<\/strong>, s bohat\u00fdm v\u00fdberom tematick\u00fdch kr\u00e1\u013eovsk\u00fdch jed\u00e1l. M\u00f4\u017eete sa zozn\u00e1mi\u0165 <strong>s najkraj\u0161\u00edmi budovami \u017eiv\u00e9ho stredovek\u00e9ho mesta<\/strong>, po\u010das kult\u00farnej t\u00fary,\u00a0ktor\u00fa absolvujete <strong>s chutn\u00fdm v\u00ednom v ruke<\/strong>. Opakuj\u00facimi prvkami teambiuldingu s\u00fa atrakcie ohybu Dunaja, ako je ar\u00e9na Salamon v\u00e4\u017ei , kde na\u0161i hostia m\u00f4\u017eu za\u017ei\u0165 <strong>vzru\u0161uj\u00face vojensk\u00e9 predstavenie r\u00e1du sv\u00e4t\u00e9ho Juraja<\/strong>, alebo plavba lo\u010fou, kde <strong>z\u00e1pad slnka na Dunaji a osvetlen\u00e1 pl\u00e1\u017e<\/strong> v\u00e1m zabezpe\u010d\u00ed kr\u00e1sny z\u00e1\u017eitok.[\/et_pb_text][et_pb_code _builder_version=&#8220;4.16&#8243; _module_preset=&#8220;default&#8220; global_colors_info=&#8220;{}&#8220;]<div class=\"blog-post-listing grid\"><div class=\"listing-item\"><div class=\"dp-box\"><a class=\"image\" href=\"https:\/\/www.hotelvisegrad.hu\/sk\/kralovska-hostina\/\"><img loading=\"lazy\" decoding=\"async\" width=\"1024\" height=\"684\" src=\"https:\/\/www.hotelvisegrad.hu\/wp-content\/uploads\/kir_lak1-1024x684.jpg\" class=\"attachment-large size-large wp-post-image\" alt=\"\" srcset=\"https:\/\/www.hotelvisegrad.hu\/wp-content\/uploads\/kir_lak1-980x654.jpg 980w, https:\/\/www.hotelvisegrad.hu\/wp-content\/uploads\/kir_lak1-480x320.jpg 480w\" sizes=\"(min-width: 0px) and (max-width: 480px) 480px, (min-width: 481px) and (max-width: 980px) 980px, (min-width: 981px) 1024px, 100vw\" \/><\/a> <a class=\"title\" href=\"https:\/\/www.hotelvisegrad.hu\/sk\/kralovska-hostina\/\">Kr\u00e1\u013eovsk\u00e1 hostina<\/a><\/div> <span class=\"excerpt\">Autentick\u00e1 kr\u00e1\u013eovsk\u00e1 hostina v re\u0161taur\u00e1cii Renaissance s v\u00ednom, lutnovou hudbou a neopakovate\u013enou hojnos\u0165ou stredoveku.<\/span><\/div><div class=\"listing-item\"><div class=\"dp-box\"><a class=\"image\" href=\"https:\/\/www.hotelvisegrad.hu\/sk\/zazitkova-prechadzka-v-kralovskom-palaci\/\"><img loading=\"lazy\" decoding=\"async\" width=\"1024\" height=\"683\" src=\"https:\/\/www.hotelvisegrad.hu\/wp-content\/uploads\/elmenysetafejlec-1024x683.jpg\" class=\"attachment-large size-large wp-post-image\" alt=\"\" srcset=\"https:\/\/www.hotelvisegrad.hu\/wp-content\/uploads\/elmenysetafejlec-1024x683.jpg 1024w, https:\/\/www.hotelvisegrad.hu\/wp-content\/uploads\/elmenysetafejlec-980x653.jpg 980w, https:\/\/www.hotelvisegrad.hu\/wp-content\/uploads\/elmenysetafejlec-480x320.jpg 480w\" sizes=\"(min-width: 0px) and (max-width: 480px) 480px, (min-width: 481px) and (max-width: 980px) 980px, (min-width: 981px) 1024px, 100vw\" \/><\/a> <a class=\"title\" href=\"https:\/\/www.hotelvisegrad.hu\/sk\/zazitkova-prechadzka-v-kralovskom-palaci\/\">Z\u00e1\u017eitkov\u00e1 prech\u00e1dzka v Kr\u00e1\u013eovskom pal\u00e1ci<\/a><\/div> <span class=\"excerpt\">Kr\u00e1\u013eovsk\u00fd pal\u00e1c je od svojej pamiatkovej obnovy zn\u00e1mou atrakciou Vy\u0161ehradu, zalo\u017een\u00fd na stredovek\u00fdch z\u00e1kladoch, presl\u00e1ven\u00fd po celej Eur\u00f3pe, ktor\u00fd prekvital v obdob\u00ed renesancie.<\/span><\/div><div class=\"listing-item\"><div class=\"dp-box\"><a class=\"image\" href=\"https:\/\/www.hotelvisegrad.hu\/sk\/laser-tag\/\"><img loading=\"lazy\" decoding=\"async\" width=\"1024\" height=\"683\" src=\"https:\/\/www.hotelvisegrad.hu\/wp-content\/uploads\/lharc_fejlec-1024x683.jpg\" class=\"attachment-large size-large wp-post-image\" alt=\"\" srcset=\"https:\/\/www.hotelvisegrad.hu\/wp-content\/uploads\/lharc_fejlec-1024x683.jpg 1024w, https:\/\/www.hotelvisegrad.hu\/wp-content\/uploads\/lharc_fejlec-980x653.jpg 980w, https:\/\/www.hotelvisegrad.hu\/wp-content\/uploads\/lharc_fejlec-480x320.jpg 480w\" sizes=\"(min-width: 0px) and (max-width: 480px) 480px, (min-width: 481px) and (max-width: 980px) 980px, (min-width: 981px) 1024px, 100vw\" \/><\/a> <a class=\"title\" href=\"https:\/\/www.hotelvisegrad.hu\/sk\/laser-tag\/\">Laser tag<\/a><\/div> <span class=\"excerpt\">Laser tag je ve\u013emi popul\u00e1rna a vzru\u0161uj\u00faca hra. Kolegovia musia vytvori\u0165 tesn\u00fa jednotu, lebo ak chc\u00fa vyhra\u0165, musia kry\u0165 chrb\u00e1t ostatn\u00fdm.<\/span><\/div><div class=\"listing-item\"><div class=\"dp-box\"><a class=\"image\" href=\"https:\/\/www.hotelvisegrad.hu\/sk\/stredoveky-teambuilding\/\"><img loading=\"lazy\" decoding=\"async\" width=\"1024\" height=\"576\" src=\"https:\/\/www.hotelvisegrad.hu\/wp-content\/uploads\/kcspep-1024x576.jpg\" class=\"attachment-large size-large wp-post-image\" alt=\"\" srcset=\"https:\/\/www.hotelvisegrad.hu\/wp-content\/uploads\/kcspep-1024x576.jpg 1024w, https:\/\/www.hotelvisegrad.hu\/wp-content\/uploads\/kcspep-300x169.jpg 300w, https:\/\/www.hotelvisegrad.hu\/wp-content\/uploads\/kcspep-768x432.jpg 768w, https:\/\/www.hotelvisegrad.hu\/wp-content\/uploads\/kcspep-1536x864.jpg 1536w, https:\/\/www.hotelvisegrad.hu\/wp-content\/uploads\/kcspep-2048x1152.jpg 2048w, https:\/\/www.hotelvisegrad.hu\/wp-content\/uploads\/kcspep-1080x608.jpg 1080w, https:\/\/www.hotelvisegrad.hu\/wp-content\/uploads\/kcspep-1280x720.jpg 1280w, https:\/\/www.hotelvisegrad.hu\/wp-content\/uploads\/kcspep-980x551.jpg 980w, https:\/\/www.hotelvisegrad.hu\/wp-content\/uploads\/kcspep-480x270.jpg 480w\" sizes=\"(max-width: 1024px) 100vw, 1024px\" \/><\/a> <a class=\"title\" href=\"https:\/\/www.hotelvisegrad.hu\/sk\/stredoveky-teambuilding\/\">Stredovek\u00fd teambuilding<\/a><\/div> <span class=\"excerpt\">Stredovek\u00fd teambuilding je \u00faplne jedine\u010dn\u00fd v hr\u00e1ch teambuildingu. Sko\u010dte do stroja \u010dasu a vydajte sa do rytierskych \u010dias!<\/span><\/div><div class=\"listing-item\"><div class=\"dp-box\"><a class=\"image\" href=\"https:\/\/www.hotelvisegrad.hu\/sk\/olympiada-remesiel\/\"><img loading=\"lazy\" decoding=\"async\" width=\"1024\" height=\"576\" src=\"https:\/\/www.hotelvisegrad.hu\/wp-content\/uploads\/mestol-1024x576.jpg\" class=\"attachment-large size-large wp-post-image\" alt=\"\" srcset=\"https:\/\/www.hotelvisegrad.hu\/wp-content\/uploads\/mestol-1024x576.jpg 1024w, https:\/\/www.hotelvisegrad.hu\/wp-content\/uploads\/mestol-300x169.jpg 300w, https:\/\/www.hotelvisegrad.hu\/wp-content\/uploads\/mestol-768x432.jpg 768w, https:\/\/www.hotelvisegrad.hu\/wp-content\/uploads\/mestol-1536x864.jpg 1536w, https:\/\/www.hotelvisegrad.hu\/wp-content\/uploads\/mestol-2048x1152.jpg 2048w, https:\/\/www.hotelvisegrad.hu\/wp-content\/uploads\/mestol-1080x608.jpg 1080w, https:\/\/www.hotelvisegrad.hu\/wp-content\/uploads\/mestol-1280x720.jpg 1280w, https:\/\/www.hotelvisegrad.hu\/wp-content\/uploads\/mestol-980x551.jpg 980w, https:\/\/www.hotelvisegrad.hu\/wp-content\/uploads\/mestol-480x270.jpg 480w\" sizes=\"(max-width: 1024px) 100vw, 1024px\" \/><\/a> <a class=\"title\" href=\"https:\/\/www.hotelvisegrad.hu\/sk\/olympiada-remesiel\/\">Olympi\u00e1da remesiel<\/a><\/div> <span class=\"excerpt\">Str\u00e1vte jedno pr\u00edjemn\u00e9 popoludnie vo Dvore remesiel a zas\u00fa\u0165a\u017ete! Kto urob\u00ed najkraj\u0161ie ru\u010dn\u00e9 predmety?<\/span><\/div><div class=\"listing-item\"><div class=\"dp-box\"><a class=\"image\" href=\"https:\/\/www.hotelvisegrad.hu\/sk\/bowling\/\"><img loading=\"lazy\" decoding=\"async\" width=\"1024\" height=\"683\" src=\"https:\/\/www.hotelvisegrad.hu\/wp-content\/uploads\/bowling-lista-1024x683.jpg\" class=\"attachment-large size-large wp-post-image\" alt=\"\" srcset=\"https:\/\/www.hotelvisegrad.hu\/wp-content\/uploads\/bowling-lista-1024x683.jpg 1024w, https:\/\/www.hotelvisegrad.hu\/wp-content\/uploads\/bowling-lista-980x653.jpg 980w, https:\/\/www.hotelvisegrad.hu\/wp-content\/uploads\/bowling-lista-480x320.jpg 480w\" sizes=\"(min-width: 0px) and (max-width: 480px) 480px, (min-width: 481px) and (max-width: 980px) 980px, (min-width: 981px) 1024px, 100vw\" \/><\/a> <a class=\"title\" href=\"https:\/\/www.hotelvisegrad.hu\/sk\/bowling\/\">Bowling<\/a><\/div> <span class=\"excerpt\">Bowling je klasika, ak ide o teambuilding, ke\u010f\u017ee pri nieko\u013eko poh\u00e1rov pr\u00edjemn\u00e9ho drinku v\u00e1m pon\u00faka zr\u00e1\u017eanie kolkov neprehliadnute\u013en\u00fd z\u00e1\u017eitok.<\/span><\/div><div class=\"listing-item\"><div class=\"dp-box\"><a class=\"image\" href=\"https:\/\/www.hotelvisegrad.hu\/sk\/velkolepa-vecera-v-palacovom-dome-palotahaz\/\"><img loading=\"lazy\" decoding=\"async\" width=\"1024\" height=\"683\" src=\"https:\/\/www.hotelvisegrad.hu\/wp-content\/uploads\/palotahaz-1200x800-1-1024x683.jpg\" class=\"attachment-large size-large wp-post-image\" alt=\"\" srcset=\"https:\/\/www.hotelvisegrad.hu\/wp-content\/uploads\/palotahaz-1200x800-1-1024x683.jpg 1024w, https:\/\/www.hotelvisegrad.hu\/wp-content\/uploads\/palotahaz-1200x800-1-980x653.jpg 980w, https:\/\/www.hotelvisegrad.hu\/wp-content\/uploads\/palotahaz-1200x800-1-480x320.jpg 480w\" sizes=\"(min-width: 0px) and (max-width: 480px) 480px, (min-width: 481px) and (max-width: 980px) 980px, (min-width: 981px) 1024px, 100vw\" \/><\/a> <a class=\"title\" href=\"https:\/\/www.hotelvisegrad.hu\/sk\/velkolepa-vecera-v-palacovom-dome-palotahaz\/\">Ve\u013ekolep\u00e1 ve\u010dera v Pal\u00e1covom dome Palotah\u00e1z<\/a><\/div> <span class=\"excerpt\">Ob\u013e\u00faben\u00fdm programom skup\u00edn je ve\u013ekolep\u00e1 ve\u010dera, ktor\u00fa m\u00f4\u017eu za\u017ei\u0165 v Palotah\u00e1z a po\u010das ktorej z\u00e1ujemcovia sa m\u00f4\u017eu nielen dobre najes\u0165, ale m\u00f4\u017eu spozna\u0165 aj najob\u013e\u00fabenej\u0161ie \u0161peciality okolia a stredoveku.<\/span><\/div><div class=\"listing-item\"><div class=\"dp-box\"><a class=\"image\" href=\"https:\/\/www.hotelvisegrad.hu\/sk\/autobusova-preprava\/\"><img loading=\"lazy\" decoding=\"async\" width=\"1024\" height=\"683\" src=\"https:\/\/www.hotelvisegrad.hu\/wp-content\/uploads\/IMG_0348-Nagy-1024x683.jpg\" class=\"attachment-large size-large wp-post-image\" alt=\"\" srcset=\"https:\/\/www.hotelvisegrad.hu\/wp-content\/uploads\/IMG_0348-Nagy-980x653.jpg 980w, https:\/\/www.hotelvisegrad.hu\/wp-content\/uploads\/IMG_0348-Nagy-480x320.jpg 480w\" sizes=\"(min-width: 0px) and (max-width: 480px) 480px, (min-width: 481px) and (max-width: 980px) 980px, (min-width: 981px) 1024px, 100vw\" \/><\/a> <a class=\"title\" href=\"https:\/\/www.hotelvisegrad.hu\/sk\/autobusova-preprava\/\">Autobusov\u00e1 preprava<\/a><\/div> <span class=\"excerpt\">Na\u0161ich host\u00ed prepravujeme bezplatne vlastn\u00fdmi autobusmi medzi na\u0161imi programov\u00fdmi miestami, re\u0161taur\u00e1ciami (Re\u0161taur\u00e1cia Sir\u00e1ly, Re\u0161taur\u00e1cia Renaissance, Palotah\u00e1z) a Hotel Visegr\u00e1d.<\/span><\/div><div class=\"listing-item\"><div class=\"dp-box\"><a class=\"image\" href=\"https:\/\/www.hotelvisegrad.hu\/sk\/ukazky-dravcov\/\"><img loading=\"lazy\" decoding=\"async\" width=\"1024\" height=\"683\" src=\"https:\/\/www.hotelvisegrad.hu\/wp-content\/uploads\/rmb3-1024x683.jpg\" class=\"attachment-large size-large wp-post-image\" alt=\"\" srcset=\"https:\/\/www.hotelvisegrad.hu\/wp-content\/uploads\/rmb3-980x653.jpg 980w, https:\/\/www.hotelvisegrad.hu\/wp-content\/uploads\/rmb3-480x320.jpg 480w\" sizes=\"(min-width: 0px) and (max-width: 480px) 480px, (min-width: 481px) and (max-width: 980px) 980px, (min-width: 981px) 1024px, 100vw\" \/><\/a> <a class=\"title\" href=\"https:\/\/www.hotelvisegrad.hu\/sk\/ukazky-dravcov\/\">Uk\u00e1\u017eky dravcov<\/a><\/div> <span class=\"excerpt\">Vzru\u0161uj\u00face interakt\u00edvne predstavenie Ervina Kov\u00e1csa, \u0161iroko-\u010fa\u013eeko zn\u00e1meho sokoliara Vy\u0161ehradu  v\u00e1m predstav\u00ed ako na\u0161i stredovek\u00ed predkovia lovili s my\u0161iakom okr\u00fahlochvost\u00fdm, s cvi\u010den\u00fdmi fretkami a po\u013eovn\u00fdmi psami.<\/span><\/div><\/div>[\/et_pb_code][\/et_pb_column][\/et_pb_row][\/et_pb_section][et_pb_section fb_built=&#8220;1&#8243; prev_background_color=&#8220;#ffffff&#8220; _builder_version=&#8220;4.16&#8243; _module_preset=&#8220;default&#8220; background_color=&#8220;#E14B3B&#8220; custom_margin=&#8220;0px||||false|false&#8220; custom_padding=&#8220;30px||||false|false&#8220; top_divider_style=&#8220;slant2&#8243; top_divider_height=&#8220;30px&#8220; global_colors_info=&#8220;{}&#8220;][et_pb_row _builder_version=&#8220;4.16&#8243; _module_preset=&#8220;default&#8220; custom_margin=&#8220;||-1px||false|false&#8220; custom_padding=&#8220;||0px||false|false&#8220; global_colors_info=&#8220;{}&#8220;][et_pb_column type=&#8220;4_4&#8243; _builder_version=&#8220;4.16&#8243; _module_preset=&#8220;default&#8220; global_colors_info=&#8220;{}&#8220;][et_pb_text _builder_version=&#8220;4.16&#8243; _module_preset=&#8220;default&#8220; header_text_color=&#8220;#FFFFFF&#8220; header_2_text_color=&#8220;#FFFFFF&#8220; header_4_text_color=&#8220;#FFFFFF&#8220; text_orientation=&#8220;center&#8220; custom_margin=&#8220;||0px||false|false&#8220; custom_padding=&#8220;||0px||false|false&#8220; global_colors_info=&#8220;{}&#8220;]<\/p>\n<h2>Povedali o n\u00e1s<\/h2>\n<p>[\/et_pb_text][et_pb_divider color=&#8220;#FFFFFF&#8220; _builder_version=&#8220;4.16&#8243; _module_preset=&#8220;32b62c33-a07b-4dd4-b207-3a5cce763cbb&#8220; global_colors_info=&#8220;{}&#8220;][\/et_pb_divider][\/et_pb_column][\/et_pb_row][et_pb_row column_structure=&#8220;1_3,1_3,1_3&#8243; _builder_version=&#8220;4.16&#8243; _module_preset=&#8220;default&#8220; global_colors_info=&#8220;{}&#8220;][et_pb_column type=&#8220;1_3&#8243; _builder_version=&#8220;4.16&#8243; _module_preset=&#8220;default&#8220; animation_style=&#8220;fade&#8220; global_colors_info=&#8220;{}&#8220;][et_pb_testimonial author=&#8220;Fundamenta-Lak\u00e1skassza Zrt.&#8220; portrait_url=&#8220;https:\/\/hotelvisegrad.hu\/wp-content\/uploads\/pm5.jpg&#8220; quote_icon=&#8220;off&#8220; quote_icon_color=&#8220;#E14B3B&#8220; quote_icon_background_color=&#8220;#FFFFFF&#8220; use_icon_font_size=&#8220;on&#8220; icon_font_size=&#8220;25px&#8220; _builder_version=&#8220;4.16&#8243; _module_preset=&#8220;default&#8220; body_font=&#8220;|300|||||||&#8220; author_font=&#8220;|800|||||||&#8220; text_orientation=&#8220;center&#8220; border_radii=&#8220;on|10px|10px|10px|10px&#8220; global_colors_info=&#8220;{}&#8220;]<\/p>\n<p>Ve\u013emi sa mi p\u00e1\u010dila t\u00edmov\u00e1 hra a vedenie Kr\u00e1\u013eovsk\u00e9ho pal\u00e1ca bolo tie\u017e ve\u013emi dobr\u00e9! Jedlo bolo ve\u013emi chutn\u00e9, Pal\u00e1cov\u00fd dom Palotah\u00e1z bol pre ka\u017ed\u00e9ho ve\u013emi pr\u00edjemn\u00fdm z\u00e1\u017eitkom!<\/p>\n<p>[\/et_pb_testimonial][\/et_pb_column][et_pb_column type=&#8220;1_3&#8243; _builder_version=&#8220;4.16&#8243; _module_preset=&#8220;default&#8220; animation_style=&#8220;fade&#8220; global_colors_info=&#8220;{}&#8220;][et_pb_testimonial author=&#8220;Oddelenie riadenia podujat\u00ed predsedn\u00edctva E\u00da&#8220; company_name=&#8220;Ministerstvo zahrani\u010dn\u00fdch vec\u00ed&#8220; portrait_url=&#8220;https:\/\/hotelvisegrad.hu\/wp-content\/uploads\/rendprg_fejlec.jpg&#8220; quote_icon=&#8220;off&#8220; quote_icon_color=&#8220;#E14B3B&#8220; _builder_version=&#8220;4.16&#8243; _module_preset=&#8220;default&#8220; body_font=&#8220;|300|||||||&#8220; author_font=&#8220;|800|||||||&#8220; text_orientation=&#8220;center&#8220; border_radii=&#8220;on|10px|10px|10px|10px&#8220; global_colors_info=&#8220;{}&#8220;]<\/p>\n<p>Chcel by som sa v\u00e1m po\u010fakova\u0165 za ve\u013ek\u00fa pomoc, flexibiln\u00fd pr\u00edstup a svedomit\u00fa pr\u00e1cu, ktor\u00fa ste vy a va\u0161i zamestnanci preuk\u00e1zali pri organizovan\u00ed a realiz\u00e1cii podujat\u00ed ma\u010farsk\u00e9ho predsedn\u00edctva E\u00da v roku 2011.<\/p>\n<p>[\/et_pb_testimonial][\/et_pb_column][et_pb_column type=&#8220;1_3&#8243; _builder_version=&#8220;4.16&#8243; _module_preset=&#8220;default&#8220; animation_style=&#8220;fade&#8220; global_colors_info=&#8220;{}&#8220;][et_pb_testimonial author=&#8220;Givaudan Finance Services&#8220; portrait_url=&#8220;https:\/\/hotelvisegrad.hu\/wp-content\/uploads\/konft1-scaled.jpg&#8220; quote_icon=&#8220;off&#8220; quote_icon_color=&#8220;#E14B3B&#8220; _builder_version=&#8220;4.16&#8243; _module_preset=&#8220;default&#8220; body_font=&#8220;|300|||||||&#8220; author_font=&#8220;|800|||||||&#8220; text_orientation=&#8220;center&#8220; border_radii=&#8220;on|10px|10px|10px|10px&#8220; global_colors_info=&#8220;{}&#8220;]<\/p>\n<p>Dodato\u010dne v\u00e1m \u010fakujeme za vysok\u00fa \u00farove\u0148 slu\u017eieb, ktor\u00e9 ste poskytli po\u010das teambuildingu. Skvel\u00fa sp\u00e4tn\u00fa v\u00e4zbu sme dostali aj od na\u0161ich kolegov.<\/p>\n<p>[\/et_pb_testimonial][\/et_pb_column][\/et_pb_row][\/et_pb_section][et_pb_section fb_built=&#8220;1&#8243; _builder_version=&#8220;4.16&#8243; _module_preset=&#8220;default&#8220; background_image=&#8220;https:\/\/hotelvisegrad.hu\/wp-content\/uploads\/lt2.jpg&#8220; parallax=&#8220;on&#8220; parallax_method=&#8220;off&#8220; global_colors_info=&#8220;{}&#8220;][et_pb_row column_structure=&#8220;1_2,1_2&#8243; _builder_version=&#8220;4.16&#8243; _module_preset=&#8220;default&#8220; background_color=&#8220;rgba(0,0,0,0.5)&#8220; custom_padding=&#8220;30px|30px|30px|30px|false|false&#8220; border_radii=&#8220;on|10px|10px|10px|10px&#8220; global_colors_info=&#8220;{}&#8220;][et_pb_column type=&#8220;1_2&#8243; _builder_version=&#8220;4.16&#8243; _module_preset=&#8220;default&#8220; global_colors_info=&#8220;{}&#8220;][et_pb_text _builder_version=&#8220;4.16&#8243; _module_preset=&#8220;default&#8220; text_font=&#8220;|300|||||||&#8220; text_text_color=&#8220;#FFFFFF&#8220; header_text_color=&#8220;#FFFFFF&#8220; header_2_text_color=&#8220;#FFFFFF&#8220; header_3_text_color=&#8220;#FFFFFF&#8220; text_orientation=&#8220;center&#8220; global_colors_info=&#8220;{}&#8220;]<\/p>\n<h3 class=\"widget-title\">V centre Vy\u0161ehradu<\/h3>\n<p>Programov\u00e9 miesta teambuildingu sa nach\u00e1dzaj\u00fa len nieko\u013eko min\u00fat od seba a n\u00e1\u0161 wellness hotel o\u010dak\u00e1va svojich host\u00ed v centre Vy\u0161ehradu. Takto nezab\u00edjate \u010das dlh\u00fdm cestovan\u00edm. Ak by laser tag trval do 15:30, v pohode st\u00edhate konferenciu o 16:00![\/et_pb_text][\/et_pb_column][et_pb_column type=&#8220;1_2&#8243; _builder_version=&#8220;4.16&#8243; _module_preset=&#8220;default&#8220; global_colors_info=&#8220;{}&#8220;][et_pb_text _builder_version=&#8220;4.16&#8243; _module_preset=&#8220;default&#8220; text_font=&#8220;|300|||||||&#8220; text_text_color=&#8220;#FFFFFF&#8220; header_3_text_color=&#8220;#FFFFFF&#8220; text_orientation=&#8220;center&#8220; global_colors_info=&#8220;{}&#8220;]<\/p>\n<h3 class=\"widget-title\" style=\"text-align: center;\">Ihrisko Budape\u0161ti<\/h3>\n<p>Vy\u0161ehrad v poslednom jeden a pol desa\u0165ro\u010d\u00ed sa premenilo na ihrisko hlavn\u00e9ho mesta a okolit\u00fdch miest. Iba o nie\u010do viac ako 40 km od Budape\u0161ti sa vyvinulo jedno celistv\u00e9 mesto, ktor\u00e9 z turistick\u00e9ho h\u013eadiska z roku na rok pri\u0165ahuje desa\u0165tis\u00edce \u013eud\u00ed. Vy\u0161ehrad je r\u00fdchlo dostupn\u00fd, ale predsa je v dostato\u010dnej vzdialenosti od ve\u013ek\u00fdch miest.[\/et_pb_text][\/et_pb_column][\/et_pb_row][\/et_pb_section]<\/p>\n","protected":false},"excerpt":{"rendered":"<p>[et_pb_section fb_built=&#8220;1&#8243; fullwidth=&#8220;on&#8220; _builder_version=&#8220;4.16&#8243; _module_preset=&#8220;default&#8220; custom_margin=&#8220;0px||||false|false&#8220; custom_padding=&#8220;||||false|false&#8220; bottom_divider_style=&#8220;slant2&#8243; bottom_divider_color=&#8220;#FFFFFF&#8220; bottom_divider_height=&#8220;30px&#8220; global_colors_info=&#8220;{}&#8220;][et_pb_fullwidth_slider use_bg_overlay=&#8220;off&#8220; _builder_version=&#8220;4.16&#8243; _module_preset=&#8220;default&#8220; min_height=&#8220;700px&#8220; height=&#8220;700px&#8220; max_height=&#8220;700px&#8220; auto=&#8220;on&#8220; auto_ignore_hover=&#8220;on&#8220; custom_css_slide_description=&#8220;animation-name: none;&#8220; custom_css_slide_title=&#8220;animation-name: none;&#8220; global_colors_info=&#8220;{}&#8220;][et_pb_slide heading=&#8220;\u201eOut of the box\u201c teambuilding&#8220; button_text=&#8220;Profesion\u00e1lna organiz\u00e1cia&#8220; _builder_version=&#8220;4.16&#8243; _module_preset=&#8220;default&#8220; body_font=&#8220;|||on|||||&#8220; body_letter_spacing=&#8220;2px&#8220; background_enable_color=&#8220;off&#8220; background_image=&#8220;https:\/\/hotelvisegrad.hu\/wp-content\/uploads\/bhp_5373-Mega-scaled.jpg&#8220; background_enable_image=&#8220;on&#8220; parallax=&#8220;on&#8220; global_colors_info=&#8220;{}&#8220; sticky_transition=&#8220;on&#8220;] Maxim\u00e1lny wellness komfort [\/et_pb_slide][et_pb_slide heading=&#8220;\u201eOut of the box\u201c teambuilding&#8220; button_text=&#8220;Profesion\u00e1lna organiz\u00e1cia&#8220; _builder_version=&#8220;4.16&#8243; _module_preset=&#8220;default&#8220; body_font=&#8220;|||on|||||&#8220; [&hellip;]<\/p>\n","protected":false},"author":1,"featured_media":0,"parent":0,"menu_order":0,"comment_status":"closed","ping_status":"closed","template":"","meta":{"_et_pb_use_builder":"on","_et_pb_old_content":"","_et_gb_content_width":"","footnotes":""},"tags":[],"class_list":["post-18845","page","type-page","status-publish","hentry"],"_links":{"self":[{"href":"https:\/\/www.hotelvisegrad.hu\/sk\/wp-json\/wp\/v2\/pages\/18845","targetHints":{"allow":["GET"]}}],"collection":[{"href":"https:\/\/www.hotelvisegrad.hu\/sk\/wp-json\/wp\/v2\/pages"}],"about":[{"href":"https:\/\/www.hotelvisegrad.hu\/sk\/wp-json\/wp\/v2\/types\/page"}],"author":[{"embeddable":true,"href":"https:\/\/www.hotelvisegrad.hu\/sk\/wp-json\/wp\/v2\/users\/1"}],"replies":[{"embeddable":true,"href":"https:\/\/www.hotelvisegrad.hu\/sk\/wp-json\/wp\/v2\/comments?post=18845"}],"version-history":[{"count":5,"href":"https:\/\/www.hotelvisegrad.hu\/sk\/wp-json\/wp\/v2\/pages\/18845\/revisions"}],"predecessor-version":[{"id":250507,"href":"https:\/\/www.hotelvisegrad.hu\/sk\/wp-json\/wp\/v2\/pages\/18845\/revisions\/250507"}],"wp:attachment":[{"href":"https:\/\/www.hotelvisegrad.hu\/sk\/wp-json\/wp\/v2\/media?parent=18845"}],"wp:term":[{"taxonomy":"post_tag","embeddable":true,"href":"https:\/\/www.hotelvisegrad.hu\/sk\/wp-json\/wp\/v2\/tags?post=18845"}],"curies":[{"name":"wp","href":"https:\/\/api.w.org\/{rel}","templated":true}]}}