{"id":18835,"date":"2022-01-30T12:23:57","date_gmt":"2022-01-30T12:23:57","guid":{"rendered":"https:\/\/www.hotelvisegrad.hu\/konferencne-miestnosti\/"},"modified":"2024-01-31T11:31:13","modified_gmt":"2024-01-31T11:31:13","slug":"konferencne-miestnosti","status":"publish","type":"page","link":"https:\/\/www.hotelvisegrad.hu\/sk\/konferencne-miestnosti\/","title":{"rendered":"Konferen\u010dn\u00e9 miestnosti"},"content":{"rendered":"<p>[et_pb_section fb_built=&#8220;1&#8243; _builder_version=&#8220;4.24.0&#8243; _module_preset=&#8220;default&#8220; background_color=&#8220;rgba(0,0,0,0.38)&#8220; background_image=&#8220;https:\/\/www.hotelvisegrad.hu\/wp-content\/uploads\/PIX_1137_b-scaled.jpg&#8220; background_blend=&#8220;overlay&#8220; hover_enabled=&#8220;0&#8243; global_colors_info=&#8220;{}&#8220; title_text=&#8220;PIX_1137_b&#8220; sticky_enabled=&#8220;0&#8243;][et_pb_row _builder_version=&#8220;4.16&#8243; _module_preset=&#8220;2c3722c0-227e-45c8-9254-97978a188986&#8243; global_colors_info=&#8220;{}&#8220;][et_pb_column type=&#8220;4_4&#8243; _builder_version=&#8220;4.16&#8243; _module_preset=&#8220;default&#8220; global_colors_info=&#8220;{}&#8220;][et_pb_text _builder_version=&#8220;4.16&#8243; _dynamic_attributes=&#8220;content&#8220; _module_preset=&#8220;1f2b3889-09d7-4ff7-aaf3-096c1a6cfa0c&#8220; global_colors_info=&#8220;{}&#8220;]@ET-DC@eyJkeW5hbWljIjp0cnVlLCJjb250ZW50IjoicG9zdF90aXRsZSIsInNldHRpbmdzIjp7ImJlZm9yZSI6IjxoMj4iLCJhZnRlciI6IjwvaDI+In19@[\/et_pb_text][\/et_pb_column][\/et_pb_row][\/et_pb_section][et_pb_section fb_built=&#8220;1&#8243; admin_label=&#8220;BEVEZETO&#8220; _builder_version=&#8220;4.16&#8243; _module_preset=&#8220;f9b2cdd3-9ac0-4581-89f7-e7e554e9d175&#8243; global_colors_info=&#8220;{}&#8220;][et_pb_row column_structure=&#8220;2_5,3_5&#8243; admin_label=&#8220;Bevezeto&#8220; _builder_version=&#8220;4.16&#8243; _module_preset=&#8220;fed426e6-f537-48f4-97e9-b84063a80258&#8243; global_colors_info=&#8220;{}&#8220;][et_pb_column type=&#8220;2_5&#8243; _builder_version=&#8220;4.16&#8243; _module_preset=&#8220;default&#8220; global_colors_info=&#8220;{}&#8220;][et_pb_text _builder_version=&#8220;4.16&#8243; _module_preset=&#8220;507aa6bb-b91c-403c-88ec-ac42b76b0ea6&#8243; global_colors_info=&#8220;{}&#8220;]<\/p>\n<p><b>Plne vybaven\u00e9 konferen\u010dn\u00e9 miestnosti, profesion\u00e1lne podmienky!<\/b><\/p>\n<p>[\/et_pb_text][\/et_pb_column][et_pb_column type=&#8220;3_5&#8243; _builder_version=&#8220;4.16&#8243; _module_preset=&#8220;default&#8220; global_colors_info=&#8220;{}&#8220;][et_pb_text _builder_version=&#8220;4.16&#8243; _module_preset=&#8220;69fca1d7-0daf-4ccd-b4aa-49da36504dc9&#8243; global_colors_info=&#8220;{}&#8220;]<\/p>\n<p>\u010ci u\u017e ide o firemn\u00e9 alebo in\u00e9 odborn\u00e9 podujatie (napr. v\u00fdstavy, prezent\u00e1cie, semin\u00e1re at\u010f.), <b><strong>plne vybaven\u00e9 konferen\u010dn\u00e9 miestnosti hotela Visegrad poskytuj\u00fa profesion\u00e1lne podmienky<\/strong><\/b>. N\u00e1\u0161 hotel<b><strong> pon\u00faka 7 miestnost\u00ed<\/strong><\/b>, ktor\u00e9 mo\u017eno vyu\u017e\u00edva\u0165 spolo\u010dne, tak\u017ee je mo\u017en\u00e9 efekt\u00edvne zabezpe\u010di\u0165<b><strong> stretnutia pre 8 os\u00f4b a<\/strong><\/b> konferencie pre<b><strong> 220 os\u00f4b<\/strong><\/b>.<\/p>\n<p>Viac inform\u00e1ci\u00ed o na\u0161ich konferen\u010dn\u00fdch miestnostiach, doplnkov\u00fdch slu\u017eb\u00e1ch hotela Visegrad a <b><strong>\u010fal\u0161\u00edch miestach konania konferenci\u00ed<\/strong><\/b> n\u00e1jdete ni\u017e\u0161ie!<\/p>\n<p>[\/et_pb_text][\/et_pb_column][\/et_pb_row][\/et_pb_section][et_pb_section fb_built=&#8220;1&#8243; _builder_version=&#8220;4.16&#8243; _module_preset=&#8220;7e253fea-c59a-4f37-a193-1e54bf0da8d7&#8243; global_colors_info=&#8220;{}&#8220;][et_pb_row _builder_version=&#8220;4.16&#8243; _module_preset=&#8220;3cfe1088-80ca-40b1-8845-48a273a22b5b&#8220; global_colors_info=&#8220;{}&#8220;][et_pb_column type=&#8220;4_4&#8243; _builder_version=&#8220;4.16&#8243; _module_preset=&#8220;default&#8220; global_colors_info=&#8220;{}&#8220;][et_pb_text module_class=&#8220;custom_bullets_wpcc custom_bullets_wpcc&#8211;check&#8220; _builder_version=&#8220;4.16&#8243; _module_preset=&#8220;f78023fd-2f77-4b07-956b-9e3e349e8143&#8243; global_colors_info=&#8220;{}&#8220;]<\/p>\n<h4>Nasleduj\u00face technick\u00e9 n\u00e1stroje s\u00fa st\u00e1le k dispoz\u00edcii:<\/h4>\n<ul>\n<li>Projektor<\/li>\n<li>Flipchart<\/li>\n<li>Notebook<\/li>\n<li>Projektor diafilmu<\/li>\n<li>Stoln\u00fd meotar (sp\u00e4tn\u00fd projektor)<\/li>\n<li>CD a DVD prehr\u00e1va\u010d<\/li>\n<li>Kompletn\u00e9 ozvu\u010denie<\/li>\n<li>Bezk\u00e1blov\u00fd mikrof\u00f3n<\/li>\n<li>TV<\/li>\n<li>\u0160irokop\u00e1smov\u00fd a bezdr\u00f4tov\u00fd pr\u00edstup na internet<\/li>\n<\/ul>\n<h4>Preprava os\u00f4b<\/h4>\n<ul>\n<li><strong><a href=\"\/sk\/autobusova-doprava\/\" target=\"_blank\" rel=\"noopener noreferrer\">Bezplatne prev\u00e1\u017eame<\/a><\/strong> na\u0161ich host\u00ed medzi Hotelom Visegr\u00e1d, programov\u00fdmi miestami teambuildingu a re\u0161taur\u00e1ciami.<\/li>\n<\/ul>\n<p>[\/et_pb_text][\/et_pb_column][\/et_pb_row][et_pb_row _builder_version=&#8220;4.16&#8243; _module_preset=&#8220;13a72b84-e234-4972-81df-b4e0be256361&#8243; global_colors_info=&#8220;{}&#8220;][et_pb_column type=&#8220;4_4&#8243; _builder_version=&#8220;4.16&#8243; _module_preset=&#8220;default&#8220; custom_padding=&#8220;||||false|false&#8220; global_colors_info=&#8220;{}&#8220;][et_pb_gallery gallery_ids=&#8220;23155,23151,23147,23143,23836,23832,23135,22868,19596,19597,23805,19595&#8243; posts_number=&#8220;100&#8243; _builder_version=&#8220;4.24.0&#8243; _module_preset=&#8220;74e179d2-2af1-40ae-9fca-d08f70d4060e&#8220; hover_enabled=&#8220;0&#8243; global_colors_info=&#8220;{}&#8220; sticky_enabled=&#8220;0&#8243;][\/et_pb_gallery][\/et_pb_column][\/et_pb_row][\/et_pb_section][et_pb_section fb_built=&#8220;1&#8243; admin_label=&#8220;BEVEZETO&#8220; _builder_version=&#8220;4.16&#8243; _module_preset=&#8220;f9b2cdd3-9ac0-4581-89f7-e7e554e9d175&#8243; global_colors_info=&#8220;{}&#8220;][et_pb_row admin_label=&#8220;Bevezeto&#8220; _builder_version=&#8220;4.16&#8243; _module_preset=&#8220;fed426e6-f537-48f4-97e9-b84063a80258&#8243; global_colors_info=&#8220;{}&#8220;][et_pb_column type=&#8220;4_4&#8243; _builder_version=&#8220;4.16&#8243; _module_preset=&#8220;default&#8220; global_colors_info=&#8220;{}&#8220;][et_pb_text module_class=&#8220;custom_bullets_wpcc custom_bullets_wpcc&#8211;check&#8220; _builder_version=&#8220;4.24.0&#8243; _module_preset=&#8220;69fca1d7-0daf-4ccd-b4aa-49da36504dc9&#8243; header_3_text_color=&#8220;#1c8b98&#8243; global_colors_info=&#8220;{}&#8220;]<\/p>\n<h3><b>Konferen\u010dn\u00e9 miestnosti &#8211; \u0161pecifik\u00e1cia<\/b><\/h3>\n<p>V na\u0161ich sek\u010dn\u00fdch miestnostiach m\u00f4\u017eeme usporiada\u0165 men\u0161ie<b><strong> stretnutia do 8 os\u00f4b<\/strong><\/b>, ale na\u0161e v\u00e4\u010d\u0161ie konferen\u010dn\u00e9 miestnosti s kapacitou a\u017e <b><strong>220 os\u00f4b<\/strong><\/b> si m\u00f4\u017eete rezervova\u0165 <b><strong>kedyko\u013evek po\u010das roka<\/strong><\/b>.<\/p>\n<p><b><strong>Ned\u00e1vno otvoren\u00e1 nad\u0161tandardn\u00e1 sekcia<\/strong><\/b> pon\u00faka \u010fal\u0161ie v\u00fdhody pre organiz\u00e1torov konferenci\u00ed:<\/p>\n<ul>\n<li>K existuj\u00facim 5 sekci\u00e1m pribudla nov\u00e1 sek\u010dn\u00e1 miestnos\u0165.<\/li>\n<li>Nov\u00e1 konferen\u010dn\u00e1 miestnos\u0165 bola teraz roz\u0161\u00edren\u00e1 o nov\u00fa sekciu s \u010fal\u0161\u00edmi dvoma miestnos\u0165ami, z ktor\u00fdch ka\u017ed\u00e1 je vybaven\u00e1 najmodernej\u0161ou technol\u00f3giou a dokonalou akustikou, a dokonca aj videokonferen\u010dn\u00fdmi zariadeniami.<\/li>\n<li>Miestnos\u0165 s rozlohou 200 m2 je zaliata prirodzen\u00fdm svetlom, m\u00e1 pripojenie do z\u00e1hrady a n\u00e1dhern\u00fd panoramatick\u00fd v\u00fdh\u013ead na Dunaj a Citadela.<\/li>\n<\/ul>\n<p>T\u00fa ist\u00fa miestnos\u0165 mo\u017eno jednoducho rozdeli\u0165 a <b><strong>vytvori\u0165<\/strong><\/b> tak <b><strong>dve men\u0161ie miestnosti<\/strong><\/b>.<\/p>\n<p><b><strong>Nov\u00e1 miestnos\u0165 je vybaven\u00e1 najmodernej\u0161ou technol\u00f3giou a dokonalou akustikou a pon\u00faka dokonca aj videokonferen\u010dn\u00e9 zariadenia.<\/strong><\/b> <b><strong>Miestnos\u0165 s rozlohou 200 m2 je zaliata prirodzen\u00fdm svetlom, m\u00e1 pripojenie do z\u00e1hrady a n\u00e1dhern\u00fd panoramatick\u00fd v\u00fdh\u013ead na Dunaj a Fellegv\u00e1ri.<\/strong><\/b> <b><strong>Tu sa stret\u00e1va funk\u010dnos\u0165 s estetikou &#8211; sme v\u00e1m k dispoz\u00edcii pre tie najlep\u0161ie podujatia a!<\/strong><\/b><\/p>\n<p><b><strong>Kapacita novej haly:<\/strong><\/b><\/p>\n<p>&#8211; 220 miest v divadelnom \u0161t\u00fdle<\/p>\n<p>&#8211; 120 miest pre \u0161koly<\/p>\n<p>&#8211; 100 os\u00f4b pri okr\u00fahlom stole<\/p>\n<p>Okrem toho bud\u00fa na\u010falej k dispoz\u00edcii na\u0161e doteraz vybudovan\u00e9 priestory a predn\u00e1\u0161kov\u00e9 s\u00e1ly vr\u00e1tane <b><strong>konferen\u010dnej miestnosti s plochou 100 m2 s podlahov\u00fdm kobercom a prirodzen\u00fdm osvetlen\u00edm<\/strong><\/b>, ako aj sek\u010dn\u00e9 miestnosti s plochou 35 m2, 30 m2, 25 m2 a 20 m2.<\/p>\n<p>Tieto <b><strong>miestnosti <\/strong><\/b>sa m\u00f4\u017eu vyu\u017e\u00edva\u0165 nielen na konferencie, ale aj na <b><strong>v\u00fdstavy, vernis\u00e1\u017ee, prezent\u00e1cie a semin\u00e1re<\/strong><\/b>.<\/p>\n<table style=\"border: 1px solid #e14b3b; background-color: #fff;\">\n<thead>\n<tr>\n<th style=\"background-color: #e14b3b; color: #fff;\">N\u00e1zov miestnosti<\/th>\n<th style=\"background-color: #e14b3b; color: #fff;\">Plocha<\/th>\n<\/tr>\n<\/thead>\n<tbody>\n<tr>\n<td>Konferen\u010dn\u00e1 miestnos\u0165 1<\/td>\n<td>35 m2<\/td>\n<\/tr>\n<tr>\n<td>Konferen\u010dn\u00e1 miestnos\u0165 2<\/td>\n<td>59 m2<\/td>\n<\/tr>\n<tr>\n<td>Konferen\u010dn\u00e1 miestnos\u0165 1+2 zl\u00fa\u010den\u00e9<\/td>\n<td>94 m2<\/td>\n<\/tr>\n<tr>\n<td>Konferen\u010dn\u00e1 miestnos\u0165 3<\/td>\n<td>107 m2<\/td>\n<\/tr>\n<tr>\n<td>Konferen\u010dn\u00e1 miestnos\u0165 4<\/td>\n<td>78 m2<\/td>\n<\/tr>\n<tr>\n<td>Konferenciaterem 3+4 zl\u00fa\u010den\u00e9<\/td>\n<td>180 m2<\/td>\n<\/tr>\n<tr>\n<td>Biliardov\u00e1 miestnos\u0165<\/td>\n<td>57 m2<\/td>\n<\/tr>\n<tr>\n<td>Relaxa\u010dn\u00e1 miestnos\u0165<\/td>\n<td>59 m2<\/td>\n<\/tr>\n<tr>\n<td>Biliardov\u00e1 a relaxa\u010dn\u00e1 miestnos\u0165 zl\u00fa\u010den\u00e9<\/td>\n<td>116\u00a0m2<\/td>\n<\/tr>\n<tr>\n<td>Kupolov\u00e1 miestnos\u0165<\/td>\n<td>35 m2<\/td>\n<\/tr>\n<\/tbody>\n<\/table>\n<p>&nbsp;<\/p>\n<ul>\n<li><b><strong>V\u0161etky na\u0161e izby s\u00fa klimatizovan\u00e9<\/strong><\/b><\/li>\n<li>V\u0161etky na\u0161e konferen\u010dn\u00e9 miestnosti s\u00fa vybaven\u00e9, ale <b><strong>m\u00f4\u017eeme v\u00e1m poskytn\u00fa\u0165 aj \u010fal\u0161ie technick\u00e9 vybavenie, ktor\u00e9<\/strong><\/b> budete potrebova\u0165 na zabezpe\u010denie kvality v\u00e1\u0161ho podujatia.<\/li>\n<\/ul>\n<h3><b>Na\u0161e \u010fal\u0161ie miesta konania konferenci\u00ed<\/b><\/h3>\n<p>Okrem vlastn\u00fdch konferen\u010dn\u00fdch miestnost\u00ed hotela Visegrad v\u00e1m m\u00f4\u017eeme pon\u00faknu\u0165 <b><strong>4 \u010fal\u0161ie vybaven\u00e9 konferen\u010dn\u00e9 priestory<\/strong><\/b>:<\/p>\n<ul>\n<li>Pre podujatia do 80 os\u00f4b pon\u00fakame <b><strong>vlastn\u00fa hotelov\u00fa re\u0161taur\u00e1ciu<\/strong><\/b>.<\/li>\n<li><b><strong>\u0160peci\u00e1lna miestnos\u0165 re\u0161taur\u00e1cie Renaissance<\/strong><\/b> pojme a\u017e 50 os\u00f4b a jej <b><strong>interi\u00e9rov\u00fd dizajn<\/strong><\/b> z nej rob\u00ed skuto\u010dn\u00fa \u0161pecialitu, preto je ob\u013e\u00faben\u00fdm miestom konania konferenci\u00ed.<\/li>\n<li><b><strong>Na\u0161a samostatn\u00e1 konferen\u010dn\u00e1 miestnos\u0165<\/strong><\/b> umo\u017e\u0148uje usporiada\u0165 men\u0161ie stretnutia a\u017e pre 8 os\u00f4b.<\/li>\n<li>Konferencie a in\u00e9 podujatia je mo\u017en\u00e9 zorganizova\u0165 aj v Kr\u00e1\u013eovskom pal\u00e1ci, ktor\u00fd je <b><strong>miestom v\u00fdro\u010dn\u00e9ho stretnutia V4 (Vy\u0161ehradskej \u0161tvorky<\/strong><\/b>). Pal\u00e1c je vzdialen\u00fd len 500 metrov od n\u00e1\u0161ho hotela a pohodlne sa v \u0148om m\u00f4\u017ee ubytova\u0165 <b><strong>a\u017e 250 os\u00f4b<\/strong><\/b>.<\/li>\n<\/ul>\n<ul><\/ul>\n<h3><b>Stravovanie<\/b><\/h3>\n<p>Osobitn\u00fa zmienku si zasl\u00fa\u017eia kvalitn\u00e9 <b><strong>cateringov\u00e9<\/strong><\/b> slu\u017eby n\u00e1\u0161ho hotela. Re\u0161taur\u00e1cia \u010cajka, <b><strong>vlastn\u00e1 re\u0161taur\u00e1cia n\u00e1\u0161ho hotela, pon\u00faka<\/strong><\/b> \u00fa\u010dastn\u00edkom v\u00e1\u0161ho podujatia <b><strong>skuto\u010dn\u00fd gastronomick\u00fd z\u00e1\u017eitok<\/strong><\/b>. N\u00e1\u0161 \u0161\u00e9fkuch\u00e1r a \u010da\u0161n\u00edci zaka\u017ed\u00fdm urobia nie\u010do navy\u0161e a na\u0161i hostia si v\u017edy pochva\u013eovali na\u0161e cateringov\u00e9 slu\u017eby. \u010ci u\u017e ide o mal\u00fa akciu alebo podujatie pre <b><strong>viac ako 200 \u013eud\u00ed<\/strong><\/b>, \u010di u\u017e ide o <b><strong>bufetov\u00e9 stoly<\/strong><\/b>, alebo o <b><strong>jedl\u00e1 s obsluhou<\/strong><\/b>, n\u00e1\u0161 cateringov\u00fd person\u00e1l je v\u017edy prec\u00edzny a vkusn\u00fd.<\/p>\n<h3><b>Programy<\/b><\/h3>\n<p>Okrem profesion\u00e1lnej organiz\u00e1cie podujat\u00ed a konferenci\u00ed s\u00fa na\u0161ou najv\u00e4\u010d\u0161ou prednos\u0165ou <b><strong>programy a teambuildingov\u00e9 aktivity<\/strong><\/b> pre firmy, mal\u00e9 a ve\u013ek\u00e9 <b><strong>skupiny a komunity<\/strong><\/b>. Visegr\u00e1d je jedno z najmen\u0161\u00edch ma\u010farsk\u00fdch miest, ktor\u00e9 opl\u00fdva najpestrej\u0161\u00edmi programov\u00fdmi mo\u017enos\u0165ami, a preto ho pr\u00e1vom <b><strong>prez\u00fdvaj\u00fa &#8222;budape\u0161tianske ihrisko&#8220;<\/strong><\/b>. Napl\u00e1nujte si s nami svoj najpam\u00e4tnej\u0161\u00ed teambuilding!<\/p>\n<p><strong>Programy na teambuilding:<\/strong><\/p>\n<ul>\n<li><strong><a href=\"https:\/\/hotelvisegrad.hu\/sk\/ukazka-rytierskeho-turnaja\/\">Uk\u00e1\u017eka rytierskeho turnaja<\/a><\/strong><\/li>\n<li><strong><a href=\"https:\/\/hotelvisegrad.hu\/sk\/kralovska-hostina\/\">Kr\u00e1\u013eovsk\u00e1 hostina v re\u0161taur\u00e1cii Renaissance<\/a><\/strong><\/li>\n<li><strong><a href=\"https:\/\/hotelvisegrad.hu\/sk\/plavba-lodou-po-dunaji\/\">Plavba lo\u010fou po Dunaji<\/a><\/strong><\/li>\n<li><strong><a href=\"https:\/\/hotelvisegrad.hu\/sk\/zugfozde-muzeum-palenky\/\">N\u00e1v\u0161teva Zugf\u0151zde m\u00fazea p\u00e1lenky<\/a><\/strong><\/li>\n<li><strong><a href=\"https:\/\/hotelvisegrad.hu\/sk\/zazitkova-prechadzka-v-kralovskom-palaci\">Z\u00e1\u017eitkov\u00e1 prech\u00e1dza v Kr\u00e1\u013eovskom pal\u00e1ci<\/a><\/strong><\/li>\n<\/ul>\n<p><strong>Hry vhodn\u00e9 na teambuilding:<\/strong><\/p>\n<ul>\n<li><strong><a href=\"https:\/\/hotelvisegrad.hu\/sk\/teambuilding-programy\/laser-tag\/\">Laser Tag<\/a><\/strong><\/li>\n<li><strong><a href=\"https:\/\/hotelvisegrad.hu\/sk\/teambuilding-programy\/stredoveky-teambuilding\/\">Stredovek\u00fd teambuilding<\/a><\/strong><\/li>\n<li><strong><a href=\"https:\/\/hotelvisegrad.hu\/sk\/olympiada-remesiel\/\">Olympi\u00e1da remesiel<\/a><\/strong><\/li>\n<li><strong><a href=\"https:\/\/hotelvisegrad.hu\/sk\/teambuilding-programy\/bowling\/\">Bowling<\/a><\/strong><\/li>\n<\/ul>\n<p>[\/et_pb_text][\/et_pb_column][\/et_pb_row][\/et_pb_section]<\/p>\n","protected":false},"excerpt":{"rendered":"<p>Na\u0161e konferen\u010dn\u00e9 miestnosti poskytuj\u00fa ide\u00e1lne miesto pre \u0161irok\u00fa \u0161k\u00e1lu podujat\u00ed, \u010di u\u017e ide o stretnutie pre 8 os\u00f4b alebo prezent\u00e1ciu pre 250 os\u00f4b.<\/p>\n","protected":false},"author":1,"featured_media":18836,"parent":0,"menu_order":0,"comment_status":"closed","ping_status":"closed","template":"","meta":{"_et_pb_use_builder":"on","_et_pb_old_content":"","_et_gb_content_width":"","footnotes":""},"tags":[1033],"class_list":["post-18835","page","type-page","status-publish","has-post-thumbnail","hentry","tag-teambuilding"],"_links":{"self":[{"href":"https:\/\/www.hotelvisegrad.hu\/sk\/wp-json\/wp\/v2\/pages\/18835","targetHints":{"allow":["GET"]}}],"collection":[{"href":"https:\/\/www.hotelvisegrad.hu\/sk\/wp-json\/wp\/v2\/pages"}],"about":[{"href":"https:\/\/www.hotelvisegrad.hu\/sk\/wp-json\/wp\/v2\/types\/page"}],"author":[{"embeddable":true,"href":"https:\/\/www.hotelvisegrad.hu\/sk\/wp-json\/wp\/v2\/users\/1"}],"replies":[{"embeddable":true,"href":"https:\/\/www.hotelvisegrad.hu\/sk\/wp-json\/wp\/v2\/comments?post=18835"}],"version-history":[{"count":5,"href":"https:\/\/www.hotelvisegrad.hu\/sk\/wp-json\/wp\/v2\/pages\/18835\/revisions"}],"predecessor-version":[{"id":23840,"href":"https:\/\/www.hotelvisegrad.hu\/sk\/wp-json\/wp\/v2\/pages\/18835\/revisions\/23840"}],"wp:featuredmedia":[{"embeddable":true,"href":"https:\/\/www.hotelvisegrad.hu\/sk\/wp-json\/wp\/v2\/media\/18836"}],"wp:attachment":[{"href":"https:\/\/www.hotelvisegrad.hu\/sk\/wp-json\/wp\/v2\/media?parent=18835"}],"wp:term":[{"taxonomy":"post_tag","embeddable":true,"href":"https:\/\/www.hotelvisegrad.hu\/sk\/wp-json\/wp\/v2\/tags?post=18835"}],"curies":[{"name":"wp","href":"https:\/\/api.w.org\/{rel}","templated":true}]}}