{"id":18832,"date":"2022-01-30T11:36:48","date_gmt":"2022-01-30T11:36:48","guid":{"rendered":"https:\/\/www.hotelvisegrad.hu\/svadba-vo-vysehrade\/"},"modified":"2022-02-03T21:52:20","modified_gmt":"2022-02-03T21:52:20","slug":"svadba-vo-vysehrade","status":"publish","type":"page","link":"https:\/\/www.hotelvisegrad.hu\/sk\/svadba-vo-vysehrade\/","title":{"rendered":"Svadba  vo Vy\u0161ehrade"},"content":{"rendered":"<p>[et_pb_section fb_built=&#8220;1&#8243; _builder_version=&#8220;4.8.2&#8243; _module_preset=&#8220;default&#8220; background_color=&#8220;rgba(0,0,0,0.36)&#8220; background_image=&#8220;https:\/\/hotelvisegrad.hu\/wp-content\/uploads\/eskuvo-visegradon.jpg&#8220; background_blend=&#8220;overlay&#8220; global_colors_info=&#8220;{}&#8220;][et_pb_row _builder_version=&#8220;4.8.2&#8243; _module_preset=&#8220;2c3722c0-227e-45c8-9254-97978a188986&#8243; global_colors_info=&#8220;{}&#8220;][et_pb_column type=&#8220;4_4&#8243; _builder_version=&#8220;4.7.7&#8243; _module_preset=&#8220;default&#8220; global_colors_info=&#8220;{}&#8220;][et_pb_text _builder_version=&#8220;4.8.2&#8243; _dynamic_attributes=&#8220;content&#8220; _module_preset=&#8220;1f2b3889-09d7-4ff7-aaf3-096c1a6cfa0c&#8220; global_colors_info=&#8220;{}&#8220;]@ET-DC@eyJkeW5hbWljIjp0cnVlLCJjb250ZW50IjoicG9zdF90aXRsZSIsInNldHRpbmdzIjp7ImJlZm9yZSI6IjxoMj4iLCJhZnRlciI6IjwvaDI+In19@[\/et_pb_text][\/et_pb_column][\/et_pb_row][\/et_pb_section][et_pb_section fb_built=&#8220;1&#8243; admin_label=&#8220;BEVEZETO&#8220; _builder_version=&#8220;4.8.2&#8243; _module_preset=&#8220;f9b2cdd3-9ac0-4581-89f7-e7e554e9d175&#8243; global_colors_info=&#8220;{}&#8220;][et_pb_row column_structure=&#8220;1_3,2_3&#8243; admin_label=&#8220;Bevezeto&#8220; _builder_version=&#8220;4.8.2&#8243; _module_preset=&#8220;fed426e6-f537-48f4-97e9-b84063a80258&#8243; global_colors_info=&#8220;{}&#8220;][et_pb_column type=&#8220;1_3&#8243; _builder_version=&#8220;4.7.7&#8243; _module_preset=&#8220;default&#8220; global_colors_info=&#8220;{}&#8220;][et_pb_text _builder_version=&#8220;4.8.2&#8243; _module_preset=&#8220;507aa6bb-b91c-403c-88ec-ac42b76b0ea6&#8243; global_colors_info=&#8220;{}&#8220;]Kr\u00e1\u013e Matej I. s kr\u00e1\u013eovnou Beatrix tie\u017e str\u00e1vili ich sl\u00e1vne medov\u00e9 t\u00fd\u017edne vo Vy\u0161ehrade![\/et_pb_text][\/et_pb_column][et_pb_column type=&#8220;2_3&#8243; _builder_version=&#8220;4.7.7&#8243; _module_preset=&#8220;default&#8220; global_colors_info=&#8220;{}&#8220;][et_pb_text _builder_version=&#8220;4.8.2&#8243; _module_preset=&#8220;69fca1d7-0daf-4ccd-b4aa-49da36504dc9&#8243; global_colors_info=&#8220;{}&#8220;]<strong>Vy\u0161ehrad z poh\u013eadu svadieb je jedn\u00fdm z najob\u013e\u00fabenej\u0161\u00edch miest Ma\u010farska. Vyd\u00e1va\u0165 sa v na\u0161om meste je u\u017e dnes ak\u00fdmsi n\u00e1rodn\u00fdm kultom.<\/strong><\/p>\n<p><a href=\"http:\/\/www.visegradieskuvo.hu\/visegrad\/\"><strong>Vy\u0161ehrad je symbolick\u00fdm svadobn\u00fdm miestom<\/strong><\/a>, preto\u017ee kr\u00e1\u013e Matej I. s kr\u00e1\u013eovnou Beatrix tie\u017e str\u00e1vili ich sl\u00e1vne medov\u00e9 t\u00fd\u017edne vo Vy\u0161ehrade a tak ich pamiatka dodnes \u017eije v sten\u00e1ch hradu, v miestnostiach <a href=\"http:\/\/www.visegradieskuvo.hu\/eskuvoszervezes\/szertartas-helyszinek\/kiralyi-palota-visegrad\/\"><strong>Pal\u00e1cu<\/strong><\/a>, a v srdciach ka\u017ed\u00e9mu mlad\u00e9mu p\u00e1ru, ktor\u00ed ku n\u00e1m zav\u00edtaj\u00fa.<\/p>\n<p><a href=\"http:\/\/www.visegradieskuvo.hu\/helyszin\/siraly-etterem\/\"><strong>Re\u0161taur\u00e1cia Sir\u00e1ly<\/strong><\/a>\u00a0za desiatky rokov sk\u00fasenost\u00ed z\u00edskala <a href=\"http:\/\/www.visegradieskuvo.hu\/rolunk\/\"><strong>v oblasti svadieb<\/strong><\/a> bezkonkuren\u010dn\u00fa profesionalitu a <a href=\"http:\/\/www.visegradieskuvo.hu\/hotel-visegrad\/\">Hotel Visegr\u00e1d<\/a> je zodpovedn\u00fd za <strong>exkluz\u00edvne ubytovanie<\/strong>, kde si mlad\u00ed ur\u010dite n\u00e1jdu najkraj\u0161ie miesto na svadobn\u00fa noc a tak ani svadobn\u00ed hostia sa nemusia pon\u00e1h\u013ea\u0165 domov.<\/p>\n<p>Podrobn\u00e9 inform\u00e1cie n\u00e1jdete na webovej str\u00e1nke <a href=\"https:\/\/www.visegradieskuvo.hu\/\" target=\"_blank\" rel=\"noopener\">www.visegradieskuvo.hu<\/a>.<br \/>\n[\/et_pb_text][\/et_pb_column][\/et_pb_row][\/et_pb_section][et_pb_section fb_built=&#8220;1&#8243; _builder_version=&#8220;4.8.2&#8243; _module_preset=&#8220;7e253fea-c59a-4f37-a193-1e54bf0da8d7&#8243; global_colors_info=&#8220;{}&#8220;][et_pb_row _builder_version=&#8220;4.8.2&#8243; _module_preset=&#8220;3cfe1088-80ca-40b1-8845-48a273a22b5b&#8220; global_colors_info=&#8220;{}&#8220;][et_pb_column type=&#8220;4_4&#8243; _builder_version=&#8220;4.7.7&#8243; _module_preset=&#8220;default&#8220; global_colors_info=&#8220;{}&#8220;][et_pb_text module_class=&#8220;custom_bullets_wpcc custom_bullets_wpcc&#8211;check&#8220; _builder_version=&#8220;4.8.2&#8243; _module_preset=&#8220;f78023fd-2f77-4b07-956b-9e3e349e8143&#8243; global_colors_info=&#8220;{}&#8220;]<\/p>\n<h4>D\u00f4le\u017eit\u00e9 inform\u00e1cie:<\/h4>\n<ul>\n<li>V <a href=\"http:\/\/www.visegradieskuvo.hu\/helyszin\/reneszansz-etterem\/\">re\u0161taur\u00e1cii Renaissance<\/a>\u00a0organizujeme aj stredovek\u00e9 svadby<\/li>\n<li><a href=\"http:\/\/www.visegradieskuvo.hu\/eskuvoszervezes\/szervezes\/\">Komplexn\u00e9 slu\u017eby <\/a>\u00a0od v\u00fdzdoby miestnosti a\u017e po prepravy os\u00f4b<\/li>\n<li>Pod\u013ea potreby zabezpe\u010d\u00edme pre svadobn\u00fdch host\u00ed aj <a href=\"http:\/\/www.visegradieskuvo.hu\/eskuvoszervezes\/szervezes\/vendegszallitas\/\"> odvoz do Budape\u0161ti<\/a><\/li>\n<\/ul>\n<p>[\/et_pb_text][\/et_pb_column][\/et_pb_row][\/et_pb_section]<\/p>\n","protected":false},"excerpt":{"rendered":"<p>Vy\u0161ehrad z poh\u013eadu svadieb je jedn\u00fdm z najob\u013e\u00fabenej\u0161\u00edch miest Ma\u010farska. Vyd\u00e1va\u0165 sa v na\u0161om meste je u\u017e dnes ak\u00fdmsi n\u00e1rodn\u00fdm kultom.<\/p>\n","protected":false},"author":1,"featured_media":18833,"parent":0,"menu_order":0,"comment_status":"closed","ping_status":"closed","template":"","meta":{"_et_pb_use_builder":"on","_et_pb_old_content":"","_et_gb_content_width":"","footnotes":""},"tags":[],"class_list":["post-18832","page","type-page","status-publish","has-post-thumbnail","hentry"],"_links":{"self":[{"href":"https:\/\/www.hotelvisegrad.hu\/sk\/wp-json\/wp\/v2\/pages\/18832","targetHints":{"allow":["GET"]}}],"collection":[{"href":"https:\/\/www.hotelvisegrad.hu\/sk\/wp-json\/wp\/v2\/pages"}],"about":[{"href":"https:\/\/www.hotelvisegrad.hu\/sk\/wp-json\/wp\/v2\/types\/page"}],"author":[{"embeddable":true,"href":"https:\/\/www.hotelvisegrad.hu\/sk\/wp-json\/wp\/v2\/users\/1"}],"replies":[{"embeddable":true,"href":"https:\/\/www.hotelvisegrad.hu\/sk\/wp-json\/wp\/v2\/comments?post=18832"}],"version-history":[{"count":1,"href":"https:\/\/www.hotelvisegrad.hu\/sk\/wp-json\/wp\/v2\/pages\/18832\/revisions"}],"predecessor-version":[{"id":18840,"href":"https:\/\/www.hotelvisegrad.hu\/sk\/wp-json\/wp\/v2\/pages\/18832\/revisions\/18840"}],"wp:featuredmedia":[{"embeddable":true,"href":"https:\/\/www.hotelvisegrad.hu\/sk\/wp-json\/wp\/v2\/media\/18833"}],"wp:attachment":[{"href":"https:\/\/www.hotelvisegrad.hu\/sk\/wp-json\/wp\/v2\/media?parent=18832"}],"wp:term":[{"taxonomy":"post_tag","embeddable":true,"href":"https:\/\/www.hotelvisegrad.hu\/sk\/wp-json\/wp\/v2\/tags?post=18832"}],"curies":[{"name":"wp","href":"https:\/\/api.w.org\/{rel}","templated":true}]}}