{"id":18702,"date":"2022-01-24T21:42:54","date_gmt":"2022-01-24T21:42:54","guid":{"rendered":"https:\/\/www.hotelvisegrad.hu\/sport-a-volny-cas\/bowling\/"},"modified":"2022-02-03T22:00:15","modified_gmt":"2022-02-03T22:00:15","slug":"bowling","status":"publish","type":"page","link":"https:\/\/www.hotelvisegrad.hu\/sk\/sport-a-volny-cas\/bowling\/","title":{"rendered":"Bowling"},"content":{"rendered":"<p>[et_pb_section fb_built=&#8220;1&#8243; _builder_version=&#8220;4.8.2&#8243; _module_preset=&#8220;default&#8220; background_color=&#8220;rgba(0,0,0,0.3)&#8220; background_image=&#8220;https:\/\/hotelvisegrad.hu\/wp-content\/uploads\/bowling-lista.jpg&#8220; background_blend=&#8220;overlay&#8220; global_colors_info=&#8220;{}&#8220;][et_pb_row _builder_version=&#8220;4.8.2&#8243; _module_preset=&#8220;2c3722c0-227e-45c8-9254-97978a188986&#8243; global_colors_info=&#8220;{}&#8220;][et_pb_column type=&#8220;4_4&#8243; _builder_version=&#8220;4.7.7&#8243; _module_preset=&#8220;default&#8220; global_colors_info=&#8220;{}&#8220;][et_pb_text _builder_version=&#8220;4.8.2&#8243; _dynamic_attributes=&#8220;content&#8220; _module_preset=&#8220;1f2b3889-09d7-4ff7-aaf3-096c1a6cfa0c&#8220; global_colors_info=&#8220;{}&#8220;]@ET-DC@eyJkeW5hbWljIjp0cnVlLCJjb250ZW50IjoicG9zdF90aXRsZSIsInNldHRpbmdzIjp7ImJlZm9yZSI6IjxoMj4iLCJhZnRlciI6IjwvaDI+In19@[\/et_pb_text][\/et_pb_column][\/et_pb_row][\/et_pb_section][et_pb_section fb_built=&#8220;1&#8243; admin_label=&#8220;BEVEZETO&#8220; _builder_version=&#8220;4.8.2&#8243; _module_preset=&#8220;f9b2cdd3-9ac0-4581-89f7-e7e554e9d175&#8243; global_colors_info=&#8220;{}&#8220;][et_pb_row column_structure=&#8220;1_3,2_3&#8243; admin_label=&#8220;Uvod&#8220; _builder_version=&#8220;4.8.2&#8243; _module_preset=&#8220;fed426e6-f537-48f4-97e9-b84063a80258&#8243; global_colors_info=&#8220;{}&#8220;][et_pb_column type=&#8220;1_3&#8243; _builder_version=&#8220;4.7.7&#8243; _module_preset=&#8220;default&#8220; global_colors_info=&#8220;{}&#8220;][et_pb_text _builder_version=&#8220;4.8.2&#8243; _module_preset=&#8220;507aa6bb-b91c-403c-88ec-ac42b76b0ea6&#8243; global_colors_info=&#8220;{}&#8220;]<\/p>\n<p>Vzru\u0161uj\u00faci odpo\u010dinok pre mal\u00fdch i ve\u013ek\u00fdch!<\/p>\n<p>[\/et_pb_text][\/et_pb_column][et_pb_column type=&#8220;2_3&#8243; _builder_version=&#8220;4.7.7&#8243; _module_preset=&#8220;default&#8220; global_colors_info=&#8220;{}&#8220;][et_pb_text _builder_version=&#8220;4.8.2&#8243; _module_preset=&#8220;69fca1d7-0daf-4ccd-b4aa-49da36504dc9&#8243; global_colors_info=&#8220;{}&#8220;]<\/p>\n<p><b>Bowling je odjak\u017eiva spolo\u010densk\u00fd \u0161port<\/b>, kde sa sp\u00e1ja pohyb s debatou, pop\u00edjan\u00edm a vesel\u00fdm s\u00fa\u0165a\u017een\u00edm. Na\u0161i hostia <b>sa nenudia ani po\u010das da\u017ediv\u00fdch dn\u00ed<\/b>, preto\u017ee popri wellnesse v Hoteli Visegr\u00e1d je aj <b>bowling, stoln\u00fd futbal alebo \u0161\u00edpky<\/b>. Corvin Bar v\u00e1m zabezpe\u010d\u00ed, aby ste mali <b>ob\u010derstvenie st\u00e1le po ruke<\/b>!<\/p>\n<p>[\/et_pb_text][\/et_pb_column][\/et_pb_row][\/et_pb_section][et_pb_section fb_built=&#8220;1&#8243; _builder_version=&#8220;4.8.2&#8243; _module_preset=&#8220;7e253fea-c59a-4f37-a193-1e54bf0da8d7&#8243; global_colors_info=&#8220;{}&#8220;][et_pb_row _builder_version=&#8220;4.8.2&#8243; _module_preset=&#8220;3cfe1088-80ca-40b1-8845-48a273a22b5b&#8220; global_colors_info=&#8220;{}&#8220;][et_pb_column type=&#8220;4_4&#8243; _builder_version=&#8220;4.7.7&#8243; _module_preset=&#8220;default&#8220; global_colors_info=&#8220;{}&#8220;][et_pb_text module_class=&#8220;custom_bullets_wpcc custom_bullets_wpcc&#8211;check&#8220; _builder_version=&#8220;4.8.2&#8243; _module_preset=&#8220;f78023fd-2f77-4b07-956b-9e3e349e8143&#8243; global_colors_info=&#8220;{}&#8220;]<\/p>\n<h4>D\u00f4le\u017eit\u00e9 inform\u00e1cie:<\/h4>\n<ul>\n<li>Bowling sa nach\u00e1dza <strong>pod Corvin Barom<\/strong><\/li>\n<li><strong>Spoplatnen\u00e1<\/strong> slu\u017eba<\/li>\n<\/ul>\n<p>[\/et_pb_text][\/et_pb_column][\/et_pb_row][et_pb_row _builder_version=&#8220;4.8.2&#8243; _module_preset=&#8220;13a72b84-e234-4972-81df-b4e0be256361&#8243; global_colors_info=&#8220;{}&#8220;][et_pb_column type=&#8220;4_4&#8243; _builder_version=&#8220;4.7.7&#8243; _module_preset=&#8220;default&#8220; custom_padding=&#8220;||||false|false&#8220; global_colors_info=&#8220;{}&#8220;][et_pb_gallery gallery_ids=&#8220;12265,12266,12267,12268&#8243; posts_number=&#8220;100&#8243; _builder_version=&#8220;4.8.2&#8243; _module_preset=&#8220;74e179d2-2af1-40ae-9fca-d08f70d4060e&#8220; global_colors_info=&#8220;{}&#8220;][\/et_pb_gallery][\/et_pb_column][\/et_pb_row][et_pb_row _builder_version=&#8220;4.7.7&#8243; _module_preset=&#8220;default&#8220; global_colors_info=&#8220;{}&#8220;][et_pb_column type=&#8220;4_4&#8243; _builder_version=&#8220;4.7.7&#8243; _module_preset=&#8220;default&#8220; global_colors_info=&#8220;{}&#8220;][et_pb_text _builder_version=&#8220;4.7.7&#8243; _module_preset=&#8220;default&#8220; header_text_color=&#8220;#ffffff&#8220; custom_margin=&#8220;||0px||false|false&#8220; custom_padding=&#8220;||0px||false|false&#8220; global_colors_info=&#8220;{}&#8220;]<\/p>\n<h1 style=\"text-align: center;\"><span>\u010eal\u0161ie z\u00e1\u017eitky<\/span><\/h1>\n<p>[\/et_pb_text][et_pb_divider color=&#8220;#ffffff&#8220; _builder_version=&#8220;4.7.7&#8243; _module_preset=&#8220;32b62c33-a07b-4dd4-b207-3a5cce763cbb&#8220; min_height=&#8220;0px&#8220; height=&#8220;0px&#8220; max_height=&#8220;0px&#8220; global_colors_info=&#8220;{}&#8220;][\/et_pb_divider][\/et_pb_column][\/et_pb_row][et_pb_row _builder_version=&#8220;4.8.2&#8243; _module_preset=&#8220;default&#8220; width=&#8220;100%&#8220; max_width=&#8220;100%&#8220; global_colors_info=&#8220;{}&#8220;][et_pb_column type=&#8220;4_4&#8243; _builder_version=&#8220;4.7.7&#8243; _module_preset=&#8220;default&#8220; global_colors_info=&#8220;{}&#8220;][et_pb_code _builder_version=&#8220;4.7.7&#8243; _module_preset=&#8220;default&#8220; global_colors_info=&#8220;{}&#8220;]<div class=\"display-posts-listing grid\"><div class=\"listing-item\"><div class=\"dp-box\"><a class=\"image\" href=\"https:\/\/www.hotelvisegrad.hu\/sk\/zazitkova-prechadzka-v-kralovskom-palaci\/\"><img loading=\"lazy\" decoding=\"async\" width=\"1024\" height=\"683\" src=\"https:\/\/www.hotelvisegrad.hu\/wp-content\/uploads\/elmenysetafejlec-1024x683.jpg\" class=\"attachment-large size-large wp-post-image\" alt=\"\" srcset=\"https:\/\/www.hotelvisegrad.hu\/wp-content\/uploads\/elmenysetafejlec-1024x683.jpg 1024w, https:\/\/www.hotelvisegrad.hu\/wp-content\/uploads\/elmenysetafejlec-980x653.jpg 980w, https:\/\/www.hotelvisegrad.hu\/wp-content\/uploads\/elmenysetafejlec-480x320.jpg 480w\" sizes=\"(min-width: 0px) and (max-width: 480px) 480px, (min-width: 481px) and (max-width: 980px) 980px, (min-width: 981px) 1024px, 100vw\" \/><\/a> <a class=\"title\" href=\"https:\/\/www.hotelvisegrad.hu\/sk\/zazitkova-prechadzka-v-kralovskom-palaci\/\">Z\u00e1\u017eitkov\u00e1 prech\u00e1dzka v Kr\u00e1\u013eovskom pal\u00e1ci<\/a><\/div><\/div><div class=\"listing-item\"><div class=\"dp-box\"><a class=\"image\" href=\"https:\/\/www.hotelvisegrad.hu\/sk\/sport-a-volny-cas\/bowling\/\"><img loading=\"lazy\" decoding=\"async\" width=\"1024\" height=\"683\" src=\"https:\/\/www.hotelvisegrad.hu\/wp-content\/uploads\/bowling-lista-1024x683.jpg\" class=\"attachment-large size-large wp-post-image\" alt=\"\" srcset=\"https:\/\/www.hotelvisegrad.hu\/wp-content\/uploads\/bowling-lista-1024x683.jpg 1024w, https:\/\/www.hotelvisegrad.hu\/wp-content\/uploads\/bowling-lista-980x653.jpg 980w, https:\/\/www.hotelvisegrad.hu\/wp-content\/uploads\/bowling-lista-480x320.jpg 480w\" sizes=\"(min-width: 0px) and (max-width: 480px) 480px, (min-width: 481px) and (max-width: 980px) 980px, (min-width: 981px) 1024px, 100vw\" \/><\/a> <a class=\"title\" href=\"https:\/\/www.hotelvisegrad.hu\/sk\/sport-a-volny-cas\/bowling\/\">Bowling<\/a><\/div><\/div><div class=\"listing-item\"><div class=\"dp-box\"><a class=\"image\" href=\"https:\/\/www.hotelvisegrad.hu\/sk\/sport-a-volny-cas\/\"><img loading=\"lazy\" decoding=\"async\" width=\"1024\" height=\"683\" src=\"https:\/\/www.hotelvisegrad.hu\/wp-content\/uploads\/kerekpartura_fejlec-1024x683.jpg\" class=\"attachment-large size-large wp-post-image\" alt=\"\" srcset=\"https:\/\/www.hotelvisegrad.hu\/wp-content\/uploads\/kerekpartura_fejlec-980x653.jpg 980w, https:\/\/www.hotelvisegrad.hu\/wp-content\/uploads\/kerekpartura_fejlec-480x320.jpg 480w\" sizes=\"(min-width: 0px) and (max-width: 480px) 480px, (min-width: 481px) and (max-width: 980px) 980px, (min-width: 981px) 1024px, 100vw\" \/><\/a> <a class=\"title\" href=\"https:\/\/www.hotelvisegrad.hu\/sk\/sport-a-volny-cas\/\">\u0160port a vo\u013en\u00fd \u010das<\/a><\/div><\/div><div class=\"listing-item\"><div class=\"dp-box\"><a class=\"image\" href=\"https:\/\/www.hotelvisegrad.hu\/sk\/gastrozazitok\/\"><img loading=\"lazy\" decoding=\"async\" width=\"1024\" height=\"683\" src=\"https:\/\/www.hotelvisegrad.hu\/wp-content\/uploads\/gasztro-1024x683.jpg\" class=\"attachment-large size-large wp-post-image\" alt=\"\" srcset=\"https:\/\/www.hotelvisegrad.hu\/wp-content\/uploads\/gasztro-1024x683.jpg 1024w, https:\/\/www.hotelvisegrad.hu\/wp-content\/uploads\/gasztro-980x653.jpg 980w, https:\/\/www.hotelvisegrad.hu\/wp-content\/uploads\/gasztro-480x320.jpg 480w\" sizes=\"(min-width: 0px) and (max-width: 480px) 480px, (min-width: 481px) and (max-width: 980px) 980px, (min-width: 981px) 1024px, 100vw\" \/><\/a> <a class=\"title\" href=\"https:\/\/www.hotelvisegrad.hu\/sk\/gastrozazitok\/\">Gastroz\u00e1\u017eitok<\/a><\/div><\/div><div class=\"listing-item\"><div class=\"dp-box\"><a class=\"image\" href=\"https:\/\/www.hotelvisegrad.hu\/sk\/ukazky-dravcov\/\"><img loading=\"lazy\" decoding=\"async\" width=\"1024\" height=\"683\" src=\"https:\/\/www.hotelvisegrad.hu\/wp-content\/uploads\/rmb3-1024x683.jpg\" class=\"attachment-large size-large wp-post-image\" alt=\"\" srcset=\"https:\/\/www.hotelvisegrad.hu\/wp-content\/uploads\/rmb3-980x653.jpg 980w, https:\/\/www.hotelvisegrad.hu\/wp-content\/uploads\/rmb3-480x320.jpg 480w\" sizes=\"(min-width: 0px) and (max-width: 480px) 480px, (min-width: 481px) and (max-width: 980px) 980px, (min-width: 981px) 1024px, 100vw\" \/><\/a> <a class=\"title\" href=\"https:\/\/www.hotelvisegrad.hu\/sk\/ukazky-dravcov\/\">Uk\u00e1\u017eky dravcov<\/a><\/div><\/div><div class=\"listing-item\"><div class=\"dp-box\"><a class=\"image\" href=\"https:\/\/www.hotelvisegrad.hu\/sk\/farmarksky-trh\/\"><img loading=\"lazy\" decoding=\"async\" width=\"1024\" height=\"683\" src=\"https:\/\/www.hotelvisegrad.hu\/wp-content\/uploads\/raspberries-422979-Nagy-1024x683.jpg\" class=\"attachment-large size-large wp-post-image\" alt=\"\" srcset=\"https:\/\/www.hotelvisegrad.hu\/wp-content\/uploads\/raspberries-422979-Nagy-980x653.jpg 980w, https:\/\/www.hotelvisegrad.hu\/wp-content\/uploads\/raspberries-422979-Nagy-480x320.jpg 480w\" sizes=\"(min-width: 0px) and (max-width: 480px) 480px, (min-width: 481px) and (max-width: 980px) 980px, (min-width: 981px) 1024px, 100vw\" \/><\/a> <a class=\"title\" href=\"https:\/\/www.hotelvisegrad.hu\/sk\/farmarksky-trh\/\">Farm\u00e1rksky trh<\/a><\/div><\/div><div class=\"listing-item\"><div class=\"dp-box\"><a class=\"image\" href=\"https:\/\/www.hotelvisegrad.hu\/sk\/zugfozde-muzeum-palenky\/\"><img loading=\"lazy\" decoding=\"async\" width=\"1024\" height=\"682\" src=\"https:\/\/www.hotelvisegrad.hu\/wp-content\/uploads\/1-1-1024x682.jpg\" class=\"attachment-large size-large wp-post-image\" alt=\"\" srcset=\"https:\/\/www.hotelvisegrad.hu\/wp-content\/uploads\/1-1-980x652.jpg 980w, https:\/\/www.hotelvisegrad.hu\/wp-content\/uploads\/1-1-480x320.jpg 480w\" sizes=\"(min-width: 0px) and (max-width: 480px) 480px, (min-width: 481px) and (max-width: 980px) 980px, (min-width: 981px) 1024px, 100vw\" \/><\/a> <a class=\"title\" href=\"https:\/\/www.hotelvisegrad.hu\/sk\/zugfozde-muzeum-palenky\/\">Zugf\u0151zde m\u00fazeum p\u00e1lenky<\/a><\/div><\/div><div class=\"listing-item\"><div class=\"dp-box\"><a class=\"image\" href=\"https:\/\/www.hotelvisegrad.hu\/sk\/sport-a-volny-cas\/pesia-tura-cez-pilisske-vrchy\/\"><img loading=\"lazy\" decoding=\"async\" width=\"1024\" height=\"683\" src=\"https:\/\/www.hotelvisegrad.hu\/wp-content\/uploads\/IMG_6454-Edit-Edit-Nagy-1024x683.jpg\" class=\"attachment-large size-large wp-post-image\" alt=\"\" srcset=\"https:\/\/www.hotelvisegrad.hu\/wp-content\/uploads\/IMG_6454-Edit-Edit-Nagy-980x653.jpg 980w, https:\/\/www.hotelvisegrad.hu\/wp-content\/uploads\/IMG_6454-Edit-Edit-Nagy-480x320.jpg 480w\" sizes=\"(min-width: 0px) and (max-width: 480px) 480px, (min-width: 481px) and (max-width: 980px) 980px, (min-width: 981px) 1024px, 100vw\" \/><\/a> <a class=\"title\" href=\"https:\/\/www.hotelvisegrad.hu\/sk\/sport-a-volny-cas\/pesia-tura-cez-pilisske-vrchy\/\">Pe\u0161ia t\u00fara cez Pili\u0161sk\u00e9 vrchy<\/a><\/div><\/div><div class=\"listing-item\"><div class=\"dp-box\"><a class=\"image\" href=\"https:\/\/www.hotelvisegrad.hu\/sk\/plavba-lodou-po-dunaji\/\"><img loading=\"lazy\" decoding=\"async\" width=\"1024\" height=\"683\" src=\"https:\/\/www.hotelvisegrad.hu\/wp-content\/uploads\/IMG_1235-Nagy-1024x683.jpg\" class=\"attachment-large size-large wp-post-image\" alt=\"\" srcset=\"https:\/\/www.hotelvisegrad.hu\/wp-content\/uploads\/IMG_1235-Nagy-980x653.jpg 980w, https:\/\/www.hotelvisegrad.hu\/wp-content\/uploads\/IMG_1235-Nagy-480x320.jpg 480w\" sizes=\"(min-width: 0px) and (max-width: 480px) 480px, (min-width: 481px) and (max-width: 980px) 980px, (min-width: 981px) 1024px, 100vw\" \/><\/a> <a class=\"title\" href=\"https:\/\/www.hotelvisegrad.hu\/sk\/plavba-lodou-po-dunaji\/\">Plavba lo\u010fou po Dunaji<\/a><\/div><\/div><div class=\"listing-item\"><div class=\"dp-box\"><a class=\"image\" href=\"https:\/\/www.hotelvisegrad.hu\/sk\/ukazka-rytierskeho-turnaja\/\"><img loading=\"lazy\" decoding=\"async\" width=\"1024\" height=\"683\" src=\"https:\/\/www.hotelvisegrad.hu\/wp-content\/uploads\/2016\/05\/lovagi-torna-bemutato-lista-1-1024x683.jpg\" class=\"attachment-large size-large wp-post-image\" alt=\"\" srcset=\"https:\/\/www.hotelvisegrad.hu\/wp-content\/uploads\/2016\/05\/lovagi-torna-bemutato-lista-1-1024x683.jpg 1024w, https:\/\/www.hotelvisegrad.hu\/wp-content\/uploads\/2016\/05\/lovagi-torna-bemutato-lista-1-300x200.jpg 300w, https:\/\/www.hotelvisegrad.hu\/wp-content\/uploads\/2016\/05\/lovagi-torna-bemutato-lista-1-768x512.jpg 768w, https:\/\/www.hotelvisegrad.hu\/wp-content\/uploads\/2016\/05\/lovagi-torna-bemutato-lista-1.jpg 1200w\" sizes=\"(max-width: 1024px) 100vw, 1024px\" \/><\/a> <a class=\"title\" href=\"https:\/\/www.hotelvisegrad.hu\/sk\/ukazka-rytierskeho-turnaja\/\">Uk\u00e1\u017eka rytiersk\u00e9ho turnaja<\/a><\/div><\/div><\/div>[\/et_pb_code][\/et_pb_column][\/et_pb_row][\/et_pb_section]<\/p>\n","protected":false},"excerpt":{"rendered":"<p>Na\u0161i hostia sa nenudia ani po\u010das da\u017ediv\u00fdch dn\u00ed, preto\u017ee popri wellnesse v Hoteli Visegr\u00e1d je aj bowling, stoln\u00fd futbal alebo \u0161\u00edpky.<\/p>\n","protected":false},"author":1,"featured_media":18703,"parent":18671,"menu_order":0,"comment_status":"closed","ping_status":"closed","template":"","meta":{"_et_pb_use_builder":"on","_et_pb_old_content":"","_et_gb_content_width":"","footnotes":""},"tags":[1002,1003,1004],"class_list":["post-18702","page","type-page","status-publish","has-post-thumbnail","hentry","tag-programy","tag-programy_na_objednanie","tag-sport_volny-cas"],"_links":{"self":[{"href":"https:\/\/www.hotelvisegrad.hu\/sk\/wp-json\/wp\/v2\/pages\/18702","targetHints":{"allow":["GET"]}}],"collection":[{"href":"https:\/\/www.hotelvisegrad.hu\/sk\/wp-json\/wp\/v2\/pages"}],"about":[{"href":"https:\/\/www.hotelvisegrad.hu\/sk\/wp-json\/wp\/v2\/types\/page"}],"author":[{"embeddable":true,"href":"https:\/\/www.hotelvisegrad.hu\/sk\/wp-json\/wp\/v2\/users\/1"}],"replies":[{"embeddable":true,"href":"https:\/\/www.hotelvisegrad.hu\/sk\/wp-json\/wp\/v2\/comments?post=18702"}],"version-history":[{"count":3,"href":"https:\/\/www.hotelvisegrad.hu\/sk\/wp-json\/wp\/v2\/pages\/18702\/revisions"}],"predecessor-version":[{"id":18707,"href":"https:\/\/www.hotelvisegrad.hu\/sk\/wp-json\/wp\/v2\/pages\/18702\/revisions\/18707"}],"up":[{"embeddable":true,"href":"https:\/\/www.hotelvisegrad.hu\/sk\/wp-json\/wp\/v2\/pages\/18671"}],"wp:featuredmedia":[{"embeddable":true,"href":"https:\/\/www.hotelvisegrad.hu\/sk\/wp-json\/wp\/v2\/media\/18703"}],"wp:attachment":[{"href":"https:\/\/www.hotelvisegrad.hu\/sk\/wp-json\/wp\/v2\/media?parent=18702"}],"wp:term":[{"taxonomy":"post_tag","embeddable":true,"href":"https:\/\/www.hotelvisegrad.hu\/sk\/wp-json\/wp\/v2\/tags?post=18702"}],"curies":[{"name":"wp","href":"https:\/\/api.w.org\/{rel}","templated":true}]}}