{"id":18662,"date":"2022-01-24T19:21:33","date_gmt":"2022-01-24T19:21:33","guid":{"rendered":"https:\/\/www.hotelvisegrad.hu\/gasztrozazitok\/kralovska-hostina-vinne-vecere\/"},"modified":"2022-02-18T21:37:45","modified_gmt":"2022-02-18T21:37:45","slug":"kralovske-hostiny-vinne-vecere","status":"publish","type":"page","link":"https:\/\/www.hotelvisegrad.hu\/sk\/gastrozazitok\/kralovske-hostiny-vinne-vecere\/","title":{"rendered":"Kr\u00e1\u013eovsk\u00e9 hostiny, v\u00ednne ve\u010dere"},"content":{"rendered":"<p>[et_pb_section fb_built=&#8220;1&#8243; _builder_version=&#8220;4.8.2&#8243; _module_preset=&#8220;default&#8220; background_color=&#8220;rgba(0,0,0,0.38)&#8220; background_image=&#8220;https:\/\/hotelvisegrad.hu\/wp-content\/uploads\/kiralyi-lakomak-borvacsorak-lista-1.jpg&#8220; background_blend=&#8220;overlay&#8220;][et_pb_row _builder_version=&#8220;4.8.2&#8243; _module_preset=&#8220;2c3722c0-227e-45c8-9254-97978a188986&#8243;][et_pb_column type=&#8220;4_4&#8243; _builder_version=&#8220;4.7.7&#8243; _module_preset=&#8220;default&#8220;][et_pb_text _builder_version=&#8220;4.8.2&#8243; _dynamic_attributes=&#8220;content&#8220; _module_preset=&#8220;1f2b3889-09d7-4ff7-aaf3-096c1a6cfa0c&#8220;]@ET-DC@eyJkeW5hbWljIjp0cnVlLCJjb250ZW50IjoicG9zdF90aXRsZSIsInNldHRpbmdzIjp7ImJlZm9yZSI6IjxoMj4iLCJhZnRlciI6IjxcL2gyPiJ9fQ==@[\/et_pb_text][\/et_pb_column][\/et_pb_row][\/et_pb_section][et_pb_section fb_built=&#8220;1&#8243; admin_label=&#8220;BEVEZETO&#8220; _builder_version=&#8220;4.8.2&#8243; _module_preset=&#8220;f9b2cdd3-9ac0-4581-89f7-e7e554e9d175&#8243;][et_pb_row column_structure=&#8220;1_3,2_3&#8243; admin_label=&#8220;Uvod&#8220; _builder_version=&#8220;4.8.2&#8243; _module_preset=&#8220;fed426e6-f537-48f4-97e9-b84063a80258&#8243;][et_pb_column type=&#8220;1_3&#8243; _builder_version=&#8220;4.7.7&#8243; _module_preset=&#8220;default&#8220;][et_pb_text _builder_version=&#8220;4.8.2&#8243; _module_preset=&#8220;507aa6bb-b91c-403c-88ec-ac42b76b0ea6&#8243;]Re\u0161taur\u00e1cia Renaissance v\u00e1s zavedie do sveta historick\u00fdch host\u00edn.[\/et_pb_text][\/et_pb_column][et_pb_column type=&#8220;2_3&#8243; _builder_version=&#8220;4.7.7&#8243; _module_preset=&#8220;default&#8220;][et_pb_text _builder_version=&#8220;4.8.2&#8243; _module_preset=&#8220;69fca1d7-0daf-4ccd-b4aa-49da36504dc9&#8243;]Ste zvedav\u00ed na legend\u00e1rne <strong>jedl\u00e1 stredovekej ma\u010farskej kuchyne<\/strong>?<br \/>\nMiestom kr\u00e1\u013eovsk\u00fdch host\u00edn je <strong>Vy\u0161ehradsk\u00fd gastro-raj<\/strong>, re\u0161taur\u00e1cia Renaissance, ktor\u00e1 verne reprezentuje stredovek\u00e9 obdobie.<\/p>\n<p><b>Ste zvedav\u00ed ako prebieha ozajstn\u00e1 kr\u00e1\u013eovsk\u00e1 hostina? <a href=\"http:\/\/www.renvisegrad.hu\/#contact-section-2\" target=\"_blank\" rel=\"noopener\">Zavolajte n\u00e1m a rezervujte si term\u00edn!<\/a><\/b><\/p>\n<p>Po\u010das v\u00ednnych ve\u010deroch v\u00e1m predstav\u00edme <b>v\u00ednne \u0161peciality Ma\u010farska<\/b>, <b>s vybran\u00fdmi jedlami<\/b> k jednotliv\u00fdm v\u00ednam.\u00a0Spoznajte \u0161iroko-\u010faleko sl\u00e1vne u\u0161\u013eachtil\u00e9 v\u00edna n\u00e1\u0161ho kraja pod k\u00fazlom stredovekej atmosf\u00e9ry! Ak ste zvedav\u00ed na 5 miestnost\u00ed, interi\u00e9r re\u0161taur\u00e1cie, menu, tematick\u00e9 hostiny, programy, <a href=\"http:\/\/renvisegrad.hu\/\" target=\"_blank\" rel=\"noopener\"><strong>na str\u00e1nke re\u0161taur\u00e1cie Renaissance<\/strong><\/a> n\u00e1jdete \u010fal\u0161ie fotky a inform\u00e1cie![\/et_pb_text][\/et_pb_column][\/et_pb_row][\/et_pb_section][et_pb_section fb_built=&#8220;1&#8243; _builder_version=&#8220;4.8.2&#8243; _module_preset=&#8220;7e253fea-c59a-4f37-a193-1e54bf0da8d7&#8243;][et_pb_row _builder_version=&#8220;4.8.2&#8243; _module_preset=&#8220;3cfe1088-80ca-40b1-8845-48a273a22b5b&#8220;][et_pb_column type=&#8220;4_4&#8243; _builder_version=&#8220;4.7.7&#8243; _module_preset=&#8220;default&#8220;][et_pb_text module_class=&#8220;custom_bullets_wpcc custom_bullets_wpcc&#8211;check&#8220; _builder_version=&#8220;4.9.0&#8243; _module_preset=&#8220;f78023fd-2f77-4b07-956b-9e3e349e8143&#8243;]<\/p>\n<h4>D\u00f4le\u017eit\u00e9 inform\u00e1cie:<\/h4>\n<ul>\n<li>Na\u0161ich host\u00ed <a href=\"\/sk\/autobusova-preprava\/\" target=\"_blank\" rel=\"noopener noreferrer\">prepravujeme bezplatne<\/a>\u00a0medzi na\u0161imi programov\u00fdmi miestami, re\u0161taur\u00e1ciami a Hotelom Visegr\u00e1d.<\/li>\n<\/ul>\n<p>[\/et_pb_text][\/et_pb_column][\/et_pb_row][et_pb_row _builder_version=&#8220;4.8.2&#8243; _module_preset=&#8220;13a72b84-e234-4972-81df-b4e0be256361&#8243;][et_pb_column type=&#8220;4_4&#8243; _builder_version=&#8220;4.7.7&#8243; _module_preset=&#8220;default&#8220; custom_padding=&#8220;||||false|false&#8220;][et_pb_gallery gallery_ids=&#8220;19459,19460,19461,19462,19463,19464,19465,19466,19467,19468,19469,19470&#8243; posts_number=&#8220;100&#8243; _builder_version=&#8220;4.8.2&#8243; _module_preset=&#8220;74e179d2-2af1-40ae-9fca-d08f70d4060e&#8220;][\/et_pb_gallery][\/et_pb_column][\/et_pb_row][\/et_pb_section]<\/p>\n","protected":false},"excerpt":{"rendered":"<p>Miestom kr\u00e1\u013eovsk\u00fdch host\u00edn je Vy\u0161ehradsk\u00fd gastro-raj, re\u0161taur\u00e1cia Renaissance, ktor\u00e1 verne reprezentuje stredovek\u00e9 obdobie.<\/p>\n","protected":false},"author":1,"featured_media":18663,"parent":18640,"menu_order":0,"comment_status":"closed","ping_status":"closed","template":"","meta":{"_et_pb_use_builder":"on","_et_pb_old_content":"","_et_gb_content_width":"","footnotes":""},"tags":[1032,1003],"class_list":["post-18662","page","type-page","status-publish","has-post-thumbnail","hentry","tag-gastro-zazitok","tag-programy_na_objednanie"],"_links":{"self":[{"href":"https:\/\/www.hotelvisegrad.hu\/sk\/wp-json\/wp\/v2\/pages\/18662","targetHints":{"allow":["GET"]}}],"collection":[{"href":"https:\/\/www.hotelvisegrad.hu\/sk\/wp-json\/wp\/v2\/pages"}],"about":[{"href":"https:\/\/www.hotelvisegrad.hu\/sk\/wp-json\/wp\/v2\/types\/page"}],"author":[{"embeddable":true,"href":"https:\/\/www.hotelvisegrad.hu\/sk\/wp-json\/wp\/v2\/users\/1"}],"replies":[{"embeddable":true,"href":"https:\/\/www.hotelvisegrad.hu\/sk\/wp-json\/wp\/v2\/comments?post=18662"}],"version-history":[{"count":5,"href":"https:\/\/www.hotelvisegrad.hu\/sk\/wp-json\/wp\/v2\/pages\/18662\/revisions"}],"predecessor-version":[{"id":20161,"href":"https:\/\/www.hotelvisegrad.hu\/sk\/wp-json\/wp\/v2\/pages\/18662\/revisions\/20161"}],"up":[{"embeddable":true,"href":"https:\/\/www.hotelvisegrad.hu\/sk\/wp-json\/wp\/v2\/pages\/18640"}],"wp:featuredmedia":[{"embeddable":true,"href":"https:\/\/www.hotelvisegrad.hu\/sk\/wp-json\/wp\/v2\/media\/18663"}],"wp:attachment":[{"href":"https:\/\/www.hotelvisegrad.hu\/sk\/wp-json\/wp\/v2\/media?parent=18662"}],"wp:term":[{"taxonomy":"post_tag","embeddable":true,"href":"https:\/\/www.hotelvisegrad.hu\/sk\/wp-json\/wp\/v2\/tags?post=18662"}],"curies":[{"name":"wp","href":"https:\/\/api.w.org\/{rel}","templated":true}]}}