{"id":18497,"date":"2022-01-23T13:01:22","date_gmt":"2022-01-23T13:01:22","guid":{"rendered":"https:\/\/www.hotelvisegrad.hu\/vernostny-program\/"},"modified":"2022-03-01T10:23:49","modified_gmt":"2022-03-01T10:23:49","slug":"vernostny-program","status":"publish","type":"page","link":"https:\/\/www.hotelvisegrad.hu\/sk\/vernostny-program\/","title":{"rendered":"Vernostn\u00fd program"},"content":{"rendered":"<p>[et_pb_section fb_built=&#8220;1&#8243; admin_label=&#8220;FEJLEC&#8220; _builder_version=&#8220;4.9.0&#8243; _dynamic_attributes=&#8220;background_image&#8220; _module_preset=&#8220;default&#8220; background_enable_color=&#8220;off&#8220; background_image=&#8220;@ET-DC@eyJkeW5hbWljIjp0cnVlLCJjb250ZW50IjoicG9zdF9mZWF0dXJlZF9pbWFnZSIsInNldHRpbmdzIjp7fX0=@&#8220; global_colors_info=&#8220;{}&#8220;][et_pb_row _builder_version=&#8220;4.8.2&#8243; _module_preset=&#8220;2c3722c0-227e-45c8-9254-97978a188986&#8243; global_colors_info=&#8220;{}&#8220;][et_pb_column type=&#8220;4_4&#8243; _builder_version=&#8220;4.7.7&#8243; _module_preset=&#8220;default&#8220; global_colors_info=&#8220;{}&#8220;][et_pb_text _builder_version=&#8220;4.9.0&#8243; _dynamic_attributes=&#8220;content&#8220; _module_preset=&#8220;1f2b3889-09d7-4ff7-aaf3-096c1a6cfa0c&#8220; global_colors_info=&#8220;{}&#8220;]@ET-DC@eyJkeW5hbWljIjp0cnVlLCJjb250ZW50IjoicG9zdF90aXRsZSIsInNldHRpbmdzIjp7ImJlZm9yZSI6IjxoMj4iLCJhZnRlciI6IjxcL2gyPiJ9fQ==@[\/et_pb_text][\/et_pb_column][\/et_pb_row][\/et_pb_section][et_pb_section fb_built=&#8220;1&#8243; admin_label=&#8220;BEVEZETO&#8220; _builder_version=&#8220;4.8.2&#8243; _module_preset=&#8220;f9b2cdd3-9ac0-4581-89f7-e7e554e9d175&#8243; global_colors_info=&#8220;{}&#8220;][et_pb_row column_structure=&#8220;1_3,2_3&#8243; admin_label=&#8220;Uvod&#8220; _builder_version=&#8220;4.8.2&#8243; _module_preset=&#8220;fed426e6-f537-48f4-97e9-b84063a80258&#8243; global_colors_info=&#8220;{}&#8220;][et_pb_column type=&#8220;1_3&#8243; _builder_version=&#8220;4.7.7&#8243; _module_preset=&#8220;default&#8220; global_colors_info=&#8220;{}&#8220;][et_pb_text _builder_version=&#8220;4.9.0&#8243; _module_preset=&#8220;507aa6bb-b91c-403c-88ec-ac42b76b0ea6&#8243; global_colors_info=&#8220;{}&#8220;]<\/p>\n<p>Sta\u0148te sa \u010dlenom na\u0161ej ve\u013ekej rodiny!<\/p>\n<p>[\/et_pb_text][\/et_pb_column][et_pb_column type=&#8220;2_3&#8243; _builder_version=&#8220;4.7.7&#8243; _module_preset=&#8220;default&#8220; global_colors_info=&#8220;{}&#8220;][et_pb_text _builder_version=&#8220;4.9.0&#8243; _module_preset=&#8220;69fca1d7-0daf-4ccd-b4aa-49da36504dc9&#8243; global_colors_info=&#8220;{}&#8220;]<\/p>\n<p><span>Na\u0161a spolo\u010dnos\u0165 p\u00f4sob\u00ed od 1982 ako rodinn\u00e1 firma, ktor\u00e1 poskytuje na\u0161im hos\u0165om dom\u00e1ce prostredie, rodinn\u00fa atmosf\u00e9ru a slu\u017eby! Chceli by sme odmeni\u0165 va\u0161u d\u00f4veru a vernos\u0165, kv\u00f4li tomu sme vytvorili n\u00e1\u0161 vernostn\u00fd program!<\/span><\/p>\n<p>[\/et_pb_text][\/et_pb_column][\/et_pb_row][\/et_pb_section][et_pb_section fb_built=&#8220;1&#8243; _builder_version=&#8220;4.8.2&#8243; _module_preset=&#8220;7e253fea-c59a-4f37-a193-1e54bf0da8d7&#8243; global_colors_info=&#8220;{}&#8220;][et_pb_row _builder_version=&#8220;4.8.2&#8243; _module_preset=&#8220;3cfe1088-80ca-40b1-8845-48a273a22b5b&#8220; global_colors_info=&#8220;{}&#8220;][et_pb_column type=&#8220;4_4&#8243; _builder_version=&#8220;4.7.7&#8243; _module_preset=&#8220;default&#8220; global_colors_info=&#8220;{}&#8220;][et_pb_text module_class=&#8220;custom_bullets_wpcc custom_bullets_wpcc&#8211;check&#8220; _builder_version=&#8220;4.9.7&#8243; _module_preset=&#8220;f78023fd-2f77-4b07-956b-9e3e349e8143&#8243; global_colors_info=&#8220;{}&#8220;]<\/p>\n<p><strong>Vernostn\u00e1 z\u013eava sa vypo\u010d\u00edtava z aktu\u00e1lnej dennej ponuky a ceny bal\u00edka.<\/strong><\/p>\n<ul>\n<li>Ak ste u\u017e str\u00e1vili v na\u0161om hoteli aspo\u0148 <strong>3 x 2 noci (do 5 rokov)<\/strong>, pri najbli\u017e\u0161ej rezerv\u00e1cii v\u00e1m poskytneme <strong>5% z\u013eavu<\/strong> z ceny bal\u00edkov alebo z dennej ponuky.<\/li>\n<li>Ak ste u\u017e str\u00e1vili v na\u0161om hoteli aspo\u0148 <strong>5 x 2 noci (do 5 rokov)<\/strong>, pri najbli\u017e\u0161ej rezerv\u00e1cii v\u00e1m poskytneme <strong>7% z\u013eavu<\/strong> z ceny bal\u00edkov alebo z dennej ponuky.<\/li>\n<li>Ak ste u\u017e str\u00e1vili v na\u0161om hoteli aspo\u0148 <strong>10 x 2 noci (do 5 rokov)<\/strong> pri najbli\u017e\u0161ej rezerv\u00e1cii v\u00e1m poskytneme <strong>10% z\u013eavu<\/strong> z ceny bal\u00edkov alebo z dennej ponuky.<\/li>\n<\/ul>\n<p><strong>Ako sa sta\u0165 st\u00e1lym (vern\u00fdm) hos\u0165om?<\/strong><\/p>\n<p>Po 3. n\u00e1v\u0161teve n\u00e1\u0161ho hotela m\u00f4\u017eete \u017eiada\u0165 o status st\u00e1leho hos\u0165a.  M\u00f4\u017eete to spravi\u0165 vyplnen\u00edm registra\u010dn\u00e9ho formul\u00e1ra ni\u017e\u0161ie, alebo m\u00f4\u017eete vyplni\u0165 vytla\u010den\u00fd formul\u00e1r v na\u0161om hoteli a odovzda\u0165 na recepcii.<\/p>\n<p>[\/et_pb_text][\/et_pb_column][\/et_pb_row][\/et_pb_section][et_pb_section fb_built=&#8220;1&#8243; _builder_version=&#8220;4.9.7&#8243; _module_preset=&#8220;default&#8220; custom_margin=&#8220;||0px||false|false&#8220; custom_padding=&#8220;||0px||false|false&#8220; top_divider_style=&#8220;slant2&#8243; top_divider_color=&#8220;#e14b3b&#8220; top_divider_height=&#8220;30px&#8220; global_colors_info=&#8220;{}&#8220;][et_pb_row _builder_version=&#8220;4.9.0&#8243; _module_preset=&#8220;default&#8220; global_colors_info=&#8220;{}&#8220;][et_pb_column type=&#8220;4_4&#8243; _builder_version=&#8220;4.9.0&#8243; _module_preset=&#8220;default&#8220; global_colors_info=&#8220;{}&#8220;][et_pb_text _builder_version=&#8220;4.9.0&#8243; _module_preset=&#8220;default&#8220; header_text_align=&#8220;center&#8220; header_text_color=&#8220;#474747&#8243; header_2_text_align=&#8220;center&#8220; header_2_text_color=&#8220;#474747&#8243; custom_margin=&#8220;||0px||false|false&#8220; custom_padding=&#8220;||0px||false|false&#8220; global_colors_info=&#8220;{}&#8220;]<\/p>\n<h2>V\u0161eobecn\u00e9 podmienky vernostn\u00e9ho programu<\/h2>\n<p>[\/et_pb_text][et_pb_divider color=&#8220;#1c8b98&#8243; divider_weight=&#8220;2px&#8220; _builder_version=&#8220;4.9.0&#8243; _module_preset=&#8220;default&#8220; module_alignment=&#8220;center&#8220; custom_margin=&#8220;0px||||false|false&#8220; custom_padding=&#8220;0px||||false|false&#8220; global_colors_info=&#8220;{}&#8220;][\/et_pb_divider][et_pb_text module_class=&#8220;custom_bullets_wpcc custom_bullets_wpcc&#8211;check&#8220; _builder_version=&#8220;4.9.0&#8243; _module_preset=&#8220;default&#8220; global_colors_info=&#8220;{}&#8220;]<\/p>\n<div id=\"panel-8371-1-0-0\" class=\"so-panel widget widget_sow-editor panel-first-child\" data-index=\"1\" data-style=\"{&quot;background_image_attachment&quot;:false,&quot;background_display&quot;:&quot;tile&quot;}\">\n<div class=\"so-widget-sow-editor so-widget-sow-editor-base\">\n<div class=\"siteorigin-widget-tinymce textwidget\">\n<p>Z\u013eavy vernostn\u00e9ho programu m\u00f4\u017eu vyu\u017e\u00edva\u0165 len individu\u00e1lni hostia, ktor\u00ed si term\u00edn zarezervovali bu\u010f na na\u0161ej webovej str\u00e1nke www.hotelvisegrad.hu online, alebo telefonicky (<a href=\"tel:+36 26 397 034\">+36 26 397 034<\/a>), alebo e-mailom na adrese <a href=\"mailto:info@hotelvisegrad.hu\">info@hotelvisegrad.hu<\/a>.<\/p>\n<\/div>\n<\/div>\n<\/div>\n<div id=\"panel-8371-1-0-2\" class=\"so-panel widget widget_sow-editor panel-last-child\" data-index=\"3\" data-style=\"{&quot;background_image_attachment&quot;:false,&quot;background_display&quot;:&quot;tile&quot;}\">\n<div class=\"so-widget-sow-editor so-widget-sow-editor-base\">\n<ul>\n<li>Z\u013eavy vernostn\u00e9ho programu m\u00f4\u017eu vyu\u017ei\u0165 len na\u0161i st\u00e1ly (vern\u00ed) hostia s doprovodom, s ubytovan\u00edm v jednej izbe (pre vyu\u017eitie z\u013eavy mus\u00ed by\u0165 pr\u00edtomn\u00fd aj n\u00e1\u0161 st\u00e1ly hos\u0165). S\u00fa\u010dasne m\u00f4\u017eete rezervova\u0165 vo v\u00fdhodnej cene len jednu izbu.<\/li>\n<li>Vernostn\u00fa z\u013eavu nem\u00f4\u017eete spoji\u0165 s \u010fal\u0161\u00edmi z\u013eavami.<\/li>\n<li>Vyu\u017eitie z\u013eavy n\u00e1m dajte vedie\u0165 vopred pri \u010fal\u0161ej rezerv\u00e1cii, aby sme mohli ur\u010di\u0165 v\u00fd\u0161ku z\u013eavy.<\/li>\n<li>D\u00e1vajte pozor, aby ste rezerv\u00e1ciu vykonali v\u017edy na meno st\u00e1leho hos\u0165a.<\/li>\n<li>Ak u\u017e m\u00e1te kartu st\u00e1leho hos\u0165a, pros\u00edme v\u00e1s o uvedenie \u010d\u00edsla karty pri rezerv\u00e1cii, aby sme v\u00e1s mohli identifikova\u0165 ako st\u00e1leho hos\u0165a.<\/li>\n<\/ul>\n<\/div>\n<\/div>\n<p>[\/et_pb_text][\/et_pb_column][\/et_pb_row][\/et_pb_section][et_pb_section fb_built=&#8220;1&#8243; _builder_version=&#8220;4.9.7&#8243; _module_preset=&#8220;default&#8220; custom_margin=&#8220;0px||||false|false&#8220; custom_padding=&#8220;0px||||false|false&#8220; global_colors_info=&#8220;{}&#8220;][et_pb_row _builder_version=&#8220;4.9.7&#8243; _module_preset=&#8220;default&#8220; custom_margin=&#8220;0px||||false|false&#8220; custom_padding=&#8220;0px||||false|false&#8220; global_colors_info=&#8220;{}&#8220;][et_pb_column type=&#8220;4_4&#8243; _builder_version=&#8220;4.9.7&#8243; _module_preset=&#8220;default&#8220; global_colors_info=&#8220;{}&#8220;][et_pb_text _builder_version=&#8220;4.9.7&#8243; _module_preset=&#8220;default&#8220; header_text_align=&#8220;center&#8220; header_text_color=&#8220;#474747&#8243; header_2_text_align=&#8220;center&#8220; header_2_text_color=&#8220;#474747&#8243; custom_margin=&#8220;||0px||false|false&#8220; custom_padding=&#8220;||0px||false|false&#8220; global_colors_info=&#8220;{}&#8220;]<\/p>\n<h2>Registr\u00e1cia st\u00e1leho (vern\u00e9ho) hos\u0165a<\/h2>\n<p>[\/et_pb_text][et_pb_divider color=&#8220;#1c8b98&#8243; divider_weight=&#8220;2px&#8220; _builder_version=&#8220;4.9.0&#8243; _module_preset=&#8220;default&#8220; module_alignment=&#8220;center&#8220; custom_margin=&#8220;0px||||false|false&#8220; custom_padding=&#8220;0px||||false|false&#8220; global_colors_info=&#8220;{}&#8220;][\/et_pb_divider][et_pb_contact_form email=&#8220;info@hotelvisegrad.hu&#8220; custom_message=&#8220;Nov\u00e1 registr\u00e1cia st\u00e1leho (vern\u00e9ho) hos\u0165a:||et_pb_line_break_holder||||et_pb_line_break_holder||Meno: %%nev%%||et_pb_line_break_holder||E-mailov\u00e1 adresa: %%email_cim%%||et_pb_line_break_holder||Telef\u00f3nne \u010d\u00edslo: %%telefonszam%%||et_pb_line_break_holder||Adresa: %%lakcim_iranyitoszam%% %%lakcim_varos%%, %%lakcim_utca%%||et_pb_line_break_holder||V akom term\u00edne ste boli ubytovan\u00ed v na\u0161om hoteli:||et_pb_line_break_holder||%%szalloda_tartozkodas%%&#8220; success_message=&#8220;\u010eakujeme za registr\u00e1ciu! Na\u0161i kolegovia v\u00e1s bud\u00fa \u010doskoro kontaktova\u0165.&#8220; submit_button_text=&#8220;Odosla\u0165&#8220; _builder_version=&#8220;4.13.1&#8243; _module_preset=&#8220;default&#8220; _unique_id=&#8220;3828b19e-dd74-4b76-8ec0-b70f638214c5&#8243; global_colors_info=&#8220;{}&#8220;][et_pb_contact_field field_id=&#8220;nev&#8220; field_title=&#8220;Meno&#8220; _builder_version=&#8220;4.9.7&#8243; global_colors_info=&#8220;{}&#8220; button_text_size__hover_enabled=&#8220;off&#8220; button_one_text_size__hover_enabled=&#8220;off&#8220; button_two_text_size__hover_enabled=&#8220;off&#8220; button_text_color__hover_enabled=&#8220;off&#8220; button_one_text_color__hover_enabled=&#8220;off&#8220; button_two_text_color__hover_enabled=&#8220;off&#8220; button_border_width__hover_enabled=&#8220;off&#8220; button_one_border_width__hover_enabled=&#8220;off&#8220; button_two_border_width__hover_enabled=&#8220;off&#8220; button_border_color__hover_enabled=&#8220;off&#8220; button_one_border_color__hover_enabled=&#8220;off&#8220; button_two_border_color__hover_enabled=&#8220;off&#8220; button_border_radius__hover_enabled=&#8220;off&#8220; button_one_border_radius__hover_enabled=&#8220;off&#8220; button_two_border_radius__hover_enabled=&#8220;off&#8220; button_letter_spacing__hover_enabled=&#8220;off&#8220; button_one_letter_spacing__hover_enabled=&#8220;off&#8220; button_two_letter_spacing__hover_enabled=&#8220;off&#8220; button_bg_color__hover_enabled=&#8220;off&#8220; button_one_bg_color__hover_enabled=&#8220;off&#8220; button_two_bg_color__hover_enabled=&#8220;off&#8220;][\/et_pb_contact_field][et_pb_contact_field field_id=&#8220;lakcim_iranyitoszam&#8220; field_title=&#8220;PS\u010c&#8220; _builder_version=&#8220;4.9.7&#8243; global_colors_info=&#8220;{}&#8220; button_text_size__hover_enabled=&#8220;off&#8220; button_one_text_size__hover_enabled=&#8220;off&#8220; button_two_text_size__hover_enabled=&#8220;off&#8220; button_text_color__hover_enabled=&#8220;off&#8220; button_one_text_color__hover_enabled=&#8220;off&#8220; button_two_text_color__hover_enabled=&#8220;off&#8220; button_border_width__hover_enabled=&#8220;off&#8220; button_one_border_width__hover_enabled=&#8220;off&#8220; button_two_border_width__hover_enabled=&#8220;off&#8220; button_border_color__hover_enabled=&#8220;off&#8220; button_one_border_color__hover_enabled=&#8220;off&#8220; button_two_border_color__hover_enabled=&#8220;off&#8220; button_border_radius__hover_enabled=&#8220;off&#8220; button_one_border_radius__hover_enabled=&#8220;off&#8220; button_two_border_radius__hover_enabled=&#8220;off&#8220; button_letter_spacing__hover_enabled=&#8220;off&#8220; button_one_letter_spacing__hover_enabled=&#8220;off&#8220; button_two_letter_spacing__hover_enabled=&#8220;off&#8220; button_bg_color__hover_enabled=&#8220;off&#8220; button_one_bg_color__hover_enabled=&#8220;off&#8220; button_two_bg_color__hover_enabled=&#8220;off&#8220;][\/et_pb_contact_field][et_pb_contact_field field_id=&#8220;lakcim_varos&#8220; field_title=&#8220;Mesto alebo obec&#8220; _builder_version=&#8220;4.9.7&#8243; global_colors_info=&#8220;{}&#8220; button_text_size__hover_enabled=&#8220;off&#8220; button_one_text_size__hover_enabled=&#8220;off&#8220; button_two_text_size__hover_enabled=&#8220;off&#8220; button_text_color__hover_enabled=&#8220;off&#8220; button_one_text_color__hover_enabled=&#8220;off&#8220; button_two_text_color__hover_enabled=&#8220;off&#8220; button_border_width__hover_enabled=&#8220;off&#8220; button_one_border_width__hover_enabled=&#8220;off&#8220; button_two_border_width__hover_enabled=&#8220;off&#8220; button_border_color__hover_enabled=&#8220;off&#8220; button_one_border_color__hover_enabled=&#8220;off&#8220; button_two_border_color__hover_enabled=&#8220;off&#8220; button_border_radius__hover_enabled=&#8220;off&#8220; button_one_border_radius__hover_enabled=&#8220;off&#8220; button_two_border_radius__hover_enabled=&#8220;off&#8220; button_letter_spacing__hover_enabled=&#8220;off&#8220; button_one_letter_spacing__hover_enabled=&#8220;off&#8220; button_two_letter_spacing__hover_enabled=&#8220;off&#8220; button_bg_color__hover_enabled=&#8220;off&#8220; button_one_bg_color__hover_enabled=&#8220;off&#8220; button_two_bg_color__hover_enabled=&#8220;off&#8220;][\/et_pb_contact_field][et_pb_contact_field field_id=&#8220;lakcim_utca&#8220; field_title=&#8220;Ulica, \u010d\u00edslo domu, poschodie, \u010d\u00edslo bytu&#8220; _builder_version=&#8220;4.9.7&#8243; global_colors_info=&#8220;{}&#8220; button_text_size__hover_enabled=&#8220;off&#8220; button_one_text_size__hover_enabled=&#8220;off&#8220; button_two_text_size__hover_enabled=&#8220;off&#8220; button_text_color__hover_enabled=&#8220;off&#8220; button_one_text_color__hover_enabled=&#8220;off&#8220; button_two_text_color__hover_enabled=&#8220;off&#8220; button_border_width__hover_enabled=&#8220;off&#8220; button_one_border_width__hover_enabled=&#8220;off&#8220; button_two_border_width__hover_enabled=&#8220;off&#8220; button_border_color__hover_enabled=&#8220;off&#8220; button_one_border_color__hover_enabled=&#8220;off&#8220; button_two_border_color__hover_enabled=&#8220;off&#8220; button_border_radius__hover_enabled=&#8220;off&#8220; button_one_border_radius__hover_enabled=&#8220;off&#8220; button_two_border_radius__hover_enabled=&#8220;off&#8220; button_letter_spacing__hover_enabled=&#8220;off&#8220; button_one_letter_spacing__hover_enabled=&#8220;off&#8220; button_two_letter_spacing__hover_enabled=&#8220;off&#8220; button_bg_color__hover_enabled=&#8220;off&#8220; button_one_bg_color__hover_enabled=&#8220;off&#8220; button_two_bg_color__hover_enabled=&#8220;off&#8220;][\/et_pb_contact_field][et_pb_contact_field field_id=&#8220;email_cim&#8220; field_title=&#8220;E-mailov\u00e1 adresa&#8220; field_type=&#8220;email&#8220; _builder_version=&#8220;4.9.7&#8243; _module_preset=&#8220;default&#8220; global_colors_info=&#8220;{}&#8220;][\/et_pb_contact_field][et_pb_contact_field field_id=&#8220;telefonszam&#8220; field_title=&#8220;Telef\u00f3nne \u010d\u00edslo&#8220; _builder_version=&#8220;4.9.7&#8243; _module_preset=&#8220;default&#8220; global_colors_info=&#8220;{}&#8220;][\/et_pb_contact_field][et_pb_contact_field field_id=&#8220;szalloda_tartozkodas&#8220; field_title=&#8220;V akom term\u00edne ste boli ubytovan\u00ed v na\u0161om hoteli?&#8220; field_type=&#8220;text&#8220; fullwidth_field=&#8220;on&#8220; _builder_version=&#8220;4.9.7&#8243; _module_preset=&#8220;default&#8220; global_colors_info=&#8220;{}&#8220;][\/et_pb_contact_field][\/et_pb_contact_form][\/et_pb_column][\/et_pb_row][\/et_pb_section]<\/p>\n","protected":false},"excerpt":{"rendered":"<p>Sta\u0148te sa \u010dlenom na\u0161ej ve\u013ekej rodiny!Na\u0161a spolo\u010dnos\u0165 p\u00f4sob\u00ed od 1982 ako rodinn\u00e1 firma, ktor\u00e1 poskytuje na\u0161im hos\u0165om dom\u00e1ce prostredie, rodinn\u00fa atmosf\u00e9ru a slu\u017eby! Chceli by sme odmeni\u0165 va\u0161u d\u00f4veru a vernos\u0165, kv\u00f4li tomu sme vytvorili n\u00e1\u0161 vernostn\u00fd program!Vernostn\u00e1 z\u013eava sa vypo\u010d\u00edtava z aktu\u00e1lnej dennej ponuky a ceny bal\u00edka. Ak ste u\u017e str\u00e1vili v na\u0161om hoteli [&hellip;]<\/p>\n","protected":false},"author":2,"featured_media":18498,"parent":0,"menu_order":0,"comment_status":"closed","ping_status":"closed","template":"","meta":{"_et_pb_use_builder":"on","_et_pb_old_content":"","_et_gb_content_width":"","footnotes":""},"tags":[],"class_list":["post-18497","page","type-page","status-publish","has-post-thumbnail","hentry"],"_links":{"self":[{"href":"https:\/\/www.hotelvisegrad.hu\/sk\/wp-json\/wp\/v2\/pages\/18497","targetHints":{"allow":["GET"]}}],"collection":[{"href":"https:\/\/www.hotelvisegrad.hu\/sk\/wp-json\/wp\/v2\/pages"}],"about":[{"href":"https:\/\/www.hotelvisegrad.hu\/sk\/wp-json\/wp\/v2\/types\/page"}],"author":[{"embeddable":true,"href":"https:\/\/www.hotelvisegrad.hu\/sk\/wp-json\/wp\/v2\/users\/2"}],"replies":[{"embeddable":true,"href":"https:\/\/www.hotelvisegrad.hu\/sk\/wp-json\/wp\/v2\/comments?post=18497"}],"version-history":[{"count":5,"href":"https:\/\/www.hotelvisegrad.hu\/sk\/wp-json\/wp\/v2\/pages\/18497\/revisions"}],"predecessor-version":[{"id":20247,"href":"https:\/\/www.hotelvisegrad.hu\/sk\/wp-json\/wp\/v2\/pages\/18497\/revisions\/20247"}],"wp:featuredmedia":[{"embeddable":true,"href":"https:\/\/www.hotelvisegrad.hu\/sk\/wp-json\/wp\/v2\/media\/18498"}],"wp:attachment":[{"href":"https:\/\/www.hotelvisegrad.hu\/sk\/wp-json\/wp\/v2\/media?parent=18497"}],"wp:term":[{"taxonomy":"post_tag","embeddable":true,"href":"https:\/\/www.hotelvisegrad.hu\/sk\/wp-json\/wp\/v2\/tags?post=18497"}],"curies":[{"name":"wp","href":"https:\/\/api.w.org\/{rel}","templated":true}]}}