{"id":16745,"date":"2021-03-27T14:11:59","date_gmt":"2021-03-27T14:11:59","guid":{"rendered":"https:\/\/www.hotelvisegrad.hu\/team-building-events\/"},"modified":"2021-04-05T08:05:29","modified_gmt":"2021-04-05T08:05:29","slug":"team-building-events","status":"publish","type":"page","link":"https:\/\/www.hotelvisegrad.hu\/en\/team-building-events\/","title":{"rendered":"Team Building Events"},"content":{"rendered":"<p>[et_pb_section fb_built=&#8221;1&#8243; fullwidth=&#8221;on&#8221; _builder_version=&#8221;4.9.1&#8243; _module_preset=&#8221;default&#8221; bottom_divider_style=&#8221;slant2&#8243; bottom_divider_color=&#8221;#FFFFFF&#8221; bottom_divider_height=&#8221;30px&#8221; hover_enabled=&#8221;0&#8243; sticky_enabled=&#8221;0&#8243; custom_padding=&#8221;||||false|false&#8221; custom_margin=&#8221;0px||||false|false&#8221;][et_pb_fullwidth_slider use_bg_overlay=&#8221;off&#8221; _builder_version=&#8221;4.8.2&#8243; _module_preset=&#8221;default&#8221; min_height=&#8221;700px&#8221; height=&#8221;700px&#8221; max_height=&#8221;700px&#8221; auto=&#8221;on&#8221; auto_ignore_hover=&#8221;on&#8221; custom_css_slide_description=&#8221;animation-name: none;&#8221; custom_css_slide_title=&#8221;animation-name: none;&#8221;][et_pb_slide heading=&#8221;Team Building &quot;Out of the Box&quot;&#8221; button_text=&#8221;Flawless event management&#8221; _builder_version=&#8221;4.8.2&#8243; _module_preset=&#8221;default&#8221; body_font=&#8221;|||on|||||&#8221; body_letter_spacing=&#8221;2px&#8221; background_enable_color=&#8221;off&#8221; background_image=&#8221;https:\/\/hotelvisegrad.hu\/wp-content\/uploads\/bhp_5373-Mega-scaled.jpg&#8221; background_enable_image=&#8221;on&#8221; parallax=&#8221;on&#8221; sticky_transition=&#8221;on&#8221;]<\/p>\n<p>Utmost spa care<\/p>\n<p>[\/et_pb_slide][et_pb_slide heading=&#8221;Team Building &quot;Out of the Box&quot;&#8221; button_text=&#8221;Flawless event management&#8221; _builder_version=&#8221;4.8.2&#8243; _module_preset=&#8221;default&#8221; body_font=&#8221;|||on|||||&#8221; body_letter_spacing=&#8221;2px&#8221; background_enable_color=&#8221;off&#8221; background_image=&#8221;https:\/\/hotelvisegrad.hu\/wp-content\/uploads\/GOPR8639_crop-Mega-scaled.jpg&#8221; background_enable_image=&#8221;on&#8221; parallax=&#8221;on&#8221; sticky_transition=&#8221;on&#8221;]<\/p>\n<p>Utmost spa care<\/p>\n<p>[\/et_pb_slide][et_pb_slide heading=&#8221;Team Building &quot;Out of the Box&quot;&#8221; button_text=&#8221;Flawless event management&#8221; use_bg_overlay=&#8221;on&#8221; bg_overlay_color=&#8221;rgba(0,0,0,0.2)&#8221; _builder_version=&#8221;4.8.2&#8243; _module_preset=&#8221;default&#8221; body_font=&#8221;|||on|||||&#8221; body_letter_spacing=&#8221;2px&#8221; background_enable_color=&#8221;off&#8221; background_image=&#8221;https:\/\/hotelvisegrad.hu\/wp-content\/uploads\/bhp_5446-Mega-scaled.jpg&#8221; background_enable_image=&#8221;on&#8221; parallax=&#8221;on&#8221; sticky_transition=&#8221;on&#8221;]<\/p>\n<p>Utmost spa care<\/p>\n<p>[\/et_pb_slide][et_pb_slide heading=&#8221;Team Building &quot;Out of the Box&quot;&#8221; button_text=&#8221;Flawless event management&#8221; use_bg_overlay=&#8221;on&#8221; bg_overlay_color=&#8221;rgba(0,0,0,0.2)&#8221; _builder_version=&#8221;4.8.2&#8243; _module_preset=&#8221;default&#8221; body_font=&#8221;|||on|||||&#8221; body_letter_spacing=&#8221;2px&#8221; background_enable_color=&#8221;off&#8221; background_image=&#8221;https:\/\/hotelvisegrad.hu\/wp-content\/uploads\/bhp_5315-Mega-scaled.jpg&#8221; background_enable_image=&#8221;on&#8221; parallax=&#8221;on&#8221; sticky_transition=&#8221;on&#8221;]<\/p>\n<p>Utmost spa care<\/p>\n<p>[\/et_pb_slide][\/et_pb_fullwidth_slider][\/et_pb_section][et_pb_section fb_built=&#8221;1&#8243; _builder_version=&#8221;4.8.2&#8243; _module_preset=&#8221;default&#8221; module_alignment=&#8221;center&#8221;][et_pb_row _builder_version=&#8221;4.9.0&#8243; _module_preset=&#8221;default&#8221; custom_margin=&#8221;0px||||false|false&#8221; custom_padding=&#8221;0px||||false|false&#8221;][et_pb_column type=&#8221;4_4&#8243; _builder_version=&#8221;4.7.7&#8243; _module_preset=&#8221;default&#8221;][et_pb_text _builder_version=&#8221;4.9.0&#8243; _module_preset=&#8221;default&#8221; custom_margin=&#8221;0px||||false|false&#8221; custom_padding=&#8221;0px||||false|false&#8221;]<\/p>\n<p>In our team building events\u00a0<strong>you can taste the gastro-specialties of the Danube Bend<\/strong>, participate in an\u00a0<strong>unadulterated renaissance feast<\/strong> and select one from our themed royal menu offers. You can\u00a0<strong>see the most beautiful buildings of the town of the living Middle Ages<\/strong> on a tour\u00a0<strong>accompanied with a glass of wine in your hand<\/strong>. An omnipresent element of our team building events is the panorama of the Danube Bend, whether it be from the ring of the Solomon Tower during <strong>an exciting<\/strong>\u00a0<strong>knights&#8217; tournament held by the knights of the military traditionalists of the Saint George Knightly Order<\/strong> or from a cruise on the Danube where the\u00a0<strong>sunset over the Danube and the illumination of the riverbanks\u00a0<\/strong>guarantee a unique experience.<\/p>\n<p>[\/et_pb_text][et_pb_code _builder_version=&#8221;4.8.2&#8243; _module_preset=&#8221;default&#8221;]<pee><div class=\"blog-post-listing grid\"><div class=\"listing-item\"><div class=\"dp-box\"><a class=\"image\" href=\"https:\/\/www.hotelvisegrad.hu\/en\/knights-tournament-2\/\"><img loading=\"lazy\" decoding=\"async\" width=\"1024\" height=\"576\" src=\"https:\/\/www.hotelvisegrad.hu\/wp-content\/uploads\/lt8-1024x576.jpg\" class=\"attachment-large size-large wp-post-image\" alt=\"\" srcset=\"https:\/\/www.hotelvisegrad.hu\/wp-content\/uploads\/lt8-980x551.jpg 980w, https:\/\/www.hotelvisegrad.hu\/wp-content\/uploads\/lt8-480x270.jpg 480w\" sizes=\"(min-width: 0px) and (max-width: 480px) 480px, (min-width: 481px) and (max-width: 980px) 980px, (min-width: 981px) 1024px, 100vw\" \/><\/a> <a class=\"title\" href=\"https:\/\/www.hotelvisegrad.hu\/en\/knights-tournament-2\/\">Knights\u2019 Tournament<\/a><\/div> <span class=\"excerpt\">An exciting battle show of the members of the Order of St. George in the Solomon Tower, with the panorama of the Danube Bend in the background. Now you can try the weapons!<\/span><\/div><div class=\"listing-item\"><div class=\"dp-box\"><a class=\"image\" href=\"https:\/\/www.hotelvisegrad.hu\/en\/royal-feast\/\"><img loading=\"lazy\" decoding=\"async\" width=\"1024\" height=\"684\" src=\"https:\/\/www.hotelvisegrad.hu\/wp-content\/uploads\/kir_lak1-1024x684.jpg\" class=\"attachment-large size-large wp-post-image\" alt=\"\" srcset=\"https:\/\/www.hotelvisegrad.hu\/wp-content\/uploads\/kir_lak1-980x654.jpg 980w, https:\/\/www.hotelvisegrad.hu\/wp-content\/uploads\/kir_lak1-480x320.jpg 480w\" sizes=\"(min-width: 0px) and (max-width: 480px) 480px, (min-width: 481px) and (max-width: 980px) 980px, (min-width: 981px) 1024px, 100vw\" \/><\/a> <a class=\"title\" href=\"https:\/\/www.hotelvisegrad.hu\/en\/royal-feast\/\">Royal Feast<\/a><\/div> <span class=\"excerpt\">Authentic royal feast in Renaissance Restaurant with wine, live lyre music and the abundance of the Middle Ages.<\/span><\/div><div class=\"listing-item\"><div class=\"dp-box\"><a class=\"image\" href=\"https:\/\/www.hotelvisegrad.hu\/en\/zugfozde-palinka-museum\/\"><img loading=\"lazy\" decoding=\"async\" width=\"1024\" height=\"568\" src=\"https:\/\/www.hotelvisegrad.hu\/wp-content\/uploads\/pm1-1024x568.jpg\" class=\"attachment-large size-large wp-post-image\" alt=\"\" srcset=\"https:\/\/www.hotelvisegrad.hu\/wp-content\/uploads\/pm1-1024x568.jpg 1024w, https:\/\/www.hotelvisegrad.hu\/wp-content\/uploads\/pm1-300x166.jpg 300w, https:\/\/www.hotelvisegrad.hu\/wp-content\/uploads\/pm1-768x426.jpg 768w, https:\/\/www.hotelvisegrad.hu\/wp-content\/uploads\/pm1-1536x852.jpg 1536w, https:\/\/www.hotelvisegrad.hu\/wp-content\/uploads\/pm1-2048x1137.jpg 2048w, https:\/\/www.hotelvisegrad.hu\/wp-content\/uploads\/pm1-1080x599.jpg 1080w, https:\/\/www.hotelvisegrad.hu\/wp-content\/uploads\/pm1-1280x711.jpg 1280w, https:\/\/www.hotelvisegrad.hu\/wp-content\/uploads\/pm1-980x544.jpg 980w, https:\/\/www.hotelvisegrad.hu\/wp-content\/uploads\/pm1-480x266.jpg 480w\" sizes=\"(max-width: 1024px) 100vw, 1024px\" \/><\/a> <a class=\"title\" href=\"https:\/\/www.hotelvisegrad.hu\/en\/zugfozde-palinka-museum\/\">Zugfozde Palinka Museum<\/a><\/div> <span class=\"excerpt\">An unforgettable gastro-cultural team building event in the heart of Visegr\u00e1d presenting the past and present of Hungarian p\u00e1linka from the distiller to the shot glasses.<\/span><\/div><div class=\"listing-item\"><div class=\"dp-box\"><a class=\"image\" href=\"https:\/\/www.hotelvisegrad.hu\/en\/laser-tag-battle\/\"><img loading=\"lazy\" decoding=\"async\" width=\"1024\" height=\"683\" src=\"https:\/\/www.hotelvisegrad.hu\/wp-content\/uploads\/lharc_fejlec-1024x683.jpg\" class=\"attachment-large size-large wp-post-image\" alt=\"\" srcset=\"https:\/\/www.hotelvisegrad.hu\/wp-content\/uploads\/lharc_fejlec-1024x683.jpg 1024w, https:\/\/www.hotelvisegrad.hu\/wp-content\/uploads\/lharc_fejlec-980x653.jpg 980w, https:\/\/www.hotelvisegrad.hu\/wp-content\/uploads\/lharc_fejlec-480x320.jpg 480w\" sizes=\"(min-width: 0px) and (max-width: 480px) 480px, (min-width: 481px) and (max-width: 980px) 980px, (min-width: 981px) 1024px, 100vw\" \/><\/a> <a class=\"title\" href=\"https:\/\/www.hotelvisegrad.hu\/en\/laser-tag-battle\/\">Laser Tag Battle<\/a><\/div> <span class=\"excerpt\">Laser tag battle is a deservedly popular, exciting tactical game. Colleagues must form a close unit to protect each other in order to win.<\/span><\/div><div class=\"listing-item\"><div class=\"dp-box\"><a class=\"image\" href=\"https:\/\/www.hotelvisegrad.hu\/en\/medieval-team-building\/\"><img loading=\"lazy\" decoding=\"async\" width=\"1024\" height=\"576\" src=\"https:\/\/www.hotelvisegrad.hu\/wp-content\/uploads\/kcspep-1024x576.jpg\" class=\"attachment-large size-large wp-post-image\" alt=\"\" srcset=\"https:\/\/www.hotelvisegrad.hu\/wp-content\/uploads\/kcspep-1024x576.jpg 1024w, https:\/\/www.hotelvisegrad.hu\/wp-content\/uploads\/kcspep-300x169.jpg 300w, https:\/\/www.hotelvisegrad.hu\/wp-content\/uploads\/kcspep-768x432.jpg 768w, https:\/\/www.hotelvisegrad.hu\/wp-content\/uploads\/kcspep-1536x864.jpg 1536w, https:\/\/www.hotelvisegrad.hu\/wp-content\/uploads\/kcspep-2048x1152.jpg 2048w, https:\/\/www.hotelvisegrad.hu\/wp-content\/uploads\/kcspep-1080x608.jpg 1080w, https:\/\/www.hotelvisegrad.hu\/wp-content\/uploads\/kcspep-1280x720.jpg 1280w, https:\/\/www.hotelvisegrad.hu\/wp-content\/uploads\/kcspep-980x551.jpg 980w, https:\/\/www.hotelvisegrad.hu\/wp-content\/uploads\/kcspep-480x270.jpg 480w\" sizes=\"(max-width: 1024px) 100vw, 1024px\" \/><\/a> <a class=\"title\" href=\"https:\/\/www.hotelvisegrad.hu\/en\/medieval-team-building\/\">Medieval Team Building<\/a><\/div> <span class=\"excerpt\">The medieval team building is a unique opportunity in the universe of team building events. Take the time machine and let's get back to the age of knights!<\/span><\/div><div class=\"listing-item\"><div class=\"dp-box\"><a class=\"image\" href=\"https:\/\/www.hotelvisegrad.hu\/en\/olympic-games-of-crafts\/\"><img loading=\"lazy\" decoding=\"async\" width=\"1024\" height=\"576\" src=\"https:\/\/www.hotelvisegrad.hu\/wp-content\/uploads\/mestol-1024x576.jpg\" class=\"attachment-large size-large wp-post-image\" alt=\"\" srcset=\"https:\/\/www.hotelvisegrad.hu\/wp-content\/uploads\/mestol-1024x576.jpg 1024w, https:\/\/www.hotelvisegrad.hu\/wp-content\/uploads\/mestol-300x169.jpg 300w, https:\/\/www.hotelvisegrad.hu\/wp-content\/uploads\/mestol-768x432.jpg 768w, https:\/\/www.hotelvisegrad.hu\/wp-content\/uploads\/mestol-1536x864.jpg 1536w, https:\/\/www.hotelvisegrad.hu\/wp-content\/uploads\/mestol-2048x1152.jpg 2048w, https:\/\/www.hotelvisegrad.hu\/wp-content\/uploads\/mestol-1080x608.jpg 1080w, https:\/\/www.hotelvisegrad.hu\/wp-content\/uploads\/mestol-1280x720.jpg 1280w, https:\/\/www.hotelvisegrad.hu\/wp-content\/uploads\/mestol-980x551.jpg 980w, https:\/\/www.hotelvisegrad.hu\/wp-content\/uploads\/mestol-480x270.jpg 480w\" sizes=\"(max-width: 1024px) 100vw, 1024px\" \/><\/a> <a class=\"title\" href=\"https:\/\/www.hotelvisegrad.hu\/en\/olympic-games-of-crafts\/\">Handicrafts competition<\/a><\/div> <span class=\"excerpt\">Spend an active afternoon in the Court of Crafts and compete! Who makes the most beautiful artefacts?<\/span><\/div><div class=\"listing-item\"><div class=\"dp-box\"><a class=\"image\" href=\"https:\/\/www.hotelvisegrad.hu\/en\/bowling\/\"><img loading=\"lazy\" decoding=\"async\" width=\"1024\" height=\"683\" src=\"https:\/\/www.hotelvisegrad.hu\/wp-content\/uploads\/bowling-lista-1024x683.jpg\" class=\"attachment-large size-large wp-post-image\" alt=\"\" srcset=\"https:\/\/www.hotelvisegrad.hu\/wp-content\/uploads\/bowling-lista-1024x683.jpg 1024w, https:\/\/www.hotelvisegrad.hu\/wp-content\/uploads\/bowling-lista-980x653.jpg 980w, https:\/\/www.hotelvisegrad.hu\/wp-content\/uploads\/bowling-lista-480x320.jpg 480w\" sizes=\"(min-width: 0px) and (max-width: 480px) 480px, (min-width: 481px) and (max-width: 980px) 980px, (min-width: 981px) 1024px, 100vw\" \/><\/a> <a class=\"title\" href=\"https:\/\/www.hotelvisegrad.hu\/en\/bowling\/\">Bowling<\/a><\/div> <span class=\"excerpt\">Bowling is a classic team building event. Knocking down the pins while enjoying refreshing beverages is an unmissable experience.<\/span><\/div><div class=\"listing-item\"><div class=\"dp-box\"><a class=\"image\" href=\"https:\/\/www.hotelvisegrad.hu\/en\/spectacular-dinner-in-palotahaz\/\"><img loading=\"lazy\" decoding=\"async\" width=\"1024\" height=\"683\" src=\"https:\/\/www.hotelvisegrad.hu\/wp-content\/uploads\/palotahaz-1200x800-1-1024x683.jpg\" class=\"attachment-large size-large wp-post-image\" alt=\"\" srcset=\"https:\/\/www.hotelvisegrad.hu\/wp-content\/uploads\/palotahaz-1200x800-1-1024x683.jpg 1024w, https:\/\/www.hotelvisegrad.hu\/wp-content\/uploads\/palotahaz-1200x800-1-980x653.jpg 980w, https:\/\/www.hotelvisegrad.hu\/wp-content\/uploads\/palotahaz-1200x800-1-480x320.jpg 480w\" sizes=\"(min-width: 0px) and (max-width: 480px) 480px, (min-width: 481px) and (max-width: 980px) 980px, (min-width: 981px) 1024px, 100vw\" \/><\/a> <a class=\"title\" href=\"https:\/\/www.hotelvisegrad.hu\/en\/spectacular-dinner-in-palotahaz\/\">Spectacular Dinner in Palotah\u00e1z<\/a><\/div> <span class=\"excerpt\">The spectacular dinner offered in Palotah\u00e1z is popular with groups. The abundant dinner also features the most popular food specialties of this region in the Middle Ages and now.<\/span><\/div><div class=\"listing-item\"><div class=\"dp-box\"><a class=\"image\" href=\"https:\/\/www.hotelvisegrad.hu\/en\/shuttle-bus\/\"><img loading=\"lazy\" decoding=\"async\" width=\"1024\" height=\"683\" src=\"https:\/\/www.hotelvisegrad.hu\/wp-content\/uploads\/IMG_0348-Nagy-1024x683.jpg\" class=\"attachment-large size-large wp-post-image\" alt=\"\" srcset=\"https:\/\/www.hotelvisegrad.hu\/wp-content\/uploads\/IMG_0348-Nagy-980x653.jpg 980w, https:\/\/www.hotelvisegrad.hu\/wp-content\/uploads\/IMG_0348-Nagy-480x320.jpg 480w\" sizes=\"(min-width: 0px) and (max-width: 480px) 480px, (min-width: 481px) and (max-width: 980px) 980px, (min-width: 981px) 1024px, 100vw\" \/><\/a> <a class=\"title\" href=\"https:\/\/www.hotelvisegrad.hu\/en\/shuttle-bus\/\">Shuttle bus<\/a><\/div> <span class=\"excerpt\">Our shuttle buses transfer our guests free of charge between our event venues, restaurants (Sir\u00e1ly Restaurant, Renaissance Restaurant, Palotah\u00e1z) and Hotel Visegr\u00e1d.<\/span><\/div><div class=\"listing-item\"><div class=\"dp-box\"><a class=\"image\" href=\"https:\/\/www.hotelvisegrad.hu\/en\/walking-tour-in-the-royal-palace\/\"><img loading=\"lazy\" decoding=\"async\" width=\"1024\" height=\"683\" src=\"https:\/\/www.hotelvisegrad.hu\/wp-content\/uploads\/elmenysetafejlec-1024x683.jpg\" class=\"attachment-large size-large wp-post-image\" alt=\"\" srcset=\"https:\/\/www.hotelvisegrad.hu\/wp-content\/uploads\/elmenysetafejlec-1024x683.jpg 1024w, https:\/\/www.hotelvisegrad.hu\/wp-content\/uploads\/elmenysetafejlec-980x653.jpg 980w, https:\/\/www.hotelvisegrad.hu\/wp-content\/uploads\/elmenysetafejlec-480x320.jpg 480w\" sizes=\"(min-width: 0px) and (max-width: 480px) 480px, (min-width: 481px) and (max-width: 980px) 980px, (min-width: 981px) 1024px, 100vw\" \/><\/a> <a class=\"title\" href=\"https:\/\/www.hotelvisegrad.hu\/en\/walking-tour-in-the-royal-palace\/\">Walking tour in the Royal Palace<\/a><\/div> <span class=\"excerpt\">Since its monumental restoration, the famous attraction of Visegr\u00e1d is the Royal Palace, famous in Europe during the Renaissance and based on medieval foundations.<\/span><\/div><\/div><\/pee>[\/et_pb_code][\/et_pb_column][\/et_pb_row][\/et_pb_section][et_pb_section fb_built=&#8221;1&#8243; prev_background_color=&#8221;#ffffff&#8221; _builder_version=&#8221;4.8.2&#8243; _module_preset=&#8221;default&#8221; background_color=&#8221;#E14B3B&#8221; custom_margin=&#8221;0px||||false|false&#8221; custom_padding=&#8221;30px||||false|false&#8221; top_divider_style=&#8221;slant2&#8243; top_divider_height=&#8221;30px&#8221;][et_pb_row _builder_version=&#8221;4.8.2&#8243; _module_preset=&#8221;default&#8221; custom_margin=&#8221;||-1px||false|false&#8221; custom_padding=&#8221;||0px||false|false&#8221;][et_pb_column type=&#8221;4_4&#8243; _builder_version=&#8221;4.8.2&#8243; _module_preset=&#8221;default&#8221;][et_pb_text _builder_version=&#8221;4.8.2&#8243; _module_preset=&#8221;default&#8221; header_text_color=&#8221;#FFFFFF&#8221; header_2_text_color=&#8221;#FFFFFF&#8221; header_4_text_color=&#8221;#FFFFFF&#8221; text_orientation=&#8221;center&#8221; custom_margin=&#8221;||0px||false|false&#8221; custom_padding=&#8221;||0px||false|false&#8221;]<\/p>\n<h2>Testimonials<\/h2>\n<p>[\/et_pb_text][et_pb_divider color=&#8221;#FFFFFF&#8221; _builder_version=&#8221;4.8.2&#8243; _module_preset=&#8221;32b62c33-a07b-4dd4-b207-3a5cce763cbb&#8221;][\/et_pb_divider][\/et_pb_column][\/et_pb_row][et_pb_row column_structure=&#8221;1_3,1_3,1_3&#8243; _builder_version=&#8221;4.8.2&#8243; _module_preset=&#8221;default&#8221;][et_pb_column type=&#8221;1_3&#8243; _builder_version=&#8221;4.8.2&#8243; _module_preset=&#8221;default&#8221; animation_style=&#8221;fade&#8221;][et_pb_testimonial author=&#8221;Fundamenta-Lak\u00e1skassza Zrt.&#8221; portrait_url=&#8221;https:\/\/hotelvisegrad.hu\/wp-content\/uploads\/pm5.jpg&#8221; quote_icon=&#8221;off&#8221; quote_icon_color=&#8221;#E14B3B&#8221; quote_icon_background_color=&#8221;#FFFFFF&#8221; use_icon_font_size=&#8221;on&#8221; icon_font_size=&#8221;25px&#8221; _builder_version=&#8221;4.8.2&#8243; _module_preset=&#8221;default&#8221; body_font=&#8221;|300|||||||&#8221; author_font=&#8221;|800|||||||&#8221; text_orientation=&#8221;center&#8221; border_radii=&#8221;on|10px|10px|10px|10px&#8221;]<\/p>\n<p>We enjoyed the team building very much and the guided tour in the Royal Palace was also really interesting! The meals were delicious and Palotah\u00e1z was also a great experience for everyone!<\/p>\n<p>[\/et_pb_testimonial][\/et_pb_column][et_pb_column type=&#8221;1_3&#8243; _builder_version=&#8221;4.8.2&#8243; _module_preset=&#8221;default&#8221; animation_style=&#8221;fade&#8221;][et_pb_testimonial author=&#8221;EU Presidency Event Management Department&#8221; company_name=&#8221;Ministry of Foreign Affairs&#8221; portrait_url=&#8221;https:\/\/hotelvisegrad.hu\/wp-content\/uploads\/rendprg_fejlec.jpg&#8221; quote_icon=&#8221;off&#8221; quote_icon_color=&#8221;#E14B3B&#8221; _builder_version=&#8221;4.8.2&#8243; _module_preset=&#8221;default&#8221; body_font=&#8221;|300|||||||&#8221; author_font=&#8221;|800|||||||&#8221; text_orientation=&#8221;center&#8221; border_radii=&#8221;on|10px|10px|10px|10px&#8221;]<\/p>\n<p>I would like to thank you here for the great help, flexible approach and conscientious work provided by You and your colleagues in the organisation and hosting of the events of Hungary&#8217;s EU Presidency in 2011.<\/p>\n<p>[\/et_pb_testimonial][\/et_pb_column][et_pb_column type=&#8221;1_3&#8243; _builder_version=&#8221;4.8.2&#8243; _module_preset=&#8221;default&#8221; animation_style=&#8221;fade&#8221;][et_pb_testimonial author=&#8221;Givaudan Finance Services&#8221; portrait_url=&#8221;https:\/\/hotelvisegrad.hu\/wp-content\/uploads\/konft1-scaled.jpg&#8221; quote_icon=&#8221;off&#8221; quote_icon_color=&#8221;#E14B3B&#8221; _builder_version=&#8221;4.8.2&#8243; _module_preset=&#8221;default&#8221; body_font=&#8221;|300|||||||&#8221; author_font=&#8221;|800|||||||&#8221; text_orientation=&#8221;center&#8221; border_radii=&#8221;on|10px|10px|10px|10px&#8221;]<\/p>\n<p>Thank you for the high quality services provided by You in our team building events. We got excellent feedback from our staff.<\/p>\n<p>[\/et_pb_testimonial][\/et_pb_column][\/et_pb_row][\/et_pb_section][et_pb_section fb_built=&#8221;1&#8243; _builder_version=&#8221;4.8.2&#8243; _module_preset=&#8221;default&#8221; background_image=&#8221;https:\/\/hotelvisegrad.hu\/wp-content\/uploads\/lt2.jpg&#8221; parallax=&#8221;on&#8221; parallax_method=&#8221;off&#8221;][et_pb_row column_structure=&#8221;1_2,1_2&#8243; _builder_version=&#8221;4.8.2&#8243; _module_preset=&#8221;default&#8221; background_color=&#8221;rgba(0,0,0,0.5)&#8221; custom_padding=&#8221;30px|30px|30px|30px|false|false&#8221; border_radii=&#8221;on|10px|10px|10px|10px&#8221;][et_pb_column type=&#8221;1_2&#8243; _builder_version=&#8221;4.8.2&#8243; _module_preset=&#8221;default&#8221;][et_pb_text _builder_version=&#8221;4.8.2&#8243; _module_preset=&#8221;default&#8221; text_font=&#8221;|300|||||||&#8221; text_text_color=&#8221;#FFFFFF&#8221; header_text_color=&#8221;#FFFFFF&#8221; header_2_text_color=&#8221;#FFFFFF&#8221; header_3_text_color=&#8221;#FFFFFF&#8221; text_orientation=&#8221;center&#8221;]<\/p>\n<h3 class=\"widget-title\">In the heart of Visegr\u00e1d<\/h3>\n<p>Our team building event venues are located only a few minutes away from each other and our hotel and spa are in the heart of Visegr\u00e1d. Therefore time will not be wasted on travel. If the laser tag battle is over at 3:30 pm, you can easily start the conference at 4 pm!<\/p>\n<p>[\/et_pb_text][\/et_pb_column][et_pb_column type=&#8221;1_2&#8243; _builder_version=&#8221;4.8.2&#8243; _module_preset=&#8221;default&#8221;][et_pb_text _builder_version=&#8221;4.8.2&#8243; _module_preset=&#8221;default&#8221; text_font=&#8221;|300|||||||&#8221; text_text_color=&#8221;#FFFFFF&#8221; header_3_text_color=&#8221;#FFFFFF&#8221; text_orientation=&#8221;center&#8221;]<\/p>\n<h3 class=\"widget-title\" style=\"text-align: center;\">The playground of Budapest<\/h3>\n<p>In the past 15 years Visegr\u00e1d has turned into a kind of cultural playground for Budapest and other bigger towns in the area. Slightly more than 40 kilometres (25 miles) away from Budapest this town has developed such a coherent touristic image that it attracts tens of thousands of people year after year. Visegr\u00e1d can be reached very quickly, still it is far enough from big cities.<\/p>\n<p>[\/et_pb_text][\/et_pb_column][\/et_pb_row][\/et_pb_section]<\/p>\n","protected":false},"excerpt":{"rendered":"<p>[et_pb_section fb_built=&#8221;1&#8243; fullwidth=&#8221;on&#8221; _builder_version=&#8221;4.9.1&#8243; _module_preset=&#8221;default&#8221; bottom_divider_style=&#8221;slant2&#8243; bottom_divider_color=&#8221;#FFFFFF&#8221; bottom_divider_height=&#8221;30px&#8221; hover_enabled=&#8221;0&#8243; sticky_enabled=&#8221;0&#8243; custom_padding=&#8221;||||false|false&#8221; custom_margin=&#8221;0px||||false|false&#8221;][et_pb_fullwidth_slider use_bg_overlay=&#8221;off&#8221; _builder_version=&#8221;4.8.2&#8243; _module_preset=&#8221;default&#8221; min_height=&#8221;700px&#8221; height=&#8221;700px&#8221; max_height=&#8221;700px&#8221; auto=&#8221;on&#8221; auto_ignore_hover=&#8221;on&#8221; custom_css_slide_description=&#8221;animation-name: none;&#8221; custom_css_slide_title=&#8221;animation-name: none;&#8221;][et_pb_slide heading=&#8221;Team Building &quot;Out of the Box&quot;&#8221; button_text=&#8221;Flawless event management&#8221; _builder_version=&#8221;4.8.2&#8243; _module_preset=&#8221;default&#8221; body_font=&#8221;|||on|||||&#8221; body_letter_spacing=&#8221;2px&#8221; background_enable_color=&#8221;off&#8221; background_image=&#8221;https:\/\/hotelvisegrad.hu\/wp-content\/uploads\/bhp_5373-Mega-scaled.jpg&#8221; background_enable_image=&#8221;on&#8221; parallax=&#8221;on&#8221; sticky_transition=&#8221;on&#8221;] Utmost spa care [\/et_pb_slide][et_pb_slide heading=&#8221;Team Building &quot;Out of the Box&quot;&#8221; button_text=&#8221;Flawless event management&#8221; [&hellip;]<\/p>\n","protected":false},"author":1,"featured_media":0,"parent":0,"menu_order":0,"comment_status":"closed","ping_status":"closed","template":"","meta":{"_et_pb_use_builder":"on","_et_pb_old_content":"","_et_gb_content_width":"","footnotes":""},"tags":[],"class_list":["post-16745","page","type-page","status-publish","hentry"],"_links":{"self":[{"href":"https:\/\/www.hotelvisegrad.hu\/en\/wp-json\/wp\/v2\/pages\/16745","targetHints":{"allow":["GET"]}}],"collection":[{"href":"https:\/\/www.hotelvisegrad.hu\/en\/wp-json\/wp\/v2\/pages"}],"about":[{"href":"https:\/\/www.hotelvisegrad.hu\/en\/wp-json\/wp\/v2\/types\/page"}],"author":[{"embeddable":true,"href":"https:\/\/www.hotelvisegrad.hu\/en\/wp-json\/wp\/v2\/users\/1"}],"replies":[{"embeddable":true,"href":"https:\/\/www.hotelvisegrad.hu\/en\/wp-json\/wp\/v2\/comments?post=16745"}],"version-history":[{"count":0,"href":"https:\/\/www.hotelvisegrad.hu\/en\/wp-json\/wp\/v2\/pages\/16745\/revisions"}],"wp:attachment":[{"href":"https:\/\/www.hotelvisegrad.hu\/en\/wp-json\/wp\/v2\/media?parent=16745"}],"wp:term":[{"taxonomy":"post_tag","embeddable":true,"href":"https:\/\/www.hotelvisegrad.hu\/en\/wp-json\/wp\/v2\/tags?post=16745"}],"curies":[{"name":"wp","href":"https:\/\/api.w.org\/{rel}","templated":true}]}}