{"id":16639,"date":"2021-03-22T16:01:31","date_gmt":"2021-03-22T16:01:31","guid":{"rendered":"https:\/\/www.hotelvisegrad.hu\/shuttle-bus\/"},"modified":"2021-03-22T16:01:33","modified_gmt":"2021-03-22T16:01:33","slug":"shuttle-bus","status":"publish","type":"page","link":"https:\/\/www.hotelvisegrad.hu\/en\/shuttle-bus\/","title":{"rendered":"Shuttle bus"},"content":{"rendered":"<p>[et_pb_section fb_built=&#8221;1&#8243; _builder_version=&#8221;4.9.0&#8243; _module_preset=&#8221;default&#8221; background_color=&#8221;rgba(0,0,0,0.38)&#8221; background_image=&#8221;https:\/\/www.hotelvisegrad.hu\/wp-content\/uploads\/IMG_0348-Nagy.jpg&#8221; background_blend=&#8221;overlay&#8221; hover_enabled=&#8221;0&#8243; title_text=&#8221;IMG_0348 (Nagy)&#8221; sticky_enabled=&#8221;0&#8243;][et_pb_row _builder_version=&#8221;4.8.2&#8243; _module_preset=&#8221;2c3722c0-227e-45c8-9254-97978a188986&#8243;][et_pb_column type=&#8221;4_4&#8243; _builder_version=&#8221;4.7.7&#8243; _module_preset=&#8221;default&#8221;][et_pb_text _builder_version=&#8221;4.9.0&#8243; _dynamic_attributes=&#8221;content&#8221; _module_preset=&#8221;1f2b3889-09d7-4ff7-aaf3-096c1a6cfa0c&#8221;]@ET-DC@eyJkeW5hbWljIjp0cnVlLCJjb250ZW50IjoicG9zdF90aXRsZSIsInNldHRpbmdzIjp7ImJlZm9yZSI6IjxoMj4iLCJhZnRlciI6IjxwPkhvdGVsIFZpc2Vnclx1MDBlMWQ8XC9wPiJ9fQ==@[\/et_pb_text][\/et_pb_column][\/et_pb_row][\/et_pb_section][et_pb_section fb_built=&#8221;1&#8243; admin_label=&#8221;BEVEZETO&#8221; _builder_version=&#8221;4.8.2&#8243; _module_preset=&#8221;f9b2cdd3-9ac0-4581-89f7-e7e554e9d175&#8243;][et_pb_row column_structure=&#8221;1_3,2_3&#8243; admin_label=&#8221;Introduction&#8221; _builder_version=&#8221;4.8.2&#8243; _module_preset=&#8221;fed426e6-f537-48f4-97e9-b84063a80258&#8243;][et_pb_column type=&#8221;1_3&#8243; _builder_version=&#8221;4.7.7&#8243; _module_preset=&#8221;default&#8221;][et_pb_text _builder_version=&#8221;4.9.0&#8243; _module_preset=&#8221;507aa6bb-b91c-403c-88ec-ac42b76b0ea6&#8243;]<\/p>\n<p>Our guests do not have to walk between event venues!<\/p>\n<p>[\/et_pb_text][\/et_pb_column][et_pb_column type=&#8221;2_3&#8243; _builder_version=&#8221;4.7.7&#8243; _module_preset=&#8221;default&#8221;][et_pb_text _builder_version=&#8221;4.9.0&#8243; _module_preset=&#8221;69fca1d7-0daf-4ccd-b4aa-49da36504dc9&#8243;]<\/p>\n<p>Our buses provide free of charge shuttle for our guests between the event venues (Renaissance Restaurant, Palotah\u00e1z) and Hotel Visegr\u00e1d. We also provide transfer to Visegr\u00e1d from anywhere in Hungary \u2013 request our offer if interested.<\/p>\n<p>[\/et_pb_text][\/et_pb_column][\/et_pb_row][\/et_pb_section][et_pb_section fb_built=&#8221;1&#8243; _builder_version=&#8221;4.8.2&#8243; _module_preset=&#8221;7e253fea-c59a-4f37-a193-1e54bf0da8d7&#8243;][et_pb_row _builder_version=&#8221;4.8.2&#8243; _module_preset=&#8221;3cfe1088-80ca-40b1-8845-48a273a22b5b&#8221;][et_pb_column type=&#8221;4_4&#8243; _builder_version=&#8221;4.7.7&#8243; _module_preset=&#8221;default&#8221;][et_pb_text module_class=&#8221;custom_bullets_wpcc custom_bullets_wpcc&#8211;check&#8221; _builder_version=&#8221;4.9.0&#8243; _module_preset=&#8221;f78023fd-2f77-4b07-956b-9e3e349e8143&#8243;]<\/p>\n<h4>Our fleet:<\/h4>\n<ul>\n<li>3 Mercedes Sprinters, passenger capacity: 18 people<\/li>\n<li>1 Mercedes Sprinter, passenger capacity: 21 people<\/li>\n<li>1 Mercedes Vito, passenger capacity: 9 people<\/li>\n<\/ul>\n<p>[\/et_pb_text][\/et_pb_column][\/et_pb_row][\/et_pb_section]<\/p>\n","protected":false},"excerpt":{"rendered":"<p>Our shuttle buses transfer our guests free of charge between our event venues, restaurants (Sir\u00e1ly Restaurant, Renaissance Restaurant, Palotah\u00e1z) and Hotel Visegr\u00e1d.<\/p>\n","protected":false},"author":1,"featured_media":16348,"parent":0,"menu_order":0,"comment_status":"closed","ping_status":"closed","template":"","meta":{"_et_pb_use_builder":"on","_et_pb_old_content":"","_et_gb_content_width":"","footnotes":""},"tags":[826],"class_list":["post-16639","page","type-page","status-publish","has-post-thumbnail","hentry","tag-team_building_events"],"_links":{"self":[{"href":"https:\/\/www.hotelvisegrad.hu\/en\/wp-json\/wp\/v2\/pages\/16639","targetHints":{"allow":["GET"]}}],"collection":[{"href":"https:\/\/www.hotelvisegrad.hu\/en\/wp-json\/wp\/v2\/pages"}],"about":[{"href":"https:\/\/www.hotelvisegrad.hu\/en\/wp-json\/wp\/v2\/types\/page"}],"author":[{"embeddable":true,"href":"https:\/\/www.hotelvisegrad.hu\/en\/wp-json\/wp\/v2\/users\/1"}],"replies":[{"embeddable":true,"href":"https:\/\/www.hotelvisegrad.hu\/en\/wp-json\/wp\/v2\/comments?post=16639"}],"version-history":[{"count":0,"href":"https:\/\/www.hotelvisegrad.hu\/en\/wp-json\/wp\/v2\/pages\/16639\/revisions"}],"wp:featuredmedia":[{"embeddable":true,"href":"https:\/\/www.hotelvisegrad.hu\/en\/wp-json\/wp\/v2\/media\/16348"}],"wp:attachment":[{"href":"https:\/\/www.hotelvisegrad.hu\/en\/wp-json\/wp\/v2\/media?parent=16639"}],"wp:term":[{"taxonomy":"post_tag","embeddable":true,"href":"https:\/\/www.hotelvisegrad.hu\/en\/wp-json\/wp\/v2\/tags?post=16639"}],"curies":[{"name":"wp","href":"https:\/\/api.w.org\/{rel}","templated":true}]}}