{"id":15720,"date":"2021-02-17T21:02:57","date_gmt":"2021-02-17T21:02:57","guid":{"rendered":"https:\/\/hotel-dev.visegradtours.hu\/sport-and-leisure\/bicycle-tour\/"},"modified":"2021-02-17T21:02:58","modified_gmt":"2021-02-17T21:02:58","slug":"bicycle-tour","status":"publish","type":"page","link":"https:\/\/www.hotelvisegrad.hu\/en\/sport-and-leisure\/bicycle-tour\/","title":{"rendered":"Bicycle tour"},"content":{"rendered":"<p>[et_pb_section fb_built=&#8221;1&#8243; _builder_version=&#8221;4.8.2&#8243; _module_preset=&#8221;default&#8221; background_color=&#8221;rgba(0,0,0,0.54)&#8221; background_image=&#8221;https:\/\/hotelvisegrad.hu\/wp-content\/uploads\/kerekpartura_fejlec.jpg&#8221; background_blend=&#8221;overlay&#8221;][et_pb_row _builder_version=&#8221;4.8.2&#8243; _module_preset=&#8221;2c3722c0-227e-45c8-9254-97978a188986&#8243;][et_pb_column type=&#8221;4_4&#8243; _builder_version=&#8221;4.7.7&#8243; _module_preset=&#8221;default&#8221;][et_pb_text _builder_version=&#8221;4.8.2&#8243; _dynamic_attributes=&#8221;content&#8221; _module_preset=&#8221;1f2b3889-09d7-4ff7-aaf3-096c1a6cfa0c&#8221;]@ET-DC@eyJkeW5hbWljIjp0cnVlLCJjb250ZW50IjoicG9zdF90aXRsZSIsInNldHRpbmdzIjp7ImJlZm9yZSI6IjxoMj4iLCJhZnRlciI6IjxwPjxcL3A+In19@[\/et_pb_text][\/et_pb_column][\/et_pb_row][\/et_pb_section][et_pb_section fb_built=&#8221;1&#8243; admin_label=&#8221;BEVEZETO&#8221; _builder_version=&#8221;4.8.2&#8243; _module_preset=&#8221;f9b2cdd3-9ac0-4581-89f7-e7e554e9d175&#8243;][et_pb_row column_structure=&#8221;1_3,2_3&#8243; admin_label=&#8221;Bevezeto&#8221; _builder_version=&#8221;4.8.2&#8243; _module_preset=&#8221;fed426e6-f537-48f4-97e9-b84063a80258&#8243;][et_pb_column type=&#8221;1_3&#8243; _builder_version=&#8221;4.7.7&#8243; _module_preset=&#8221;default&#8221;][et_pb_text _builder_version=&#8221;4.8.2&#8243; _module_preset=&#8221;507aa6bb-b91c-403c-88ec-ac42b76b0ea6&#8243;]<\/p>\n<p>On two wheels on a mountain valley in Pilis!<\/p>\n<p>[\/et_pb_text][\/et_pb_column][et_pb_column type=&#8221;2_3&#8243; _builder_version=&#8221;4.7.7&#8243; _module_preset=&#8221;default&#8221;][et_pb_text _builder_version=&#8221;4.8.2&#8243; _module_preset=&#8221;69fca1d7-0daf-4ccd-b4aa-49da36504dc9&#8243;]<\/p>\n<p>Visegr\u00e1d, as one of <strong>the<\/strong> <strong>centers of Pilis<\/strong>, is a popular destination not only for hikers, but also for cyclists.<br \/><strong>Our organized bicycle tours<\/strong> are available as a meaningful pastime for all our guests.<br \/>Turn up to Papr\u00e9t or Pilisszentl\u00e1szl\u00f3, or possibly to Dobog\u00f3k\u0151 with a bigger breath! Or look around on two wheels in the Citadel, possibly in the Tower of Solomon!<\/p>\n<p>[\/et_pb_text][\/et_pb_column][\/et_pb_row][\/et_pb_section][et_pb_section fb_built=&#8221;1&#8243; _builder_version=&#8221;4.8.2&#8243; _module_preset=&#8221;7e253fea-c59a-4f37-a193-1e54bf0da8d7&#8243;][et_pb_row _builder_version=&#8221;4.8.2&#8243; _module_preset=&#8221;3cfe1088-80ca-40b1-8845-48a273a22b5b&#8221;][et_pb_column type=&#8221;4_4&#8243; _builder_version=&#8221;4.7.7&#8243; _module_preset=&#8221;default&#8221;][et_pb_text module_class=&#8221;custom_bullets_wpcc custom_bullets_wpcc&#8211;check&#8221; _builder_version=&#8221;4.8.2&#8243; _module_preset=&#8221;f78023fd-2f77-4b07-956b-9e3e349e8143&#8243;]<\/p>\n<h4>Useful information:<\/h4>\n<ul>\n<li>Bicycle rental<\/li>\n<li>Guided tours on a pre-arranged route<\/li>\n<li>Of course, our bicycles can also be used for smaller Visegr\u00e1d tours<\/li>\n<\/ul>\n<p>[\/et_pb_text][\/et_pb_column][\/et_pb_row][et_pb_row _builder_version=&#8221;4.8.2&#8243; _module_preset=&#8221;13a72b84-e234-4972-81df-b4e0be256361&#8243;][et_pb_column type=&#8221;4_4&#8243; _builder_version=&#8221;4.7.7&#8243; _module_preset=&#8221;default&#8221; custom_padding=&#8221;||||false|false&#8221;][et_pb_gallery gallery_ids=&#8221;14135&#8243; posts_number=&#8221;100&#8243; _builder_version=&#8221;4.8.2&#8243; _module_preset=&#8221;74e179d2-2af1-40ae-9fca-d08f70d4060e&#8221;][\/et_pb_gallery][\/et_pb_column][\/et_pb_row][et_pb_row _builder_version=&#8221;4.7.7&#8243; _module_preset=&#8221;default&#8221;][et_pb_column type=&#8221;4_4&#8243; _builder_version=&#8221;4.7.7&#8243; _module_preset=&#8221;default&#8221;][et_pb_text _builder_version=&#8221;4.7.7&#8243; _module_preset=&#8221;default&#8221; header_text_color=&#8221;#ffffff&#8221; custom_margin=&#8221;||0px||false|false&#8221; custom_padding=&#8221;||0px||false|false&#8221;]<\/p>\n<h1 style=\"text-align: center;\">Find more Fun<\/h1>\n<p>[\/et_pb_text][et_pb_divider color=&#8221;#ffffff&#8221; _builder_version=&#8221;4.7.7&#8243; _module_preset=&#8221;32b62c33-a07b-4dd4-b207-3a5cce763cbb&#8221; min_height=&#8221;0px&#8221; height=&#8221;0px&#8221; max_height=&#8221;0px&#8221;][\/et_pb_divider][\/et_pb_column][\/et_pb_row][et_pb_row _builder_version=&#8221;4.8.2&#8243; _module_preset=&#8221;default&#8221; width=&#8221;100%&#8221; max_width=&#8221;100%&#8221;][et_pb_column type=&#8221;4_4&#8243; _builder_version=&#8221;4.7.7&#8243; _module_preset=&#8221;default&#8221;][et_pb_code _builder_version=&#8221;4.7.7&#8243; _module_preset=&#8221;default&#8221;]<div class=\"display-posts-listing grid\"><div class=\"listing-item\"><div class=\"dp-box\"><a class=\"image\" href=\"https:\/\/www.hotelvisegrad.hu\/en\/sport-and-leisure\/hiking-in-pilis-mountains\/\"><img loading=\"lazy\" decoding=\"async\" width=\"1024\" height=\"683\" src=\"https:\/\/www.hotelvisegrad.hu\/wp-content\/uploads\/IMG_6454-Edit-Edit-Nagy-1024x683.jpg\" class=\"attachment-large size-large wp-post-image\" alt=\"\" srcset=\"https:\/\/www.hotelvisegrad.hu\/wp-content\/uploads\/IMG_6454-Edit-Edit-Nagy-980x653.jpg 980w, https:\/\/www.hotelvisegrad.hu\/wp-content\/uploads\/IMG_6454-Edit-Edit-Nagy-480x320.jpg 480w\" sizes=\"(min-width: 0px) and (max-width: 480px) 480px, (min-width: 481px) and (max-width: 980px) 980px, (min-width: 981px) 1024px, 100vw\" \/><\/a> <a class=\"title\" href=\"https:\/\/www.hotelvisegrad.hu\/en\/sport-and-leisure\/hiking-in-pilis-mountains\/\">Hiking in Pilis Mountains<\/a><\/div><\/div><div class=\"listing-item\"><div class=\"dp-box\"><a class=\"image\" href=\"https:\/\/www.hotelvisegrad.hu\/en\/zugfozde-palinka-museum-2\/\"><img loading=\"lazy\" decoding=\"async\" width=\"1024\" height=\"682\" src=\"https:\/\/www.hotelvisegrad.hu\/wp-content\/uploads\/1-1-1024x682.jpg\" class=\"attachment-large size-large wp-post-image\" alt=\"\" srcset=\"https:\/\/www.hotelvisegrad.hu\/wp-content\/uploads\/1-1-980x652.jpg 980w, https:\/\/www.hotelvisegrad.hu\/wp-content\/uploads\/1-1-480x320.jpg 480w\" sizes=\"(min-width: 0px) and (max-width: 480px) 480px, (min-width: 481px) and (max-width: 980px) 980px, (min-width: 981px) 1024px, 100vw\" \/><\/a> <a class=\"title\" href=\"https:\/\/www.hotelvisegrad.hu\/en\/zugfozde-palinka-museum-2\/\">Zugfozde Palinka Museum<\/a><\/div><\/div><div class=\"listing-item\"><div class=\"dp-box\"><a class=\"image\" href=\"https:\/\/www.hotelvisegrad.hu\/en\/farmers-market\/\"><img loading=\"lazy\" decoding=\"async\" width=\"1024\" height=\"683\" src=\"https:\/\/www.hotelvisegrad.hu\/wp-content\/uploads\/raspberries-422979-Nagy-1024x683.jpg\" class=\"attachment-large size-large wp-post-image\" alt=\"\" srcset=\"https:\/\/www.hotelvisegrad.hu\/wp-content\/uploads\/raspberries-422979-Nagy-980x653.jpg 980w, https:\/\/www.hotelvisegrad.hu\/wp-content\/uploads\/raspberries-422979-Nagy-480x320.jpg 480w\" sizes=\"(min-width: 0px) and (max-width: 480px) 480px, (min-width: 481px) and (max-width: 980px) 980px, (min-width: 981px) 1024px, 100vw\" \/><\/a> <a class=\"title\" href=\"https:\/\/www.hotelvisegrad.hu\/en\/farmers-market\/\">Farmers&#8217; Market<\/a><\/div><\/div><div class=\"listing-item\"><div class=\"dp-box\"><a class=\"image\" href=\"https:\/\/www.hotelvisegrad.hu\/en\/gastro-experience\/dinner-cruise\/\"><img loading=\"lazy\" decoding=\"async\" width=\"1024\" height=\"683\" src=\"https:\/\/www.hotelvisegrad.hu\/wp-content\/uploads\/sh3-1024x683.jpg\" class=\"attachment-large size-large wp-post-image\" alt=\"\" srcset=\"https:\/\/www.hotelvisegrad.hu\/wp-content\/uploads\/sh3-1024x683.jpg 1024w, https:\/\/www.hotelvisegrad.hu\/wp-content\/uploads\/sh3-300x200.jpg 300w, https:\/\/www.hotelvisegrad.hu\/wp-content\/uploads\/sh3-768x512.jpg 768w, https:\/\/www.hotelvisegrad.hu\/wp-content\/uploads\/sh3-1536x1024.jpg 1536w, https:\/\/www.hotelvisegrad.hu\/wp-content\/uploads\/sh3-2048x1365.jpg 2048w, https:\/\/www.hotelvisegrad.hu\/wp-content\/uploads\/sh3-1080x720.jpg 1080w, https:\/\/www.hotelvisegrad.hu\/wp-content\/uploads\/sh3-1280x854.jpg 1280w, https:\/\/www.hotelvisegrad.hu\/wp-content\/uploads\/sh3-980x653.jpg 980w, https:\/\/www.hotelvisegrad.hu\/wp-content\/uploads\/sh3-480x320.jpg 480w\" sizes=\"(max-width: 1024px) 100vw, 1024px\" \/><\/a> <a class=\"title\" href=\"https:\/\/www.hotelvisegrad.hu\/en\/gastro-experience\/dinner-cruise\/\">Dinner &#038; cruise<\/a><\/div><\/div><div class=\"listing-item\"><div class=\"dp-box\"><a class=\"image\" href=\"https:\/\/www.hotelvisegrad.hu\/en\/gastro-experience\/\"><img loading=\"lazy\" decoding=\"async\" width=\"1024\" height=\"683\" src=\"https:\/\/www.hotelvisegrad.hu\/wp-content\/uploads\/gasztro-1024x683.jpg\" class=\"attachment-large size-large wp-post-image\" alt=\"\" srcset=\"https:\/\/www.hotelvisegrad.hu\/wp-content\/uploads\/gasztro-1024x683.jpg 1024w, https:\/\/www.hotelvisegrad.hu\/wp-content\/uploads\/gasztro-980x653.jpg 980w, https:\/\/www.hotelvisegrad.hu\/wp-content\/uploads\/gasztro-480x320.jpg 480w\" sizes=\"(min-width: 0px) and (max-width: 480px) 480px, (min-width: 481px) and (max-width: 980px) 980px, (min-width: 981px) 1024px, 100vw\" \/><\/a> <a class=\"title\" href=\"https:\/\/www.hotelvisegrad.hu\/en\/gastro-experience\/\">Gastro experience<\/a><\/div><\/div><div class=\"listing-item\"><div class=\"dp-box\"><a class=\"image\" href=\"https:\/\/www.hotelvisegrad.hu\/en\/sport-and-leisure\/bowling\/\"><img loading=\"lazy\" decoding=\"async\" width=\"1024\" height=\"683\" src=\"https:\/\/www.hotelvisegrad.hu\/wp-content\/uploads\/bowling-lista-1024x683.jpg\" class=\"attachment-large size-large wp-post-image\" alt=\"\" srcset=\"https:\/\/www.hotelvisegrad.hu\/wp-content\/uploads\/bowling-lista-1024x683.jpg 1024w, https:\/\/www.hotelvisegrad.hu\/wp-content\/uploads\/bowling-lista-980x653.jpg 980w, https:\/\/www.hotelvisegrad.hu\/wp-content\/uploads\/bowling-lista-480x320.jpg 480w\" sizes=\"(min-width: 0px) and (max-width: 480px) 480px, (min-width: 481px) and (max-width: 980px) 980px, (min-width: 981px) 1024px, 100vw\" \/><\/a> <a class=\"title\" href=\"https:\/\/www.hotelvisegrad.hu\/en\/sport-and-leisure\/bowling\/\">Bowling<\/a><\/div><\/div><div class=\"listing-item\"><div class=\"dp-box\"><a class=\"image\" href=\"https:\/\/www.hotelvisegrad.hu\/en\/sport-and-leisure\/\"><img loading=\"lazy\" decoding=\"async\" width=\"1024\" height=\"683\" src=\"https:\/\/www.hotelvisegrad.hu\/wp-content\/uploads\/kerekpartura_fejlec-1024x683.jpg\" class=\"attachment-large size-large wp-post-image\" alt=\"\" srcset=\"https:\/\/www.hotelvisegrad.hu\/wp-content\/uploads\/kerekpartura_fejlec-980x653.jpg 980w, https:\/\/www.hotelvisegrad.hu\/wp-content\/uploads\/kerekpartura_fejlec-480x320.jpg 480w\" sizes=\"(min-width: 0px) and (max-width: 480px) 480px, (min-width: 481px) and (max-width: 980px) 980px, (min-width: 981px) 1024px, 100vw\" \/><\/a> <a class=\"title\" href=\"https:\/\/www.hotelvisegrad.hu\/en\/sport-and-leisure\/\">Sport and leisure<\/a><\/div><\/div><div class=\"listing-item\"><div class=\"dp-box\"><a class=\"image\" href=\"https:\/\/www.hotelvisegrad.hu\/en\/walking-tour-in-the-royal-palace\/\"><img loading=\"lazy\" decoding=\"async\" width=\"1024\" height=\"683\" src=\"https:\/\/www.hotelvisegrad.hu\/wp-content\/uploads\/elmenysetafejlec-1024x683.jpg\" class=\"attachment-large size-large wp-post-image\" alt=\"\" srcset=\"https:\/\/www.hotelvisegrad.hu\/wp-content\/uploads\/elmenysetafejlec-1024x683.jpg 1024w, https:\/\/www.hotelvisegrad.hu\/wp-content\/uploads\/elmenysetafejlec-980x653.jpg 980w, https:\/\/www.hotelvisegrad.hu\/wp-content\/uploads\/elmenysetafejlec-480x320.jpg 480w\" sizes=\"(min-width: 0px) and (max-width: 480px) 480px, (min-width: 481px) and (max-width: 980px) 980px, (min-width: 981px) 1024px, 100vw\" \/><\/a> <a class=\"title\" href=\"https:\/\/www.hotelvisegrad.hu\/en\/walking-tour-in-the-royal-palace\/\">Walking tour in the Royal Palace<\/a><\/div><\/div><div class=\"listing-item\"><div class=\"dp-box\"><a class=\"image\" href=\"https:\/\/www.hotelvisegrad.hu\/en\/sightseeing-cruise-on-the-danube\/\"><img loading=\"lazy\" decoding=\"async\" width=\"1024\" height=\"683\" src=\"https:\/\/www.hotelvisegrad.hu\/wp-content\/uploads\/IMG_1235-Nagy-1024x683.jpg\" class=\"attachment-large size-large wp-post-image\" alt=\"\" srcset=\"https:\/\/www.hotelvisegrad.hu\/wp-content\/uploads\/IMG_1235-Nagy-980x653.jpg 980w, https:\/\/www.hotelvisegrad.hu\/wp-content\/uploads\/IMG_1235-Nagy-480x320.jpg 480w\" sizes=\"(min-width: 0px) and (max-width: 480px) 480px, (min-width: 481px) and (max-width: 980px) 980px, (min-width: 981px) 1024px, 100vw\" \/><\/a> <a class=\"title\" href=\"https:\/\/www.hotelvisegrad.hu\/en\/sightseeing-cruise-on-the-danube\/\">Sightseeing cruise on the Danube<\/a><\/div><\/div><div class=\"listing-item\"><div class=\"dp-box\"><a class=\"image\" href=\"https:\/\/www.hotelvisegrad.hu\/en\/bird-of-prey-tutorial\/\"><img loading=\"lazy\" decoding=\"async\" width=\"1024\" height=\"683\" src=\"https:\/\/www.hotelvisegrad.hu\/wp-content\/uploads\/rmb3-1024x683.jpg\" class=\"attachment-large size-large wp-post-image\" alt=\"\" srcset=\"https:\/\/www.hotelvisegrad.hu\/wp-content\/uploads\/rmb3-980x653.jpg 980w, https:\/\/www.hotelvisegrad.hu\/wp-content\/uploads\/rmb3-480x320.jpg 480w\" sizes=\"(min-width: 0px) and (max-width: 480px) 480px, (min-width: 481px) and (max-width: 980px) 980px, (min-width: 981px) 1024px, 100vw\" \/><\/a> <a class=\"title\" href=\"https:\/\/www.hotelvisegrad.hu\/en\/bird-of-prey-tutorial\/\">Birds of Prey Show<\/a><\/div><\/div><\/div>[\/et_pb_code][\/et_pb_column][\/et_pb_row][\/et_pb_section]<\/p>\n","protected":false},"excerpt":{"rendered":"<p>Visegr\u00e1d is a popular destination for hikers and bikers as well. Our organised bicycle tours are available for our guests, offering great amusement for them.<\/p>\n","protected":false},"author":1,"featured_media":14135,"parent":15697,"menu_order":0,"comment_status":"closed","ping_status":"closed","template":"","meta":{"_et_pb_use_builder":"on","_et_pb_old_content":"","_et_gb_content_width":"","footnotes":""},"tags":[800],"class_list":["post-15720","page","type-page","status-publish","has-post-thumbnail","hentry","tag-sport-and-leisure"],"_links":{"self":[{"href":"https:\/\/www.hotelvisegrad.hu\/en\/wp-json\/wp\/v2\/pages\/15720","targetHints":{"allow":["GET"]}}],"collection":[{"href":"https:\/\/www.hotelvisegrad.hu\/en\/wp-json\/wp\/v2\/pages"}],"about":[{"href":"https:\/\/www.hotelvisegrad.hu\/en\/wp-json\/wp\/v2\/types\/page"}],"author":[{"embeddable":true,"href":"https:\/\/www.hotelvisegrad.hu\/en\/wp-json\/wp\/v2\/users\/1"}],"replies":[{"embeddable":true,"href":"https:\/\/www.hotelvisegrad.hu\/en\/wp-json\/wp\/v2\/comments?post=15720"}],"version-history":[{"count":0,"href":"https:\/\/www.hotelvisegrad.hu\/en\/wp-json\/wp\/v2\/pages\/15720\/revisions"}],"up":[{"embeddable":true,"href":"https:\/\/www.hotelvisegrad.hu\/en\/wp-json\/wp\/v2\/pages\/15697"}],"wp:featuredmedia":[{"embeddable":true,"href":"https:\/\/www.hotelvisegrad.hu\/en\/wp-json\/wp\/v2\/media\/14135"}],"wp:attachment":[{"href":"https:\/\/www.hotelvisegrad.hu\/en\/wp-json\/wp\/v2\/media?parent=15720"}],"wp:term":[{"taxonomy":"post_tag","embeddable":true,"href":"https:\/\/www.hotelvisegrad.hu\/en\/wp-json\/wp\/v2\/tags?post=15720"}],"curies":[{"name":"wp","href":"https:\/\/api.w.org\/{rel}","templated":true}]}}