{"id":17733,"date":"2021-06-14T15:49:21","date_gmt":"2021-06-14T15:49:21","guid":{"rendered":"https:\/\/www.hotelvisegrad.hu\/ueber-das-hotel\/"},"modified":"2021-06-21T14:30:54","modified_gmt":"2021-06-21T14:30:54","slug":"ueber-das-hotel","status":"publish","type":"page","link":"https:\/\/www.hotelvisegrad.hu\/de\/ueber-das-hotel\/","title":{"rendered":"\u00dcber das Hotel"},"content":{"rendered":"<p>[et_pb_section fb_built=&#8220;1&#8243; _builder_version=&#8220;4.8.2&#8243; _dynamic_attributes=&#8220;background_image&#8220; _module_preset=&#8220;default&#8220; background_enable_color=&#8220;off&#8220; background_image=&#8220;@ET-DC@eyJkeW5hbWljIjp0cnVlLCJjb250ZW50IjoicG9zdF9mZWF0dXJlZF9pbWFnZSIsInNldHRpbmdzIjp7fX0=@&#8220;][et_pb_row _builder_version=&#8220;4.8.2&#8243; _module_preset=&#8220;2c3722c0-227e-45c8-9254-97978a188986&#8243;][et_pb_column type=&#8220;4_4&#8243; _builder_version=&#8220;4.8.2&#8243; _module_preset=&#8220;default&#8220;][et_pb_text _builder_version=&#8220;4.8.2&#8243; _dynamic_attributes=&#8220;content&#8220; _module_preset=&#8220;1f2b3889-09d7-4ff7-aaf3-096c1a6cfa0c&#8220;]@ET-DC@eyJkeW5hbWljIjp0cnVlLCJjb250ZW50IjoicG9zdF90aXRsZSIsInNldHRpbmdzIjp7ImJlZm9yZSI6IjxoMj48XC9oMj4iLCJhZnRlciI6IiZuYnNwO1xyXG5cclxuJm5ic3A7In19@[\/et_pb_text][\/et_pb_column][\/et_pb_row][\/et_pb_section][et_pb_section fb_built=&#8220;1&#8243; _builder_version=&#8220;4.9.0&#8243; _module_preset=&#8220;default&#8220; background_color=&#8220;#E14B3B&#8220; background_image=&#8220;https:\/\/hotelvisegrad.hu\/wp-content\/uploads\/hatter1-2.jpg&#8220; background_position=&#8220;bottom_center&#8220; custom_margin=&#8220;||||false|false&#8220; custom_padding=&#8220;||||false|false&#8220; bottom_divider_style=&#8220;slant2&#8243; bottom_divider_color=&#8220;#E14B3B&#8220;][et_pb_row _builder_version=&#8220;4.8.2&#8243; _module_preset=&#8220;default&#8220; custom_css_main_element=&#8220;||&#8220;][et_pb_column type=&#8220;4_4&#8243; _builder_version=&#8220;4.6.6&#8243; _module_preset=&#8220;default&#8220;][et_pb_text _builder_version=&#8220;4.6.6&#8243; _module_preset=&#8220;default&#8220;]Willkommen in dem Donauknie auf der Website des Hotels Visegr\u00e1d! Wir freuen uns, dass Sie uns bereits besucht haben, obwohl Sie sich vorerst in der Online-Welt befinden. Wir hoffen, dass Sie auf unserer Website Antworten auf alle Ihre Fragen zu unserem Hotel finden. Und wir hoffen Sie bald bei uns pers\u00f6nlich begr\u00fc\u00dfen zu k\u00f6nnen.[\/et_pb_text][\/et_pb_column][\/et_pb_row][et_pb_row column_structure=&#8220;1_2,1_2&#8243; _builder_version=&#8220;4.7.7&#8243; _module_preset=&#8220;default&#8220;][et_pb_column type=&#8220;1_2&#8243; _builder_version=&#8220;4.7.7&#8243; _module_preset=&#8220;default&#8220;][et_pb_text _builder_version=&#8220;4.7.7&#8243; _module_preset=&#8220;default&#8220; header_text_color=&#8220;#1c8b98&#8243;]<strong>Unsere Geschichte<\/strong>[\/et_pb_text][et_pb_text _builder_version=&#8220;4.7.7&#8243; _module_preset=&#8220;default&#8220;]Unser Hotel ist ein Familienunternehmen. Unsere Firma wurde 1983 von Tibor Zeller im Rahmen der Pacht des Sir\u00e1ly-Restaurants gegr\u00fcndet, das nach dem Regimewechsel w\u00e4hrend der Privatisierung unser Eigentum wurde.<\/p>\n<p>Der erste Fl\u00fcgel des Hotels Visegr\u00e1d wurde zwischen 1999 und 2001 f\u00fcr das Restaurant gebaut, erhielt jedoch seine heutige Form durch den Ausbau des zweiten Fl\u00fcgels, der 2011 fertiggestellt wurde. Wir warten derzeit auf unsere G\u00e4ste mit 73 Zimmern, einem Wellnessbereich, Kegelbahnen und Konferenzr\u00e4umen.[\/et_pb_text][\/et_pb_column][et_pb_column type=&#8220;1_2&#8243; _builder_version=&#8220;4.7.7&#8243; _module_preset=&#8220;default&#8220;][et_pb_text _builder_version=&#8220;4.8.2&#8243; _module_preset=&#8220;default&#8220; header_text_align=&#8220;right&#8220; header_text_color=&#8220;#1c8b98&#8243;]<strong>Warum gerade das Hotel Visegr\u00e1d?<\/strong>[\/et_pb_text][et_pb_text _builder_version=&#8220;4.7.7&#8243; _module_preset=&#8220;default&#8220;]In unseren Programmen und in all unseren Dienstleistungen legen wir gro\u00dfen Wert darauf, dass unsere Hotelg\u00e4ste die famili\u00e4re Atmosph\u00e4re sp\u00fcren, mit deren Hilfe eines der sch\u00f6nsten Hotels in Visegr\u00e1d h\u00e4tte gebaut werden k\u00f6nnen.<\/p>\n<p>Wir finden eine L\u00f6sung f\u00fcr jede Anfrage, die sich ergibt, sei es im Zusammenhang mit einer sinnvollen Freizeitgestaltung, n\u00e4chtlichem Wellness, Waldtouren, Flughafentransfer oder was auch immer.<\/p>\n<p>Da zu dieser Zeit alles mit einem Restaurant begann, ist der Geschmack unserer K\u00fcche weit vom \u00fcblichen \u201eHotel\u201c entfernt. Fast alle unsere G\u00e4ste heben die Spezialit\u00e4t unserer Gerichte hervor.<\/p>\n<p>Unser Unternehmen ist der bedeutendste Programmorganisator in der Stadt Visegr\u00e1d und bedient auch andere Attraktionen und besondere Orte, die nicht direkt mit dem Hotel verbunden sind. All dies ist nat\u00fcrlich in unser Hotelprogramm integriert, aber da es sich um unsere eigenen \u201eProdukte\u201c handelt, fallen im Preis nur minimale zus\u00e4tzliche Kosten an.<\/p>\n<p>In unseren Programmen und in all unseren Dienstleistungen legen wir gro\u00dfen Wert darauf, dass unsere Hotelg\u00e4ste die famili\u00e4re Atmosph\u00e4re sp\u00fcren, mit deren Hilfe eines der sch\u00f6nsten Hotels in Visegr\u00e1d h\u00e4tte gebaut werden k\u00f6nnen.<\/p>\n<p>Wir finden eine L\u00f6sung f\u00fcr jede Anfrage, die sich ergibt, sei es im Zusammenhang mit einer sinnvollen Freizeitgestaltung, n\u00e4chtlichem Wellness, Waldtouren, Flughafentransfer oder was auch immer.<\/p>\n<p>Da zu dieser Zeit alles mit einem Restaurant begann, ist der Geschmack unserer K\u00fcche weit vom \u00fcblichen \u201eHotel\u201c entfernt. Fast alle unsere G\u00e4ste heben die Spezialit\u00e4t unserer Gerichte hervor.<\/p>\n<p>Unser Unternehmen ist der bedeutendste Programmorganisator in der Stadt Visegr\u00e1d und bedient auch andere Attraktionen und besondere Orte, die nicht direkt mit dem Hotel verbunden sind. All dies ist nat\u00fcrlich in unser Hotelprogramm integriert, aber da es sich um unsere eigenen \u201eProdukte\u201c handelt, fallen im Preis nur minimale zus\u00e4tzliche Kosten an.[\/et_pb_text][\/et_pb_column][\/et_pb_row][\/et_pb_section][et_pb_section fb_built=&#8220;1&#8243; prev_background_color=&#8220;#E14B3B&#8220; _builder_version=&#8220;4.7.7&#8243; _module_preset=&#8220;3fa8defe-2d2f-4a33-af42-551e689078b5&#8243; top_divider_style=&#8220;none&#8220;][et_pb_row _builder_version=&#8220;4.7.7&#8243; _module_preset=&#8220;default&#8220;][et_pb_column type=&#8220;4_4&#8243; _builder_version=&#8220;4.7.7&#8243; _module_preset=&#8220;default&#8220;][et_pb_text _builder_version=&#8220;4.7.7&#8243; _module_preset=&#8220;default&#8220; text_font=&#8220;|700|||||||&#8220; text_text_color=&#8220;#ffffff&#8220; header_font=&#8220;|700|||||||&#8220; header_text_align=&#8220;center&#8220; header_text_color=&#8220;#ffffff&#8220;]<\/p>\n<h1><strong>Unsere Dienstleistungen<\/strong><\/h1>\n<p>[\/et_pb_text][\/et_pb_column][\/et_pb_row][et_pb_row column_structure=&#8220;2_3,1_3&#8243; use_custom_gutter=&#8220;on&#8220; gutter_width=&#8220;2&#8243; make_equal=&#8220;on&#8220; _builder_version=&#8220;4.7.7&#8243; _module_preset=&#8220;default&#8220;][et_pb_column type=&#8220;2_3&#8243; _builder_version=&#8220;4.6.6&#8243; _module_preset=&#8220;default&#8220;][et_pb_blurb title=&#8220;73 Zimmer&#8220; url=&#8220;https:\/\/www.hotelvisegrad.hu\/de\/zimmer\/&#8220; image=&#8220;https:\/\/hotelvisegrad.hu\/wp-content\/uploads\/2020\/12\/1_k.jpg&#8220; _builder_version=&#8220;4.7.7&#8243; _module_preset=&#8220;3d678457-c31c-4276-bf4c-3df7c9eca755&#8243; transform_translate_linked__hover=&#8220;off&#8220; link_option_url=&#8220;https:\/\/www.hotelvisegrad.hu\/de\/zimmer\/&#8220; transform_styles__hover_enabled=&#8220;on|hover&#8220; transform_scale__hover_enabled=&#8220;on|hover&#8220; transform_translate__hover_enabled=&#8220;on|desktop&#8220; transform_rotate__hover_enabled=&#8220;on|desktop&#8220; transform_skew__hover_enabled=&#8220;on|desktop&#8220; transform_origin__hover_enabled=&#8220;on|desktop&#8220;]Mit einem einzigartigen Blick auf die Zitadelle, die Donau oder den Hotelpark mit Pool[\/et_pb_blurb][et_pb_blurb title=&#8220;Au\u00dfen- und Innenpools&#8220; url=&#8220;https:\/\/www.hotelvisegrad.hu\/de\/wellness-verwoehnung\/&#8220; image=&#8220;https:\/\/hotelvisegrad.hu\/wp-content\/uploads\/IMG_1606-Nagy.jpg&#8220; _builder_version=&#8220;4.9.0&#8243; _module_preset=&#8220;3d678457-c31c-4276-bf4c-3df7c9eca755&#8243; link_option_url=&#8220;https:\/\/www.hotelvisegrad.hu\/de\/sport-und-freizeit\/tennis\/&#8220;]Beheizter Innenpool im Winter, Gartenpool mit Sonnenterrasse im Sommer[\/et_pb_blurb][et_pb_blurb title=&#8220;Erholung&#8220; url=&#8220;https:\/\/www.hotelvisegrad.hu\/de\/sport-und-freizeit\/bowling\/&#8220; image=&#8220;https:\/\/hotelvisegrad.hu\/wp-content\/uploads\/PIX_1887-Nagy.jpg&#8220; _builder_version=&#8220;4.7.7&#8243; _module_preset=&#8220;3d678457-c31c-4276-bf4c-3df7c9eca755&#8243; link_option_url=&#8220;https:\/\/www.hotelvisegrad.hu\/de\/sport-und-freizeit\/bowling\/&#8220;]Kegelbahn, Darts, Billard, Tischfu\u00dfball[\/et_pb_blurb][et_pb_blurb title=&#8220;Programmorganisation&#8220; url=&#8220;https:\/\/www.hotelvisegrad.hu\/de\/teambuilding-programme\/&#8220; image=&#8220;https:\/\/hotelvisegrad.hu\/wp-content\/uploads\/MG_2558-Nagy.jpg&#8220; _builder_version=&#8220;4.9.0&#8243; _module_preset=&#8220;3d678457-c31c-4276-bf4c-3df7c9eca755&#8243;]Sowohl f\u00fcr einzelne G\u00e4ste als auch f\u00fcr Gruppen[\/et_pb_blurb][et_pb_blurb title=&#8220;Konferenzr\u00e4ume&#8220; url=&#8220;https:\/\/www.hotelvisegrad.hu\/de\/konferenzraeume\/&#8220; image=&#8220;https:\/\/hotelvisegrad.hu\/wp-content\/uploads\/PIX_1828_3_2-Nagy.jpg&#8220; _builder_version=&#8220;4.9.0&#8243; _module_preset=&#8220;3d678457-c31c-4276-bf4c-3df7c9eca755&#8243;]ab 10 bis 150 Personen[\/et_pb_blurb][\/et_pb_column][et_pb_column type=&#8220;1_3&#8243; _builder_version=&#8220;4.6.6&#8243; _module_preset=&#8220;default&#8220;][et_pb_blurb title=&#8220;Wellnessbereich&#8220; url=&#8220;https:\/\/www.hotelvisegrad.hu\/de\/wellness-verwoehnung\/&#8220; image=&#8220;https:\/\/hotelvisegrad.hu\/wp-content\/uploads\/PIX_2219-Nagy.jpg&#8220; _builder_version=&#8220;4.7.7&#8243; _module_preset=&#8220;3d678457-c31c-4276-bf4c-3df7c9eca755&#8243; link_option_url=&#8220;https:\/\/www.hotelvisegrad.hu\/de\/wellness-verwoehnung\/&#8220;]Au\u00dfen- und Innenpools, Saunen, Whirlpool, Solarium, Massage[\/et_pb_blurb][et_pb_blurb title=&#8220;Die Bar Corvin&#8220; image=&#8220;https:\/\/hotelvisegrad.hu\/wp-content\/uploads\/PIX_5534-Nagy.jpg&#8220; _builder_version=&#8220;4.7.7&#8243; _module_preset=&#8220;3d678457-c31c-4276-bf4c-3df7c9eca755&#8243;]Getr\u00e4nke mit Cocktails erhalten Sie auch im Wellnessbereich[\/et_pb_blurb][et_pb_blurb title=&#8220;Freizeitdienstleistungen&#8220; url=&#8220;https:\/\/www.hotelvisegrad.hu\/de\/sport-und-freizeit\/&#8220; image=&#8220;https:\/\/hotelvisegrad.hu\/wp-content\/uploads\/IMG_6481-Edit-Nagy.jpg&#8220; _builder_version=&#8220;4.9.0&#8243; _module_preset=&#8220;3d678457-c31c-4276-bf4c-3df7c9eca755&#8243; link_option_url=&#8220;https:\/\/www.hotelvisegrad.hu\/de\/sport-und-freizeit\/&#8220;]Wandern im Pilis-Gebirge, Radtouren, Golf, Sportplatz[\/et_pb_blurb][et_pb_blurb title=&#8220;Kostenfreies WLAN&#8220; image=&#8220;https:\/\/hotelvisegrad.hu\/wp-content\/uploads\/IMG_0072-Nagy.jpg&#8220; _builder_version=&#8220;4.7.7&#8243; _module_preset=&#8220;3d678457-c31c-4276-bf4c-3df7c9eca755&#8243;]Kostenloser Breitband-Internetzugang ist im gesamten Hotel verf\u00fcgbar.[\/et_pb_blurb][et_pb_blurb title=&#8220;Kostenloser Transfer&#8220; url=&#8220;https:\/\/www.hotelvisegrad.hu\/de\/bustransfer\/&#8220; image=&#8220;https:\/\/hotelvisegrad.hu\/wp-content\/uploads\/IMG_0346-Nagy.jpg&#8220; _builder_version=&#8220;4.9.0&#8243; _module_preset=&#8220;3d678457-c31c-4276-bf4c-3df7c9eca755&#8243; link_option_url=&#8220;https:\/\/www.hotelvisegrad.hu\/de\/bustransfer\/&#8220;]Wir stellen unseren G\u00e4sten kostenlose Busse zu unseren Programmen zur Verf\u00fcgung.[\/et_pb_blurb][et_pb_blurb title=&#8220;Sandtennispl\u00e4tze&#8220; url=&#8220;https:\/\/www.hotelvisegrad.hu\/de\/sport-und-freizeit\/tennis\/&#8220; image=&#8220;https:\/\/hotelvisegrad.hu\/wp-content\/uploads\/2020\/12\/12_1200.jpg&#8220; _builder_version=&#8220;4.9.0&#8243; _module_preset=&#8220;3d678457-c31c-4276-bf4c-3df7c9eca755&#8243; link_option_url=&#8220;https:\/\/www.hotelvisegrad.hu\/de\/sport-und-freizeit\/tennis\/&#8220;]In der N\u00e4he des K\u00f6nigspalastes, 400 Meter vom Hotel entfernt, kostenlos f\u00fcr unsere G\u00e4ste![\/et_pb_blurb][\/et_pb_column][\/et_pb_row][\/et_pb_section][et_pb_section fb_built=&#8220;1&#8243; fullwidth=&#8220;on&#8220; _builder_version=&#8220;4.8.2&#8243; _module_preset=&#8220;default&#8220;][et_pb_fullwidth_header title=&#8220;Das Hotel Visegr\u00e1d ist mehr als ein Hotel &#8230;&#8220; text_orientation=&#8220;center&#8220; background_overlay_color=&#8220;rgba(0,0,0,0.5)&#8220; _builder_version=&#8220;4.8.2&#8243; _module_preset=&#8220;default&#8220; title_text_align=&#8220;center&#8220; background_enable_color=&#8220;off&#8220; background_image=&#8220;https:\/\/hotelvisegrad.hu\/wp-content\/uploads\/IMG_0065-Mega-scaled.jpg&#8220; parallax=&#8220;on&#8220; height=&#8220;600px&#8220;]Nicht nur ein Hotelzimmer, sondern auch bunte Programme, und damit bieten wir auch besondere Erlebnisse f\u00fcr die hier verbrachte Zeit!<\/p>\n<p>Verbringen Sie ein paar Tage oder sogar nur einen Abend im Herzen des Donauknie und w\u00e4hlen Sie das Hotel Visegr\u00e1d, den Visegr\u00e1der-Ursprung der Erlebnisse!<\/p>\n<p>Wir garantieren Ihnen, dass Sie sich nicht langweilen werden![\/et_pb_fullwidth_header][\/et_pb_section][et_pb_section fb_built=&#8220;1&#8243; _builder_version=&#8220;4.9.0&#8243; _module_preset=&#8220;b14a6ec7-be40-4029-bda1-964dfbab051b&#8220; parallax=&#8220;on&#8220;][et_pb_row _builder_version=&#8220;4.7.7&#8243; _module_preset=&#8220;default&#8220; custom_padding=&#8220;50px||||false|false&#8220;][et_pb_column type=&#8220;4_4&#8243; _builder_version=&#8220;4.7.7&#8243; _module_preset=&#8220;default&#8220;][et_pb_text _builder_version=&#8220;4.7.7&#8243; _module_preset=&#8220;default&#8220; header_text_color=&#8220;#1c8b98&#8243; custom_margin=&#8220;||0px||false|false&#8220; custom_padding=&#8220;||0px||false|false&#8220;]<\/p>\n<h1><strong>Buchen Sie online mit den folgenden Vorteilen<\/strong><\/h1>\n<p>[\/et_pb_text][et_pb_divider color=&#8220;#1c8b98&#8243; divider_weight=&#8220;2px&#8220; _builder_version=&#8220;4.9.0&#8243; _module_preset=&#8220;default&#8220; width=&#8220;20%&#8220; module_alignment=&#8220;center&#8220; animation_style=&#8220;slide&#8220; animation_direction=&#8220;left&#8220;][\/et_pb_divider][\/et_pb_column][\/et_pb_row][et_pb_row column_structure=&#8220;1_2,1_2&#8243; _builder_version=&#8220;4.7.7&#8243; _module_preset=&#8220;default&#8220;][et_pb_column type=&#8220;1_2&#8243; _builder_version=&#8220;4.7.7&#8243; _module_preset=&#8220;default&#8220;][et_pb_blurb title=&#8220;Bester Preis garantiert!&#8220; use_icon=&#8220;on&#8220; font_icon=&#8220;%%280%%&#8220; icon_color=&#8220;#1c8b98&#8243; _builder_version=&#8220;4.7.7&#8243; _module_preset=&#8220;default&#8220; text_orientation=&#8220;center&#8220;][\/et_pb_blurb][\/et_pb_column][et_pb_column type=&#8220;1_2&#8243; _builder_version=&#8220;4.7.7&#8243; _module_preset=&#8220;default&#8220;][et_pb_blurb title=&#8220;Bunte Programme&#8220; use_icon=&#8220;on&#8220; font_icon=&#8220;%%237%%&#8220; icon_color=&#8220;#1c8b98&#8243; _builder_version=&#8220;4.7.7&#8243; _module_preset=&#8220;default&#8220; text_orientation=&#8220;center&#8220;][\/et_pb_blurb][\/et_pb_column][\/et_pb_row][et_pb_row column_structure=&#8220;1_2,1_2&#8243; make_equal=&#8220;on&#8220; _builder_version=&#8220;4.7.7&#8243; _module_preset=&#8220;default&#8220;][et_pb_column type=&#8220;1_2&#8243; _builder_version=&#8220;4.7.7&#8243; _module_preset=&#8220;default&#8220;][et_pb_cta title=&#8220;Reservierung&#8220; button_url=&#8220;https:\/\/www.hotelvisegrad.hu\/foglalas\/&#8220; button_text=&#8220;Preisberechnung und Buchung&#8220; _builder_version=&#8220;4.7.7&#8243; _module_preset=&#8220;default&#8220; background_color=&#8220;#1c8b98&#8243;]Berechnen und buchen Sie Ihren Urlaub online mit sofortiger Best\u00e4tigung in wenigen Schritten und in nur 2 Minuten!<br \/>\n[\/et_pb_cta][\/et_pb_column][et_pb_column type=&#8220;1_2&#8243; _builder_version=&#8220;4.7.7&#8243; _module_preset=&#8220;default&#8220;][et_pb_cta title=&#8220;Angebot Anfrage&#8220; button_url=&#8220;https:\/\/www.hotelvisegrad.hu\/ajanlatkeres\/&#8220; button_text=&#8220;Angebot Anfrage&#8220; _builder_version=&#8220;4.7.7&#8243; _module_preset=&#8220;default&#8220; background_color=&#8220;#1c8b98&#8243; link_option_url=&#8220;\/ajanlatkeres\/&#8220;]Fragen Sie einfach in wenigen Augenblicken nach unserem Angebot!\u00a0Wir senden Ihnen sp\u00e4testens innerhalb von 24 Stunden unser pers\u00f6nliches Preisangebot zu!<br \/>\n[\/et_pb_cta][\/et_pb_column][\/et_pb_row][\/et_pb_section]<\/p>\n","protected":false},"excerpt":{"rendered":"<p>Das Hotel Visegr\u00e1d.  Ein familienfreundliches Hotel.<\/p>\n","protected":false},"author":2,"featured_media":13804,"parent":0,"menu_order":0,"comment_status":"closed","ping_status":"closed","template":"","meta":{"_et_pb_use_builder":"on","_et_pb_old_content":"","_et_gb_content_width":"","footnotes":""},"tags":[],"class_list":["post-17733","page","type-page","status-publish","has-post-thumbnail","hentry"],"_links":{"self":[{"href":"https:\/\/www.hotelvisegrad.hu\/de\/wp-json\/wp\/v2\/pages\/17733","targetHints":{"allow":["GET"]}}],"collection":[{"href":"https:\/\/www.hotelvisegrad.hu\/de\/wp-json\/wp\/v2\/pages"}],"about":[{"href":"https:\/\/www.hotelvisegrad.hu\/de\/wp-json\/wp\/v2\/types\/page"}],"author":[{"embeddable":true,"href":"https:\/\/www.hotelvisegrad.hu\/de\/wp-json\/wp\/v2\/users\/2"}],"replies":[{"embeddable":true,"href":"https:\/\/www.hotelvisegrad.hu\/de\/wp-json\/wp\/v2\/comments?post=17733"}],"version-history":[{"count":0,"href":"https:\/\/www.hotelvisegrad.hu\/de\/wp-json\/wp\/v2\/pages\/17733\/revisions"}],"wp:featuredmedia":[{"embeddable":true,"href":"https:\/\/www.hotelvisegrad.hu\/de\/wp-json\/wp\/v2\/media\/13804"}],"wp:attachment":[{"href":"https:\/\/www.hotelvisegrad.hu\/de\/wp-json\/wp\/v2\/media?parent=17733"}],"wp:term":[{"taxonomy":"post_tag","embeddable":true,"href":"https:\/\/www.hotelvisegrad.hu\/de\/wp-json\/wp\/v2\/tags?post=17733"}],"curies":[{"name":"wp","href":"https:\/\/api.w.org\/{rel}","templated":true}]}}