{"id":17625,"date":"2021-06-08T17:00:10","date_gmt":"2021-06-08T17:00:10","guid":{"rendered":"https:\/\/www.hotelvisegrad.hu\/treueprogramm\/"},"modified":"2021-06-08T17:00:12","modified_gmt":"2021-06-08T17:00:12","slug":"treueprogramm","status":"publish","type":"page","link":"https:\/\/www.hotelvisegrad.hu\/de\/treueprogramm\/","title":{"rendered":"Treueprogramm"},"content":{"rendered":"<p>[et_pb_section fb_built=&#8220;1&#8243; admin_label=&#8220;FEJLEC&#8220; _builder_version=&#8220;4.9.0&#8243; _dynamic_attributes=&#8220;background_image&#8220; _module_preset=&#8220;default&#8220; background_enable_color=&#8220;off&#8220; background_image=&#8220;@ET-DC@eyJkeW5hbWljIjp0cnVlLCJjb250ZW50IjoicG9zdF9mZWF0dXJlZF9pbWFnZSIsInNldHRpbmdzIjp7fX0=@&#8220;][et_pb_row _builder_version=&#8220;4.8.2&#8243; _module_preset=&#8220;2c3722c0-227e-45c8-9254-97978a188986&#8243;][et_pb_column type=&#8220;4_4&#8243; _builder_version=&#8220;4.7.7&#8243; _module_preset=&#8220;default&#8220;][et_pb_text _builder_version=&#8220;4.9.0&#8243; _dynamic_attributes=&#8220;content&#8220; _module_preset=&#8220;1f2b3889-09d7-4ff7-aaf3-096c1a6cfa0c&#8220;]@ET-DC@eyJkeW5hbWljIjp0cnVlLCJjb250ZW50IjoicG9zdF90aXRsZSIsInNldHRpbmdzIjp7ImJlZm9yZSI6IjxoMj4iLCJhZnRlciI6IiZuYnNwO1xyXG5cclxuJm5ic3A7In19@[\/et_pb_text][\/et_pb_column][\/et_pb_row][\/et_pb_section][et_pb_section fb_built=&#8220;1&#8243; admin_label=&#8220;BEVEZETO&#8220; _builder_version=&#8220;4.8.2&#8243; _module_preset=&#8220;f9b2cdd3-9ac0-4581-89f7-e7e554e9d175&#8243;][et_pb_row column_structure=&#8220;1_3,2_3&#8243; admin_label=&#8220;Einfuhrung&#8220; _builder_version=&#8220;4.8.2&#8243; _module_preset=&#8220;fed426e6-f537-48f4-97e9-b84063a80258&#8243;][et_pb_column type=&#8220;1_3&#8243; _builder_version=&#8220;4.7.7&#8243; _module_preset=&#8220;default&#8220;][et_pb_text _builder_version=&#8220;4.9.0&#8243; _module_preset=&#8220;507aa6bb-b91c-403c-88ec-ac42b76b0ea6&#8243; hover_enabled=&#8220;0&#8243; sticky_enabled=&#8220;0&#8243;]Seien Sie auch ein Mitglied dieser gro\u00dfartigen Familie!<\/p>\n<p>&nbsp;[\/et_pb_text][\/et_pb_column][et_pb_column type=&#8220;2_3&#8243; _builder_version=&#8220;4.7.7&#8243; _module_preset=&#8220;default&#8220;][et_pb_text _builder_version=&#8220;4.9.0&#8243; _module_preset=&#8220;69fca1d7-0daf-4ccd-b4aa-49da36504dc9&#8243; hover_enabled=&#8220;0&#8243; sticky_enabled=&#8220;0&#8243;]Unser Unternehmen ist seit 1982 als Familienunternehmen t\u00e4tig und bietet all unseren lieben G\u00e4sten eine heimelige Umgebung, eine freundliche, heimelige Atmosph\u00e4re und Service! Wir m\u00f6chten Ihr Vertrauen und Ihre Treue zu unserem Hotel belohnen, deshalb haben wir unseren G\u00e4sten das Treueprogramm zusammengestellt![\/et_pb_text][\/et_pb_column][\/et_pb_row][\/et_pb_section][et_pb_section fb_built=&#8220;1&#8243; _builder_version=&#8220;4.8.2&#8243; _module_preset=&#8220;7e253fea-c59a-4f37-a193-1e54bf0da8d7&#8243;][et_pb_row _builder_version=&#8220;4.8.2&#8243; _module_preset=&#8220;3cfe1088-80ca-40b1-8845-48a273a22b5b&#8220;][et_pb_column type=&#8220;4_4&#8243; _builder_version=&#8220;4.7.7&#8243; _module_preset=&#8220;default&#8220;][et_pb_text module_class=&#8220;custom_bullets_wpcc custom_bullets_wpcc&#8211;check&#8220; _builder_version=&#8220;4.9.0&#8243; _module_preset=&#8220;f78023fd-2f77-4b07-956b-9e3e349e8143&#8243; hover_enabled=&#8220;0&#8243; sticky_enabled=&#8220;0&#8243;]<strong>Der Rabatt f\u00fcr treue G\u00e4ste wird aus den aktuellen Tages- und Paketpreisen berechnet.<\/strong><\/p>\n<ul>\n<li>Wenn Sie bereits mindestens<strong> 3 x 2 N\u00e4chte (innerhalb von 5 Jahren)<\/strong> in unserem Hotel verbracht haben, gew\u00e4hren wir Ihnen bei Ihrer n\u00e4chsten Buchung einen <strong>Rabatt von 5%<\/strong> auf unsere Paketpreise oder Tagespreise.<\/li>\n<li>Wenn Sie bereits mindestens <strong>5 x 2 N\u00e4chte (innerhalb von 5 Jahren)<\/strong> in unserem Hotel verbracht haben, gew\u00e4hren wir Ihnen bei Ihrer n\u00e4chsten Buchung einen <strong>Rabatt von 7%<\/strong> auf unsere Paketpreise oder Tagespreise.<\/li>\n<li>Wenn Sie bereits mindestens<strong> 10 x 2 N\u00e4chte (innerhalb von 5 Jahren)<\/strong> in unserem Hotel verbracht haben, gew\u00e4hren wir Ihnen bei Ihrer n\u00e4chsten Buchung einen <strong>Rabatt von 10%<\/strong> auf unsere Paketpreise oder Tagespreise.<\/li>\n<\/ul>\n<p><strong>Wie kann man zum Stammkunden werden?<\/strong><\/p>\n<p>Nach Ihrem 3. Aufenthalt in unserem Hotel haben Sie das Recht, den Status eines Stammgastes zu beantragen. Dies k\u00f6nnen Sie tun, indem Sie das ausgef\u00fcllte Formular vor Ort einreichen, oder Sie k\u00f6nnen das Formular hier herunterladen, und das an unsere Adresse <a href=\"mailto:info@hotelvisegrad.hu\">info@hotelvisegrad.hu<\/a> gesendet werden sollte.[\/et_pb_text][\/et_pb_column][\/et_pb_row][\/et_pb_section][et_pb_section fb_built=&#8220;1&#8243; _builder_version=&#8220;4.9.0&#8243; _module_preset=&#8220;default&#8220; top_divider_style=&#8220;slant2&#8243; top_divider_height=&#8220;30px&#8220; top_divider_color=&#8220;#e14b3b&#8220; hover_enabled=&#8220;0&#8243; sticky_enabled=&#8220;0&#8243;][et_pb_row _builder_version=&#8220;4.9.0&#8243; _module_preset=&#8220;default&#8220;][et_pb_column _builder_version=&#8220;4.9.0&#8243; _module_preset=&#8220;default&#8220; type=&#8220;4_4&#8243;][et_pb_text _builder_version=&#8220;4.9.0&#8243; _module_preset=&#8220;default&#8220; header_text_align=&#8220;center&#8220; header_2_text_align=&#8220;center&#8220; hover_enabled=&#8220;0&#8243; sticky_enabled=&#8220;0&#8243; header_text_color=&#8220;#474747&#8243; header_2_text_color=&#8220;#474747&#8243; custom_padding=&#8220;||0px||false|false&#8220; custom_margin=&#8220;||0px||false|false&#8220;]<\/p>\n<h2><strong>Allgemeine Bedingungen unseres Stammgastprogramms<\/strong><\/h2>\n<p>[\/et_pb_text][et_pb_divider _builder_version=&#8220;4.9.0&#8243; _module_preset=&#8220;default&#8220; divider_weight=&#8220;2px&#8220; color=&#8220;#1c8b98&#8243; module_alignment=&#8220;center&#8220; hover_enabled=&#8220;0&#8243; sticky_enabled=&#8220;0&#8243; custom_margin=&#8220;0px||||false|false&#8220; custom_padding=&#8220;0px||||false|false&#8220;][\/et_pb_divider][et_pb_text _builder_version=&#8220;4.9.0&#8243; _module_preset=&#8220;default&#8220; hover_enabled=&#8220;0&#8243; sticky_enabled=&#8220;0&#8243; module_class=&#8220;custom_bullets_wpcc custom_bullets_wpcc&#8211;check&#8220;]Die Erm\u00e4\u00dfigungen des Stammgastprogramms k\u00f6nnen von unseren einzelnen G\u00e4sten nur genutzt werden, wenn ihre Reservierung direkt online \u00fcber www.hotelvisegrad.hu oder telefonisch (+36 26 397 034) oder per E-Mail an unser Hotel <a href=\"mailto:info@hotelvisegrad.hu\">info@hotelvisegrad.hu<\/a> \u00fcbermittelt wurde.<\/p>\n<ul>\n<li>Der Rabatt f\u00fcr Stammg\u00e4ste kann nur vom Stammgast und seinen Begleitern in einem Zimmer genutzt werden. (Der Stammgast muss ebenfalls anwesend sein, um vom Rabatt zu profitieren). Es kann maximal ein Zimmer gleichzeitig zu einem erm\u00e4\u00dfigten Preis gebucht werden.<\/li>\n<li>Der Stammgastrabatt kann nicht mit einem zus\u00e4tzlichen Rabatt kombiniert werden<\/li>\n<li>Bitte geben Sie bei der n\u00e4chsten Buchung Ihre Absicht an den Rabatt zu nutzen, damit wir die H\u00f6he des Rabatts bestimmen k\u00f6nnen.<\/li>\n<li>Bitte beachten Sie, dass die Buchung immer im Namen des Stammgastes erfolgt<\/li>\n<li>Wenn Sie bereits eine Stammgastkarte haben, geben Sie bitte bei der Buchung die Kartennummer an, damit wir Sie als unseren Stammgast identifizieren k\u00f6nnen<\/li>\n<\/ul>\n<p>[\/et_pb_text][\/et_pb_column][\/et_pb_row][\/et_pb_section]<\/p>\n","protected":false},"excerpt":{"rendered":"<p>Seien Sie auch ein Mitglied dieser gro\u00dfartigen Familie! &nbsp;Unser Unternehmen ist seit 1982 als Familienunternehmen t\u00e4tig und bietet all unseren lieben G\u00e4sten eine heimelige Umgebung, eine freundliche, heimelige Atmosph\u00e4re und Service! Wir m\u00f6chten Ihr Vertrauen und Ihre Treue zu unserem Hotel belohnen, deshalb haben wir unseren G\u00e4sten das Treueprogramm zusammengestellt!Der Rabatt f\u00fcr treue G\u00e4ste wird [&hellip;]<\/p>\n","protected":false},"author":2,"featured_media":15954,"parent":0,"menu_order":0,"comment_status":"closed","ping_status":"closed","template":"","meta":{"_et_pb_use_builder":"on","_et_pb_old_content":"","_et_gb_content_width":"","footnotes":""},"tags":[],"class_list":["post-17625","page","type-page","status-publish","has-post-thumbnail","hentry"],"_links":{"self":[{"href":"https:\/\/www.hotelvisegrad.hu\/de\/wp-json\/wp\/v2\/pages\/17625","targetHints":{"allow":["GET"]}}],"collection":[{"href":"https:\/\/www.hotelvisegrad.hu\/de\/wp-json\/wp\/v2\/pages"}],"about":[{"href":"https:\/\/www.hotelvisegrad.hu\/de\/wp-json\/wp\/v2\/types\/page"}],"author":[{"embeddable":true,"href":"https:\/\/www.hotelvisegrad.hu\/de\/wp-json\/wp\/v2\/users\/2"}],"replies":[{"embeddable":true,"href":"https:\/\/www.hotelvisegrad.hu\/de\/wp-json\/wp\/v2\/comments?post=17625"}],"version-history":[{"count":0,"href":"https:\/\/www.hotelvisegrad.hu\/de\/wp-json\/wp\/v2\/pages\/17625\/revisions"}],"wp:featuredmedia":[{"embeddable":true,"href":"https:\/\/www.hotelvisegrad.hu\/de\/wp-json\/wp\/v2\/media\/15954"}],"wp:attachment":[{"href":"https:\/\/www.hotelvisegrad.hu\/de\/wp-json\/wp\/v2\/media?parent=17625"}],"wp:term":[{"taxonomy":"post_tag","embeddable":true,"href":"https:\/\/www.hotelvisegrad.hu\/de\/wp-json\/wp\/v2\/tags?post=17625"}],"curies":[{"name":"wp","href":"https:\/\/api.w.org\/{rel}","templated":true}]}}