{"id":17582,"date":"2021-06-05T16:49:12","date_gmt":"2021-06-05T16:49:12","guid":{"rendered":"https:\/\/www.hotelvisegrad.hu\/teambuilding-programme\/"},"modified":"2021-06-21T13:16:39","modified_gmt":"2021-06-21T13:16:39","slug":"teambuilding-programme","status":"publish","type":"page","link":"https:\/\/www.hotelvisegrad.hu\/de\/teambuilding-programme\/","title":{"rendered":"Teambuilding-Programme"},"content":{"rendered":"<p>[et_pb_section fb_built=&#8220;1&#8243; fullwidth=&#8220;on&#8220; _builder_version=&#8220;4.9.1&#8243; _module_preset=&#8220;default&#8220; bottom_divider_style=&#8220;slant2&#8243; bottom_divider_color=&#8220;#FFFFFF&#8220; bottom_divider_height=&#8220;30px&#8220; hover_enabled=&#8220;0&#8243; sticky_enabled=&#8220;0&#8243; custom_padding=&#8220;||||false|false&#8220; custom_margin=&#8220;0px||||false|false&#8220;][et_pb_fullwidth_slider use_bg_overlay=&#8220;off&#8220; _builder_version=&#8220;4.8.2&#8243; _module_preset=&#8220;default&#8220; min_height=&#8220;700px&#8220; height=&#8220;700px&#8220; max_height=&#8220;700px&#8220; auto=&#8220;on&#8220; auto_ignore_hover=&#8220;on&#8220; custom_css_slide_description=&#8220;animation-name: none;&#8220; custom_css_slide_title=&#8220;animation-name: none;&#8220;][et_pb_slide heading=&#8220;Teambuilding \u201eOut of The Box\u201c&#8220; button_text=&#8220;Professionelle Organisation&#8220; _builder_version=&#8220;4.8.2&#8243; _module_preset=&#8220;default&#8220; body_font=&#8220;|||on|||||&#8220; body_letter_spacing=&#8220;2px&#8220; background_enable_color=&#8220;off&#8220; background_image=&#8220;https:\/\/hotelvisegrad.hu\/wp-content\/uploads\/bhp_5373-Mega-scaled.jpg&#8220; background_enable_image=&#8220;on&#8220; parallax=&#8220;on&#8220; sticky_transition=&#8220;on&#8220;]Maximaler Wellnesskomfort[\/et_pb_slide][et_pb_slide heading=&#8220;Teambuilding \u201eOut of The Box\u201c&#8220; button_text=&#8220;Professionelle Organisation&#8220; _builder_version=&#8220;4.8.2&#8243; _module_preset=&#8220;default&#8220; body_font=&#8220;|||on|||||&#8220; body_letter_spacing=&#8220;2px&#8220; background_enable_color=&#8220;off&#8220; background_image=&#8220;https:\/\/hotelvisegrad.hu\/wp-content\/uploads\/GOPR8639_crop-Mega-scaled.jpg&#8220; background_enable_image=&#8220;on&#8220; parallax=&#8220;on&#8220; sticky_transition=&#8220;on&#8220;]Maximaler Wellnesskomfort[\/et_pb_slide][et_pb_slide heading=&#8220;Teambuilding \u201eOut of The Box\u201c&#8220; button_text=&#8220;Professionelle Organisation&#8220; use_bg_overlay=&#8220;on&#8220; bg_overlay_color=&#8220;rgba(0,0,0,0.2)&#8220; _builder_version=&#8220;4.8.2&#8243; _module_preset=&#8220;default&#8220; body_font=&#8220;|||on|||||&#8220; body_letter_spacing=&#8220;2px&#8220; background_enable_color=&#8220;off&#8220; background_image=&#8220;https:\/\/hotelvisegrad.hu\/wp-content\/uploads\/bhp_5446-Mega-scaled.jpg&#8220; background_enable_image=&#8220;on&#8220; parallax=&#8220;on&#8220; sticky_transition=&#8220;on&#8220;]Maximaler Wellnesskomfort[\/et_pb_slide][et_pb_slide heading=&#8220;Teambuilding \u201eOut of The Box\u201c&#8220; button_text=&#8220;Professionelle Organisation&#8220; use_bg_overlay=&#8220;on&#8220; bg_overlay_color=&#8220;rgba(0,0,0,0.2)&#8220; _builder_version=&#8220;4.8.2&#8243; _module_preset=&#8220;default&#8220; body_font=&#8220;|||on|||||&#8220; body_letter_spacing=&#8220;2px&#8220; background_enable_color=&#8220;off&#8220; background_image=&#8220;https:\/\/hotelvisegrad.hu\/wp-content\/uploads\/bhp_5315-Mega-scaled.jpg&#8220; background_enable_image=&#8220;on&#8220; parallax=&#8220;on&#8220; sticky_transition=&#8220;on&#8220;]Maximaler Wellnesskomfort[\/et_pb_slide][\/et_pb_fullwidth_slider][\/et_pb_section][et_pb_section fb_built=&#8220;1&#8243; _builder_version=&#8220;4.8.2&#8243; _module_preset=&#8220;default&#8220; module_alignment=&#8220;center&#8220;][et_pb_row _builder_version=&#8220;4.9.0&#8243; _module_preset=&#8220;default&#8220; custom_margin=&#8220;0px||||false|false&#8220; custom_padding=&#8220;0px||||false|false&#8220;][et_pb_column type=&#8220;4_4&#8243; _builder_version=&#8220;4.7.7&#8243; _module_preset=&#8220;default&#8220;][et_pb_text _builder_version=&#8220;4.9.0&#8243; _module_preset=&#8220;default&#8220; custom_margin=&#8220;0px||||false|false&#8220; custom_padding=&#8220;0px||||false|false&#8220;]In unseren Teambuilding-Programmen k\u00f6nnen Sie <strong>die gastronomischen Spezialit\u00e4ten des Donauknies probieren,<\/strong> <strong>an einem unverf\u00e4lschten Renaissance-Fest<\/strong> teilnehmen und aus unseren thematischen k\u00f6niglichen Men\u00fcs ausw\u00e4hlen. Bei einer Kulturreise <strong>mit einem guten Glas Wein in der Hand k\u00f6nnen<\/strong> sie <strong>die sch\u00f6nsten Geb\u00e4ude der Stadt des lebendigen Mittelalters<\/strong> kennenlernen. Ein wiederkehrendes Element unserer Teambuilding-Programme ist der Anblick des Donauknies, sei es die Arena des Salomoturms, in der<strong> die Ritter der Milit\u00e4rtraditionserhaltenden Sektion des Sankt Georgs Ordens eine spannende Vorf\u00fchrung geben<\/strong> oder eine Kreuzfahrt, bei der der <strong>Sonnenuntergang an der Donau<\/strong>, wo <strong>die Abendlichter der beleuchteten Str\u00e4nde<\/strong> ein unvergleichliches Erlebnis garantieren.[\/et_pb_text][et_pb_code _builder_version=&#8220;4.8.2&#8243; _module_preset=&#8220;default&#8220;]<div class=\"blog-post-listing grid\"><div class=\"listing-item\"><div class=\"dp-box\"><a class=\"image\" href=\"https:\/\/www.hotelvisegrad.hu\/de\/greifvogel-flugschau\/\"><img loading=\"lazy\" decoding=\"async\" width=\"1024\" height=\"683\" src=\"https:\/\/www.hotelvisegrad.hu\/wp-content\/uploads\/rmb3-1024x683.jpg\" class=\"attachment-large size-large wp-post-image\" alt=\"\" srcset=\"https:\/\/www.hotelvisegrad.hu\/wp-content\/uploads\/rmb3-980x653.jpg 980w, https:\/\/www.hotelvisegrad.hu\/wp-content\/uploads\/rmb3-480x320.jpg 480w\" sizes=\"(min-width: 0px) and (max-width: 480px) 480px, (min-width: 481px) and (max-width: 980px) 980px, (min-width: 981px) 1024px, 100vw\" \/><\/a> <a class=\"title\" href=\"https:\/\/www.hotelvisegrad.hu\/de\/greifvogel-flugschau\/\">Greifvogel-Flugschau<\/a><\/div> <span class=\"excerpt\">Die aufregende, interaktive Vorf\u00fchrung von Ervin Kov\u00e1cs, dem ber\u00fchmten Falkner von Visegr\u00e1d, zeigt, wie unsere mittelalterlichen Vorg\u00e4nger mit rotfl\u00fcgeligen Bussarden, ausgebildeten Frettchen und Jagdhunden jagten.<\/span><\/div><div class=\"listing-item\"><div class=\"dp-box\"><a class=\"image\" href=\"https:\/\/www.hotelvisegrad.hu\/de\/erlebnisspaziergang-im-koenigspalast\/\"><img loading=\"lazy\" decoding=\"async\" width=\"1024\" height=\"683\" src=\"https:\/\/www.hotelvisegrad.hu\/wp-content\/uploads\/elmenysetafejlec-1024x683.jpg\" class=\"attachment-large size-large wp-post-image\" alt=\"\" srcset=\"https:\/\/www.hotelvisegrad.hu\/wp-content\/uploads\/elmenysetafejlec-1024x683.jpg 1024w, https:\/\/www.hotelvisegrad.hu\/wp-content\/uploads\/elmenysetafejlec-980x653.jpg 980w, https:\/\/www.hotelvisegrad.hu\/wp-content\/uploads\/elmenysetafejlec-480x320.jpg 480w\" sizes=\"(min-width: 0px) and (max-width: 480px) 480px, (min-width: 481px) and (max-width: 980px) 980px, (min-width: 981px) 1024px, 100vw\" \/><\/a> <a class=\"title\" href=\"https:\/\/www.hotelvisegrad.hu\/de\/erlebnisspaziergang-im-koenigspalast\/\">Erlebnisspaziergang im K\u00f6nigspalast<\/a><\/div> <span class=\"excerpt\">Seit seiner monumentalen Restaurierung ist der, auf den mittelalterlichen Fundamenten basierende  K\u00f6nigspalast, der in Europa w\u00e4hrend der Renaissance seine Bl\u00fctezeit hatte,  ber\u00fchmte Attraktion von Visegr\u00e1d.<\/span><\/div><div class=\"listing-item\"><div class=\"dp-box\"><a class=\"image\" href=\"https:\/\/www.hotelvisegrad.hu\/de\/ritterturniere\/\"><img loading=\"lazy\" decoding=\"async\" width=\"1024\" height=\"576\" src=\"https:\/\/www.hotelvisegrad.hu\/wp-content\/uploads\/lt8-1024x576.jpg\" class=\"attachment-large size-large wp-post-image\" alt=\"\" srcset=\"https:\/\/www.hotelvisegrad.hu\/wp-content\/uploads\/lt8-980x551.jpg 980w, https:\/\/www.hotelvisegrad.hu\/wp-content\/uploads\/lt8-480x270.jpg 480w\" sizes=\"(min-width: 0px) and (max-width: 480px) 480px, (min-width: 481px) and (max-width: 980px) 980px, (min-width: 981px) 1024px, 100vw\" \/><\/a> <a class=\"title\" href=\"https:\/\/www.hotelvisegrad.hu\/de\/ritterturniere\/\">Ritterturniere<\/a><\/div> <span class=\"excerpt\">Ein spannendes Ritterturnier der Mitglieder des Sankt Georg Ordens im Salomoturm mit dem Panorama an das Donauknie im Hintergrund. Jetzt k\u00f6nnen Sie die Waffen ausprobieren!<\/span><\/div><div class=\"listing-item\"><div class=\"dp-box\"><a class=\"image\" href=\"https:\/\/www.hotelvisegrad.hu\/de\/koenigliches-festmahl\/\"><img loading=\"lazy\" decoding=\"async\" width=\"1024\" height=\"684\" src=\"https:\/\/www.hotelvisegrad.hu\/wp-content\/uploads\/kir_lak1-1024x684.jpg\" class=\"attachment-large size-large wp-post-image\" alt=\"\" srcset=\"https:\/\/www.hotelvisegrad.hu\/wp-content\/uploads\/kir_lak1-980x654.jpg 980w, https:\/\/www.hotelvisegrad.hu\/wp-content\/uploads\/kir_lak1-480x320.jpg 480w\" sizes=\"(min-width: 0px) and (max-width: 480px) 480px, (min-width: 481px) and (max-width: 980px) 980px, (min-width: 981px) 1024px, 100vw\" \/><\/a> <a class=\"title\" href=\"https:\/\/www.hotelvisegrad.hu\/de\/koenigliches-festmahl\/\">K\u00f6nigliches Festmahl<\/a><\/div> <span class=\"excerpt\">Ein authentisches k\u00f6nigliches Festmahl im Restaurant Renaissance mit Wein, Lautenmusik und der unvergleichlichen F\u00fclle des Mittelalters.<\/span><\/div><div class=\"listing-item\"><div class=\"dp-box\"><a class=\"image\" href=\"https:\/\/www.hotelvisegrad.hu\/de\/museum-geheimbrennerei-palinka-zugfozde\/\"><img loading=\"lazy\" decoding=\"async\" width=\"1024\" height=\"568\" src=\"https:\/\/www.hotelvisegrad.hu\/wp-content\/uploads\/pm1-1024x568.jpg\" class=\"attachment-large size-large wp-post-image\" alt=\"\" srcset=\"https:\/\/www.hotelvisegrad.hu\/wp-content\/uploads\/pm1-1024x568.jpg 1024w, https:\/\/www.hotelvisegrad.hu\/wp-content\/uploads\/pm1-300x166.jpg 300w, https:\/\/www.hotelvisegrad.hu\/wp-content\/uploads\/pm1-768x426.jpg 768w, https:\/\/www.hotelvisegrad.hu\/wp-content\/uploads\/pm1-1536x852.jpg 1536w, https:\/\/www.hotelvisegrad.hu\/wp-content\/uploads\/pm1-2048x1137.jpg 2048w, https:\/\/www.hotelvisegrad.hu\/wp-content\/uploads\/pm1-1080x599.jpg 1080w, https:\/\/www.hotelvisegrad.hu\/wp-content\/uploads\/pm1-1280x711.jpg 1280w, https:\/\/www.hotelvisegrad.hu\/wp-content\/uploads\/pm1-980x544.jpg 980w, https:\/\/www.hotelvisegrad.hu\/wp-content\/uploads\/pm1-480x266.jpg 480w\" sizes=\"(max-width: 1024px) 100vw, 1024px\" \/><\/a> <a class=\"title\" href=\"https:\/\/www.hotelvisegrad.hu\/de\/museum-geheimbrennerei-palinka-zugfozde\/\">Museum Geheimbrennerei (Zugf\u0151zde )<\/a><\/div> <span class=\"excerpt\">Ein unvergessliches gastro-kulturelles Teambuilding-Programm im Herzen von Visegr\u00e1d - lernen Sie die Vergangenheit und Gegenwart des ungarischen P\u00e1linka (Schnaps) von der Brennerei bis zum Glas kennen.<\/span><\/div><div class=\"listing-item\"><div class=\"dp-box\"><a class=\"image\" href=\"https:\/\/www.hotelvisegrad.hu\/de\/laserkampf\/\"><img loading=\"lazy\" decoding=\"async\" width=\"1024\" height=\"683\" src=\"https:\/\/www.hotelvisegrad.hu\/wp-content\/uploads\/lharc_fejlec-1024x683.jpg\" class=\"attachment-large size-large wp-post-image\" alt=\"\" srcset=\"https:\/\/www.hotelvisegrad.hu\/wp-content\/uploads\/lharc_fejlec-1024x683.jpg 1024w, https:\/\/www.hotelvisegrad.hu\/wp-content\/uploads\/lharc_fejlec-980x653.jpg 980w, https:\/\/www.hotelvisegrad.hu\/wp-content\/uploads\/lharc_fejlec-480x320.jpg 480w\" sizes=\"(min-width: 0px) and (max-width: 480px) 480px, (min-width: 481px) and (max-width: 980px) 980px, (min-width: 981px) 1024px, 100vw\" \/><\/a> <a class=\"title\" href=\"https:\/\/www.hotelvisegrad.hu\/de\/laserkampf\/\">Laserkampf<\/a><\/div> <span class=\"excerpt\">Laserkampf ist ein zu Recht beliebtes, aufregendes taktisches Spiel. Die Kollegen m\u00fcssen eine enge Einheit bilden, da sie sich auch gegenseitig den R\u00fccken sch\u00fctzen m\u00fcssen, wenn sie gewinnen wollen.<\/span><\/div><div class=\"listing-item\"><div class=\"dp-box\"><a class=\"image\" href=\"https:\/\/www.hotelvisegrad.hu\/de\/bustransfer\/\"><img loading=\"lazy\" decoding=\"async\" width=\"1024\" height=\"683\" src=\"https:\/\/www.hotelvisegrad.hu\/wp-content\/uploads\/IMG_0348-Nagy-1024x683.jpg\" class=\"attachment-large size-large wp-post-image\" alt=\"\" srcset=\"https:\/\/www.hotelvisegrad.hu\/wp-content\/uploads\/IMG_0348-Nagy-980x653.jpg 980w, https:\/\/www.hotelvisegrad.hu\/wp-content\/uploads\/IMG_0348-Nagy-480x320.jpg 480w\" sizes=\"(min-width: 0px) and (max-width: 480px) 480px, (min-width: 481px) and (max-width: 980px) 980px, (min-width: 981px) 1024px, 100vw\" \/><\/a> <a class=\"title\" href=\"https:\/\/www.hotelvisegrad.hu\/de\/bustransfer\/\">Bustransfer<\/a><\/div> <span class=\"excerpt\">Wir transportieren unsere G\u00e4ste kostenlos mit eigenen Bussen zwischen den Veranstaltungsorten, Restaurants (Sir\u00e1ly , Renaissance , Palasthaus) und Hotel Visegr\u00e1d.<\/span><\/div><div class=\"listing-item\"><div class=\"dp-box\"><a class=\"image\" href=\"https:\/\/www.hotelvisegrad.hu\/de\/spektakulaeres-abendessen-im-palasthaus\/\"><img loading=\"lazy\" decoding=\"async\" width=\"1024\" height=\"683\" src=\"https:\/\/www.hotelvisegrad.hu\/wp-content\/uploads\/palotahaz-1200x800-1-1024x683.jpg\" class=\"attachment-large size-large wp-post-image\" alt=\"\" srcset=\"https:\/\/www.hotelvisegrad.hu\/wp-content\/uploads\/palotahaz-1200x800-1-1024x683.jpg 1024w, https:\/\/www.hotelvisegrad.hu\/wp-content\/uploads\/palotahaz-1200x800-1-980x653.jpg 980w, https:\/\/www.hotelvisegrad.hu\/wp-content\/uploads\/palotahaz-1200x800-1-480x320.jpg 480w\" sizes=\"(min-width: 0px) and (max-width: 480px) 480px, (min-width: 481px) and (max-width: 980px) 980px, (min-width: 981px) 1024px, 100vw\" \/><\/a> <a class=\"title\" href=\"https:\/\/www.hotelvisegrad.hu\/de\/spektakulaeres-abendessen-im-palasthaus\/\">Spektakul\u00e4res Abendessen im Palasthaus<\/a><\/div> <span class=\"excerpt\">Das Lieblingsprogramm unserer Gruppen ist das Spektakul\u00e4res Abendessen im Palasthaus, bei dem sie nicht nur leckere Speisen bekommen, sondern auch die beliebtesten Lebensmittelspezialit\u00e4ten der Region und des Mittelalters kennenlernen k\u00f6nnen.<\/span><\/div><div class=\"listing-item\"><div class=\"dp-box\"><a class=\"image\" href=\"https:\/\/www.hotelvisegrad.hu\/de\/bowling\/\"><img loading=\"lazy\" decoding=\"async\" width=\"1024\" height=\"683\" src=\"https:\/\/www.hotelvisegrad.hu\/wp-content\/uploads\/bowling-lista-1024x683.jpg\" class=\"attachment-large size-large wp-post-image\" alt=\"\" srcset=\"https:\/\/www.hotelvisegrad.hu\/wp-content\/uploads\/bowling-lista-1024x683.jpg 1024w, https:\/\/www.hotelvisegrad.hu\/wp-content\/uploads\/bowling-lista-980x653.jpg 980w, https:\/\/www.hotelvisegrad.hu\/wp-content\/uploads\/bowling-lista-480x320.jpg 480w\" sizes=\"(min-width: 0px) and (max-width: 480px) 480px, (min-width: 481px) and (max-width: 980px) 980px, (min-width: 981px) 1024px, 100vw\" \/><\/a> <a class=\"title\" href=\"https:\/\/www.hotelvisegrad.hu\/de\/bowling\/\">Bowling<\/a><\/div> <span class=\"excerpt\">Bowling\r\nBowling ist ein echter Klassiker, wenn es um Teambuilding geht, neben ein paar Gl\u00e4sern angenehmer Erfrischungen ist ja ein unverzichtbares Erlebnis ein paar Kegel umzulegen.\r\n<\/span><\/div><div class=\"listing-item\"><div class=\"dp-box\"><a class=\"image\" href=\"https:\/\/www.hotelvisegrad.hu\/de\/handwerksolympiade\/\"><img loading=\"lazy\" decoding=\"async\" width=\"1024\" height=\"576\" src=\"https:\/\/www.hotelvisegrad.hu\/wp-content\/uploads\/mestol-1024x576.jpg\" class=\"attachment-large size-large wp-post-image\" alt=\"\" srcset=\"https:\/\/www.hotelvisegrad.hu\/wp-content\/uploads\/mestol-1024x576.jpg 1024w, https:\/\/www.hotelvisegrad.hu\/wp-content\/uploads\/mestol-300x169.jpg 300w, https:\/\/www.hotelvisegrad.hu\/wp-content\/uploads\/mestol-768x432.jpg 768w, https:\/\/www.hotelvisegrad.hu\/wp-content\/uploads\/mestol-1536x864.jpg 1536w, https:\/\/www.hotelvisegrad.hu\/wp-content\/uploads\/mestol-2048x1152.jpg 2048w, https:\/\/www.hotelvisegrad.hu\/wp-content\/uploads\/mestol-1080x608.jpg 1080w, https:\/\/www.hotelvisegrad.hu\/wp-content\/uploads\/mestol-1280x720.jpg 1280w, https:\/\/www.hotelvisegrad.hu\/wp-content\/uploads\/mestol-980x551.jpg 980w, https:\/\/www.hotelvisegrad.hu\/wp-content\/uploads\/mestol-480x270.jpg 480w\" sizes=\"(max-width: 1024px) 100vw, 1024px\" \/><\/a> <a class=\"title\" href=\"https:\/\/www.hotelvisegrad.hu\/de\/handwerksolympiade\/\">Handwerker Olympiade<\/a><\/div> <span class=\"excerpt\">Verbringen Sie einen aktiven Nachmittag im Handwerkshof und treten Sie gegeneinander an! Wer kann das sch\u00f6nste Kunsthandwerk Selbermachen?<\/span><\/div><\/div>[\/et_pb_code][\/et_pb_column][\/et_pb_row][\/et_pb_section][et_pb_section fb_built=&#8220;1&#8243; prev_background_color=&#8220;#ffffff&#8220; _builder_version=&#8220;4.8.2&#8243; _module_preset=&#8220;default&#8220; background_color=&#8220;#E14B3B&#8220; custom_margin=&#8220;0px||||false|false&#8220; custom_padding=&#8220;30px||||false|false&#8220; top_divider_style=&#8220;slant2&#8243; top_divider_height=&#8220;30px&#8220;][et_pb_row _builder_version=&#8220;4.8.2&#8243; _module_preset=&#8220;default&#8220; custom_margin=&#8220;||-1px||false|false&#8220; custom_padding=&#8220;||0px||false|false&#8220;][et_pb_column type=&#8220;4_4&#8243; _builder_version=&#8220;4.8.2&#8243; _module_preset=&#8220;default&#8220;][et_pb_text _builder_version=&#8220;4.8.2&#8243; _module_preset=&#8220;default&#8220; header_text_color=&#8220;#FFFFFF&#8220; header_2_text_color=&#8220;#FFFFFF&#8220; header_4_text_color=&#8220;#FFFFFF&#8220; text_orientation=&#8220;center&#8220; custom_margin=&#8220;||0px||false|false&#8220; custom_padding=&#8220;||0px||false|false&#8220;]<strong>Es wurde \u00fcber uns gesagt<\/strong>[\/et_pb_text][et_pb_divider color=&#8220;#FFFFFF&#8220; _builder_version=&#8220;4.8.2&#8243; _module_preset=&#8220;32b62c33-a07b-4dd4-b207-3a5cce763cbb&#8220;][\/et_pb_divider][\/et_pb_column][\/et_pb_row][et_pb_row column_structure=&#8220;1_3,1_3,1_3&#8243; _builder_version=&#8220;4.8.2&#8243; _module_preset=&#8220;default&#8220;][et_pb_column type=&#8220;1_3&#8243; _builder_version=&#8220;4.8.2&#8243; _module_preset=&#8220;default&#8220; animation_style=&#8220;fade&#8220;][et_pb_testimonial author=&#8220;Fundamenta-Lak\u00e1skassza Zrt.&#8220; portrait_url=&#8220;https:\/\/hotelvisegrad.hu\/wp-content\/uploads\/pm5.jpg&#8220; quote_icon=&#8220;off&#8220; quote_icon_color=&#8220;#E14B3B&#8220; quote_icon_background_color=&#8220;#FFFFFF&#8220; use_icon_font_size=&#8220;on&#8220; icon_font_size=&#8220;25px&#8220; _builder_version=&#8220;4.8.2&#8243; _module_preset=&#8220;default&#8220; body_font=&#8220;|300|||||||&#8220; author_font=&#8220;|800|||||||&#8220; text_orientation=&#8220;center&#8220; border_radii=&#8220;on|10px|10px|10px|10px&#8220;]Ich habe das Teamspiel sehr genossen und das Management des K\u00f6nigspalastes war auch sehr gut! Das Essen war auch sehr lecker, das Palasthaus war auch eine sehr angenehme Erfahrung f\u00fcr alle![\/et_pb_testimonial][\/et_pb_column][et_pb_column type=&#8220;1_3&#8243; _builder_version=&#8220;4.8.2&#8243; _module_preset=&#8220;default&#8220; animation_style=&#8220;fade&#8220;][et_pb_testimonial author=&#8220;Abteilung f\u00fcr Eventmanagement der EU-Pr\u00e4sidentschaft&#8220; company_name=&#8220;Au\u00dfenministerium&#8220; portrait_url=&#8220;https:\/\/hotelvisegrad.hu\/wp-content\/uploads\/rendprg_fejlec.jpg&#8220; quote_icon=&#8220;off&#8220; quote_icon_color=&#8220;#E14B3B&#8220; _builder_version=&#8220;4.8.2&#8243; _module_preset=&#8220;default&#8220; body_font=&#8220;|300|||||||&#8220; author_font=&#8220;|800|||||||&#8220; text_orientation=&#8220;center&#8220; border_radii=&#8220;on|10px|10px|10px|10px&#8220;]Ich m\u00f6chte Ihnen f\u00fcr die gro\u00dfe Hilfe, die flexible Einstellung und die gewissenhafte Arbeit danken, die Sie und Ihre Kollegen bei der Organisation und Durchf\u00fchrung der Veranstaltungen der ungarischen EU-Pr\u00e4sidentschaft 2011 gezeigt haben.[\/et_pb_testimonial][\/et_pb_column][et_pb_column type=&#8220;1_3&#8243; _builder_version=&#8220;4.8.2&#8243; _module_preset=&#8220;default&#8220; animation_style=&#8220;fade&#8220;][et_pb_testimonial author=&#8220;Givaudan Finance Services&#8220; portrait_url=&#8220;https:\/\/hotelvisegrad.hu\/wp-content\/uploads\/konft1-scaled.jpg&#8220; quote_icon=&#8220;off&#8220; quote_icon_color=&#8220;#E14B3B&#8220; _builder_version=&#8220;4.8.2&#8243; _module_preset=&#8220;default&#8220; body_font=&#8220;|300|||||||&#8220; author_font=&#8220;|800|||||||&#8220; text_orientation=&#8220;center&#8220; border_radii=&#8220;on|10px|10px|10px|10px&#8220;]Hierauf vielen Dank f\u00fcr den hohen Service, den Sie w\u00e4hrend Ihrer Teambildung geleistet haben. Es gab auch hervorragende R\u00fcckmeldungen von meinen Kollegen.[\/et_pb_testimonial][\/et_pb_column][\/et_pb_row][\/et_pb_section][et_pb_section fb_built=&#8220;1&#8243; _builder_version=&#8220;4.8.2&#8243; _module_preset=&#8220;default&#8220; background_image=&#8220;https:\/\/hotelvisegrad.hu\/wp-content\/uploads\/lt2.jpg&#8220; parallax=&#8220;on&#8220; parallax_method=&#8220;off&#8220;][et_pb_row column_structure=&#8220;1_2,1_2&#8243; _builder_version=&#8220;4.8.2&#8243; _module_preset=&#8220;default&#8220; background_color=&#8220;rgba(0,0,0,0.5)&#8220; custom_padding=&#8220;30px|30px|30px|30px|false|false&#8220; border_radii=&#8220;on|10px|10px|10px|10px&#8220;][et_pb_column type=&#8220;1_2&#8243; _builder_version=&#8220;4.8.2&#8243; _module_preset=&#8220;default&#8220;][et_pb_text _builder_version=&#8220;4.8.2&#8243; _module_preset=&#8220;default&#8220; text_font=&#8220;|300|||||||&#8220; text_text_color=&#8220;#FFFFFF&#8220; header_text_color=&#8220;#FFFFFF&#8220; header_2_text_color=&#8220;#FFFFFF&#8220; header_3_text_color=&#8220;#FFFFFF&#8220; text_orientation=&#8220;center&#8220;]<\/p>\n<h3>Im Zentrum von Visegr\u00e1d<\/h3>\n<p>Unsere Veranstaltungsorte f\u00fcr Teambuilding-Programme befinden sich nur wenige Minuten voneinander entfernt. Unser Wellnesshotel erwartet unsere G\u00e4ste im Zentrum von Visegr\u00e1d. Also sicher nicht mit den leeren Minuten der Reise, wird die Zeit vergehen. Wenn der Laserkampf bis 15:30 Uhr dauerte, haben sie noch genug Zeit, um bis 16:00 Uhr zur Konferenz zu gelangen![\/et_pb_text][\/et_pb_column][et_pb_column type=&#8220;1_2&#8243; _builder_version=&#8220;4.8.2&#8243; _module_preset=&#8220;default&#8220;][et_pb_text _builder_version=&#8220;4.8.2&#8243; _module_preset=&#8220;default&#8220; text_font=&#8220;|300|||||||&#8220; text_text_color=&#8220;#FFFFFF&#8220; header_3_text_color=&#8220;#FFFFFF&#8220; text_orientation=&#8220;center&#8220;]<\/p>\n<h3>Spielplatz f\u00fcr Budapest<\/h3>\n<p>In den letzten anderthalb Jahrzehnten hat sich Visegr\u00e1d zu einer Art kulturellem Spielplatz f\u00fcr unsere Hauptstadt und die umliegenden gr\u00f6\u00dferen St\u00e4dte entwickelt. Etwas mehr als 40 km von Budapest entfernt hat sich eine Stadt mit einem einheitlichen touristischen Image entwickelt, die jedes Jahr Zehntausende von Menschen anzieht. Visegr\u00e1d ist sehr schnell erreichbar, aber es liegt in einer gesunden Entfernung von gro\u00dfen St\u00e4dten.[\/et_pb_text][\/et_pb_column][\/et_pb_row][\/et_pb_section]<\/p>\n","protected":false},"excerpt":{"rendered":"<p>[et_pb_section fb_built=&#8220;1&#8243; fullwidth=&#8220;on&#8220; _builder_version=&#8220;4.9.1&#8243; _module_preset=&#8220;default&#8220; bottom_divider_style=&#8220;slant2&#8243; bottom_divider_color=&#8220;#FFFFFF&#8220; bottom_divider_height=&#8220;30px&#8220; hover_enabled=&#8220;0&#8243; sticky_enabled=&#8220;0&#8243; custom_padding=&#8220;||||false|false&#8220; custom_margin=&#8220;0px||||false|false&#8220;][et_pb_fullwidth_slider use_bg_overlay=&#8220;off&#8220; _builder_version=&#8220;4.8.2&#8243; _module_preset=&#8220;default&#8220; min_height=&#8220;700px&#8220; height=&#8220;700px&#8220; max_height=&#8220;700px&#8220; auto=&#8220;on&#8220; auto_ignore_hover=&#8220;on&#8220; custom_css_slide_description=&#8220;animation-name: none;&#8220; custom_css_slide_title=&#8220;animation-name: none;&#8220;][et_pb_slide heading=&#8220;Teambuilding \u201eOut of The Box\u201c&#8220; button_text=&#8220;Professionelle Organisation&#8220; _builder_version=&#8220;4.8.2&#8243; _module_preset=&#8220;default&#8220; body_font=&#8220;|||on|||||&#8220; body_letter_spacing=&#8220;2px&#8220; background_enable_color=&#8220;off&#8220; background_image=&#8220;https:\/\/hotelvisegrad.hu\/wp-content\/uploads\/bhp_5373-Mega-scaled.jpg&#8220; background_enable_image=&#8220;on&#8220; parallax=&#8220;on&#8220; sticky_transition=&#8220;on&#8220;]Maximaler Wellnesskomfort[\/et_pb_slide][et_pb_slide heading=&#8220;Teambuilding \u201eOut of The Box\u201c&#8220; button_text=&#8220;Professionelle Organisation&#8220; _builder_version=&#8220;4.8.2&#8243; _module_preset=&#8220;default&#8220; body_font=&#8220;|||on|||||&#8220; body_letter_spacing=&#8220;2px&#8220; background_enable_color=&#8220;off&#8220; background_image=&#8220;https:\/\/hotelvisegrad.hu\/wp-content\/uploads\/GOPR8639_crop-Mega-scaled.jpg&#8220; background_enable_image=&#8220;on&#8220; [&hellip;]<\/p>\n","protected":false},"author":1,"featured_media":0,"parent":0,"menu_order":0,"comment_status":"closed","ping_status":"closed","template":"","meta":{"_et_pb_use_builder":"on","_et_pb_old_content":"","_et_gb_content_width":"","footnotes":""},"tags":[],"class_list":["post-17582","page","type-page","status-publish","hentry"],"_links":{"self":[{"href":"https:\/\/www.hotelvisegrad.hu\/de\/wp-json\/wp\/v2\/pages\/17582","targetHints":{"allow":["GET"]}}],"collection":[{"href":"https:\/\/www.hotelvisegrad.hu\/de\/wp-json\/wp\/v2\/pages"}],"about":[{"href":"https:\/\/www.hotelvisegrad.hu\/de\/wp-json\/wp\/v2\/types\/page"}],"author":[{"embeddable":true,"href":"https:\/\/www.hotelvisegrad.hu\/de\/wp-json\/wp\/v2\/users\/1"}],"replies":[{"embeddable":true,"href":"https:\/\/www.hotelvisegrad.hu\/de\/wp-json\/wp\/v2\/comments?post=17582"}],"version-history":[{"count":0,"href":"https:\/\/www.hotelvisegrad.hu\/de\/wp-json\/wp\/v2\/pages\/17582\/revisions"}],"wp:attachment":[{"href":"https:\/\/www.hotelvisegrad.hu\/de\/wp-json\/wp\/v2\/media?parent=17582"}],"wp:term":[{"taxonomy":"post_tag","embeddable":true,"href":"https:\/\/www.hotelvisegrad.hu\/de\/wp-json\/wp\/v2\/tags?post=17582"}],"curies":[{"name":"wp","href":"https:\/\/api.w.org\/{rel}","templated":true}]}}