{"id":17563,"date":"2021-06-04T10:23:11","date_gmt":"2021-06-04T10:23:11","guid":{"rendered":"https:\/\/www.hotelvisegrad.hu\/gastroerfahrung\/koenigliche-feste-weinabende\/"},"modified":"2021-06-04T10:23:13","modified_gmt":"2021-06-04T10:23:13","slug":"koenigliche-feste-weinabende","status":"publish","type":"page","link":"https:\/\/www.hotelvisegrad.hu\/de\/gastroerfahrung\/koenigliche-feste-weinabende\/","title":{"rendered":"K\u00f6nigliche Feste, Weinabende"},"content":{"rendered":"<p>[et_pb_section fb_built=&#8220;1&#8243; _builder_version=&#8220;4.8.2&#8243; _module_preset=&#8220;default&#8220; background_color=&#8220;rgba(0,0,0,0.38)&#8220; background_image=&#8220;https:\/\/hotelvisegrad.hu\/wp-content\/uploads\/kiralyi-lakomak-borvacsorak-lista-1.jpg&#8220; background_blend=&#8220;overlay&#8220;][et_pb_row _builder_version=&#8220;4.8.2&#8243; _module_preset=&#8220;2c3722c0-227e-45c8-9254-97978a188986&#8243;][et_pb_column type=&#8220;4_4&#8243; _builder_version=&#8220;4.7.7&#8243; _module_preset=&#8220;default&#8220;][et_pb_text _builder_version=&#8220;4.8.2&#8243; _dynamic_attributes=&#8220;content&#8220; _module_preset=&#8220;1f2b3889-09d7-4ff7-aaf3-096c1a6cfa0c&#8220;]@ET-DC@eyJkeW5hbWljIjp0cnVlLCJjb250ZW50IjoicG9zdF90aXRsZSIsInNldHRpbmdzIjp7ImJlZm9yZSI6IjxoMj48XC9oMj4iLCJhZnRlciI6IiZuYnNwO1xyXG5cclxuJm5ic3A7In19@[\/et_pb_text][\/et_pb_column][\/et_pb_row][\/et_pb_section][et_pb_section fb_built=&#8220;1&#8243; admin_label=&#8220;BEVEZETO&#8220; _builder_version=&#8220;4.8.2&#8243; _module_preset=&#8220;f9b2cdd3-9ac0-4581-89f7-e7e554e9d175&#8243;][et_pb_row column_structure=&#8220;1_3,2_3&#8243; admin_label=&#8220;Einfuhrung&#8220; _builder_version=&#8220;4.8.2&#8243; _module_preset=&#8220;fed426e6-f537-48f4-97e9-b84063a80258&#8243;][et_pb_column type=&#8220;1_3&#8243; _builder_version=&#8220;4.7.7&#8243; _module_preset=&#8220;default&#8220;][et_pb_text _builder_version=&#8220;4.8.2&#8243; _module_preset=&#8220;507aa6bb-b91c-403c-88ec-ac42b76b0ea6&#8243;]Das Restaurant Renaissance entf\u00fchrt Sie in die Welt der historischen Feste.[\/et_pb_text][\/et_pb_column][et_pb_column type=&#8220;2_3&#8243; _builder_version=&#8220;4.7.7&#8243; _module_preset=&#8220;default&#8220;][et_pb_text _builder_version=&#8220;4.8.2&#8243; _module_preset=&#8220;69fca1d7-0daf-4ccd-b4aa-49da36504dc9&#8243;]Sind Sie neugierig auf die legend\u00e4ren Gerichte der mittelalterlichen ungarischen K\u00fcche?<br \/>\nDer Veranstaltungsort unserer k\u00f6niglichen Feste ist das Gastro-Paradies Visegr\u00e1d, das Restaurant Renaissance, das die Epoche getreu darstellt.<\/p>\n<p><strong>Sie fragen sich, wie ein unverf\u00e4lschtes k\u00f6nigliches Fest abl\u00e4uft?\u00a0<\/strong>Rufen Sie uns an oder vereinbaren Sie einen Termin!<\/p>\n<p>W\u00e4hrend unserer Weinabende bieten wir die Spezialit\u00e4ten der ungarischen Weine an, begleitet von ausgew\u00e4hlten Gerichten f\u00fcr jeden Wein. Lernen Sie die zu Recht ber\u00fchmten Nektare unseres Landes in der Verzauberung der mittelalterlichen Atmosph\u00e4re kennen! Wenn Sie neugierig sind auf unsere 5 R\u00e4ume, das Innere des Restaurants, unsere Speisekarte, unsere Themenfeste, unsere Programme, k\u00f6nnen Sie die Website des Restaurants Renaissance durchsuchen, indem Sie hier klicken![\/et_pb_text][\/et_pb_column][\/et_pb_row][\/et_pb_section][et_pb_section fb_built=&#8220;1&#8243; _builder_version=&#8220;4.8.2&#8243; _module_preset=&#8220;7e253fea-c59a-4f37-a193-1e54bf0da8d7&#8243;][et_pb_row _builder_version=&#8220;4.8.2&#8243; _module_preset=&#8220;3cfe1088-80ca-40b1-8845-48a273a22b5b&#8220;][et_pb_column type=&#8220;4_4&#8243; _builder_version=&#8220;4.7.7&#8243; _module_preset=&#8220;default&#8220;][et_pb_text module_class=&#8220;custom_bullets_wpcc custom_bullets_wpcc&#8211;check&#8220; _builder_version=&#8220;4.9.0&#8243; _module_preset=&#8220;f78023fd-2f77-4b07-956b-9e3e349e8143&#8243;]<strong>Mehr erfahren:<\/strong><\/p>\n<p>Wir transportieren unsere G\u00e4ste kostenlos zwischen unseren Veranstaltungsorten, Restaurants und dem Hotel Visegr\u00e1d[\/et_pb_text][\/et_pb_column][\/et_pb_row][et_pb_row _builder_version=&#8220;4.8.2&#8243; _module_preset=&#8220;13a72b84-e234-4972-81df-b4e0be256361&#8243;][et_pb_column type=&#8220;4_4&#8243; _builder_version=&#8220;4.7.7&#8243; _module_preset=&#8220;default&#8220; custom_padding=&#8220;||||false|false&#8220;][et_pb_gallery gallery_ids=&#8220;14164,14166,14168,14170,14172,14174,14176,14178,14180,14182,14184,14186&#8243; posts_number=&#8220;100&#8243; _builder_version=&#8220;4.8.2&#8243; _module_preset=&#8220;74e179d2-2af1-40ae-9fca-d08f70d4060e&#8220;][\/et_pb_gallery][\/et_pb_column][\/et_pb_row][\/et_pb_section]<\/p>\n","protected":false},"excerpt":{"rendered":"<p>Der Veranstaltungsort unserer k\u00f6niglichen Feste ist das Gastro-Paradies Visegr\u00e1d, das Restaurant Renaissance, das die Epoche getreu darstellt.<\/p>\n","protected":false},"author":1,"featured_media":14162,"parent":17556,"menu_order":0,"comment_status":"closed","ping_status":"closed","template":"","meta":{"_et_pb_use_builder":"on","_et_pb_old_content":"","_et_gb_content_width":"","footnotes":""},"tags":[902,903],"class_list":["post-17563","page","type-page","status-publish","has-post-thumbnail","hentry","tag-gastroerfahrung","tag-verfugbare_programme"],"_links":{"self":[{"href":"https:\/\/www.hotelvisegrad.hu\/de\/wp-json\/wp\/v2\/pages\/17563","targetHints":{"allow":["GET"]}}],"collection":[{"href":"https:\/\/www.hotelvisegrad.hu\/de\/wp-json\/wp\/v2\/pages"}],"about":[{"href":"https:\/\/www.hotelvisegrad.hu\/de\/wp-json\/wp\/v2\/types\/page"}],"author":[{"embeddable":true,"href":"https:\/\/www.hotelvisegrad.hu\/de\/wp-json\/wp\/v2\/users\/1"}],"replies":[{"embeddable":true,"href":"https:\/\/www.hotelvisegrad.hu\/de\/wp-json\/wp\/v2\/comments?post=17563"}],"version-history":[{"count":0,"href":"https:\/\/www.hotelvisegrad.hu\/de\/wp-json\/wp\/v2\/pages\/17563\/revisions"}],"up":[{"embeddable":true,"href":"https:\/\/www.hotelvisegrad.hu\/de\/wp-json\/wp\/v2\/pages\/17556"}],"wp:featuredmedia":[{"embeddable":true,"href":"https:\/\/www.hotelvisegrad.hu\/de\/wp-json\/wp\/v2\/media\/14162"}],"wp:attachment":[{"href":"https:\/\/www.hotelvisegrad.hu\/de\/wp-json\/wp\/v2\/media?parent=17563"}],"wp:term":[{"taxonomy":"post_tag","embeddable":true,"href":"https:\/\/www.hotelvisegrad.hu\/de\/wp-json\/wp\/v2\/tags?post=17563"}],"curies":[{"name":"wp","href":"https:\/\/api.w.org\/{rel}","templated":true}]}}