{"id":17559,"date":"2021-06-04T10:22:28","date_gmt":"2021-06-04T10:22:28","guid":{"rendered":"https:\/\/www.hotelvisegrad.hu\/gastroerfahrung\/das-restaurant-siraly\/"},"modified":"2021-06-04T10:22:29","modified_gmt":"2021-06-04T10:22:29","slug":"das-restaurant-siraly","status":"publish","type":"page","link":"https:\/\/www.hotelvisegrad.hu\/de\/gastroerfahrung\/das-restaurant-siraly\/","title":{"rendered":"Das Restaurant Sir\u00e1ly"},"content":{"rendered":"<p>[et_pb_section fb_built=&#8220;1&#8243; _builder_version=&#8220;4.8.2&#8243; _module_preset=&#8220;default&#8220; background_color=&#8220;rgba(0,0,0,0.38)&#8220; background_image=&#8220;https:\/\/hotelvisegrad.hu\/wp-content\/uploads\/siraly_fejlec-scaled.jpg&#8220; background_blend=&#8220;overlay&#8220;][et_pb_row _builder_version=&#8220;4.8.2&#8243; _module_preset=&#8220;2c3722c0-227e-45c8-9254-97978a188986&#8243;][et_pb_column type=&#8220;4_4&#8243; _builder_version=&#8220;4.7.7&#8243; _module_preset=&#8220;default&#8220;][et_pb_text _builder_version=&#8220;4.8.2&#8243; _dynamic_attributes=&#8220;content&#8220; _module_preset=&#8220;1f2b3889-09d7-4ff7-aaf3-096c1a6cfa0c&#8220;]@ET-DC@eyJkeW5hbWljIjp0cnVlLCJjb250ZW50IjoicG9zdF90aXRsZSIsInNldHRpbmdzIjp7ImJlZm9yZSI6IjxoMj48XC9oMj4iLCJhZnRlciI6IiZuYnNwO1xyXG5cclxuJm5ic3A7In19@[\/et_pb_text][\/et_pb_column][\/et_pb_row][\/et_pb_section][et_pb_section fb_built=&#8220;1&#8243; admin_label=&#8220;BEVEZETO&#8220; _builder_version=&#8220;4.8.2&#8243; _module_preset=&#8220;f9b2cdd3-9ac0-4581-89f7-e7e554e9d175&#8243;][et_pb_row column_structure=&#8220;1_3,2_3&#8243; admin_label=&#8220;Einfuhrung&#8220; _builder_version=&#8220;4.8.2&#8243; _module_preset=&#8220;fed426e6-f537-48f4-97e9-b84063a80258&#8243;][et_pb_column type=&#8220;1_3&#8243; _builder_version=&#8220;4.7.7&#8243; _module_preset=&#8220;default&#8220;][et_pb_text _builder_version=&#8220;4.8.2&#8243; _module_preset=&#8220;507aa6bb-b91c-403c-88ec-ac42b76b0ea6&#8243;]Das \u00e4lteste Restaurant in Visegr\u00e1d![\/et_pb_text][\/et_pb_column][et_pb_column type=&#8220;2_3&#8243; _builder_version=&#8220;4.7.7&#8243; _module_preset=&#8220;default&#8220;][et_pb_text _builder_version=&#8220;4.8.2&#8243; _module_preset=&#8220;69fca1d7-0daf-4ccd-b4aa-49da36504dc9&#8243;]Das Restaurant Sir\u00e1ly ist das \u00e4lteste Restaurant in Visegr\u00e1d, das auch das eigene Restaurant des Hotels Visegr\u00e1d ist.<\/p>\n<p>Wir begr\u00fc\u00dfen herzlich die G\u00e4ste unseres Hotels und laden mit legend\u00e4r guter K\u00fcche zu angenehmen Fr\u00fchst\u00fccke, Mittag- und Abendessen ein!<\/p>\n<p>Siehe unser Men\u00fc &gt;&gt;[\/et_pb_text][\/et_pb_column][\/et_pb_row][\/et_pb_section][et_pb_section fb_built=&#8220;1&#8243; _builder_version=&#8220;4.8.2&#8243; _module_preset=&#8220;7e253fea-c59a-4f37-a193-1e54bf0da8d7&#8243;][et_pb_row _builder_version=&#8220;4.8.2&#8243; _module_preset=&#8220;3cfe1088-80ca-40b1-8845-48a273a22b5b&#8220;][et_pb_column type=&#8220;4_4&#8243; _builder_version=&#8220;4.7.7&#8243; _module_preset=&#8220;default&#8220;][et_pb_text module_class=&#8220;custom_bullets_wpcc custom_bullets_wpcc&#8211;check&#8220; _builder_version=&#8220;4.8.2&#8243; _module_preset=&#8220;f78023fd-2f77-4b07-956b-9e3e349e8143&#8243;]<strong>Mehr erfahren:<\/strong><\/p>\n<ul>\n<li>Men\u00fc in 15 Sprachen<\/li>\n<li>Gartenzimmer mit Blick auf die Donau<\/li>\n<li>W-lan<\/li>\n<li>Lokale Fisch- und Wildspezialit\u00e4ten<\/li>\n<\/ul>\n<p>[\/et_pb_text][\/et_pb_column][\/et_pb_row][et_pb_row _builder_version=&#8220;4.8.2&#8243; _module_preset=&#8220;13a72b84-e234-4972-81df-b4e0be256361&#8243;][et_pb_column type=&#8220;4_4&#8243; _builder_version=&#8220;4.7.7&#8243; _module_preset=&#8220;default&#8220; custom_padding=&#8220;||||false|false&#8220;][et_pb_gallery gallery_ids=&#8220;14190,14192,14194,14196,14198,14200,14202,14204,14206,14208,14210,14212&#8243; posts_number=&#8220;100&#8243; _builder_version=&#8220;4.8.2&#8243; _module_preset=&#8220;74e179d2-2af1-40ae-9fca-d08f70d4060e&#8220;][\/et_pb_gallery][\/et_pb_column][\/et_pb_row][\/et_pb_section]<\/p>\n","protected":false},"excerpt":{"rendered":"<p>Das Restaurant Sir\u00e1ly, das auch der Eckpfeiler unseres Hotels ist, ist heute eine echte Kuriosit\u00e4t in den K\u00f6pfen der Liebhaber des Donauknies. Das ist kein Zufall.<\/p>\n","protected":false},"author":1,"featured_media":14188,"parent":17556,"menu_order":0,"comment_status":"closed","ping_status":"closed","template":"","meta":{"_et_pb_use_builder":"on","_et_pb_old_content":"","_et_gb_content_width":"","footnotes":""},"tags":[902],"class_list":["post-17559","page","type-page","status-publish","has-post-thumbnail","hentry","tag-gastroerfahrung"],"_links":{"self":[{"href":"https:\/\/www.hotelvisegrad.hu\/de\/wp-json\/wp\/v2\/pages\/17559","targetHints":{"allow":["GET"]}}],"collection":[{"href":"https:\/\/www.hotelvisegrad.hu\/de\/wp-json\/wp\/v2\/pages"}],"about":[{"href":"https:\/\/www.hotelvisegrad.hu\/de\/wp-json\/wp\/v2\/types\/page"}],"author":[{"embeddable":true,"href":"https:\/\/www.hotelvisegrad.hu\/de\/wp-json\/wp\/v2\/users\/1"}],"replies":[{"embeddable":true,"href":"https:\/\/www.hotelvisegrad.hu\/de\/wp-json\/wp\/v2\/comments?post=17559"}],"version-history":[{"count":0,"href":"https:\/\/www.hotelvisegrad.hu\/de\/wp-json\/wp\/v2\/pages\/17559\/revisions"}],"up":[{"embeddable":true,"href":"https:\/\/www.hotelvisegrad.hu\/de\/wp-json\/wp\/v2\/pages\/17556"}],"wp:featuredmedia":[{"embeddable":true,"href":"https:\/\/www.hotelvisegrad.hu\/de\/wp-json\/wp\/v2\/media\/14188"}],"wp:attachment":[{"href":"https:\/\/www.hotelvisegrad.hu\/de\/wp-json\/wp\/v2\/media?parent=17559"}],"wp:term":[{"taxonomy":"post_tag","embeddable":true,"href":"https:\/\/www.hotelvisegrad.hu\/de\/wp-json\/wp\/v2\/tags?post=17559"}],"curies":[{"name":"wp","href":"https:\/\/api.w.org\/{rel}","templated":true}]}}