{"id":17496,"date":"2021-06-02T09:29:21","date_gmt":"2021-06-02T09:29:21","guid":{"rendered":"https:\/\/www.hotelvisegrad.hu\/konferenzraeume\/"},"modified":"2024-01-31T11:55:46","modified_gmt":"2024-01-31T11:55:46","slug":"konferenzraeume","status":"publish","type":"page","link":"https:\/\/www.hotelvisegrad.hu\/de\/konferenzraeume\/","title":{"rendered":"Konferenzr\u00e4ume"},"content":{"rendered":"<p>[et_pb_section fb_built=&#8220;1&#8243; _builder_version=&#8220;4.24.0&#8243; _module_preset=&#8220;default&#8220; background_color=&#8220;rgba(0,0,0,0.38)&#8220; background_image=&#8220;https:\/\/www.hotelvisegrad.hu\/wp-content\/uploads\/PIX_1137_b-scaled.jpg&#8220; background_blend=&#8220;overlay&#8220; global_colors_info=&#8220;{}&#8220;][et_pb_row _builder_version=&#8220;4.16&#8243; _module_preset=&#8220;2c3722c0-227e-45c8-9254-97978a188986&#8243; global_colors_info=&#8220;{}&#8220;][et_pb_column type=&#8220;4_4&#8243; _builder_version=&#8220;4.16&#8243; _module_preset=&#8220;default&#8220; global_colors_info=&#8220;{}&#8220;][et_pb_text _builder_version=&#8220;4.16&#8243; _dynamic_attributes=&#8220;content&#8220; _module_preset=&#8220;1f2b3889-09d7-4ff7-aaf3-096c1a6cfa0c&#8220; global_colors_info=&#8220;{}&#8220;]@ET-DC@eyJkeW5hbWljIjp0cnVlLCJjb250ZW50IjoicG9zdF90aXRsZSIsInNldHRpbmdzIjp7ImJlZm9yZSI6IjxoMj48L2gyPiIsImFmdGVyIjoiJm5ic3A7XHJcblxyXG4mbmJzcDsifX0=@[\/et_pb_text][\/et_pb_column][\/et_pb_row][\/et_pb_section][et_pb_section fb_built=&#8220;1&#8243; admin_label=&#8220;BEVEZETO&#8220; _builder_version=&#8220;4.16&#8243; _module_preset=&#8220;f9b2cdd3-9ac0-4581-89f7-e7e554e9d175&#8243; global_colors_info=&#8220;{}&#8220;][et_pb_row column_structure=&#8220;2_5,3_5&#8243; admin_label=&#8220;Einfuhrung&#8220; _builder_version=&#8220;4.16&#8243; _module_preset=&#8220;fed426e6-f537-48f4-97e9-b84063a80258&#8243; global_colors_info=&#8220;{}&#8220;][et_pb_column type=&#8220;2_5&#8243; _builder_version=&#8220;4.16&#8243; _module_preset=&#8220;default&#8220; global_colors_info=&#8220;{}&#8220;][et_pb_text _builder_version=&#8220;4.16&#8243; _module_preset=&#8220;507aa6bb-b91c-403c-88ec-ac42b76b0ea6&#8243; global_colors_info=&#8220;{}&#8220;]<\/p>\n<p><b>Vollst\u00e4ndig ausgestattete Konferenzr\u00e4ume, professionelle Bedingungen!<\/b><\/p>\n<p>[\/et_pb_text][\/et_pb_column][et_pb_column type=&#8220;3_5&#8243; _builder_version=&#8220;4.16&#8243; _module_preset=&#8220;default&#8220; global_colors_info=&#8220;{}&#8220;][et_pb_text _builder_version=&#8220;4.16&#8243; _module_preset=&#8220;69fca1d7-0daf-4ccd-b4aa-49da36504dc9&#8243; custom_padding=&#8220;0px|0px|1px|0px|false|false&#8220; global_colors_info=&#8220;{}&#8220;]<\/p>\n<p>Ob es sich um eine Firmenveranstaltung oder eine andere professionelle Veranstaltung (z. B. Ausstellungen, Pr\u00e4sentationen, Seminare usw.) handelt, <b><strong>die voll ausgestatteten Konferenzr\u00e4ume des Hotels Visegrad bieten professionelle Bedingungen<\/strong><\/b>. Unser Hotel<b><strong> verf\u00fcgt \u00fcber 7 R\u00e4ume<\/strong><\/b>, die zusammen genutzt werden k\u00f6nnen, so dass<b><strong> Meetings f\u00fcr 8 Personen und<\/strong><\/b> Konferenzen<b><strong> f\u00fcr 220 Personen<\/strong><\/b> effizient abgehalten werden k\u00f6nnen.<\/p>\n<p>Weitere Informationen \u00fcber unsere Konferenzr\u00e4ume, zus\u00e4tzliche Dienstleistungen des Hotels Visegrad und <b><strong>andere Konferenzorte<\/strong><\/b> finden Sie unten!<\/p>\n<p>[\/et_pb_text][\/et_pb_column][\/et_pb_row][\/et_pb_section][et_pb_section fb_built=&#8220;1&#8243; _builder_version=&#8220;4.16&#8243; _module_preset=&#8220;7e253fea-c59a-4f37-a193-1e54bf0da8d7&#8243; global_colors_info=&#8220;{}&#8220;][et_pb_row _builder_version=&#8220;4.16&#8243; _module_preset=&#8220;3cfe1088-80ca-40b1-8845-48a273a22b5b&#8220; global_colors_info=&#8220;{}&#8220;][et_pb_column type=&#8220;4_4&#8243; _builder_version=&#8220;4.16&#8243; _module_preset=&#8220;default&#8220; global_colors_info=&#8220;{}&#8220;][et_pb_text module_class=&#8220;custom_bullets_wpcc custom_bullets_wpcc&#8211;check&#8220; _builder_version=&#8220;4.16&#8243; _module_preset=&#8220;f78023fd-2f77-4b07-956b-9e3e349e8143&#8243; global_colors_info=&#8220;{}&#8220;]<\/p>\n<h4><strong>Folgende technische Unterlagen stehen immer zur Verf\u00fcgung:<\/strong><\/h4>\n<ul>\n<li>Projektor<\/li>\n<li>Flipchart<\/li>\n<li>Laptop<\/li>\n<li>Dia-Projektor<\/li>\n<li>Overheadprojektor<\/li>\n<li>CD- und DVD-Player<\/li>\n<li>Komplettes Soundsystem<\/li>\n<li>Funkmikrofon<\/li>\n<li>Fernseher<\/li>\n<li>Breitband- und drahtloser Internetzugang<\/li>\n<\/ul>\n<h4>Personenbef\u00f6rderung<\/h4>\n<ul>\n<li>Wir organisieren unseren G\u00e4sten kostenlose Transporte zwischen unseren Veranstaltungsorten f\u00fcr Teambuilding-Programme, Restaurants und dem Hotel Visegr\u00e1d.<\/li>\n<\/ul>\n<p>[\/et_pb_text][\/et_pb_column][\/et_pb_row][et_pb_row _builder_version=&#8220;4.16&#8243; _module_preset=&#8220;13a72b84-e234-4972-81df-b4e0be256361&#8243; global_colors_info=&#8220;{}&#8220;][et_pb_column type=&#8220;4_4&#8243; _builder_version=&#8220;4.16&#8243; _module_preset=&#8220;default&#8220; custom_padding=&#8220;||||false|false&#8220; global_colors_info=&#8220;{}&#8220;][et_pb_gallery gallery_ids=&#8220;23150,23146,23142,23154,23134,22867,23138,23804,14523,14526,14520,23787&#8243; posts_number=&#8220;100&#8243; _builder_version=&#8220;4.24.0&#8243; _module_preset=&#8220;74e179d2-2af1-40ae-9fca-d08f70d4060e&#8220; global_colors_info=&#8220;{}&#8220;][\/et_pb_gallery][\/et_pb_column][\/et_pb_row][\/et_pb_section][et_pb_section fb_built=&#8220;1&#8243; admin_label=&#8220;BEVEZETO&#8220; _builder_version=&#8220;4.16&#8243; _module_preset=&#8220;f9b2cdd3-9ac0-4581-89f7-e7e554e9d175&#8243; global_colors_info=&#8220;{}&#8220;][et_pb_row admin_label=&#8220;Einfuhrung&#8220; _builder_version=&#8220;4.16&#8243; _module_preset=&#8220;fed426e6-f537-48f4-97e9-b84063a80258&#8243; global_colors_info=&#8220;{}&#8220;][et_pb_column type=&#8220;4_4&#8243; _builder_version=&#8220;4.16&#8243; _module_preset=&#8220;default&#8220; global_colors_info=&#8220;{}&#8220;][et_pb_text module_class=&#8220;custom_bullets_wpcc custom_bullets_wpcc&#8211;check&#8220; _builder_version=&#8220;4.24.0&#8243; _module_preset=&#8220;69fca1d7-0daf-4ccd-b4aa-49da36504dc9&#8243; header_3_text_color=&#8220;#1c8b98&#8243; global_colors_info=&#8220;{}&#8220;]<\/p>\n<h3><b>Konferenzr\u00e4ume &#8211; Spezifikation<\/b><\/h3>\n<p>In unseren Sektionsr\u00e4umen k\u00f6nnen kleinere<b><strong> Tagungen mit bis zu 8 Personen<\/strong><\/b> abgehalten werden. Unsere gr\u00f6\u00dferen Konferenzr\u00e4ume, die Platz f\u00fcr <b><strong>bis zu 220 Personen<\/strong><\/b> bieten, k\u00f6nnen das <b><strong>ganze Jahr<\/strong><\/b> \u00fcber gebucht werden.<\/p>\n<p>Der <b><strong>k\u00fcrzlich er\u00f6ffnete Superior-Bereich<\/strong><\/b> bietet weitere Vorteile f\u00fcr Konferenzveranstalter:<\/p>\n<ul>\n<li>Zu den bestehenden 5 R\u00e4umen ist ein neuer Sektionsraum hinzugekommen.<\/li>\n<li>Der neue Tagungsraum wurde nun um einen neuen Bereich mit zwei zus\u00e4tzlichen R\u00e4umen erweitert, die jeweils mit modernster Technik und perfekter Akustik ausgestattet sind und sogar Videokonferenzen erm\u00f6glichen.<\/li>\n<li>Der 200 qm gro\u00dfe Raum ist lichtdurchflutet, hat einen Gartenanschluss und einen herrlichen Panoramablick auf die Donau und Fellegv\u00e1ri<br \/>Derselbe Raum kann problemlos unterteilt werden, um <b><strong>zwei kleinere R\u00e4ume zu schaffen<\/strong><\/b>.\n<p><b><strong>Der neue Raum ist mit modernster Technik, perfekter Akustik und sogar Videokonferenzm\u00f6glichkeiten ausgestattet.<\/strong><\/b> <b><strong>Der 200 m\u00b2 gro\u00dfe Raum ist lichtdurchflutet, hat einen Gartenanschluss und einen herrlichen Panoramablick auf die Donau und Fellegv\u00e1ri.<\/strong><\/b> <b><strong>Hier trifft Funktionalit\u00e4t auf \u00c4sthetik &#8211; wir stehen Ihnen f\u00fcr die besten Veranstaltungen zur Verf\u00fcgung!<\/strong><\/b><\/p>\n<p><b><strong>Kapazit\u00e4t des neuen Raumes:<\/strong><\/b><\/p>\n<p>&#8211; 220 Personen im Theater-Stil<\/p>\n<p>&#8211; 120 Personen im Schulformat<\/p>\n<p>&#8211; 100 Personen am runden Tisch<\/p>\n<p>Dar\u00fcber hinaus stehen unsere bereits ausgebauten R\u00e4ume und Auditorien weiterhin zur Verf\u00fcgung, darunter ein <b><strong>100 m2 gro\u00dfer Konferenzraum mit Teppichboden und nat\u00fcrlicher Beleuchtung<\/strong><\/b> sowie 35 m2, 30 m2, 25 m2 und 20 m2 gro\u00dfe Sektionsr\u00e4ume.<\/p>\n<p>Diese <b><strong>R\u00e4ume <\/strong><\/b>k\u00f6nnen nicht nur f\u00fcr Konferenzen, sondern auch f\u00fcr <b><strong>Ausstellungen, Er\u00f6ffnungen, Pr\u00e4sentationen und Seminare<\/strong><\/b> genutzt werden.<\/p>\n<\/li>\n<\/ul>\n<table style=\"border: 1px solid #e14b3b; background-color: #fff;\">\n<thead>\n<tr>\n<th style=\"background-color: #e14b3b; color: #fff;\">Name des Zimmers<\/th>\n<th style=\"background-color: #e14b3b; color: #fff;\">Floor area<\/th>\n<\/tr>\n<\/thead>\n<tbody>\n<tr>\n<td>Konferenzraum 1<\/td>\n<td>35 m2<\/td>\n<\/tr>\n<tr>\n<td>Konferenzraum 2<\/td>\n<td>59 m2<\/td>\n<\/tr>\n<tr>\n<td>Konferenzraum 1+2 zusammengef\u00fchrt<\/td>\n<td>94 m2<\/td>\n<\/tr>\n<tr>\n<td>Konferenzraum 3<\/td>\n<td>102 m2<\/td>\n<\/tr>\n<tr>\n<td>Konferenzraum 4<\/td>\n<td>78 m2<\/td>\n<\/tr>\n<tr>\n<td>Konferenzraum 3+4 zusammengef\u00fchrt<\/td>\n<td>180 m2<\/td>\n<\/tr>\n<tr>\n<td>Billardzimmer<\/td>\n<td>57 m2<\/td>\n<\/tr>\n<tr>\n<td>Erholungsraum<\/td>\n<td>59 m2<\/td>\n<\/tr>\n<tr>\n<td>Billardzimmer+Erholungsraum zusammengef\u00fchrt<\/td>\n<td>116 m2<\/td>\n<\/tr>\n<tr>\n<td>Kuppelsaal<\/td>\n<td>35 m2<\/td>\n<\/tr>\n<\/tbody>\n<\/table>\n<ul>\n<li><b><strong>Alle unsere R\u00e4ume sind klimatisiert<\/strong><\/b><\/li>\n<li>Alle unsere Konferenzr\u00e4ume sind ausgestattet, aber <b><strong>wir k\u00f6nnen Ihnen auch jede zus\u00e4tzliche technische Ausr\u00fcstung<\/strong><\/b> zur <b><strong>Verf\u00fcgung stellen<\/strong><\/b>, die Sie ben\u00f6tigen, um die Qualit\u00e4t Ihrer Veranstaltung zu gew\u00e4hrleisten.<\/li>\n<\/ul>\n<h3><b>Unsere anderen Konferenzr\u00e4ume<\/b><\/h3>\n<p>Neben den eigenen Konferenzr\u00e4umen des Hotels Visegrad k\u00f6nnen wir Ihnen <b><strong>4 weitere ausgestattete Konferenzr\u00e4ume<\/strong><\/b> anbieten:<\/p>\n<ul>\n<li>Wir bieten das <b><strong>hoteleigene Restaurant<\/strong><\/b> f\u00fcr Veranstaltungen mit bis zu 80 Personen an.<\/li>\n<li><b><strong>Der spezielle Raum des Renaissance-Restaurants<\/strong><\/b> bietet Platz f\u00fcr bis zu 50 Personen und ist durch seine <b><strong>Innenausstattung<\/strong><\/b> eine echte Besonderheit, weshalb er ein beliebter Konferenzort ist.<\/li>\n<li><b><strong>Unser separater Tagungsraum<\/strong><\/b> bietet Platz f\u00fcr kleinere Meetings mit bis zu 8 Personen.<\/li>\n<li>Konferenzen und andere Veranstaltungen k\u00f6nnen auch im K\u00f6niglichen Palast organisiert werden, dem <b><strong>Ort des j\u00e4hrlichen Treffens der V4 (Visegr\u00e1d Four)<\/strong><\/b>. Der Palast ist nur 500 Meter von unserem Hotel entfernt und bietet bequem Platz f\u00fcr <b><strong>bis zu 250 Personen<\/strong><\/b>.<\/li>\n<\/ul>\n<ul><\/ul>\n<h3><b>Verpflegung<\/b><\/h3>\n<p>Besonders hervorzuheben ist der <b><strong>hochwertige Catering-Service<\/strong><\/b> unseres Hotels. Das Seagull Restaurant, <b><strong>unser hoteleigenes Restaurant, bietet<\/strong><\/b> den Teilnehmern Ihrer Veranstaltung <b><strong>ein echtes gastronomisches Erlebnis<\/strong><\/b>. Unser K\u00fcchenchef und unsere Kellner gehen jedes Mal die Extrameile, und unsere G\u00e4ste haben unseren Cateringservice stets gelobt. Ob es sich um eine kleine Veranstaltung oder um eine Veranstaltung <b><strong>mit mehr als 200 Personen<\/strong><\/b> handelt, ob es sich um ein <b><strong>Buffet oder um ein Catering<\/strong><\/b> handelt, unser Catering-Personal ist immer pr\u00e4zise und geschmackvoll.<\/p>\n<h3><b>Programme<\/b><\/h3>\n<p>Neben der professionellen Organisation von Veranstaltungen und Konferenzen sind unsere gr\u00f6\u00dften St\u00e4rken <b><strong>unsere Programme und Teambuilding-Aktivit\u00e4ten<\/strong><\/b> f\u00fcr Unternehmen, kleine und gro\u00dfe <b><strong>Gruppen und Gemeinden<\/strong><\/b>. Visegr\u00e1d ist eine der kleinsten St\u00e4dte Ungarns, die voller bunter Programmm\u00f6glichkeiten steckt, weshalb sie zu Recht <b><strong>den Spitznamen &#8222;Budapester Spielplatz&#8220;<\/strong><\/b> tr\u00e4gt. Planen Sie mit uns Ihr unvergessliches Team-Building!<\/p>\n<p><b><strong>Programme zur Teambildung:<\/strong><\/b><\/p>\n<ul>\n<li><a href=\"https:\/\/www.hotelvisegrad.hu\/de\/ritterturniere\/\"><b><strong>Gymnastik-Vorf\u00fchrung<\/strong><\/b><\/a><\/li>\n<li><a href=\"https:\/\/www.hotelvisegrad.hu\/de\/koenigliches-festmahl\/\"><b><strong>K\u00f6nigliches Festmahl im Restaurant Renaissance<\/strong><\/b><\/a><\/li>\n<li><a href=\"https:\/\/www.hotelvisegrad.hu\/de\/kreuzfahrt-auf-der-donau\/\"><b><strong>Schifffahrt auf der Donau<\/strong><\/b><\/a><\/li>\n<li><a href=\"https:\/\/www.hotelvisegrad.hu\/de\/museum-geheimbrennerei\/\"><b><strong>Zugf\u0151zde P\u00e1linka Museum<\/strong><\/b><\/a><\/li>\n<li><a href=\"https:\/\/www.hotelvisegrad.hu\/de\/erlebnisspaziergang-im-koenigspalast\/\"><b><strong>Erlebnisrundgang im K\u00f6niglichen Palast<\/strong><\/b><\/a><\/li>\n<\/ul>\n<p><b><strong>Teambuilding-Spiele:<\/strong><\/b><\/p>\n<ul>\n<li><a href=\"https:\/\/www.hotelvisegrad.hu\/de\/laserkampf\/\"><b><strong>Laserkampf<\/strong><\/b><\/a><\/li>\n<li><a href=\"https:\/\/www.hotelvisegrad.hu\/de\/mittelalterliche-teambildung\/\"><b><strong>Mittelalterliches Teambuilding<\/strong><\/b><\/a><\/li>\n<li><a href=\"https:\/\/www.hotelvisegrad.hu\/de\/handwerksolympiade\/\"><b><strong>Olympiade des Handwerks<\/strong><\/b><\/a><\/li>\n<li><a href=\"https:\/\/www.hotelvisegrad.hu\/de\/sport-und-freizeit\/bowling\/\"><b><strong>Bowling<\/strong><\/b><\/a><\/li>\n<\/ul>\n<ul><\/ul>\n<p>&nbsp;<\/p>\n<p>[\/et_pb_text][\/et_pb_column][\/et_pb_row][\/et_pb_section]<\/p>\n","protected":false},"excerpt":{"rendered":"<p>Unsere Konferenzr\u00e4ume bieten den perfekten Ort f\u00fcr eine Vielzahl von Veranstaltungen, sei es ein Meeting mit 8 Personen oder eine Pr\u00e4sentation mit bis zu 250 Personen.<\/p>\n","protected":false},"author":1,"featured_media":22851,"parent":0,"menu_order":0,"comment_status":"closed","ping_status":"closed","template":"","meta":{"_et_pb_use_builder":"on","_et_pb_old_content":"","_et_gb_content_width":"","footnotes":""},"tags":[900],"class_list":["post-17496","page","type-page","status-publish","has-post-thumbnail","hentry","tag-teambuildung"],"_links":{"self":[{"href":"https:\/\/www.hotelvisegrad.hu\/de\/wp-json\/wp\/v2\/pages\/17496","targetHints":{"allow":["GET"]}}],"collection":[{"href":"https:\/\/www.hotelvisegrad.hu\/de\/wp-json\/wp\/v2\/pages"}],"about":[{"href":"https:\/\/www.hotelvisegrad.hu\/de\/wp-json\/wp\/v2\/types\/page"}],"author":[{"embeddable":true,"href":"https:\/\/www.hotelvisegrad.hu\/de\/wp-json\/wp\/v2\/users\/1"}],"replies":[{"embeddable":true,"href":"https:\/\/www.hotelvisegrad.hu\/de\/wp-json\/wp\/v2\/comments?post=17496"}],"version-history":[{"count":5,"href":"https:\/\/www.hotelvisegrad.hu\/de\/wp-json\/wp\/v2\/pages\/17496\/revisions"}],"predecessor-version":[{"id":23844,"href":"https:\/\/www.hotelvisegrad.hu\/de\/wp-json\/wp\/v2\/pages\/17496\/revisions\/23844"}],"wp:featuredmedia":[{"embeddable":true,"href":"https:\/\/www.hotelvisegrad.hu\/de\/wp-json\/wp\/v2\/media\/22851"}],"wp:attachment":[{"href":"https:\/\/www.hotelvisegrad.hu\/de\/wp-json\/wp\/v2\/media?parent=17496"}],"wp:term":[{"taxonomy":"post_tag","embeddable":true,"href":"https:\/\/www.hotelvisegrad.hu\/de\/wp-json\/wp\/v2\/tags?post=17496"}],"curies":[{"name":"wp","href":"https:\/\/api.w.org\/{rel}","templated":true}]}}