{"id":17492,"date":"2021-06-02T09:28:46","date_gmt":"2021-06-02T09:28:46","guid":{"rendered":"https:\/\/www.hotelvisegrad.hu\/bowling\/"},"modified":"2021-06-21T07:09:52","modified_gmt":"2021-06-21T07:09:52","slug":"bowling","status":"publish","type":"page","link":"https:\/\/www.hotelvisegrad.hu\/de\/bowling\/","title":{"rendered":"Bowling"},"content":{"rendered":"<p>[et_pb_section fb_built=&#8220;1&#8243; _builder_version=&#8220;4.8.2&#8243; _module_preset=&#8220;default&#8220; background_color=&#8220;rgba(0,0,0,0.41)&#8220; background_image=&#8220;https:\/\/hotelvisegrad.hu\/wp-content\/uploads\/bowling-lista.jpg&#8220; background_blend=&#8220;overlay&#8220;][et_pb_row _builder_version=&#8220;4.8.2&#8243; _module_preset=&#8220;2c3722c0-227e-45c8-9254-97978a188986&#8243;][et_pb_column type=&#8220;4_4&#8243; _builder_version=&#8220;4.7.7&#8243; _module_preset=&#8220;default&#8220;][et_pb_text _builder_version=&#8220;4.8.2&#8243; _dynamic_attributes=&#8220;content&#8220; _module_preset=&#8220;1f2b3889-09d7-4ff7-aaf3-096c1a6cfa0c&#8220;]@ET-DC@eyJkeW5hbWljIjp0cnVlLCJjb250ZW50IjoicG9zdF90aXRsZSIsInNldHRpbmdzIjp7ImJlZm9yZSI6IjxoMj48XC9oMj4iLCJhZnRlciI6IiZuYnNwO1xyXG5cclxuJm5ic3A7In19@[\/et_pb_text][\/et_pb_column][\/et_pb_row][\/et_pb_section][et_pb_section fb_built=&#8220;1&#8243; admin_label=&#8220;BEVEZETO&#8220; _builder_version=&#8220;4.8.2&#8243; _module_preset=&#8220;f9b2cdd3-9ac0-4581-89f7-e7e554e9d175&#8243;][et_pb_row column_structure=&#8220;1_3,2_3&#8243; admin_label=&#8220;Einfuhrung&#8220; _builder_version=&#8220;4.8.2&#8243; _module_preset=&#8220;fed426e6-f537-48f4-97e9-b84063a80258&#8243;][et_pb_column type=&#8220;1_3&#8243; _builder_version=&#8220;4.7.7&#8243; _module_preset=&#8220;default&#8220;][et_pb_text _builder_version=&#8220;4.8.2&#8243; _module_preset=&#8220;507aa6bb-b91c-403c-88ec-ac42b76b0ea6&#8243;]<\/p>\n<h3>Ein ewiger Indoor-Klassiker<\/h3>\n<p>[\/et_pb_text][\/et_pb_column][et_pb_column type=&#8220;2_3&#8243; _builder_version=&#8220;4.7.7&#8243; _module_preset=&#8220;default&#8220;][et_pb_text _builder_version=&#8220;4.8.2&#8243; _module_preset=&#8220;69fca1d7-0daf-4ccd-b4aa-49da36504dc9&#8243;]Unter den Indoor-Teambuilding-Spielen verdient Bowling eine besondere Erw\u00e4hnung, da es ein ewiger Klassiker ist.\u00a0Die zweispurige Kegelbahn des Hotels Visegr\u00e1d ist ein w\u00fcrdiger Ort f\u00fcr den guten Wettbewerb der Kollegen. Die Bar Corvin, die sich \u00fcber der Bahn befindet, sorgt dass immer gen\u00fcgend Erfrischungen auf den Tischen sind.<\/p>\n<p>Da sich die Kegelbahn und die Konferenzr\u00e4ume ebenfalls im Geb\u00e4ude des Hotels Visegr\u00e1d befinden, ist es jederzeit m\u00f6glich, ein paar Kegel umzulegen. Ob es sich um ein frisch zusammengestelltes Team handelt oder um Kollegen, die jahrelang Schulter an Schulter zusammenarbeiten, Bowling ist ein 100% kollisionsfreies Teambuilding-Spiel, das eine hervorragende Grundlage oder sogar das Schlusswort f\u00fcr eine mehrt\u00e4gige Programmreihe sein kann.[\/et_pb_text][\/et_pb_column][\/et_pb_row][\/et_pb_section][et_pb_section fb_built=&#8220;1&#8243; _builder_version=&#8220;4.8.2&#8243; _module_preset=&#8220;7e253fea-c59a-4f37-a193-1e54bf0da8d7&#8243;][et_pb_row _builder_version=&#8220;4.8.2&#8243; _module_preset=&#8220;3cfe1088-80ca-40b1-8845-48a273a22b5b&#8220;][et_pb_column type=&#8220;4_4&#8243; _builder_version=&#8220;4.7.7&#8243; _module_preset=&#8220;default&#8220;][\/et_pb_column][\/et_pb_row][et_pb_row _builder_version=&#8220;4.8.2&#8243; _module_preset=&#8220;13a72b84-e234-4972-81df-b4e0be256361&#8243;][et_pb_column type=&#8220;4_4&#8243; _builder_version=&#8220;4.7.7&#8243; _module_preset=&#8220;default&#8220; custom_padding=&#8220;||||false|false&#8220;][et_pb_gallery gallery_ids=&#8220;13958,13960,13962,13964,13966&#8243; posts_number=&#8220;100&#8243; _builder_version=&#8220;4.8.2&#8243; _module_preset=&#8220;74e179d2-2af1-40ae-9fca-d08f70d4060e&#8220;][\/et_pb_gallery][\/et_pb_column][\/et_pb_row][et_pb_row _builder_version=&#8220;4.7.7&#8243; _module_preset=&#8220;default&#8220;][et_pb_column type=&#8220;4_4&#8243; _builder_version=&#8220;4.7.7&#8243; _module_preset=&#8220;default&#8220;][et_pb_text _builder_version=&#8220;4.7.7&#8243; _module_preset=&#8220;default&#8220; header_text_color=&#8220;#ffffff&#8220; custom_margin=&#8220;||0px||false|false&#8220; custom_padding=&#8220;||0px||false|false&#8220;]Noch mehr Erfahrung[\/et_pb_text][et_pb_divider color=&#8220;#ffffff&#8220; _builder_version=&#8220;4.7.7&#8243; _module_preset=&#8220;32b62c33-a07b-4dd4-b207-3a5cce763cbb&#8220; min_height=&#8220;0px&#8220; height=&#8220;0px&#8220; max_height=&#8220;0px&#8220;][\/et_pb_divider][\/et_pb_column][\/et_pb_row][et_pb_row _builder_version=&#8220;4.8.2&#8243; _module_preset=&#8220;default&#8220; width=&#8220;100%&#8220; max_width=&#8220;100%&#8220;][et_pb_column type=&#8220;4_4&#8243; _builder_version=&#8220;4.7.7&#8243; _module_preset=&#8220;default&#8220;][et_pb_code _builder_version=&#8220;4.7.7&#8243; _module_preset=&#8220;default&#8220;]<div class=\"display-posts-listing grid\"><div class=\"listing-item\"><div class=\"dp-box\"><a class=\"image\" href=\"https:\/\/www.hotelvisegrad.hu\/de\/ritterturniere-2\/\"><img loading=\"lazy\" decoding=\"async\" width=\"1024\" height=\"683\" src=\"https:\/\/www.hotelvisegrad.hu\/wp-content\/uploads\/2016\/05\/lovagi-torna-bemutato-lista-1-1024x683.jpg\" class=\"attachment-large size-large wp-post-image\" alt=\"\" srcset=\"https:\/\/www.hotelvisegrad.hu\/wp-content\/uploads\/2016\/05\/lovagi-torna-bemutato-lista-1-1024x683.jpg 1024w, https:\/\/www.hotelvisegrad.hu\/wp-content\/uploads\/2016\/05\/lovagi-torna-bemutato-lista-1-300x200.jpg 300w, https:\/\/www.hotelvisegrad.hu\/wp-content\/uploads\/2016\/05\/lovagi-torna-bemutato-lista-1-768x512.jpg 768w, https:\/\/www.hotelvisegrad.hu\/wp-content\/uploads\/2016\/05\/lovagi-torna-bemutato-lista-1.jpg 1200w\" sizes=\"(max-width: 1024px) 100vw, 1024px\" \/><\/a> <a class=\"title\" href=\"https:\/\/www.hotelvisegrad.hu\/de\/ritterturniere-2\/\">Ritterturniere<\/a><\/div><\/div><div class=\"listing-item\"><div class=\"dp-box\"><a class=\"image\" href=\"https:\/\/www.hotelvisegrad.hu\/de\/kreuzfahrt-auf-der-donau\/\"><img loading=\"lazy\" decoding=\"async\" width=\"1024\" height=\"683\" src=\"https:\/\/www.hotelvisegrad.hu\/wp-content\/uploads\/IMG_1235-Nagy-1024x683.jpg\" class=\"attachment-large size-large wp-post-image\" alt=\"\" srcset=\"https:\/\/www.hotelvisegrad.hu\/wp-content\/uploads\/IMG_1235-Nagy-980x653.jpg 980w, https:\/\/www.hotelvisegrad.hu\/wp-content\/uploads\/IMG_1235-Nagy-480x320.jpg 480w\" sizes=\"(min-width: 0px) and (max-width: 480px) 480px, (min-width: 481px) and (max-width: 980px) 980px, (min-width: 981px) 1024px, 100vw\" \/><\/a> <a class=\"title\" href=\"https:\/\/www.hotelvisegrad.hu\/de\/kreuzfahrt-auf-der-donau\/\">Kreuzfahrt auf der Donau<\/a><\/div><\/div><div class=\"listing-item\"><div class=\"dp-box\"><a class=\"image\" href=\"https:\/\/www.hotelvisegrad.hu\/de\/sport-und-freizeit\/wandern-im-pilis-gebirge\/\"><img loading=\"lazy\" decoding=\"async\" width=\"1024\" height=\"683\" src=\"https:\/\/www.hotelvisegrad.hu\/wp-content\/uploads\/IMG_6454-Edit-Edit-Nagy-1024x683.jpg\" class=\"attachment-large size-large wp-post-image\" alt=\"\" srcset=\"https:\/\/www.hotelvisegrad.hu\/wp-content\/uploads\/IMG_6454-Edit-Edit-Nagy-980x653.jpg 980w, https:\/\/www.hotelvisegrad.hu\/wp-content\/uploads\/IMG_6454-Edit-Edit-Nagy-480x320.jpg 480w\" sizes=\"(min-width: 0px) and (max-width: 480px) 480px, (min-width: 481px) and (max-width: 980px) 980px, (min-width: 981px) 1024px, 100vw\" \/><\/a> <a class=\"title\" href=\"https:\/\/www.hotelvisegrad.hu\/de\/sport-und-freizeit\/wandern-im-pilis-gebirge\/\">Wandern im Pilis-Gebirge<\/a><\/div><\/div><div class=\"listing-item\"><div class=\"dp-box\"><a class=\"image\" href=\"https:\/\/www.hotelvisegrad.hu\/de\/museum-geheimbrennerei\/\"><img loading=\"lazy\" decoding=\"async\" width=\"1024\" height=\"682\" src=\"https:\/\/www.hotelvisegrad.hu\/wp-content\/uploads\/1-1-1024x682.jpg\" class=\"attachment-large size-large wp-post-image\" alt=\"\" srcset=\"https:\/\/www.hotelvisegrad.hu\/wp-content\/uploads\/1-1-980x652.jpg 980w, https:\/\/www.hotelvisegrad.hu\/wp-content\/uploads\/1-1-480x320.jpg 480w\" sizes=\"(min-width: 0px) and (max-width: 480px) 480px, (min-width: 481px) and (max-width: 980px) 980px, (min-width: 981px) 1024px, 100vw\" \/><\/a> <a class=\"title\" href=\"https:\/\/www.hotelvisegrad.hu\/de\/museum-geheimbrennerei\/\">Museum Geheimbrennerei<\/a><\/div><\/div><div class=\"listing-item\"><div class=\"dp-box\"><a class=\"image\" href=\"https:\/\/www.hotelvisegrad.hu\/de\/produzentenmarkt\/\"><img loading=\"lazy\" decoding=\"async\" width=\"1024\" height=\"683\" src=\"https:\/\/www.hotelvisegrad.hu\/wp-content\/uploads\/raspberries-422979-Nagy-1024x683.jpg\" class=\"attachment-large size-large wp-post-image\" alt=\"\" srcset=\"https:\/\/www.hotelvisegrad.hu\/wp-content\/uploads\/raspberries-422979-Nagy-980x653.jpg 980w, https:\/\/www.hotelvisegrad.hu\/wp-content\/uploads\/raspberries-422979-Nagy-480x320.jpg 480w\" sizes=\"(min-width: 0px) and (max-width: 480px) 480px, (min-width: 481px) and (max-width: 980px) 980px, (min-width: 981px) 1024px, 100vw\" \/><\/a> <a class=\"title\" href=\"https:\/\/www.hotelvisegrad.hu\/de\/produzentenmarkt\/\">Produzentenmarkt<\/a><\/div><\/div><div class=\"listing-item\"><div class=\"dp-box\"><a class=\"image\" href=\"https:\/\/www.hotelvisegrad.hu\/de\/greifvogel-flugschau\/\"><img loading=\"lazy\" decoding=\"async\" width=\"1024\" height=\"683\" src=\"https:\/\/www.hotelvisegrad.hu\/wp-content\/uploads\/rmb3-1024x683.jpg\" class=\"attachment-large size-large wp-post-image\" alt=\"\" srcset=\"https:\/\/www.hotelvisegrad.hu\/wp-content\/uploads\/rmb3-980x653.jpg 980w, https:\/\/www.hotelvisegrad.hu\/wp-content\/uploads\/rmb3-480x320.jpg 480w\" sizes=\"(min-width: 0px) and (max-width: 480px) 480px, (min-width: 481px) and (max-width: 980px) 980px, (min-width: 981px) 1024px, 100vw\" \/><\/a> <a class=\"title\" href=\"https:\/\/www.hotelvisegrad.hu\/de\/greifvogel-flugschau\/\">Greifvogel-Flugschau<\/a><\/div><\/div><div class=\"listing-item\"><div class=\"dp-box\"><a class=\"image\" href=\"https:\/\/www.hotelvisegrad.hu\/de\/sport-und-freizeit\/bowling\/\"><img loading=\"lazy\" decoding=\"async\" width=\"1024\" height=\"683\" src=\"https:\/\/www.hotelvisegrad.hu\/wp-content\/uploads\/bowling-lista-1024x683.jpg\" class=\"attachment-large size-large wp-post-image\" alt=\"\" srcset=\"https:\/\/www.hotelvisegrad.hu\/wp-content\/uploads\/bowling-lista-1024x683.jpg 1024w, https:\/\/www.hotelvisegrad.hu\/wp-content\/uploads\/bowling-lista-980x653.jpg 980w, https:\/\/www.hotelvisegrad.hu\/wp-content\/uploads\/bowling-lista-480x320.jpg 480w\" sizes=\"(min-width: 0px) and (max-width: 480px) 480px, (min-width: 481px) and (max-width: 980px) 980px, (min-width: 981px) 1024px, 100vw\" \/><\/a> <a class=\"title\" href=\"https:\/\/www.hotelvisegrad.hu\/de\/sport-und-freizeit\/bowling\/\">Bowling<\/a><\/div><\/div><div class=\"listing-item\"><div class=\"dp-box\"><a class=\"image\" href=\"https:\/\/www.hotelvisegrad.hu\/de\/erlebnisspaziergang-im-koenigspalast\/\"><img loading=\"lazy\" decoding=\"async\" width=\"1024\" height=\"683\" src=\"https:\/\/www.hotelvisegrad.hu\/wp-content\/uploads\/elmenysetafejlec-1024x683.jpg\" class=\"attachment-large size-large wp-post-image\" alt=\"\" srcset=\"https:\/\/www.hotelvisegrad.hu\/wp-content\/uploads\/elmenysetafejlec-1024x683.jpg 1024w, https:\/\/www.hotelvisegrad.hu\/wp-content\/uploads\/elmenysetafejlec-980x653.jpg 980w, https:\/\/www.hotelvisegrad.hu\/wp-content\/uploads\/elmenysetafejlec-480x320.jpg 480w\" sizes=\"(min-width: 0px) and (max-width: 480px) 480px, (min-width: 481px) and (max-width: 980px) 980px, (min-width: 981px) 1024px, 100vw\" \/><\/a> <a class=\"title\" href=\"https:\/\/www.hotelvisegrad.hu\/de\/erlebnisspaziergang-im-koenigspalast\/\">Erlebnisspaziergang im K\u00f6nigspalast<\/a><\/div><\/div><div class=\"listing-item\"><div class=\"dp-box\"><a class=\"image\" href=\"https:\/\/www.hotelvisegrad.hu\/de\/sport-und-freizeit\/\"><img loading=\"lazy\" decoding=\"async\" width=\"1024\" height=\"683\" src=\"https:\/\/www.hotelvisegrad.hu\/wp-content\/uploads\/kerekpartura_fejlec-1024x683.jpg\" class=\"attachment-large size-large wp-post-image\" alt=\"\" srcset=\"https:\/\/www.hotelvisegrad.hu\/wp-content\/uploads\/kerekpartura_fejlec-980x653.jpg 980w, https:\/\/www.hotelvisegrad.hu\/wp-content\/uploads\/kerekpartura_fejlec-480x320.jpg 480w\" sizes=\"(min-width: 0px) and (max-width: 480px) 480px, (min-width: 481px) and (max-width: 980px) 980px, (min-width: 981px) 1024px, 100vw\" \/><\/a> <a class=\"title\" href=\"https:\/\/www.hotelvisegrad.hu\/de\/sport-und-freizeit\/\">Sport und Freizeit<\/a><\/div><\/div><div class=\"listing-item\"><div class=\"dp-box\"><a class=\"image\" href=\"https:\/\/www.hotelvisegrad.hu\/de\/gastroerfahrung\/\"><img loading=\"lazy\" decoding=\"async\" width=\"1024\" height=\"683\" src=\"https:\/\/www.hotelvisegrad.hu\/wp-content\/uploads\/gasztro-1024x683.jpg\" class=\"attachment-large size-large wp-post-image\" alt=\"\" srcset=\"https:\/\/www.hotelvisegrad.hu\/wp-content\/uploads\/gasztro-1024x683.jpg 1024w, https:\/\/www.hotelvisegrad.hu\/wp-content\/uploads\/gasztro-980x653.jpg 980w, https:\/\/www.hotelvisegrad.hu\/wp-content\/uploads\/gasztro-480x320.jpg 480w\" sizes=\"(min-width: 0px) and (max-width: 480px) 480px, (min-width: 481px) and (max-width: 980px) 980px, (min-width: 981px) 1024px, 100vw\" \/><\/a> <a class=\"title\" href=\"https:\/\/www.hotelvisegrad.hu\/de\/gastroerfahrung\/\">Gastroerfahrung<\/a><\/div><\/div><\/div>[\/et_pb_code][\/et_pb_column][\/et_pb_row][\/et_pb_section]<\/p>\n","protected":false},"excerpt":{"rendered":"<p><div class=\"blog-post-listing grid\"><div class=\"listing-item\"><div class=\"dp-box\"><a class=\"image\" href=\"https:\/\/www.hotelvisegrad.hu\/de\/gastroerfahrung\/palasthaus\/\"><img width=\"1024\" height=\"683\" src=\"https:\/\/www.hotelvisegrad.hu\/wp-content\/uploads\/palotahaz-1200x800-1-1024x683.jpg\" class=\"attachment-large size-large wp-post-image\" alt=\"\" decoding=\"async\" loading=\"lazy\" srcset=\"https:\/\/www.hotelvisegrad.hu\/wp-content\/uploads\/palotahaz-1200x800-1-1024x683.jpg 1024w, https:\/\/www.hotelvisegrad.hu\/wp-content\/uploads\/palotahaz-1200x800-1-980x653.jpg 980w, https:\/\/www.hotelvisegrad.hu\/wp-content\/uploads\/palotahaz-1200x800-1-480x320.jpg 480w\" sizes=\"(min-width: 0px) and (max-width: 480px) 480px, (min-width: 481px) and (max-width: 980px) 980px, (min-width: 981px) 1024px, 100vw\" \/><\/a> <a class=\"title\" href=\"https:\/\/www.hotelvisegrad.hu\/de\/gastroerfahrung\/palasthaus\/\">Palasthaus<\/a><\/div><\/div><div class=\"listing-item\"><div class=\"dp-box\"><a class=\"image\" href=\"https:\/\/www.hotelvisegrad.hu\/de\/gastroerfahrung\/koenigliche-feste-weinabende\/\"><img width=\"1024\" height=\"681\" src=\"https:\/\/www.hotelvisegrad.hu\/wp-content\/uploads\/kiralyi-lakomak-borvacsorak-lista-1-1024x681.jpg\" class=\"attachment-large size-large wp-post-image\" alt=\"\" decoding=\"async\" loading=\"lazy\" srcset=\"https:\/\/www.hotelvisegrad.hu\/wp-content\/uploads\/kiralyi-lakomak-borvacsorak-lista-1-1024x681.jpg 1024w, https:\/\/www.hotelvisegrad.hu\/wp-content\/uploads\/kiralyi-lakomak-borvacsorak-lista-1-980x652.jpg 980w, https:\/\/www.hotelvisegrad.hu\/wp-content\/uploads\/kiralyi-lakomak-borvacsorak-lista-1-480x319.jpg 480w\" sizes=\"(min-width: 0px) and (max-width: 480px) 480px, (min-width: 481px) and (max-width: 980px) 980px, (min-width: 981px) 1024px, 100vw\" \/><\/a> <a class=\"title\" href=\"https:\/\/www.hotelvisegrad.hu\/de\/gastroerfahrung\/koenigliche-feste-weinabende\/\">K\u00f6nigliche Feste, Weinabende<\/a><\/div><\/div><div class=\"listing-item\"><div class=\"dp-box\"><a class=\"image\" href=\"https:\/\/www.hotelvisegrad.hu\/de\/gastroerfahrung\/das-restaurant-siraly\/\"><img width=\"1024\" height=\"583\" src=\"https:\/\/www.hotelvisegrad.hu\/wp-content\/uploads\/siraly_fejlec-1024x583.jpg\" class=\"attachment-large size-large wp-post-image\" alt=\"\" decoding=\"async\" loading=\"lazy\" srcset=\"https:\/\/www.hotelvisegrad.hu\/wp-content\/uploads\/siraly_fejlec-1024x583.jpg 1024w, https:\/\/www.hotelvisegrad.hu\/wp-content\/uploads\/siraly_fejlec-300x171.jpg 300w, https:\/\/www.hotelvisegrad.hu\/wp-content\/uploads\/siraly_fejlec-768x437.jpg 768w, https:\/\/www.hotelvisegrad.hu\/wp-content\/uploads\/siraly_fejlec-1536x874.jpg 1536w, https:\/\/www.hotelvisegrad.hu\/wp-content\/uploads\/siraly_fejlec-2048x1165.jpg 2048w, https:\/\/www.hotelvisegrad.hu\/wp-content\/uploads\/siraly_fejlec-1080x614.jpg 1080w, https:\/\/www.hotelvisegrad.hu\/wp-content\/uploads\/siraly_fejlec-1280x728.jpg 1280w, https:\/\/www.hotelvisegrad.hu\/wp-content\/uploads\/siraly_fejlec-980x557.jpg 980w, https:\/\/www.hotelvisegrad.hu\/wp-content\/uploads\/siraly_fejlec-480x273.jpg 480w\" sizes=\"(max-width: 1024px) 100vw, 1024px\" \/><\/a> <a class=\"title\" href=\"https:\/\/www.hotelvisegrad.hu\/de\/gastroerfahrung\/das-restaurant-siraly\/\">Das Restaurant Sir\u00e1ly<\/a><\/div><\/div><\/div>\u00a0Noch mehr Erlebnisse<div class=\"display-posts-listing grid\"><div class=\"listing-item\"><div class=\"dp-box\"><a class=\"image\" href=\"https:\/\/www.hotelvisegrad.hu\/de\/ritterturniere-2\/\"><img width=\"1024\" height=\"683\" src=\"https:\/\/www.hotelvisegrad.hu\/wp-content\/uploads\/2016\/05\/lovagi-torna-bemutato-lista-1-1024x683.jpg\" class=\"attachment-large size-large wp-post-image\" alt=\"\" decoding=\"async\" loading=\"lazy\" srcset=\"https:\/\/www.hotelvisegrad.hu\/wp-content\/uploads\/2016\/05\/lovagi-torna-bemutato-lista-1-1024x683.jpg 1024w, https:\/\/www.hotelvisegrad.hu\/wp-content\/uploads\/2016\/05\/lovagi-torna-bemutato-lista-1-300x200.jpg 300w, https:\/\/www.hotelvisegrad.hu\/wp-content\/uploads\/2016\/05\/lovagi-torna-bemutato-lista-1-768x512.jpg 768w, https:\/\/www.hotelvisegrad.hu\/wp-content\/uploads\/2016\/05\/lovagi-torna-bemutato-lista-1.jpg 1200w\" sizes=\"(max-width: 1024px) 100vw, 1024px\" \/><\/a> <a class=\"title\" href=\"https:\/\/www.hotelvisegrad.hu\/de\/ritterturniere-2\/\">Ritterturniere<\/a><\/div><\/div><div class=\"listing-item\"><div class=\"dp-box\"><a class=\"image\" href=\"https:\/\/www.hotelvisegrad.hu\/de\/kreuzfahrt-auf-der-donau\/\"><img width=\"1024\" height=\"683\" src=\"https:\/\/www.hotelvisegrad.hu\/wp-content\/uploads\/IMG_1235-Nagy-1024x683.jpg\" class=\"attachment-large size-large wp-post-image\" alt=\"\" decoding=\"async\" loading=\"lazy\" srcset=\"https:\/\/www.hotelvisegrad.hu\/wp-content\/uploads\/IMG_1235-Nagy-980x653.jpg 980w, https:\/\/www.hotelvisegrad.hu\/wp-content\/uploads\/IMG_1235-Nagy-480x320.jpg 480w\" sizes=\"(min-width: 0px) and (max-width: 480px) 480px, (min-width: 481px) and (max-width: 980px) 980px, (min-width: 981px) 1024px, 100vw\" \/><\/a> <a class=\"title\" href=\"https:\/\/www.hotelvisegrad.hu\/de\/kreuzfahrt-auf-der-donau\/\">Kreuzfahrt auf der Donau<\/a><\/div><\/div><div class=\"listing-item\"><div class=\"dp-box\"><a class=\"image\" href=\"https:\/\/www.hotelvisegrad.hu\/de\/sport-und-freizeit\/wandern-im-pilis-gebirge\/\"><img width=\"1024\" height=\"683\" src=\"https:\/\/www.hotelvisegrad.hu\/wp-content\/uploads\/IMG_6454-Edit-Edit-Nagy-1024x683.jpg\" class=\"attachment-large size-large wp-post-image\" alt=\"\" decoding=\"async\" loading=\"lazy\" srcset=\"https:\/\/www.hotelvisegrad.hu\/wp-content\/uploads\/IMG_6454-Edit-Edit-Nagy-980x653.jpg 980w, https:\/\/www.hotelvisegrad.hu\/wp-content\/uploads\/IMG_6454-Edit-Edit-Nagy-480x320.jpg 480w\" sizes=\"(min-width: 0px) and (max-width: 480px) 480px, (min-width: 481px) and (max-width: 980px) 980px, (min-width: 981px) 1024px, 100vw\" \/><\/a> <a class=\"title\" href=\"https:\/\/www.hotelvisegrad.hu\/de\/sport-und-freizeit\/wandern-im-pilis-gebirge\/\">Wandern im Pilis-Gebirge<\/a><\/div><\/div><div class=\"listing-item\"><div class=\"dp-box\"><a class=\"image\" href=\"https:\/\/www.hotelvisegrad.hu\/de\/museum-geheimbrennerei\/\"><img width=\"1024\" height=\"682\" src=\"https:\/\/www.hotelvisegrad.hu\/wp-content\/uploads\/1-1-1024x682.jpg\" class=\"attachment-large size-large wp-post-image\" alt=\"\" decoding=\"async\" loading=\"lazy\" srcset=\"https:\/\/www.hotelvisegrad.hu\/wp-content\/uploads\/1-1-980x652.jpg 980w, https:\/\/www.hotelvisegrad.hu\/wp-content\/uploads\/1-1-480x320.jpg 480w\" sizes=\"(min-width: 0px) and (max-width: 480px) 480px, (min-width: 481px) and (max-width: 980px) 980px, (min-width: 981px) 1024px, 100vw\" \/><\/a> <a class=\"title\" href=\"https:\/\/www.hotelvisegrad.hu\/de\/museum-geheimbrennerei\/\">Museum Geheimbrennerei<\/a><\/div><\/div><div class=\"listing-item\"><div class=\"dp-box\"><a class=\"image\" href=\"https:\/\/www.hotelvisegrad.hu\/de\/produzentenmarkt\/\"><img width=\"1024\" height=\"683\" src=\"https:\/\/www.hotelvisegrad.hu\/wp-content\/uploads\/raspberries-422979-Nagy-1024x683.jpg\" class=\"attachment-large size-large wp-post-image\" alt=\"\" decoding=\"async\" loading=\"lazy\" srcset=\"https:\/\/www.hotelvisegrad.hu\/wp-content\/uploads\/raspberries-422979-Nagy-980x653.jpg 980w, https:\/\/www.hotelvisegrad.hu\/wp-content\/uploads\/raspberries-422979-Nagy-480x320.jpg 480w\" sizes=\"(min-width: 0px) and (max-width: 480px) 480px, (min-width: 481px) and (max-width: 980px) 980px, (min-width: 981px) 1024px, 100vw\" \/><\/a> <a class=\"title\" href=\"https:\/\/www.hotelvisegrad.hu\/de\/produzentenmarkt\/\">Produzentenmarkt<\/a><\/div><\/div><div class=\"listing-item\"><div class=\"dp-box\"><a class=\"image\" href=\"https:\/\/www.hotelvisegrad.hu\/de\/greifvogel-flugschau\/\"><img width=\"1024\" height=\"683\" src=\"https:\/\/www.hotelvisegrad.hu\/wp-content\/uploads\/rmb3-1024x683.jpg\" class=\"attachment-large size-large wp-post-image\" alt=\"\" decoding=\"async\" loading=\"lazy\" srcset=\"https:\/\/www.hotelvisegrad.hu\/wp-content\/uploads\/rmb3-980x653.jpg 980w, https:\/\/www.hotelvisegrad.hu\/wp-content\/uploads\/rmb3-480x320.jpg 480w\" sizes=\"(min-width: 0px) and (max-width: 480px) 480px, (min-width: 481px) and (max-width: 980px) 980px, (min-width: 981px) 1024px, 100vw\" \/><\/a> <a class=\"title\" href=\"https:\/\/www.hotelvisegrad.hu\/de\/greifvogel-flugschau\/\">Greifvogel-Flugschau<\/a><\/div><\/div><div class=\"listing-item\"><div class=\"dp-box\"><a class=\"image\" href=\"https:\/\/www.hotelvisegrad.hu\/de\/sport-und-freizeit\/bowling\/\"><img width=\"1024\" height=\"683\" src=\"https:\/\/www.hotelvisegrad.hu\/wp-content\/uploads\/bowling-lista-1024x683.jpg\" class=\"attachment-large size-large wp-post-image\" alt=\"\" decoding=\"async\" loading=\"lazy\" srcset=\"https:\/\/www.hotelvisegrad.hu\/wp-content\/uploads\/bowling-lista-1024x683.jpg 1024w, https:\/\/www.hotelvisegrad.hu\/wp-content\/uploads\/bowling-lista-980x653.jpg 980w, https:\/\/www.hotelvisegrad.hu\/wp-content\/uploads\/bowling-lista-480x320.jpg 480w\" sizes=\"(min-width: 0px) and (max-width: 480px) 480px, (min-width: 481px) and (max-width: 980px) 980px, (min-width: 981px) 1024px, 100vw\" \/><\/a> <a class=\"title\" href=\"https:\/\/www.hotelvisegrad.hu\/de\/sport-und-freizeit\/bowling\/\">Bowling<\/a><\/div><\/div><div class=\"listing-item\"><div class=\"dp-box\"><a class=\"image\" href=\"https:\/\/www.hotelvisegrad.hu\/de\/erlebnisspaziergang-im-koenigspalast\/\"><img width=\"1024\" height=\"683\" src=\"https:\/\/www.hotelvisegrad.hu\/wp-content\/uploads\/elmenysetafejlec-1024x683.jpg\" class=\"attachment-large size-large wp-post-image\" alt=\"\" decoding=\"async\" loading=\"lazy\" srcset=\"https:\/\/www.hotelvisegrad.hu\/wp-content\/uploads\/elmenysetafejlec-1024x683.jpg 1024w, https:\/\/www.hotelvisegrad.hu\/wp-content\/uploads\/elmenysetafejlec-980x653.jpg 980w, https:\/\/www.hotelvisegrad.hu\/wp-content\/uploads\/elmenysetafejlec-480x320.jpg 480w\" sizes=\"(min-width: 0px) and (max-width: 480px) 480px, (min-width: 481px) and (max-width: 980px) 980px, (min-width: 981px) 1024px, 100vw\" \/><\/a> <a class=\"title\" href=\"https:\/\/www.hotelvisegrad.hu\/de\/erlebnisspaziergang-im-koenigspalast\/\">Erlebnisspaziergang im K\u00f6nigspalast<\/a><\/div><\/div><div class=\"listing-item\"><div class=\"dp-box\"><a class=\"image\" href=\"https:\/\/www.hotelvisegrad.hu\/de\/sport-und-freizeit\/\"><img width=\"1024\" height=\"683\" src=\"https:\/\/www.hotelvisegrad.hu\/wp-content\/uploads\/kerekpartura_fejlec-1024x683.jpg\" class=\"attachment-large size-large wp-post-image\" alt=\"\" decoding=\"async\" loading=\"lazy\" srcset=\"https:\/\/www.hotelvisegrad.hu\/wp-content\/uploads\/kerekpartura_fejlec-980x653.jpg 980w, https:\/\/www.hotelvisegrad.hu\/wp-content\/uploads\/kerekpartura_fejlec-480x320.jpg 480w\" sizes=\"(min-width: 0px) and (max-width: 480px) 480px, (min-width: 481px) and (max-width: 980px) 980px, (min-width: 981px) 1024px, 100vw\" \/><\/a> <a class=\"title\" href=\"https:\/\/www.hotelvisegrad.hu\/de\/sport-und-freizeit\/\">Sport und Freizeit<\/a><\/div><\/div><div class=\"listing-item\"><div class=\"dp-box\"><a class=\"image\" href=\"https:\/\/www.hotelvisegrad.hu\/de\/gastroerfahrung\/\"><img width=\"1024\" height=\"683\" src=\"https:\/\/www.hotelvisegrad.hu\/wp-content\/uploads\/gasztro-1024x683.jpg\" class=\"attachment-large size-large wp-post-image\" alt=\"\" decoding=\"async\" loading=\"lazy\" srcset=\"https:\/\/www.hotelvisegrad.hu\/wp-content\/uploads\/gasztro-1024x683.jpg 1024w, https:\/\/www.hotelvisegrad.hu\/wp-content\/uploads\/gasztro-980x653.jpg 980w, https:\/\/www.hotelvisegrad.hu\/wp-content\/uploads\/gasztro-480x320.jpg 480w\" sizes=\"(min-width: 0px) and (max-width: 480px) 480px, (min-width: 481px) and (max-width: 980px) 980px, (min-width: 981px) 1024px, 100vw\" \/><\/a> <a class=\"title\" href=\"https:\/\/www.hotelvisegrad.hu\/de\/gastroerfahrung\/\">Gastroerfahrung<\/a><\/div><\/div><\/div><\/p>\n","protected":false},"author":1,"featured_media":13958,"parent":0,"menu_order":0,"comment_status":"closed","ping_status":"closed","template":"","meta":{"_et_pb_use_builder":"on","_et_pb_old_content":"","_et_gb_content_width":"","footnotes":""},"tags":[899],"class_list":["post-17492","page","type-page","status-publish","has-post-thumbnail","hentry","tag-teambuilding_programme"],"_links":{"self":[{"href":"https:\/\/www.hotelvisegrad.hu\/de\/wp-json\/wp\/v2\/pages\/17492","targetHints":{"allow":["GET"]}}],"collection":[{"href":"https:\/\/www.hotelvisegrad.hu\/de\/wp-json\/wp\/v2\/pages"}],"about":[{"href":"https:\/\/www.hotelvisegrad.hu\/de\/wp-json\/wp\/v2\/types\/page"}],"author":[{"embeddable":true,"href":"https:\/\/www.hotelvisegrad.hu\/de\/wp-json\/wp\/v2\/users\/1"}],"replies":[{"embeddable":true,"href":"https:\/\/www.hotelvisegrad.hu\/de\/wp-json\/wp\/v2\/comments?post=17492"}],"version-history":[{"count":0,"href":"https:\/\/www.hotelvisegrad.hu\/de\/wp-json\/wp\/v2\/pages\/17492\/revisions"}],"wp:featuredmedia":[{"embeddable":true,"href":"https:\/\/www.hotelvisegrad.hu\/de\/wp-json\/wp\/v2\/media\/13958"}],"wp:attachment":[{"href":"https:\/\/www.hotelvisegrad.hu\/de\/wp-json\/wp\/v2\/media?parent=17492"}],"wp:term":[{"taxonomy":"post_tag","embeddable":true,"href":"https:\/\/www.hotelvisegrad.hu\/de\/wp-json\/wp\/v2\/tags?post=17492"}],"curies":[{"name":"wp","href":"https:\/\/api.w.org\/{rel}","templated":true}]}}